{"id":734,"date":"2018-05-29T17:28:46","date_gmt":"2018-05-29T15:28:46","guid":{"rendered":"https:\/\/hotelelscassadors.com\/aviso-legal-y-politica-de-privacidad\/"},"modified":"2018-05-31T17:03:30","modified_gmt":"2018-05-31T15:03:30","slug":"avis-legal-i-politica-de-privadesa","status":"publish","type":"page","link":"https:\/\/hotelelscassadors.com\/fr\/avis-legal-i-politica-de-privadesa\/","title":{"rendered":"Mentions l\u00e9gales et politique de confidentialit\u00e9"},"content":{"rendered":"<h1><strong>Mentions l\u00e9gales et politique de confidentialit\u00e9<\/strong><\/h1>\n<p>&nbsp;<\/p>\n<table style=\"height: 168px;\" border=\"1\">\n<tbody>\n<tr style=\"height: 24px;\">\n<td style=\"height: 24px;\" colspan=\"2\"><strong>INFORMATIONS DE BASE SUR LA PROTECTION DES DONN\u00c9ES<\/strong><\/td>\n<\/tr>\n<tr style=\"height: 24px;\">\n<td style=\"height: 24px;\"><strong>Responsable<\/strong><\/td>\n<td style=\"height: 24px;\">SANALDA S.L.<\/td>\n<\/tr>\n<tr style=\"height: 24px;\">\n<td style=\"height: 24px;\"><strong>But<\/strong><\/td>\n<td style=\"height: 24px;\">Gestion des demandes effectu\u00e9es sur le Site et, le cas \u00e9ch\u00e9ant, de l&rsquo;envoi de communications commerciales \u00e9lectroniques<\/td>\n<\/tr>\n<tr style=\"height: 24px;\">\n<td style=\"height: 24px;\"><strong>L\u00e9gitimation<\/strong><\/td>\n<td style=\"height: 24px;\">Consentement de la partie int\u00e9ress\u00e9e<\/td>\n<\/tr>\n<tr style=\"height: 24px;\">\n<td style=\"height: 24px;\"><strong>Destinataires<\/strong><\/td>\n<td style=\"height: 24px;\">Les donn\u00e9es peuvent \u00eatre transf\u00e9r\u00e9es \u00e0: Zip Zap Social PR SL, Dropbox, Google<\/td>\n<\/tr>\n<tr style=\"height: 24px;\">\n<td style=\"height: 24px;\"><strong>Droits<\/strong><\/td>\n<td style=\"height: 24px;\">Acc\u00e9der, rectifier, supprimer et s&rsquo;opposer, ainsi que d&rsquo;autres droits, comme expliqu\u00e9 dans les \u00ab\u00a0Informations suppl\u00e9mentaires\u00a0\u00bb<\/td>\n<\/tr>\n<tr style=\"height: 24px;\">\n<td style=\"height: 24px;\"><strong>Informations suppl\u00e9mentaires<\/strong><\/td>\n<td style=\"height: 24px;\">Vous pouvez consulter des informations suppl\u00e9mentaires et d\u00e9taill\u00e9es sur la protection des donn\u00e9es dans la politique de confidentialit\u00e9<\/td>\n<\/tr>\n<\/tbody>\n<\/table>\n<p>&nbsp;<\/p>\n<p>Qui est la personne responsable du traitement de vos donn\u00e9es personnelles?<\/p>\n<p><strong>Identit\u00e9:<\/strong> SANALDA S.L.<br \/>\n<strong>Si\u00e8ge social:<\/strong> Urb. Casa Nova, s \/ n 17720 Ma\u00e7anet de Cabrenys &#8211; G\u00e9rone<strong>C.I.F. n\u00ba:<\/strong> B17896960<br \/>\n<strong>Email:\u00a0<\/strong><a href=\"mailto:info@hotelelscassadors.com\">info@hotelelscassadors.com<\/a><br \/>\n<strong>Tel\u00e8fon:\u00a0<\/strong>+34 972 544 136<\/p>\n<p><strong>Dans quel but traitons-nous vos donn\u00e9es personnelles?<\/strong><\/p>\n<p>Nous traitons les informations qui nous sont fournies par l&rsquo;utilisateur afin de traiter les demandes d&rsquo;informations effectu\u00e9es via le site Web et, le cas \u00e9ch\u00e9ant, d&rsquo;envoyer des communications commerciales susceptibles de vous int\u00e9resser.<\/p>\n<p><strong>Combien de temps allons-nous garder vos donn\u00e9es?<\/strong><\/p>\n<p>Les donn\u00e9es personnelles fournies seront conserv\u00e9es sans en demander la suppression par l&rsquo;utilisateur.<\/p>\n<p><strong>Quelle est la l\u00e9gitimation pour le traitement de vos donn\u00e9es?<\/strong><\/p>\n<p>La base juridique pour le traitement des donn\u00e9es est le consentement de l&rsquo;utilisateur fourni par l&rsquo;acceptation de la clause de traitement des donn\u00e9es.<\/p>\n<p>Dans les formulaires sur le site Web, il sera n\u00e9cessaire pour l&rsquo;utilisateur de compl\u00e9ter les champs marqu\u00e9s \u00ab\u00a0obligatoires\u00a0\u00bb. Si toutes les donn\u00e9es personnelles requises par Hotel Ca\u00e7adors Ma\u00e7anet ne sont pas fournies, cela pourrait entra\u00eener une attention incompl\u00e8te \u00e0 la demande requise.<\/p>\n<p>L&rsquo;utilisateur doit informer Hotel Ca\u00e7adors Ma\u00e7anet de leurs donn\u00e9es personnelles actuelles afin que les informations contenues dans leurs fichiers soient mises \u00e0 jour et sans erreurs.<\/p>\n<p><strong>\u00c0 qui les destinataires communiqueront-ils leurs donn\u00e9es?<\/strong><\/p>\n<p>Les donn\u00e9es seront transf\u00e9r\u00e9es \u00e0 Zip Zap Social PR SL, Dropbox, Google.<\/p>\n<p><strong>Quels sont vos droits lorsque vous nous fournissez vos donn\u00e9es personnelles?<\/strong><\/p>\n<p>L&rsquo;utilisateur peut exercer son droit d&rsquo;acc\u00e8s aux donn\u00e9es personnelles, ainsi que demander la rectification de donn\u00e9es inexactes ou, le cas \u00e9ch\u00e9ant, demander leur suppression lorsque les donn\u00e9es ne sont plus n\u00e9cessaires aux fins ils ont \u00e9t\u00e9 collect\u00e9s. Vous pouvez \u00e9galement demander la limitation, la portabilit\u00e9 et l&rsquo;opposition au traitement de vos donn\u00e9es, dans certaines circonstances et pour des raisons li\u00e9es \u00e0 votre situation particuli\u00e8re.<\/p>\n<p>De m\u00eame, vous avez le droit de r\u00e9voquer votre consentement \u00e0 tout moment sans que cela n&rsquo;affecte r\u00e9troactivement le traitement des donn\u00e9es personnelles effectu\u00e9es jusqu&rsquo;\u00e0 ce moment.<\/p>\n<p>L&rsquo;utilisateur peut exercer les droits mentionn\u00e9s ci-dessus, dans les termes et conditions pr\u00e9vus par la l\u00e9gislation en vigueur, au si\u00e8ge social de l&rsquo;H\u00f4tel Ca\u00e7adors Ma\u00e7anet ou en faire la demande par courrier \u00e9lectronique a\u00a0<a href=\"mailto:info@hotelelscassadors.com\">info@hotelelscassadors.com<\/a>.<\/p>\n<p>Dans le cas o\u00f9 vous n&rsquo;obtenez pas une r\u00e9ponse satisfaisante et souhaitez faire une r\u00e9clamation ou obtenir plus d&rsquo;informations concernant l&rsquo;un de ces droits, vous pouvez vous adresser \u00e0 l&rsquo;Agence Espagnole pour la Protection des Donn\u00e9es (<a href=\"https:\/\/www.agpd.es\/portalwebAGPD\/index-ides-idphp.php\" target=\"_blank\" rel=\"noopener\">www.agpd.es<\/a>\u00a0\u2013 C\/ Jorge Juan, 6 de Madrid).<\/p>\n","protected":false},"excerpt":{"rendered":"<p>Mentions l\u00e9gales et politique de confidentialit\u00e9 &nbsp; INFORMATIONS DE BASE SUR LA PROTECTION DES DONN\u00c9ES Responsable SANALDA S.L. But Gestion des demandes effectu\u00e9es sur le Site et, le cas \u00e9ch\u00e9ant, de l&rsquo;envoi de communications commerciales \u00e9lectroniques L\u00e9gitimation Consentement de la partie int\u00e9ress\u00e9e Destinataires Les donn\u00e9es peuvent \u00eatre transf\u00e9r\u00e9es \u00e0: Zip Zap Social PR SL, Dropbox,&hellip;<\/p>\n","protected":false},"author":3,"featured_media":0,"parent":0,"menu_order":0,"comment_status":"closed","ping_status":"closed","template":"","meta":[],"yoast_head":"<!-- This site is optimized with the Yoast SEO plugin v19.6 - https:\/\/yoast.com\/wordpress\/plugins\/seo\/ -->\n<title>Mentions l\u00e9gales et politique de confidentialit\u00e9 &#8902; Els Ca\u00e7adors de Ma\u00e7anet<\/title>\n<meta name=\"robots\" content=\"noindex, follow\" \/>\n<meta property=\"og:locale\" content=\"fr_FR\" \/>\n<meta property=\"og:type\" content=\"article\" \/>\n<meta property=\"og:title\" content=\"Mentions l\u00e9gales et politique de confidentialit\u00e9 &#8902; Els Ca\u00e7adors de Ma\u00e7anet\" \/>\n<meta property=\"og:description\" content=\"Mentions l\u00e9gales et politique de confidentialit\u00e9 &nbsp; INFORMATIONS DE BASE SUR LA PROTECTION DES DONN\u00c9ES Responsable SANALDA S.L. But Gestion des demandes effectu\u00e9es sur le Site et, le cas \u00e9ch\u00e9ant, de l&rsquo;envoi de communications commerciales \u00e9lectroniques L\u00e9gitimation Consentement de la partie int\u00e9ress\u00e9e Destinataires Les donn\u00e9es peuvent \u00eatre transf\u00e9r\u00e9es \u00e0: Zip Zap Social PR SL, Dropbox,&hellip;\" \/>\n<meta property=\"og:url\" content=\"https:\/\/hotelelscassadors.com\/fr\/avis-legal-i-politica-de-privadesa\/\" \/>\n<meta property=\"og:site_name\" content=\"Els Ca\u00e7adors de Ma\u00e7anet\" \/>\n<meta property=\"article:publisher\" content=\"https:\/\/www.facebook.com\/Restaurant-Hotel-Els-Ca%c3%a7adors-de-Ma%c3%a7anet-901920089887268\/\" \/>\n<meta property=\"article:modified_time\" content=\"2018-05-31T15:03:30+00:00\" \/>\n<meta name=\"twitter:card\" content=\"summary_large_image\" \/>\n<meta name=\"twitter:label1\" content=\"Dur\u00e9e de lecture estim\u00e9e\" \/>\n\t<meta name=\"twitter:data1\" content=\"3 minutes\" \/>\n<script type=\"application\/ld+json\" class=\"yoast-schema-graph\">{\"@context\":\"https:\/\/schema.org\",\"@graph\":[{\"@type\":\"WebPage\",\"@id\":\"https:\/\/hotelelscassadors.com\/fr\/avis-legal-i-politica-de-privadesa\/\",\"url\":\"https:\/\/hotelelscassadors.com\/fr\/avis-legal-i-politica-de-privadesa\/\",\"name\":\"Mentions l\u00e9gales et politique de confidentialit\u00e9 &#8902; Els Ca\u00e7adors de Ma\u00e7anet\",\"isPartOf\":{\"@id\":\"https:\/\/hotelelscassadors.com\/fr\/#website\"},\"datePublished\":\"2018-05-29T15:28:46+00:00\",\"dateModified\":\"2018-05-31T15:03:30+00:00\",\"breadcrumb\":{\"@id\":\"https:\/\/hotelelscassadors.com\/fr\/avis-legal-i-politica-de-privadesa\/#breadcrumb\"},\"inLanguage\":\"fr-FR\",\"potentialAction\":[{\"@type\":\"ReadAction\",\"target\":[\"https:\/\/hotelelscassadors.com\/fr\/avis-legal-i-politica-de-privadesa\/\"]}]},{\"@type\":\"BreadcrumbList\",\"@id\":\"https:\/\/hotelelscassadors.com\/fr\/avis-legal-i-politica-de-privadesa\/#breadcrumb\",\"itemListElement\":[{\"@type\":\"ListItem\",\"position\":1,\"name\":\"Portada\",\"item\":\"https:\/\/hotelelscassadors.com\/fr\/\"},{\"@type\":\"ListItem\",\"position\":2,\"name\":\"Mentions l\u00e9gales et politique de confidentialit\u00e9\"}]},{\"@type\":\"WebSite\",\"@id\":\"https:\/\/hotelelscassadors.com\/fr\/#website\",\"url\":\"https:\/\/hotelelscassadors.com\/fr\/\",\"name\":\"Hotel Els Ca\u00e7adors de Ma\u00e7anet\",\"description\":\"Hotel \u00b7 Restaurant\",\"publisher\":{\"@id\":\"https:\/\/hotelelscassadors.com\/fr\/#organization\"},\"potentialAction\":[{\"@type\":\"SearchAction\",\"target\":{\"@type\":\"EntryPoint\",\"urlTemplate\":\"https:\/\/hotelelscassadors.com\/fr\/?s={search_term_string}\"},\"query-input\":\"required name=search_term_string\"}],\"inLanguage\":\"fr-FR\"},{\"@type\":\"Organization\",\"@id\":\"https:\/\/hotelelscassadors.com\/fr\/#organization\",\"name\":\"Els Ca\u00e7adors de Ma\u00e7anet Hotel Restaurant\",\"url\":\"https:\/\/hotelelscassadors.com\/fr\/\",\"sameAs\":[\"https:\/\/www.facebook.com\/Restaurant-Hotel-Els-Ca\u00e7adors-de-Ma\u00e7anet-901920089887268\/\"],\"logo\":{\"@type\":\"ImageObject\",\"inLanguage\":\"fr-FR\",\"@id\":\"https:\/\/hotelelscassadors.com\/fr\/#\/schema\/logo\/image\/\",\"url\":\"https:\/\/hotelelscassadors.com\/wp-content\/uploads\/2018\/05\/logoweb.png\",\"contentUrl\":\"https:\/\/hotelelscassadors.com\/wp-content\/uploads\/2018\/05\/logoweb.png\",\"width\":386,\"height\":160,\"caption\":\"Els Ca\u00e7adors de Ma\u00e7anet Hotel Restaurant\"},\"image\":{\"@id\":\"https:\/\/hotelelscassadors.com\/fr\/#\/schema\/logo\/image\/\"}}]}<\/script>\n<!-- \/ Yoast SEO plugin. -->","yoast_head_json":{"title":"Mentions l\u00e9gales et politique de confidentialit\u00e9 &#8902; Els Ca\u00e7adors de Ma\u00e7anet","robots":{"index":"noindex","follow":"follow"},"og_locale":"fr_FR","og_type":"article","og_title":"Mentions l\u00e9gales et politique de confidentialit\u00e9 &#8902; Els Ca\u00e7adors de Ma\u00e7anet","og_description":"Mentions l\u00e9gales et politique de confidentialit\u00e9 &nbsp; INFORMATIONS DE BASE SUR LA PROTECTION DES DONN\u00c9ES Responsable SANALDA S.L. But Gestion des demandes effectu\u00e9es sur le Site et, le cas \u00e9ch\u00e9ant, de l&rsquo;envoi de communications commerciales \u00e9lectroniques L\u00e9gitimation Consentement de la partie int\u00e9ress\u00e9e Destinataires Les donn\u00e9es peuvent \u00eatre transf\u00e9r\u00e9es \u00e0: Zip Zap Social PR SL, Dropbox,&hellip;","og_url":"https:\/\/hotelelscassadors.com\/fr\/avis-legal-i-politica-de-privadesa\/","og_site_name":"Els Ca\u00e7adors de Ma\u00e7anet","article_publisher":"https:\/\/www.facebook.com\/Restaurant-Hotel-Els-Ca%c3%a7adors-de-Ma%c3%a7anet-901920089887268\/","article_modified_time":"2018-05-31T15:03:30+00:00","twitter_card":"summary_large_image","twitter_misc":{"Dur\u00e9e de lecture estim\u00e9e":"3 minutes"},"schema":{"@context":"https:\/\/schema.org","@graph":[{"@type":"WebPage","@id":"https:\/\/hotelelscassadors.com\/fr\/avis-legal-i-politica-de-privadesa\/","url":"https:\/\/hotelelscassadors.com\/fr\/avis-legal-i-politica-de-privadesa\/","name":"Mentions l\u00e9gales et politique de confidentialit\u00e9 &#8902; Els Ca\u00e7adors de Ma\u00e7anet","isPartOf":{"@id":"https:\/\/hotelelscassadors.com\/fr\/#website"},"datePublished":"2018-05-29T15:28:46+00:00","dateModified":"2018-05-31T15:03:30+00:00","breadcrumb":{"@id":"https:\/\/hotelelscassadors.com\/fr\/avis-legal-i-politica-de-privadesa\/#breadcrumb"},"inLanguage":"fr-FR","potentialAction":[{"@type":"ReadAction","target":["https:\/\/hotelelscassadors.com\/fr\/avis-legal-i-politica-de-privadesa\/"]}]},{"@type":"BreadcrumbList","@id":"https:\/\/hotelelscassadors.com\/fr\/avis-legal-i-politica-de-privadesa\/#breadcrumb","itemListElement":[{"@type":"ListItem","position":1,"name":"Portada","item":"https:\/\/hotelelscassadors.com\/fr\/"},{"@type":"ListItem","position":2,"name":"Mentions l\u00e9gales et politique de confidentialit\u00e9"}]},{"@type":"WebSite","@id":"https:\/\/hotelelscassadors.com\/fr\/#website","url":"https:\/\/hotelelscassadors.com\/fr\/","name":"Hotel Els Ca\u00e7adors de Ma\u00e7anet","description":"Hotel \u00b7 Restaurant","publisher":{"@id":"https:\/\/hotelelscassadors.com\/fr\/#organization"},"potentialAction":[{"@type":"SearchAction","target":{"@type":"EntryPoint","urlTemplate":"https:\/\/hotelelscassadors.com\/fr\/?s={search_term_string}"},"query-input":"required name=search_term_string"}],"inLanguage":"fr-FR"},{"@type":"Organization","@id":"https:\/\/hotelelscassadors.com\/fr\/#organization","name":"Els Ca\u00e7adors de Ma\u00e7anet Hotel Restaurant","url":"https:\/\/hotelelscassadors.com\/fr\/","sameAs":["https:\/\/www.facebook.com\/Restaurant-Hotel-Els-Ca\u00e7adors-de-Ma\u00e7anet-901920089887268\/"],"logo":{"@type":"ImageObject","inLanguage":"fr-FR","@id":"https:\/\/hotelelscassadors.com\/fr\/#\/schema\/logo\/image\/","url":"https:\/\/hotelelscassadors.com\/wp-content\/uploads\/2018\/05\/logoweb.png","contentUrl":"https:\/\/hotelelscassadors.com\/wp-content\/uploads\/2018\/05\/logoweb.png","width":386,"height":160,"caption":"Els Ca\u00e7adors de Ma\u00e7anet Hotel Restaurant"},"image":{"@id":"https:\/\/hotelelscassadors.com\/fr\/#\/schema\/logo\/image\/"}}]}},"_links":{"self":[{"href":"https:\/\/hotelelscassadors.com\/fr\/wp-json\/wp\/v2\/pages\/734"}],"collection":[{"href":"https:\/\/hotelelscassadors.com\/fr\/wp-json\/wp\/v2\/pages"}],"about":[{"href":"https:\/\/hotelelscassadors.com\/fr\/wp-json\/wp\/v2\/types\/page"}],"author":[{"embeddable":true,"href":"https:\/\/hotelelscassadors.com\/fr\/wp-json\/wp\/v2\/users\/3"}],"replies":[{"embeddable":true,"href":"https:\/\/hotelelscassadors.com\/fr\/wp-json\/wp\/v2\/comments?post=734"}],"version-history":[{"count":3,"href":"https:\/\/hotelelscassadors.com\/fr\/wp-json\/wp\/v2\/pages\/734\/revisions"}],"predecessor-version":[{"id":831,"href":"https:\/\/hotelelscassadors.com\/fr\/wp-json\/wp\/v2\/pages\/734\/revisions\/831"}],"wp:attachment":[{"href":"https:\/\/hotelelscassadors.com\/fr\/wp-json\/wp\/v2\/media?parent=734"}],"curies":[{"name":"wp","href":"https:\/\/api.w.org\/{rel}","templated":true}]}}