{"id":674,"date":"2018-05-25T14:07:51","date_gmt":"2018-05-25T12:07:51","guid":{"rendered":"https:\/\/hotelelscassadors.com\/proposition-et-carte\/menu\/"},"modified":"2018-05-31T10:28:49","modified_gmt":"2018-05-31T08:28:49","slug":"menu","status":"publish","type":"page","link":"https:\/\/hotelelscassadors.com\/fr\/proposition-et-carte\/menu\/","title":{"rendered":"Men\u00fa"},"content":{"rendered":"<h2>\n\t\tMenu du printemps<br \/>\n\t<\/h2>\n<table border=\"1\">\n<tbody>\n<tr>\n<td><strong>POUR PARTAGER<\/strong><\/td>\n<td><strong>Raci\u00f3<\/strong><\/td>\n<td><strong>1\/2 Raci\u00f3<\/strong><\/td>\n<\/tr>\n<tr>\n<td>*Anchois de l&rsquo;Escala<\/td>\n<td>1u\/1,20\u20ac<\/td>\n<td><\/td>\n<\/tr>\n<tr>\n<td>Jambon ib\u00e9rique avec son pain grill\u00e9e<\/td>\n<td>15,50\u20ac<\/td>\n<td>8,50\u20ac<\/td>\n<\/tr>\n<tr>\n<td>*Des anchois avec tempura<\/td>\n<td>8,00\u20ac<\/td>\n<td>4,50\u20ac<\/td>\n<\/tr>\n<tr>\n<td>Dumplings aux c\u00e8pes \u00e0 la vinaigrette de soja<\/td>\n<td>13,00\u20ac<\/td>\n<td>7,00\u20ac<\/td>\n<\/tr>\n<tr>\n<td>*Calamar romain \u00e0 la mayonnaise d&rsquo;agrumes<\/td>\n<td>10,00\u20ac<\/td>\n<td>5,50\u20ac<\/td>\n<\/tr>\n<tr>\n<td>D\u00e9s de saumon \u00e9pic\u00e9 avec cr\u00e8me de yogourt et de menthe<\/td>\n<td>11,00\u20ac<\/td>\n<td>6,00\u20ac<\/td>\n<\/tr>\n<tr>\n<td>Crevettes \u00e0 la tempura, noix de coco, curry et miel<\/td>\n<td>13,00\u20ac<\/td>\n<td>7,50\u20ac<\/td>\n<\/tr>\n<tr>\n<td>Assortiment de fromage et confitures<\/td>\n<td>15,00\u20ac<\/td>\n<td>8,00\u20ac<\/td>\n<\/tr>\n<tr>\n<td>*Pain avec de la tomate<\/td>\n<td>1,50\u20ac<\/td>\n<td><\/td>\n<\/tr>\n<\/tbody>\n<\/table>\n<p>&nbsp;<\/p>\n<table border=\"1\">\n<tbody>\n<tr>\n<td><strong>ENTR\u00c9ES<\/strong><\/td>\n<td><strong>Raci\u00f3<\/strong><\/td>\n<td><strong>1\/2 Raci\u00f3<\/strong><\/td>\n<\/tr>\n<tr>\n<td>Salade de roquette aux fraises, parmesan et vinaigrette<br \/>\nau miel et pignons<\/td>\n<td>11,00\u20ac<\/td>\n<td>6,00\u20ac<\/td>\n<\/tr>\n<tr>\n<td>Oeuf de ferme avec pomme de terre et jambon ib\u00e9rique<\/td>\n<td>12,00\u20ac<\/td>\n<td><\/td>\n<\/tr>\n<tr>\n<td>*\u00a0\u00bbCarpaccio\u00a0\u00bb de pieds de porc avec vinaigrette fruits secs et de tomate<\/td>\n<td>10,00\u20ac<\/td>\n<td>5,50\u20ac<\/td>\n<\/tr>\n<tr>\n<td>Ravioli de fromage de ch\u00e8vre et confit de tomate avec pesto<\/td>\n<td>13,00\u20ac<\/td>\n<td>7,50\u20ac<\/td>\n<\/tr>\n<\/tbody>\n<\/table>\n<p>&nbsp;<\/p>\n<table border=\"1\">\n<tbody>\n<tr>\n<td><strong>POISSON<\/strong><\/td>\n<td><strong>Raci\u00f3<\/strong><\/td>\n<td><strong>1\/2 Raci\u00f3<\/strong><\/td>\n<\/tr>\n<tr>\n<td>*Crevettes de Palam\u00f3s grill\u00e9es<\/td>\n<td>17,00\u20ac<\/td>\n<td><\/td>\n<\/tr>\n<tr>\n<td>Morue confit \u00e0 la cr\u00e8me de fromage Idiazabal et des \u00e9pinards<\/td>\n<td>16,00\u20ac<\/td>\n<td>8,50\u20ac<\/td>\n<\/tr>\n<tr>\n<td>Morue grill\u00e9e \u00e0 la cr\u00e8me de pommes de terre et paprika doux<\/td>\n<td>16,00\u20ac<\/td>\n<td>8,50\u20ac<\/td>\n<\/tr>\n<tr>\n<td>Calmar grill\u00e9e avec romesco et l&rsquo;oignon caram\u00e9lis\u00e9 avec<br \/>\nsoja et miel<\/td>\n<td>14,00\u20ac<\/td>\n<td><\/td>\n<\/tr>\n<tr>\n<td>*Turbot grill\u00e9e et sa garniture<\/td>\n<td>18,50\u20ac<\/td>\n<td><\/td>\n<\/tr>\n<tr>\n<td>*Riz cr\u00e9meux de Pals avec seiche et crevettes de Palam\u00f3s<\/td>\n<td>18\u20ac p\/p<\/td>\n<td><\/td>\n<\/tr>\n<\/tbody>\n<\/table>\n<p>&nbsp;<\/p>\n<table border=\"1\">\n<tbody>\n<tr>\n<td><strong>VIANDES<\/strong><\/td>\n<td><strong>Raci\u00f3<\/strong><\/td>\n<td><strong>1\/2 Raci\u00f3<\/strong><\/td>\n<\/tr>\n<tr>\n<td>Carre d&rsquo;agneau aux fines herbes avec hummus de pois chiches et pisto<\/td>\n<td>19,00\u20ac<\/td>\n<td><\/td>\n<\/tr>\n<tr>\n<td>*Steak tartare de veau de Girona au trois moutardes<\/td>\n<td>18,00\u20ac<\/td>\n<td><\/td>\n<\/tr>\n<tr>\n<td>Porc ib\u00e9rique avec sauce teriyaki et guacamole, asperges<br \/>\nverds et pomme de terre au forn<\/td>\n<td>16,00\u20ac<\/td>\n<td><\/td>\n<\/tr>\n<tr>\n<td>*C\u00f4telettes de cabri grill\u00e9es<\/td>\n<td>15,00\u20ac<\/td>\n<td><\/td>\n<\/tr>\n<tr>\n<td>C\u00f4te de boeuf national<\/td>\n<td>40\u20ac\/KG<\/td>\n<td><\/td>\n<\/tr>\n<tr>\n<td>*\u00c9paule de chevreau cuit \u00e0 basse temp\u00e9rature avec<br \/>\nsa garniture<\/td>\n<td>22,00\u20ac<\/td>\n<td><\/td>\n<\/tr>\n<\/tbody>\n<\/table>\n<p>&nbsp;<\/p>\n<p>Chef Santi Valls<br \/>\n*Des plats traditionnels de la cuisine catalane<\/p>\n<p><strong>TVA comprise<\/strong><\/p>\n","protected":false},"excerpt":{"rendered":"<p>Menu du printemps POUR PARTAGER Raci\u00f3 1\/2 Raci\u00f3 *Anchois de l&rsquo;Escala 1u\/1,20\u20ac Jambon ib\u00e9rique avec son pain grill\u00e9e 15,50\u20ac 8,50\u20ac *Des anchois avec tempura 8,00\u20ac 4,50\u20ac Dumplings aux c\u00e8pes \u00e0 la vinaigrette de soja 13,00\u20ac 7,00\u20ac *Calamar romain \u00e0 la mayonnaise d&rsquo;agrumes 10,00\u20ac 5,50\u20ac D\u00e9s de saumon \u00e9pic\u00e9 avec cr\u00e8me de yogourt et de menthe&hellip;<\/p>\n","protected":false},"author":3,"featured_media":0,"parent":671,"menu_order":0,"comment_status":"closed","ping_status":"closed","template":"","meta":[],"yoast_head":"<!-- This site is optimized with the Yoast SEO plugin v19.6 - https:\/\/yoast.com\/wordpress\/plugins\/seo\/ -->\n<title>Men\u00fa &#8902; Els Ca\u00e7adors de Ma\u00e7anet<\/title>\n<meta name=\"description\" content=\"Carta de primavera del Xef Santi Valls, Cuina tradicional catalana. Men\u00fa Restaurant Els Ca\u00e7adors de Ma\u00e7anet. Preus Restaurant Els Ca\u00e7adors de Ma\u00e7anet. Restaurants a Ma\u00e7anet. Restaurants a l&#039;Empord\u00e0.\" \/>\n<meta name=\"robots\" content=\"index, follow, max-snippet:-1, max-image-preview:large, max-video-preview:-1\" \/>\n<link rel=\"canonical\" href=\"https:\/\/hotelelscassadors.com\/fr\/proposition-et-carte\/menu\/\" \/>\n<meta property=\"og:locale\" content=\"fr_FR\" \/>\n<meta property=\"og:type\" content=\"article\" \/>\n<meta property=\"og:title\" content=\"Men\u00fa &#8902; Els Ca\u00e7adors de Ma\u00e7anet\" \/>\n<meta property=\"og:description\" content=\"Carta de primavera del Xef Santi Valls, Cuina tradicional catalana. Men\u00fa Restaurant Els Ca\u00e7adors de Ma\u00e7anet. Preus Restaurant Els Ca\u00e7adors de Ma\u00e7anet. Restaurants a Ma\u00e7anet. Restaurants a l&#039;Empord\u00e0.\" \/>\n<meta property=\"og:url\" content=\"https:\/\/hotelelscassadors.com\/fr\/proposition-et-carte\/menu\/\" \/>\n<meta property=\"og:site_name\" content=\"Els Ca\u00e7adors de Ma\u00e7anet\" \/>\n<meta property=\"article:publisher\" content=\"https:\/\/www.facebook.com\/Restaurant-Hotel-Els-Ca%c3%a7adors-de-Ma%c3%a7anet-901920089887268\/\" \/>\n<meta property=\"article:modified_time\" content=\"2018-05-31T08:28:49+00:00\" \/>\n<meta name=\"twitter:card\" content=\"summary_large_image\" \/>\n<meta name=\"twitter:label1\" content=\"Dur\u00e9e de lecture estim\u00e9e\" \/>\n\t<meta name=\"twitter:data1\" content=\"1 minute\" \/>\n<script type=\"application\/ld+json\" class=\"yoast-schema-graph\">{\"@context\":\"https:\/\/schema.org\",\"@graph\":[{\"@type\":\"WebPage\",\"@id\":\"https:\/\/hotelelscassadors.com\/fr\/proposition-et-carte\/menu\/\",\"url\":\"https:\/\/hotelelscassadors.com\/fr\/proposition-et-carte\/menu\/\",\"name\":\"Men\u00fa &#8902; Els Ca\u00e7adors de Ma\u00e7anet\",\"isPartOf\":{\"@id\":\"https:\/\/hotelelscassadors.com\/fr\/#website\"},\"datePublished\":\"2018-05-25T12:07:51+00:00\",\"dateModified\":\"2018-05-31T08:28:49+00:00\",\"description\":\"Carta de primavera del Xef Santi Valls, Cuina tradicional catalana. Men\u00fa Restaurant Els Ca\u00e7adors de Ma\u00e7anet. Preus Restaurant Els Ca\u00e7adors de Ma\u00e7anet. Restaurants a Ma\u00e7anet. Restaurants a l'Empord\u00e0.\",\"breadcrumb\":{\"@id\":\"https:\/\/hotelelscassadors.com\/fr\/proposition-et-carte\/menu\/#breadcrumb\"},\"inLanguage\":\"fr-FR\",\"potentialAction\":[{\"@type\":\"ReadAction\",\"target\":[\"https:\/\/hotelelscassadors.com\/fr\/proposition-et-carte\/menu\/\"]}]},{\"@type\":\"BreadcrumbList\",\"@id\":\"https:\/\/hotelelscassadors.com\/fr\/proposition-et-carte\/menu\/#breadcrumb\",\"itemListElement\":[{\"@type\":\"ListItem\",\"position\":1,\"name\":\"Portada\",\"item\":\"https:\/\/hotelelscassadors.com\/fr\/\"},{\"@type\":\"ListItem\",\"position\":2,\"name\":\"Proposition et carte\",\"item\":\"https:\/\/hotelelscassadors.com\/fr\/proposta-i-carta\/\"},{\"@type\":\"ListItem\",\"position\":3,\"name\":\"Men\u00fa\"}]},{\"@type\":\"WebSite\",\"@id\":\"https:\/\/hotelelscassadors.com\/fr\/#website\",\"url\":\"https:\/\/hotelelscassadors.com\/fr\/\",\"name\":\"Hotel Els Ca\u00e7adors de Ma\u00e7anet\",\"description\":\"Hotel \u00b7 Restaurant\",\"publisher\":{\"@id\":\"https:\/\/hotelelscassadors.com\/fr\/#organization\"},\"potentialAction\":[{\"@type\":\"SearchAction\",\"target\":{\"@type\":\"EntryPoint\",\"urlTemplate\":\"https:\/\/hotelelscassadors.com\/fr\/?s={search_term_string}\"},\"query-input\":\"required name=search_term_string\"}],\"inLanguage\":\"fr-FR\"},{\"@type\":\"Organization\",\"@id\":\"https:\/\/hotelelscassadors.com\/fr\/#organization\",\"name\":\"Els Ca\u00e7adors de Ma\u00e7anet Hotel Restaurant\",\"url\":\"https:\/\/hotelelscassadors.com\/fr\/\",\"sameAs\":[\"https:\/\/www.facebook.com\/Restaurant-Hotel-Els-Ca\u00e7adors-de-Ma\u00e7anet-901920089887268\/\"],\"logo\":{\"@type\":\"ImageObject\",\"inLanguage\":\"fr-FR\",\"@id\":\"https:\/\/hotelelscassadors.com\/fr\/#\/schema\/logo\/image\/\",\"url\":\"https:\/\/hotelelscassadors.com\/wp-content\/uploads\/2018\/05\/logoweb.png\",\"contentUrl\":\"https:\/\/hotelelscassadors.com\/wp-content\/uploads\/2018\/05\/logoweb.png\",\"width\":386,\"height\":160,\"caption\":\"Els Ca\u00e7adors de Ma\u00e7anet Hotel Restaurant\"},\"image\":{\"@id\":\"https:\/\/hotelelscassadors.com\/fr\/#\/schema\/logo\/image\/\"}}]}<\/script>\n<!-- \/ Yoast SEO plugin. -->","yoast_head_json":{"title":"Men\u00fa &#8902; Els Ca\u00e7adors de Ma\u00e7anet","description":"Carta de primavera del Xef Santi Valls, Cuina tradicional catalana. Men\u00fa Restaurant Els Ca\u00e7adors de Ma\u00e7anet. Preus Restaurant Els Ca\u00e7adors de Ma\u00e7anet. Restaurants a Ma\u00e7anet. Restaurants a l'Empord\u00e0.","robots":{"index":"index","follow":"follow","max-snippet":"max-snippet:-1","max-image-preview":"max-image-preview:large","max-video-preview":"max-video-preview:-1"},"canonical":"https:\/\/hotelelscassadors.com\/fr\/proposition-et-carte\/menu\/","og_locale":"fr_FR","og_type":"article","og_title":"Men\u00fa &#8902; Els Ca\u00e7adors de Ma\u00e7anet","og_description":"Carta de primavera del Xef Santi Valls, Cuina tradicional catalana. Men\u00fa Restaurant Els Ca\u00e7adors de Ma\u00e7anet. Preus Restaurant Els Ca\u00e7adors de Ma\u00e7anet. Restaurants a Ma\u00e7anet. Restaurants a l'Empord\u00e0.","og_url":"https:\/\/hotelelscassadors.com\/fr\/proposition-et-carte\/menu\/","og_site_name":"Els Ca\u00e7adors de Ma\u00e7anet","article_publisher":"https:\/\/www.facebook.com\/Restaurant-Hotel-Els-Ca%c3%a7adors-de-Ma%c3%a7anet-901920089887268\/","article_modified_time":"2018-05-31T08:28:49+00:00","twitter_card":"summary_large_image","twitter_misc":{"Dur\u00e9e de lecture estim\u00e9e":"1 minute"},"schema":{"@context":"https:\/\/schema.org","@graph":[{"@type":"WebPage","@id":"https:\/\/hotelelscassadors.com\/fr\/proposition-et-carte\/menu\/","url":"https:\/\/hotelelscassadors.com\/fr\/proposition-et-carte\/menu\/","name":"Men\u00fa &#8902; Els Ca\u00e7adors de Ma\u00e7anet","isPartOf":{"@id":"https:\/\/hotelelscassadors.com\/fr\/#website"},"datePublished":"2018-05-25T12:07:51+00:00","dateModified":"2018-05-31T08:28:49+00:00","description":"Carta de primavera del Xef Santi Valls, Cuina tradicional catalana. Men\u00fa Restaurant Els Ca\u00e7adors de Ma\u00e7anet. Preus Restaurant Els Ca\u00e7adors de Ma\u00e7anet. Restaurants a Ma\u00e7anet. Restaurants a l'Empord\u00e0.","breadcrumb":{"@id":"https:\/\/hotelelscassadors.com\/fr\/proposition-et-carte\/menu\/#breadcrumb"},"inLanguage":"fr-FR","potentialAction":[{"@type":"ReadAction","target":["https:\/\/hotelelscassadors.com\/fr\/proposition-et-carte\/menu\/"]}]},{"@type":"BreadcrumbList","@id":"https:\/\/hotelelscassadors.com\/fr\/proposition-et-carte\/menu\/#breadcrumb","itemListElement":[{"@type":"ListItem","position":1,"name":"Portada","item":"https:\/\/hotelelscassadors.com\/fr\/"},{"@type":"ListItem","position":2,"name":"Proposition et carte","item":"https:\/\/hotelelscassadors.com\/fr\/proposta-i-carta\/"},{"@type":"ListItem","position":3,"name":"Men\u00fa"}]},{"@type":"WebSite","@id":"https:\/\/hotelelscassadors.com\/fr\/#website","url":"https:\/\/hotelelscassadors.com\/fr\/","name":"Hotel Els Ca\u00e7adors de Ma\u00e7anet","description":"Hotel \u00b7 Restaurant","publisher":{"@id":"https:\/\/hotelelscassadors.com\/fr\/#organization"},"potentialAction":[{"@type":"SearchAction","target":{"@type":"EntryPoint","urlTemplate":"https:\/\/hotelelscassadors.com\/fr\/?s={search_term_string}"},"query-input":"required name=search_term_string"}],"inLanguage":"fr-FR"},{"@type":"Organization","@id":"https:\/\/hotelelscassadors.com\/fr\/#organization","name":"Els Ca\u00e7adors de Ma\u00e7anet Hotel Restaurant","url":"https:\/\/hotelelscassadors.com\/fr\/","sameAs":["https:\/\/www.facebook.com\/Restaurant-Hotel-Els-Ca\u00e7adors-de-Ma\u00e7anet-901920089887268\/"],"logo":{"@type":"ImageObject","inLanguage":"fr-FR","@id":"https:\/\/hotelelscassadors.com\/fr\/#\/schema\/logo\/image\/","url":"https:\/\/hotelelscassadors.com\/wp-content\/uploads\/2018\/05\/logoweb.png","contentUrl":"https:\/\/hotelelscassadors.com\/wp-content\/uploads\/2018\/05\/logoweb.png","width":386,"height":160,"caption":"Els Ca\u00e7adors de Ma\u00e7anet Hotel Restaurant"},"image":{"@id":"https:\/\/hotelelscassadors.com\/fr\/#\/schema\/logo\/image\/"}}]}},"_links":{"self":[{"href":"https:\/\/hotelelscassadors.com\/fr\/wp-json\/wp\/v2\/pages\/674"}],"collection":[{"href":"https:\/\/hotelelscassadors.com\/fr\/wp-json\/wp\/v2\/pages"}],"about":[{"href":"https:\/\/hotelelscassadors.com\/fr\/wp-json\/wp\/v2\/types\/page"}],"author":[{"embeddable":true,"href":"https:\/\/hotelelscassadors.com\/fr\/wp-json\/wp\/v2\/users\/3"}],"replies":[{"embeddable":true,"href":"https:\/\/hotelelscassadors.com\/fr\/wp-json\/wp\/v2\/comments?post=674"}],"version-history":[{"count":2,"href":"https:\/\/hotelelscassadors.com\/fr\/wp-json\/wp\/v2\/pages\/674\/revisions"}],"predecessor-version":[{"id":676,"href":"https:\/\/hotelelscassadors.com\/fr\/wp-json\/wp\/v2\/pages\/674\/revisions\/676"}],"up":[{"embeddable":true,"href":"https:\/\/hotelelscassadors.com\/fr\/wp-json\/wp\/v2\/pages\/671"}],"wp:attachment":[{"href":"https:\/\/hotelelscassadors.com\/fr\/wp-json\/wp\/v2\/media?parent=674"}],"curies":[{"name":"wp","href":"https:\/\/api.w.org\/{rel}","templated":true}]}}