{"id":671,"date":"2018-05-25T13:46:40","date_gmt":"2018-05-25T11:46:40","guid":{"rendered":"https:\/\/hotelelscassadors.com\/proposta-i-carta\/"},"modified":"2022-03-16T09:15:46","modified_gmt":"2022-03-16T08:15:46","slug":"proposition-et-carte","status":"publish","type":"page","link":"https:\/\/hotelelscassadors.com\/fr\/proposition-et-carte\/","title":{"rendered":"Proposition et carte"},"content":{"rendered":"\n\t<p>Les produits de qualit\u00e9 et de proximit\u00e9 travaill\u00e9s par notre chef <strong>Santi Valls Xicoira<\/strong> constituent l\u2019identit\u00e9 m\u00eame de la cuisine de l\u2019<strong>h\u00f4tel gastronomique Els Ca\u00e7adors<\/strong>. Nos plats reposent sur la cuisine traditionnelle catalane. Leur pr\u00e9paration respecte les caract\u00e9ristiques de la mati\u00e8re premi\u00e8re sans aucun artifice superflu. Ils ont \u00e9t\u00e9 r\u00e9compens\u00e9s par le <a href=\"https:\/\/guia.michelin.es\/2zt3x79\/els-cacadors-macanet-de-cabrenys\" target=\"_blank\" rel=\"noopener\">Bib Gourmand du guide Michelin\u00a02018<\/a>.<\/p>\n\t\t\t\t<img src=\"https:\/\/hotelelscassadors.com\/wp-content\/uploads\/2018\/05\/separador.gif\" alt=\"separador\" itemprop=\"image\" title=\"separador\" onerror=\"this.style.display='none'\"  \/>\n\t\t\t\t<img src=\"https:\/\/hotelelscassadors.com\/wp-content\/uploads\/2018\/05\/restaurant1.jpg\" alt=\"restaurant1\" itemprop=\"image\" title=\"restaurant1\" onerror=\"this.style.display='none'\"  \/>\n\t<table width=\"100%\">\n<tbody>\n<tr>\n<td>\u00a0<img loading=\"lazy\" src=\"https:\/\/hotelelscassadors.com\/wp-content\/uploads\/2018\/05\/restaurant2.jpg\" alt=\"\" width=\"328\" height=\"221\" \/><\/td>\n<td>\u00a0<img loading=\"lazy\" src=\"https:\/\/hotelelscassadors.com\/wp-content\/uploads\/2018\/05\/restaurant3.jpg\" alt=\"\" width=\"328\" height=\"214\" \/><\/td>\n<\/tr>\n<\/tbody>\n<\/table>\n\t<p>La carte porte le label du chef <strong>Santi Valls Xicoira<\/strong>. Il a grandi devant les fourneaux et a commenc\u00e9 sa carri\u00e8re en observant ses parents et ses grands-parents cuisiner les plats traditionnels de cuisine familiale. Sa passion pour la gastronomie l\u2019a conduit dans les cuisines de c\u00e9l\u00e8bres restaurants de l\u2019Empord\u00e0 o\u00f9 il a pu perfectionner les plats traditionnels catalanes.<\/p>\n<p>&nbsp;<\/p>\n<p>Il est \u00e9galement pass\u00e9 par l\u2019\u00e9tablissement de Juan Mari Arzak, gr\u00e2ce auquel il a d\u00e9couvert les cuisines de cultures diff\u00e9rentes. C\u2019est alors qu\u2019il s\u2019est lanc\u00e9 dans l\u2019aventure du <a href=\"https:\/\/www.manoirhovey.com\/es\" target=\"_blank\" rel=\"noopener\">Relais &amp; Ch\u00e2teaux Manoir Hovey<\/a> au Canada, o\u00f9 il a explor\u00e9 de plus pr\u00e8s encore la cuisine \u00e0 partir de produits locaux respectueuse des saveurs. Puis, il est parti en Asie exp\u00e9rimenter de nouvelles techniques culinaires qu\u2019il a ensuite mises en application sur notre carte.<\/p>\n\t\t\t\t<img src=\"https:\/\/hotelelscassadors.com\/wp-content\/uploads\/2018\/05\/restaurant4.jpg\" alt=\"restaurant4\" itemprop=\"image\" title=\"restaurant4\" onerror=\"this.style.display='none'\"  \/>\n\t\t\t\t<img src=\"https:\/\/hotelelscassadors.com\/wp-content\/uploads\/2018\/05\/separador.gif\" alt=\"separador\" itemprop=\"image\" title=\"separador\" onerror=\"this.style.display='none'\"  \/>\n\t<p><strong>\u00a0<\/strong><\/p>\n<h3>Notre devise : des produits frais, locaux et de saison<\/h3>\n<p>&nbsp;<\/p>\n<p>Nos plats sont pr\u00e9par\u00e9s \u00e0 partir de produits locaux\u00a0: <strong>poissons de la Costa Brava<\/strong>, <strong>crevette de Palam\u00f3s<\/strong>, <strong>riz de Pals<\/strong> ou <strong>b\u0153uf de G\u00e9rone<\/strong>. Notre carte propose des plats \u00ab\u2009terre et mer\u2009\u00bb, de succulentes adaptations de la cuisine traditionnelle catalane ou d\u2019autres recettes qui r\u00e9unissent le meilleur de chaque saison. Tout ce qui sort de la cuisine est \u00e9labor\u00e9 \u00e0 partir de produits frais, locaux et de saison.<\/p>\n<p>Notre carte des vins r\u00e9unit des r\u00e9f\u00e9rences de l\u2019appellation<strong> Empord\u00e0<\/strong>, mais aussi des vins de prestigieuses appellations comme <strong>DO Priorat et Pened\u00e8s<\/strong> pour ne citer qu\u2019elles.<\/p>\n","protected":false},"excerpt":{"rendered":"<p>Les produits de qualit\u00e9 et de proximit\u00e9 travaill\u00e9s par notre chef Santi Valls Xicoira constituent l\u2019identit\u00e9 m\u00eame de la cuisine de l\u2019h\u00f4tel gastronomique Els Ca\u00e7adors. Nos plats reposent sur la cuisine traditionnelle catalane. Leur pr\u00e9paration respecte les caract\u00e9ristiques de la mati\u00e8re premi\u00e8re sans aucun artifice superflu. Ils ont \u00e9t\u00e9 r\u00e9compens\u00e9s par le Bib Gourmand du&hellip;<\/p>\n","protected":false},"author":3,"featured_media":0,"parent":0,"menu_order":0,"comment_status":"closed","ping_status":"closed","template":"","meta":[],"yoast_head":"<!-- This site is optimized with the Yoast SEO plugin v19.6 - https:\/\/yoast.com\/wordpress\/plugins\/seo\/ -->\n<title>Proposition et carte &#8902; Els Ca\u00e7adors de Ma\u00e7anet<\/title>\n<meta name=\"description\" content=\"El Restaurant de l&#039;Hotel Els Ca\u00e7adors de Ma\u00e7anet, del xef Santi Valls Xicoira serveix unss plats que es fonamenten en la cuina tradicional catalana, amb elaboracions que respecten una mat\u00e8ria primera que no necessita artifici, i que han estat reconeguts amb el Bib Gourmand de la Guia Michelin 2018.\" \/>\n<meta name=\"robots\" content=\"index, follow, max-snippet:-1, max-image-preview:large, max-video-preview:-1\" \/>\n<link rel=\"canonical\" href=\"https:\/\/hotelelscassadors.com\/fr\/proposition-et-carte\/\" \/>\n<meta property=\"og:locale\" content=\"fr_FR\" \/>\n<meta property=\"og:type\" content=\"article\" \/>\n<meta property=\"og:title\" content=\"Proposition et carte &#8902; Els Ca\u00e7adors de Ma\u00e7anet\" \/>\n<meta property=\"og:description\" content=\"El Restaurant de l&#039;Hotel Els Ca\u00e7adors de Ma\u00e7anet, del xef Santi Valls Xicoira serveix unss plats que es fonamenten en la cuina tradicional catalana, amb elaboracions que respecten una mat\u00e8ria primera que no necessita artifici, i que han estat reconeguts amb el Bib Gourmand de la Guia Michelin 2018.\" \/>\n<meta property=\"og:url\" content=\"https:\/\/hotelelscassadors.com\/fr\/proposition-et-carte\/\" \/>\n<meta property=\"og:site_name\" content=\"Els Ca\u00e7adors de Ma\u00e7anet\" \/>\n<meta property=\"article:publisher\" content=\"https:\/\/www.facebook.com\/Restaurant-Hotel-Els-Ca%c3%a7adors-de-Ma%c3%a7anet-901920089887268\/\" \/>\n<meta property=\"article:modified_time\" content=\"2022-03-16T08:15:46+00:00\" \/>\n<meta property=\"og:image\" content=\"https:\/\/hotelelscassadors.com\/wp-content\/uploads\/2018\/05\/separador.gif\" \/>\n<meta name=\"twitter:card\" content=\"summary_large_image\" \/>\n<meta name=\"twitter:label1\" content=\"Dur\u00e9e de lecture estim\u00e9e\" \/>\n\t<meta name=\"twitter:data1\" content=\"2 minutes\" \/>\n<script type=\"application\/ld+json\" class=\"yoast-schema-graph\">{\"@context\":\"https:\/\/schema.org\",\"@graph\":[{\"@type\":\"WebPage\",\"@id\":\"https:\/\/hotelelscassadors.com\/fr\/proposition-et-carte\/\",\"url\":\"https:\/\/hotelelscassadors.com\/fr\/proposition-et-carte\/\",\"name\":\"Proposition et carte &#8902; Els Ca\u00e7adors de Ma\u00e7anet\",\"isPartOf\":{\"@id\":\"https:\/\/hotelelscassadors.com\/fr\/#website\"},\"datePublished\":\"2018-05-25T11:46:40+00:00\",\"dateModified\":\"2022-03-16T08:15:46+00:00\",\"description\":\"El Restaurant de l'Hotel Els Ca\u00e7adors de Ma\u00e7anet, del xef Santi Valls Xicoira serveix unss plats que es fonamenten en la cuina tradicional catalana, amb elaboracions que respecten una mat\u00e8ria primera que no necessita artifici, i que han estat reconeguts amb el Bib Gourmand de la Guia Michelin 2018.\",\"breadcrumb\":{\"@id\":\"https:\/\/hotelelscassadors.com\/fr\/proposition-et-carte\/#breadcrumb\"},\"inLanguage\":\"fr-FR\",\"potentialAction\":[{\"@type\":\"ReadAction\",\"target\":[\"https:\/\/hotelelscassadors.com\/fr\/proposition-et-carte\/\"]}]},{\"@type\":\"BreadcrumbList\",\"@id\":\"https:\/\/hotelelscassadors.com\/fr\/proposition-et-carte\/#breadcrumb\",\"itemListElement\":[{\"@type\":\"ListItem\",\"position\":1,\"name\":\"Portada\",\"item\":\"https:\/\/hotelelscassadors.com\/fr\/\"},{\"@type\":\"ListItem\",\"position\":2,\"name\":\"Proposition et carte\"}]},{\"@type\":\"WebSite\",\"@id\":\"https:\/\/hotelelscassadors.com\/fr\/#website\",\"url\":\"https:\/\/hotelelscassadors.com\/fr\/\",\"name\":\"Hotel Els Ca\u00e7adors de Ma\u00e7anet\",\"description\":\"Hotel \u00b7 Restaurant\",\"publisher\":{\"@id\":\"https:\/\/hotelelscassadors.com\/fr\/#organization\"},\"potentialAction\":[{\"@type\":\"SearchAction\",\"target\":{\"@type\":\"EntryPoint\",\"urlTemplate\":\"https:\/\/hotelelscassadors.com\/fr\/?s={search_term_string}\"},\"query-input\":\"required name=search_term_string\"}],\"inLanguage\":\"fr-FR\"},{\"@type\":\"Organization\",\"@id\":\"https:\/\/hotelelscassadors.com\/fr\/#organization\",\"name\":\"Els Ca\u00e7adors de Ma\u00e7anet Hotel Restaurant\",\"url\":\"https:\/\/hotelelscassadors.com\/fr\/\",\"sameAs\":[\"https:\/\/www.facebook.com\/Restaurant-Hotel-Els-Ca\u00e7adors-de-Ma\u00e7anet-901920089887268\/\"],\"logo\":{\"@type\":\"ImageObject\",\"inLanguage\":\"fr-FR\",\"@id\":\"https:\/\/hotelelscassadors.com\/fr\/#\/schema\/logo\/image\/\",\"url\":\"https:\/\/hotelelscassadors.com\/wp-content\/uploads\/2018\/05\/logoweb.png\",\"contentUrl\":\"https:\/\/hotelelscassadors.com\/wp-content\/uploads\/2018\/05\/logoweb.png\",\"width\":386,\"height\":160,\"caption\":\"Els Ca\u00e7adors de Ma\u00e7anet Hotel Restaurant\"},\"image\":{\"@id\":\"https:\/\/hotelelscassadors.com\/fr\/#\/schema\/logo\/image\/\"}}]}<\/script>\n<!-- \/ Yoast SEO plugin. -->","yoast_head_json":{"title":"Proposition et carte &#8902; Els Ca\u00e7adors de Ma\u00e7anet","description":"El Restaurant de l'Hotel Els Ca\u00e7adors de Ma\u00e7anet, del xef Santi Valls Xicoira serveix unss plats que es fonamenten en la cuina tradicional catalana, amb elaboracions que respecten una mat\u00e8ria primera que no necessita artifici, i que han estat reconeguts amb el Bib Gourmand de la Guia Michelin 2018.","robots":{"index":"index","follow":"follow","max-snippet":"max-snippet:-1","max-image-preview":"max-image-preview:large","max-video-preview":"max-video-preview:-1"},"canonical":"https:\/\/hotelelscassadors.com\/fr\/proposition-et-carte\/","og_locale":"fr_FR","og_type":"article","og_title":"Proposition et carte &#8902; Els Ca\u00e7adors de Ma\u00e7anet","og_description":"El Restaurant de l'Hotel Els Ca\u00e7adors de Ma\u00e7anet, del xef Santi Valls Xicoira serveix unss plats que es fonamenten en la cuina tradicional catalana, amb elaboracions que respecten una mat\u00e8ria primera que no necessita artifici, i que han estat reconeguts amb el Bib Gourmand de la Guia Michelin 2018.","og_url":"https:\/\/hotelelscassadors.com\/fr\/proposition-et-carte\/","og_site_name":"Els Ca\u00e7adors de Ma\u00e7anet","article_publisher":"https:\/\/www.facebook.com\/Restaurant-Hotel-Els-Ca%c3%a7adors-de-Ma%c3%a7anet-901920089887268\/","article_modified_time":"2022-03-16T08:15:46+00:00","og_image":[{"url":"https:\/\/hotelelscassadors.com\/wp-content\/uploads\/2018\/05\/separador.gif"}],"twitter_card":"summary_large_image","twitter_misc":{"Dur\u00e9e de lecture estim\u00e9e":"2 minutes"},"schema":{"@context":"https:\/\/schema.org","@graph":[{"@type":"WebPage","@id":"https:\/\/hotelelscassadors.com\/fr\/proposition-et-carte\/","url":"https:\/\/hotelelscassadors.com\/fr\/proposition-et-carte\/","name":"Proposition et carte &#8902; Els Ca\u00e7adors de Ma\u00e7anet","isPartOf":{"@id":"https:\/\/hotelelscassadors.com\/fr\/#website"},"datePublished":"2018-05-25T11:46:40+00:00","dateModified":"2022-03-16T08:15:46+00:00","description":"El Restaurant de l'Hotel Els Ca\u00e7adors de Ma\u00e7anet, del xef Santi Valls Xicoira serveix unss plats que es fonamenten en la cuina tradicional catalana, amb elaboracions que respecten una mat\u00e8ria primera que no necessita artifici, i que han estat reconeguts amb el Bib Gourmand de la Guia Michelin 2018.","breadcrumb":{"@id":"https:\/\/hotelelscassadors.com\/fr\/proposition-et-carte\/#breadcrumb"},"inLanguage":"fr-FR","potentialAction":[{"@type":"ReadAction","target":["https:\/\/hotelelscassadors.com\/fr\/proposition-et-carte\/"]}]},{"@type":"BreadcrumbList","@id":"https:\/\/hotelelscassadors.com\/fr\/proposition-et-carte\/#breadcrumb","itemListElement":[{"@type":"ListItem","position":1,"name":"Portada","item":"https:\/\/hotelelscassadors.com\/fr\/"},{"@type":"ListItem","position":2,"name":"Proposition et carte"}]},{"@type":"WebSite","@id":"https:\/\/hotelelscassadors.com\/fr\/#website","url":"https:\/\/hotelelscassadors.com\/fr\/","name":"Hotel Els Ca\u00e7adors de Ma\u00e7anet","description":"Hotel \u00b7 Restaurant","publisher":{"@id":"https:\/\/hotelelscassadors.com\/fr\/#organization"},"potentialAction":[{"@type":"SearchAction","target":{"@type":"EntryPoint","urlTemplate":"https:\/\/hotelelscassadors.com\/fr\/?s={search_term_string}"},"query-input":"required name=search_term_string"}],"inLanguage":"fr-FR"},{"@type":"Organization","@id":"https:\/\/hotelelscassadors.com\/fr\/#organization","name":"Els Ca\u00e7adors de Ma\u00e7anet Hotel Restaurant","url":"https:\/\/hotelelscassadors.com\/fr\/","sameAs":["https:\/\/www.facebook.com\/Restaurant-Hotel-Els-Ca\u00e7adors-de-Ma\u00e7anet-901920089887268\/"],"logo":{"@type":"ImageObject","inLanguage":"fr-FR","@id":"https:\/\/hotelelscassadors.com\/fr\/#\/schema\/logo\/image\/","url":"https:\/\/hotelelscassadors.com\/wp-content\/uploads\/2018\/05\/logoweb.png","contentUrl":"https:\/\/hotelelscassadors.com\/wp-content\/uploads\/2018\/05\/logoweb.png","width":386,"height":160,"caption":"Els Ca\u00e7adors de Ma\u00e7anet Hotel Restaurant"},"image":{"@id":"https:\/\/hotelelscassadors.com\/fr\/#\/schema\/logo\/image\/"}}]}},"_links":{"self":[{"href":"https:\/\/hotelelscassadors.com\/fr\/wp-json\/wp\/v2\/pages\/671"}],"collection":[{"href":"https:\/\/hotelelscassadors.com\/fr\/wp-json\/wp\/v2\/pages"}],"about":[{"href":"https:\/\/hotelelscassadors.com\/fr\/wp-json\/wp\/v2\/types\/page"}],"author":[{"embeddable":true,"href":"https:\/\/hotelelscassadors.com\/fr\/wp-json\/wp\/v2\/users\/3"}],"replies":[{"embeddable":true,"href":"https:\/\/hotelelscassadors.com\/fr\/wp-json\/wp\/v2\/comments?post=671"}],"version-history":[{"count":10,"href":"https:\/\/hotelelscassadors.com\/fr\/wp-json\/wp\/v2\/pages\/671\/revisions"}],"predecessor-version":[{"id":1964,"href":"https:\/\/hotelelscassadors.com\/fr\/wp-json\/wp\/v2\/pages\/671\/revisions\/1964"}],"wp:attachment":[{"href":"https:\/\/hotelelscassadors.com\/fr\/wp-json\/wp\/v2\/media?parent=671"}],"curies":[{"name":"wp","href":"https:\/\/api.w.org\/{rel}","templated":true}]}}