{"id":666,"date":"2018-05-25T12:58:13","date_gmt":"2018-05-25T10:58:13","guid":{"rendered":"https:\/\/hotelelscassadors.com\/hotel-restaurant-bib-gourmand-guia-michelin-2018\/"},"modified":"2019-02-11T10:05:36","modified_gmt":"2019-02-11T09:05:36","slug":"hotel-restaurant-bib-gourmand-guia-michelin-2019","status":"publish","type":"page","link":"https:\/\/hotelelscassadors.com\/fr\/hotel-restaurant-bib-gourmand-guia-michelin-2019\/","title":{"rendered":"H\u00f4tel Restaurant Bib Gourmand Guia Michelin 2019"},"content":{"rendered":"<p>Profitez de la cuisine traditionnelle catalane \u00e0 l&rsquo;H\u00f4tel Els Ca\u00e7adors, reconnue par le <strong>Bib Gourmand du Guide Michelin 2019<\/strong>.<\/p>\n<p>Mati\u00e8re premi\u00e8re de proximit\u00e9 et de qualit\u00e9 avec des plats \u00e9labor\u00e9s par le chef Santi Valls.<\/p>\n<p>&nbsp;<\/p>\n<p><strong>Que signifie le badge Bib Gourmand?<\/strong><\/p>\n<p>Pour atteindre cette distinction, vous devez \u00eatre un restaurant de haute cuisine, de haute qualit\u00e9 et \u00e0 un bon prix. Les inspecteurs du Guide Michelin donnent ces badges aux restaurants o\u00f9 la cuisine se distingue par sa qualit\u00e9 et son prix mod\u00e9r\u00e9.<\/p>\n<p>Le badge est reconnu comme un pictogramme de la t\u00eate de Bibendum, la mascotte de Michelin, alors qu&rsquo;il se d\u00e9tend. Le signal qui reconna\u00eet les bonnes tables abordables.<\/p>\n<p>De nos jours, il y a plus de restaurants avec la distinction Bib Gourmand que de restaurants avec une ou plusieurs \u00e9toiles. Un fait qui r\u00e9v\u00e8le le souci du guide fran\u00e7ais d&rsquo;\u00eatre utile pour toutes sortes de budgets ou d&rsquo;occasions et l&rsquo;int\u00e9r\u00eat de nombreux restaurateurs et chefs \u00e0 atteindre toutes les poches. Une reconnaissance qui, dans certains cas, peut pr\u00e9sager une future premi\u00e8re \u00e9toile Michelin.<\/p>\n<p>&nbsp;<\/p>\n","protected":false},"excerpt":{"rendered":"<p>Profitez de la cuisine traditionnelle catalane \u00e0 l&rsquo;H\u00f4tel Els Ca\u00e7adors, reconnue par le Bib Gourmand du Guide Michelin 2019. Mati\u00e8re premi\u00e8re de proximit\u00e9 et de qualit\u00e9 avec des plats \u00e9labor\u00e9s par le chef Santi Valls. &nbsp; Que signifie le badge Bib Gourmand? Pour atteindre cette distinction, vous devez \u00eatre un restaurant de haute cuisine, de&hellip;<\/p>\n","protected":false},"author":3,"featured_media":0,"parent":0,"menu_order":0,"comment_status":"closed","ping_status":"closed","template":"","meta":[],"yoast_head":"<!-- This site is optimized with the Yoast SEO plugin v19.6 - https:\/\/yoast.com\/wordpress\/plugins\/seo\/ -->\n<title>Hotel Restaurant Bib Gourmand Guia Michelin 2018 - Els Ca\u00e7adors<\/title>\n<meta name=\"description\" content=\"Gaudeix de la cuina tradicional catalana a Els Ca\u00e7adors, \u00e9s un Hotel Restaurant Bib Gourmand Guia Michelin 2018. Mat\u00e8ria primera de proximitat i qualitat amb plats elaborats pel xef Santi Valls.\" \/>\n<meta name=\"robots\" content=\"index, follow, max-snippet:-1, max-image-preview:large, max-video-preview:-1\" \/>\n<link rel=\"canonical\" href=\"https:\/\/hotelelscassadors.com\/fr\/hotel-restaurant-bib-gourmand-guia-michelin-2019\/\" \/>\n<meta property=\"og:locale\" content=\"fr_FR\" \/>\n<meta property=\"og:type\" content=\"article\" \/>\n<meta property=\"og:title\" content=\"Hotel Restaurant Bib Gourmand Guia Michelin 2018 - Els Ca\u00e7adors\" \/>\n<meta property=\"og:description\" content=\"Gaudeix de la cuina tradicional catalana a Els Ca\u00e7adors, \u00e9s un Hotel Restaurant Bib Gourmand Guia Michelin 2018. Mat\u00e8ria primera de proximitat i qualitat amb plats elaborats pel xef Santi Valls.\" \/>\n<meta property=\"og:url\" content=\"https:\/\/hotelelscassadors.com\/fr\/hotel-restaurant-bib-gourmand-guia-michelin-2019\/\" \/>\n<meta property=\"og:site_name\" content=\"Els Ca\u00e7adors de Ma\u00e7anet\" \/>\n<meta property=\"article:publisher\" content=\"https:\/\/www.facebook.com\/Restaurant-Hotel-Els-Ca%c3%a7adors-de-Ma%c3%a7anet-901920089887268\/\" \/>\n<meta property=\"article:modified_time\" content=\"2019-02-11T09:05:36+00:00\" \/>\n<meta name=\"twitter:card\" content=\"summary_large_image\" \/>\n<meta name=\"twitter:label1\" content=\"Dur\u00e9e de lecture estim\u00e9e\" \/>\n\t<meta name=\"twitter:data1\" content=\"1 minute\" \/>\n<script type=\"application\/ld+json\" class=\"yoast-schema-graph\">{\"@context\":\"https:\/\/schema.org\",\"@graph\":[{\"@type\":\"WebPage\",\"@id\":\"https:\/\/hotelelscassadors.com\/fr\/hotel-restaurant-bib-gourmand-guia-michelin-2019\/\",\"url\":\"https:\/\/hotelelscassadors.com\/fr\/hotel-restaurant-bib-gourmand-guia-michelin-2019\/\",\"name\":\"Hotel Restaurant Bib Gourmand Guia Michelin 2018 - Els Ca\u00e7adors\",\"isPartOf\":{\"@id\":\"https:\/\/hotelelscassadors.com\/fr\/#website\"},\"datePublished\":\"2018-05-25T10:58:13+00:00\",\"dateModified\":\"2019-02-11T09:05:36+00:00\",\"description\":\"Gaudeix de la cuina tradicional catalana a Els Ca\u00e7adors, \u00e9s un Hotel Restaurant Bib Gourmand Guia Michelin 2018. Mat\u00e8ria primera de proximitat i qualitat amb plats elaborats pel xef Santi Valls.\",\"breadcrumb\":{\"@id\":\"https:\/\/hotelelscassadors.com\/fr\/hotel-restaurant-bib-gourmand-guia-michelin-2019\/#breadcrumb\"},\"inLanguage\":\"fr-FR\",\"potentialAction\":[{\"@type\":\"ReadAction\",\"target\":[\"https:\/\/hotelelscassadors.com\/fr\/hotel-restaurant-bib-gourmand-guia-michelin-2019\/\"]}]},{\"@type\":\"BreadcrumbList\",\"@id\":\"https:\/\/hotelelscassadors.com\/fr\/hotel-restaurant-bib-gourmand-guia-michelin-2019\/#breadcrumb\",\"itemListElement\":[{\"@type\":\"ListItem\",\"position\":1,\"name\":\"Portada\",\"item\":\"https:\/\/hotelelscassadors.com\/fr\/\"},{\"@type\":\"ListItem\",\"position\":2,\"name\":\"H\u00f4tel Restaurant Bib Gourmand Guia Michelin 2019\"}]},{\"@type\":\"WebSite\",\"@id\":\"https:\/\/hotelelscassadors.com\/fr\/#website\",\"url\":\"https:\/\/hotelelscassadors.com\/fr\/\",\"name\":\"Hotel Els Ca\u00e7adors de Ma\u00e7anet\",\"description\":\"Hotel \u00b7 Restaurant\",\"publisher\":{\"@id\":\"https:\/\/hotelelscassadors.com\/fr\/#organization\"},\"potentialAction\":[{\"@type\":\"SearchAction\",\"target\":{\"@type\":\"EntryPoint\",\"urlTemplate\":\"https:\/\/hotelelscassadors.com\/fr\/?s={search_term_string}\"},\"query-input\":\"required name=search_term_string\"}],\"inLanguage\":\"fr-FR\"},{\"@type\":\"Organization\",\"@id\":\"https:\/\/hotelelscassadors.com\/fr\/#organization\",\"name\":\"Els Ca\u00e7adors de Ma\u00e7anet Hotel Restaurant\",\"url\":\"https:\/\/hotelelscassadors.com\/fr\/\",\"sameAs\":[\"https:\/\/www.facebook.com\/Restaurant-Hotel-Els-Ca\u00e7adors-de-Ma\u00e7anet-901920089887268\/\"],\"logo\":{\"@type\":\"ImageObject\",\"inLanguage\":\"fr-FR\",\"@id\":\"https:\/\/hotelelscassadors.com\/fr\/#\/schema\/logo\/image\/\",\"url\":\"https:\/\/hotelelscassadors.com\/wp-content\/uploads\/2018\/05\/logoweb.png\",\"contentUrl\":\"https:\/\/hotelelscassadors.com\/wp-content\/uploads\/2018\/05\/logoweb.png\",\"width\":386,\"height\":160,\"caption\":\"Els Ca\u00e7adors de Ma\u00e7anet Hotel Restaurant\"},\"image\":{\"@id\":\"https:\/\/hotelelscassadors.com\/fr\/#\/schema\/logo\/image\/\"}}]}<\/script>\n<!-- \/ Yoast SEO plugin. -->","yoast_head_json":{"title":"Hotel Restaurant Bib Gourmand Guia Michelin 2018 - Els Ca\u00e7adors","description":"Gaudeix de la cuina tradicional catalana a Els Ca\u00e7adors, \u00e9s un Hotel Restaurant Bib Gourmand Guia Michelin 2018. Mat\u00e8ria primera de proximitat i qualitat amb plats elaborats pel xef Santi Valls.","robots":{"index":"index","follow":"follow","max-snippet":"max-snippet:-1","max-image-preview":"max-image-preview:large","max-video-preview":"max-video-preview:-1"},"canonical":"https:\/\/hotelelscassadors.com\/fr\/hotel-restaurant-bib-gourmand-guia-michelin-2019\/","og_locale":"fr_FR","og_type":"article","og_title":"Hotel Restaurant Bib Gourmand Guia Michelin 2018 - Els Ca\u00e7adors","og_description":"Gaudeix de la cuina tradicional catalana a Els Ca\u00e7adors, \u00e9s un Hotel Restaurant Bib Gourmand Guia Michelin 2018. Mat\u00e8ria primera de proximitat i qualitat amb plats elaborats pel xef Santi Valls.","og_url":"https:\/\/hotelelscassadors.com\/fr\/hotel-restaurant-bib-gourmand-guia-michelin-2019\/","og_site_name":"Els Ca\u00e7adors de Ma\u00e7anet","article_publisher":"https:\/\/www.facebook.com\/Restaurant-Hotel-Els-Ca%c3%a7adors-de-Ma%c3%a7anet-901920089887268\/","article_modified_time":"2019-02-11T09:05:36+00:00","twitter_card":"summary_large_image","twitter_misc":{"Dur\u00e9e de lecture estim\u00e9e":"1 minute"},"schema":{"@context":"https:\/\/schema.org","@graph":[{"@type":"WebPage","@id":"https:\/\/hotelelscassadors.com\/fr\/hotel-restaurant-bib-gourmand-guia-michelin-2019\/","url":"https:\/\/hotelelscassadors.com\/fr\/hotel-restaurant-bib-gourmand-guia-michelin-2019\/","name":"Hotel Restaurant Bib Gourmand Guia Michelin 2018 - Els Ca\u00e7adors","isPartOf":{"@id":"https:\/\/hotelelscassadors.com\/fr\/#website"},"datePublished":"2018-05-25T10:58:13+00:00","dateModified":"2019-02-11T09:05:36+00:00","description":"Gaudeix de la cuina tradicional catalana a Els Ca\u00e7adors, \u00e9s un Hotel Restaurant Bib Gourmand Guia Michelin 2018. Mat\u00e8ria primera de proximitat i qualitat amb plats elaborats pel xef Santi Valls.","breadcrumb":{"@id":"https:\/\/hotelelscassadors.com\/fr\/hotel-restaurant-bib-gourmand-guia-michelin-2019\/#breadcrumb"},"inLanguage":"fr-FR","potentialAction":[{"@type":"ReadAction","target":["https:\/\/hotelelscassadors.com\/fr\/hotel-restaurant-bib-gourmand-guia-michelin-2019\/"]}]},{"@type":"BreadcrumbList","@id":"https:\/\/hotelelscassadors.com\/fr\/hotel-restaurant-bib-gourmand-guia-michelin-2019\/#breadcrumb","itemListElement":[{"@type":"ListItem","position":1,"name":"Portada","item":"https:\/\/hotelelscassadors.com\/fr\/"},{"@type":"ListItem","position":2,"name":"H\u00f4tel Restaurant Bib Gourmand Guia Michelin 2019"}]},{"@type":"WebSite","@id":"https:\/\/hotelelscassadors.com\/fr\/#website","url":"https:\/\/hotelelscassadors.com\/fr\/","name":"Hotel Els Ca\u00e7adors de Ma\u00e7anet","description":"Hotel \u00b7 Restaurant","publisher":{"@id":"https:\/\/hotelelscassadors.com\/fr\/#organization"},"potentialAction":[{"@type":"SearchAction","target":{"@type":"EntryPoint","urlTemplate":"https:\/\/hotelelscassadors.com\/fr\/?s={search_term_string}"},"query-input":"required name=search_term_string"}],"inLanguage":"fr-FR"},{"@type":"Organization","@id":"https:\/\/hotelelscassadors.com\/fr\/#organization","name":"Els Ca\u00e7adors de Ma\u00e7anet Hotel Restaurant","url":"https:\/\/hotelelscassadors.com\/fr\/","sameAs":["https:\/\/www.facebook.com\/Restaurant-Hotel-Els-Ca\u00e7adors-de-Ma\u00e7anet-901920089887268\/"],"logo":{"@type":"ImageObject","inLanguage":"fr-FR","@id":"https:\/\/hotelelscassadors.com\/fr\/#\/schema\/logo\/image\/","url":"https:\/\/hotelelscassadors.com\/wp-content\/uploads\/2018\/05\/logoweb.png","contentUrl":"https:\/\/hotelelscassadors.com\/wp-content\/uploads\/2018\/05\/logoweb.png","width":386,"height":160,"caption":"Els Ca\u00e7adors de Ma\u00e7anet Hotel Restaurant"},"image":{"@id":"https:\/\/hotelelscassadors.com\/fr\/#\/schema\/logo\/image\/"}}]}},"_links":{"self":[{"href":"https:\/\/hotelelscassadors.com\/fr\/wp-json\/wp\/v2\/pages\/666"}],"collection":[{"href":"https:\/\/hotelelscassadors.com\/fr\/wp-json\/wp\/v2\/pages"}],"about":[{"href":"https:\/\/hotelelscassadors.com\/fr\/wp-json\/wp\/v2\/types\/page"}],"author":[{"embeddable":true,"href":"https:\/\/hotelelscassadors.com\/fr\/wp-json\/wp\/v2\/users\/3"}],"replies":[{"embeddable":true,"href":"https:\/\/hotelelscassadors.com\/fr\/wp-json\/wp\/v2\/comments?post=666"}],"version-history":[{"count":6,"href":"https:\/\/hotelelscassadors.com\/fr\/wp-json\/wp\/v2\/pages\/666\/revisions"}],"predecessor-version":[{"id":1341,"href":"https:\/\/hotelelscassadors.com\/fr\/wp-json\/wp\/v2\/pages\/666\/revisions\/1341"}],"wp:attachment":[{"href":"https:\/\/hotelelscassadors.com\/fr\/wp-json\/wp\/v2\/media?parent=666"}],"curies":[{"name":"wp","href":"https:\/\/api.w.org\/{rel}","templated":true}]}}