{"id":665,"date":"2018-05-25T12:59:38","date_gmt":"2018-05-25T10:59:38","guid":{"rendered":"https:\/\/hotelelscassadors.com\/hotel-gastronomic-girona\/"},"modified":"2018-06-03T17:34:44","modified_gmt":"2018-06-03T15:34:44","slug":"hotel-gastronomique-girona","status":"publish","type":"page","link":"https:\/\/hotelelscassadors.com\/fr\/hotel-gastronomique-girona\/","title":{"rendered":"H\u00f4tel Gastronomique Girona"},"content":{"rendered":"<p>Restez dans un endroit o\u00f9 le confort et la bonne nourriture vont de pair. Dans l&rsquo;<strong>H\u00f4tel Gastron\u00f2mic Els Ca\u00e7adors<\/strong>, nous travaillons avec des mati\u00e8res premi\u00e8res de proximit\u00e9 et de qualit\u00e9 et une proposition de menu qui vous apporte le meilleur de la cuisine traditionnelle catalane<\/p>\n","protected":false},"excerpt":{"rendered":"<p>Restez dans un endroit o\u00f9 le confort et la bonne nourriture vont de pair. Dans l&rsquo;H\u00f4tel Gastron\u00f2mic Els Ca\u00e7adors, nous travaillons avec des mati\u00e8res premi\u00e8res de proximit\u00e9 et de qualit\u00e9 et une proposition de menu qui vous apporte le meilleur de la cuisine traditionnelle catalane<\/p>\n","protected":false},"author":3,"featured_media":0,"parent":0,"menu_order":0,"comment_status":"closed","ping_status":"closed","template":"","meta":[],"yoast_head":"<!-- This site is optimized with the Yoast SEO plugin v19.6 - https:\/\/yoast.com\/wordpress\/plugins\/seo\/ -->\n<title>Hotel Gastron\u00f2mic a Girona - Hotel Els Ca\u00e7adors de Ma\u00e7anet<\/title>\n<meta name=\"description\" content=\"Allotja\u2019t en un espai on la comoditat i el bon menjar van de la m\u00e0. A Hotel Gastron\u00f2mic a Girona Els Ca\u00e7adors treballem amb mat\u00e8ria primera de proximitat i qualitat i una proposta de men\u00fa que et porta el millor de la cuina catalana tradicional.\" \/>\n<meta name=\"robots\" content=\"index, follow, max-snippet:-1, max-image-preview:large, max-video-preview:-1\" \/>\n<link rel=\"canonical\" href=\"https:\/\/hotelelscassadors.com\/fr\/hotel-gastronomique-girona\/\" \/>\n<meta property=\"og:locale\" content=\"fr_FR\" \/>\n<meta property=\"og:type\" content=\"article\" \/>\n<meta property=\"og:title\" content=\"Hotel Gastron\u00f2mic a Girona - Hotel Els Ca\u00e7adors de Ma\u00e7anet\" \/>\n<meta property=\"og:description\" content=\"Allotja\u2019t en un espai on la comoditat i el bon menjar van de la m\u00e0. A Hotel Gastron\u00f2mic a Girona Els Ca\u00e7adors treballem amb mat\u00e8ria primera de proximitat i qualitat i una proposta de men\u00fa que et porta el millor de la cuina catalana tradicional.\" \/>\n<meta property=\"og:url\" content=\"https:\/\/hotelelscassadors.com\/fr\/hotel-gastronomique-girona\/\" \/>\n<meta property=\"og:site_name\" content=\"Els Ca\u00e7adors de Ma\u00e7anet\" \/>\n<meta property=\"article:publisher\" content=\"https:\/\/www.facebook.com\/Restaurant-Hotel-Els-Ca%c3%a7adors-de-Ma%c3%a7anet-901920089887268\/\" \/>\n<meta property=\"article:modified_time\" content=\"2018-06-03T15:34:44+00:00\" \/>\n<meta name=\"twitter:card\" content=\"summary_large_image\" \/>\n<script type=\"application\/ld+json\" class=\"yoast-schema-graph\">{\"@context\":\"https:\/\/schema.org\",\"@graph\":[{\"@type\":\"WebPage\",\"@id\":\"https:\/\/hotelelscassadors.com\/fr\/hotel-gastronomique-girona\/\",\"url\":\"https:\/\/hotelelscassadors.com\/fr\/hotel-gastronomique-girona\/\",\"name\":\"Hotel Gastron\u00f2mic a Girona - Hotel Els Ca\u00e7adors de Ma\u00e7anet\",\"isPartOf\":{\"@id\":\"https:\/\/hotelelscassadors.com\/fr\/#website\"},\"datePublished\":\"2018-05-25T10:59:38+00:00\",\"dateModified\":\"2018-06-03T15:34:44+00:00\",\"description\":\"Allotja\u2019t en un espai on la comoditat i el bon menjar van de la m\u00e0. A Hotel Gastron\u00f2mic a Girona Els Ca\u00e7adors treballem amb mat\u00e8ria primera de proximitat i qualitat i una proposta de men\u00fa que et porta el millor de la cuina catalana tradicional.\",\"breadcrumb\":{\"@id\":\"https:\/\/hotelelscassadors.com\/fr\/hotel-gastronomique-girona\/#breadcrumb\"},\"inLanguage\":\"fr-FR\",\"potentialAction\":[{\"@type\":\"ReadAction\",\"target\":[\"https:\/\/hotelelscassadors.com\/fr\/hotel-gastronomique-girona\/\"]}]},{\"@type\":\"BreadcrumbList\",\"@id\":\"https:\/\/hotelelscassadors.com\/fr\/hotel-gastronomique-girona\/#breadcrumb\",\"itemListElement\":[{\"@type\":\"ListItem\",\"position\":1,\"name\":\"Portada\",\"item\":\"https:\/\/hotelelscassadors.com\/fr\/\"},{\"@type\":\"ListItem\",\"position\":2,\"name\":\"H\u00f4tel Gastronomique Girona\"}]},{\"@type\":\"WebSite\",\"@id\":\"https:\/\/hotelelscassadors.com\/fr\/#website\",\"url\":\"https:\/\/hotelelscassadors.com\/fr\/\",\"name\":\"Hotel Els Ca\u00e7adors de Ma\u00e7anet\",\"description\":\"Hotel \u00b7 Restaurant\",\"publisher\":{\"@id\":\"https:\/\/hotelelscassadors.com\/fr\/#organization\"},\"potentialAction\":[{\"@type\":\"SearchAction\",\"target\":{\"@type\":\"EntryPoint\",\"urlTemplate\":\"https:\/\/hotelelscassadors.com\/fr\/?s={search_term_string}\"},\"query-input\":\"required name=search_term_string\"}],\"inLanguage\":\"fr-FR\"},{\"@type\":\"Organization\",\"@id\":\"https:\/\/hotelelscassadors.com\/fr\/#organization\",\"name\":\"Els Ca\u00e7adors de Ma\u00e7anet Hotel Restaurant\",\"url\":\"https:\/\/hotelelscassadors.com\/fr\/\",\"sameAs\":[\"https:\/\/www.facebook.com\/Restaurant-Hotel-Els-Ca\u00e7adors-de-Ma\u00e7anet-901920089887268\/\"],\"logo\":{\"@type\":\"ImageObject\",\"inLanguage\":\"fr-FR\",\"@id\":\"https:\/\/hotelelscassadors.com\/fr\/#\/schema\/logo\/image\/\",\"url\":\"https:\/\/hotelelscassadors.com\/wp-content\/uploads\/2018\/05\/logoweb.png\",\"contentUrl\":\"https:\/\/hotelelscassadors.com\/wp-content\/uploads\/2018\/05\/logoweb.png\",\"width\":386,\"height\":160,\"caption\":\"Els Ca\u00e7adors de Ma\u00e7anet Hotel Restaurant\"},\"image\":{\"@id\":\"https:\/\/hotelelscassadors.com\/fr\/#\/schema\/logo\/image\/\"}}]}<\/script>\n<!-- \/ Yoast SEO plugin. -->","yoast_head_json":{"title":"Hotel Gastron\u00f2mic a Girona - Hotel Els Ca\u00e7adors de Ma\u00e7anet","description":"Allotja\u2019t en un espai on la comoditat i el bon menjar van de la m\u00e0. A Hotel Gastron\u00f2mic a Girona Els Ca\u00e7adors treballem amb mat\u00e8ria primera de proximitat i qualitat i una proposta de men\u00fa que et porta el millor de la cuina catalana tradicional.","robots":{"index":"index","follow":"follow","max-snippet":"max-snippet:-1","max-image-preview":"max-image-preview:large","max-video-preview":"max-video-preview:-1"},"canonical":"https:\/\/hotelelscassadors.com\/fr\/hotel-gastronomique-girona\/","og_locale":"fr_FR","og_type":"article","og_title":"Hotel Gastron\u00f2mic a Girona - Hotel Els Ca\u00e7adors de Ma\u00e7anet","og_description":"Allotja\u2019t en un espai on la comoditat i el bon menjar van de la m\u00e0. A Hotel Gastron\u00f2mic a Girona Els Ca\u00e7adors treballem amb mat\u00e8ria primera de proximitat i qualitat i una proposta de men\u00fa que et porta el millor de la cuina catalana tradicional.","og_url":"https:\/\/hotelelscassadors.com\/fr\/hotel-gastronomique-girona\/","og_site_name":"Els Ca\u00e7adors de Ma\u00e7anet","article_publisher":"https:\/\/www.facebook.com\/Restaurant-Hotel-Els-Ca%c3%a7adors-de-Ma%c3%a7anet-901920089887268\/","article_modified_time":"2018-06-03T15:34:44+00:00","twitter_card":"summary_large_image","schema":{"@context":"https:\/\/schema.org","@graph":[{"@type":"WebPage","@id":"https:\/\/hotelelscassadors.com\/fr\/hotel-gastronomique-girona\/","url":"https:\/\/hotelelscassadors.com\/fr\/hotel-gastronomique-girona\/","name":"Hotel Gastron\u00f2mic a Girona - Hotel Els Ca\u00e7adors de Ma\u00e7anet","isPartOf":{"@id":"https:\/\/hotelelscassadors.com\/fr\/#website"},"datePublished":"2018-05-25T10:59:38+00:00","dateModified":"2018-06-03T15:34:44+00:00","description":"Allotja\u2019t en un espai on la comoditat i el bon menjar van de la m\u00e0. A Hotel Gastron\u00f2mic a Girona Els Ca\u00e7adors treballem amb mat\u00e8ria primera de proximitat i qualitat i una proposta de men\u00fa que et porta el millor de la cuina catalana tradicional.","breadcrumb":{"@id":"https:\/\/hotelelscassadors.com\/fr\/hotel-gastronomique-girona\/#breadcrumb"},"inLanguage":"fr-FR","potentialAction":[{"@type":"ReadAction","target":["https:\/\/hotelelscassadors.com\/fr\/hotel-gastronomique-girona\/"]}]},{"@type":"BreadcrumbList","@id":"https:\/\/hotelelscassadors.com\/fr\/hotel-gastronomique-girona\/#breadcrumb","itemListElement":[{"@type":"ListItem","position":1,"name":"Portada","item":"https:\/\/hotelelscassadors.com\/fr\/"},{"@type":"ListItem","position":2,"name":"H\u00f4tel Gastronomique Girona"}]},{"@type":"WebSite","@id":"https:\/\/hotelelscassadors.com\/fr\/#website","url":"https:\/\/hotelelscassadors.com\/fr\/","name":"Hotel Els Ca\u00e7adors de Ma\u00e7anet","description":"Hotel \u00b7 Restaurant","publisher":{"@id":"https:\/\/hotelelscassadors.com\/fr\/#organization"},"potentialAction":[{"@type":"SearchAction","target":{"@type":"EntryPoint","urlTemplate":"https:\/\/hotelelscassadors.com\/fr\/?s={search_term_string}"},"query-input":"required name=search_term_string"}],"inLanguage":"fr-FR"},{"@type":"Organization","@id":"https:\/\/hotelelscassadors.com\/fr\/#organization","name":"Els Ca\u00e7adors de Ma\u00e7anet Hotel Restaurant","url":"https:\/\/hotelelscassadors.com\/fr\/","sameAs":["https:\/\/www.facebook.com\/Restaurant-Hotel-Els-Ca\u00e7adors-de-Ma\u00e7anet-901920089887268\/"],"logo":{"@type":"ImageObject","inLanguage":"fr-FR","@id":"https:\/\/hotelelscassadors.com\/fr\/#\/schema\/logo\/image\/","url":"https:\/\/hotelelscassadors.com\/wp-content\/uploads\/2018\/05\/logoweb.png","contentUrl":"https:\/\/hotelelscassadors.com\/wp-content\/uploads\/2018\/05\/logoweb.png","width":386,"height":160,"caption":"Els Ca\u00e7adors de Ma\u00e7anet Hotel Restaurant"},"image":{"@id":"https:\/\/hotelelscassadors.com\/fr\/#\/schema\/logo\/image\/"}}]}},"_links":{"self":[{"href":"https:\/\/hotelelscassadors.com\/fr\/wp-json\/wp\/v2\/pages\/665"}],"collection":[{"href":"https:\/\/hotelelscassadors.com\/fr\/wp-json\/wp\/v2\/pages"}],"about":[{"href":"https:\/\/hotelelscassadors.com\/fr\/wp-json\/wp\/v2\/types\/page"}],"author":[{"embeddable":true,"href":"https:\/\/hotelelscassadors.com\/fr\/wp-json\/wp\/v2\/users\/3"}],"replies":[{"embeddable":true,"href":"https:\/\/hotelelscassadors.com\/fr\/wp-json\/wp\/v2\/comments?post=665"}],"version-history":[{"count":3,"href":"https:\/\/hotelelscassadors.com\/fr\/wp-json\/wp\/v2\/pages\/665\/revisions"}],"predecessor-version":[{"id":954,"href":"https:\/\/hotelelscassadors.com\/fr\/wp-json\/wp\/v2\/pages\/665\/revisions\/954"}],"wp:attachment":[{"href":"https:\/\/hotelelscassadors.com\/fr\/wp-json\/wp\/v2\/media?parent=665"}],"curies":[{"name":"wp","href":"https:\/\/api.w.org\/{rel}","templated":true}]}}