{"id":664,"date":"2018-05-25T12:54:46","date_gmt":"2018-05-25T10:54:46","guid":{"rendered":"https:\/\/hotelelscassadors.com\/hotel-als-pirineus\/"},"modified":"2018-06-03T17:35:34","modified_gmt":"2018-06-03T15:35:34","slug":"hotel-dans-les-pyrenees","status":"publish","type":"page","link":"https:\/\/hotelelscassadors.com\/fr\/hotel-dans-les-pyrenees\/","title":{"rendered":"H\u00f4tel dans les Pyr\u00e9n\u00e9es"},"content":{"rendered":"<p>D\u00e9tendez-vous entour\u00e9 de montagnes \u00e0 l&rsquo;H\u00f4tel Els Ca\u00e7adors, situ\u00e9 dans les <strong>Pyr\u00e9n\u00e9es de G\u00e9rone<\/strong> et parfait pour d\u00e9couvrir la magie de l&rsquo;Empord\u00e0. De notre h\u00f4tel, vous pouvez faire des promenades dans la nature, faire une pause de la plage et d\u00e9couvrir le travail de <strong>Dal\u00ed<\/strong>.<\/p>\n","protected":false},"excerpt":{"rendered":"<p>D\u00e9tendez-vous entour\u00e9 de montagnes \u00e0 l&rsquo;H\u00f4tel Els Ca\u00e7adors, situ\u00e9 dans les Pyr\u00e9n\u00e9es de G\u00e9rone et parfait pour d\u00e9couvrir la magie de l&rsquo;Empord\u00e0. De notre h\u00f4tel, vous pouvez faire des promenades dans la nature, faire une pause de la plage et d\u00e9couvrir le travail de Dal\u00ed.<\/p>\n","protected":false},"author":3,"featured_media":0,"parent":0,"menu_order":0,"comment_status":"closed","ping_status":"closed","template":"","meta":[],"yoast_head":"<!-- This site is optimized with the Yoast SEO plugin v19.6 - https:\/\/yoast.com\/wordpress\/plugins\/seo\/ -->\n<title>Hotel als Pirineus - Hotel Els Ca\u00e7adors de Ma\u00e7anet de Cabrenys<\/title>\n<meta name=\"description\" content=\"Descansa rodejat de muntanyes a Els Ca\u00e7adors, un hotel als Pirineus de Girona i perfecte per descobrir la m\u00e0gia de l\u2019Empord\u00e0. Des del nostre hotel podr\u00e0s fer excursions per la natura, escapades a la platja i descobrir l\u2019obra de Dal\u00ed.\" \/>\n<meta name=\"robots\" content=\"index, follow, max-snippet:-1, max-image-preview:large, max-video-preview:-1\" \/>\n<link rel=\"canonical\" href=\"https:\/\/hotelelscassadors.com\/fr\/hotel-dans-les-pyrenees\/\" \/>\n<meta property=\"og:locale\" content=\"fr_FR\" \/>\n<meta property=\"og:type\" content=\"article\" \/>\n<meta property=\"og:title\" content=\"Hotel als Pirineus - Hotel Els Ca\u00e7adors de Ma\u00e7anet de Cabrenys\" \/>\n<meta property=\"og:description\" content=\"Descansa rodejat de muntanyes a Els Ca\u00e7adors, un hotel als Pirineus de Girona i perfecte per descobrir la m\u00e0gia de l\u2019Empord\u00e0. Des del nostre hotel podr\u00e0s fer excursions per la natura, escapades a la platja i descobrir l\u2019obra de Dal\u00ed.\" \/>\n<meta property=\"og:url\" content=\"https:\/\/hotelelscassadors.com\/fr\/hotel-dans-les-pyrenees\/\" \/>\n<meta property=\"og:site_name\" content=\"Els Ca\u00e7adors de Ma\u00e7anet\" \/>\n<meta property=\"article:publisher\" content=\"https:\/\/www.facebook.com\/Restaurant-Hotel-Els-Ca%c3%a7adors-de-Ma%c3%a7anet-901920089887268\/\" \/>\n<meta property=\"article:modified_time\" content=\"2018-06-03T15:35:34+00:00\" \/>\n<meta name=\"twitter:card\" content=\"summary_large_image\" \/>\n<script type=\"application\/ld+json\" class=\"yoast-schema-graph\">{\"@context\":\"https:\/\/schema.org\",\"@graph\":[{\"@type\":\"WebPage\",\"@id\":\"https:\/\/hotelelscassadors.com\/fr\/hotel-dans-les-pyrenees\/\",\"url\":\"https:\/\/hotelelscassadors.com\/fr\/hotel-dans-les-pyrenees\/\",\"name\":\"Hotel als Pirineus - Hotel Els Ca\u00e7adors de Ma\u00e7anet de Cabrenys\",\"isPartOf\":{\"@id\":\"https:\/\/hotelelscassadors.com\/fr\/#website\"},\"datePublished\":\"2018-05-25T10:54:46+00:00\",\"dateModified\":\"2018-06-03T15:35:34+00:00\",\"description\":\"Descansa rodejat de muntanyes a Els Ca\u00e7adors, un hotel als Pirineus de Girona i perfecte per descobrir la m\u00e0gia de l\u2019Empord\u00e0. Des del nostre hotel podr\u00e0s fer excursions per la natura, escapades a la platja i descobrir l\u2019obra de Dal\u00ed.\",\"breadcrumb\":{\"@id\":\"https:\/\/hotelelscassadors.com\/fr\/hotel-dans-les-pyrenees\/#breadcrumb\"},\"inLanguage\":\"fr-FR\",\"potentialAction\":[{\"@type\":\"ReadAction\",\"target\":[\"https:\/\/hotelelscassadors.com\/fr\/hotel-dans-les-pyrenees\/\"]}]},{\"@type\":\"BreadcrumbList\",\"@id\":\"https:\/\/hotelelscassadors.com\/fr\/hotel-dans-les-pyrenees\/#breadcrumb\",\"itemListElement\":[{\"@type\":\"ListItem\",\"position\":1,\"name\":\"Portada\",\"item\":\"https:\/\/hotelelscassadors.com\/fr\/\"},{\"@type\":\"ListItem\",\"position\":2,\"name\":\"H\u00f4tel dans les Pyr\u00e9n\u00e9es\"}]},{\"@type\":\"WebSite\",\"@id\":\"https:\/\/hotelelscassadors.com\/fr\/#website\",\"url\":\"https:\/\/hotelelscassadors.com\/fr\/\",\"name\":\"Hotel Els Ca\u00e7adors de Ma\u00e7anet\",\"description\":\"Hotel \u00b7 Restaurant\",\"publisher\":{\"@id\":\"https:\/\/hotelelscassadors.com\/fr\/#organization\"},\"potentialAction\":[{\"@type\":\"SearchAction\",\"target\":{\"@type\":\"EntryPoint\",\"urlTemplate\":\"https:\/\/hotelelscassadors.com\/fr\/?s={search_term_string}\"},\"query-input\":\"required name=search_term_string\"}],\"inLanguage\":\"fr-FR\"},{\"@type\":\"Organization\",\"@id\":\"https:\/\/hotelelscassadors.com\/fr\/#organization\",\"name\":\"Els Ca\u00e7adors de Ma\u00e7anet Hotel Restaurant\",\"url\":\"https:\/\/hotelelscassadors.com\/fr\/\",\"sameAs\":[\"https:\/\/www.facebook.com\/Restaurant-Hotel-Els-Ca\u00e7adors-de-Ma\u00e7anet-901920089887268\/\"],\"logo\":{\"@type\":\"ImageObject\",\"inLanguage\":\"fr-FR\",\"@id\":\"https:\/\/hotelelscassadors.com\/fr\/#\/schema\/logo\/image\/\",\"url\":\"https:\/\/hotelelscassadors.com\/wp-content\/uploads\/2018\/05\/logoweb.png\",\"contentUrl\":\"https:\/\/hotelelscassadors.com\/wp-content\/uploads\/2018\/05\/logoweb.png\",\"width\":386,\"height\":160,\"caption\":\"Els Ca\u00e7adors de Ma\u00e7anet Hotel Restaurant\"},\"image\":{\"@id\":\"https:\/\/hotelelscassadors.com\/fr\/#\/schema\/logo\/image\/\"}}]}<\/script>\n<!-- \/ Yoast SEO plugin. -->","yoast_head_json":{"title":"Hotel als Pirineus - Hotel Els Ca\u00e7adors de Ma\u00e7anet de Cabrenys","description":"Descansa rodejat de muntanyes a Els Ca\u00e7adors, un hotel als Pirineus de Girona i perfecte per descobrir la m\u00e0gia de l\u2019Empord\u00e0. Des del nostre hotel podr\u00e0s fer excursions per la natura, escapades a la platja i descobrir l\u2019obra de Dal\u00ed.","robots":{"index":"index","follow":"follow","max-snippet":"max-snippet:-1","max-image-preview":"max-image-preview:large","max-video-preview":"max-video-preview:-1"},"canonical":"https:\/\/hotelelscassadors.com\/fr\/hotel-dans-les-pyrenees\/","og_locale":"fr_FR","og_type":"article","og_title":"Hotel als Pirineus - Hotel Els Ca\u00e7adors de Ma\u00e7anet de Cabrenys","og_description":"Descansa rodejat de muntanyes a Els Ca\u00e7adors, un hotel als Pirineus de Girona i perfecte per descobrir la m\u00e0gia de l\u2019Empord\u00e0. Des del nostre hotel podr\u00e0s fer excursions per la natura, escapades a la platja i descobrir l\u2019obra de Dal\u00ed.","og_url":"https:\/\/hotelelscassadors.com\/fr\/hotel-dans-les-pyrenees\/","og_site_name":"Els Ca\u00e7adors de Ma\u00e7anet","article_publisher":"https:\/\/www.facebook.com\/Restaurant-Hotel-Els-Ca%c3%a7adors-de-Ma%c3%a7anet-901920089887268\/","article_modified_time":"2018-06-03T15:35:34+00:00","twitter_card":"summary_large_image","schema":{"@context":"https:\/\/schema.org","@graph":[{"@type":"WebPage","@id":"https:\/\/hotelelscassadors.com\/fr\/hotel-dans-les-pyrenees\/","url":"https:\/\/hotelelscassadors.com\/fr\/hotel-dans-les-pyrenees\/","name":"Hotel als Pirineus - Hotel Els Ca\u00e7adors de Ma\u00e7anet de Cabrenys","isPartOf":{"@id":"https:\/\/hotelelscassadors.com\/fr\/#website"},"datePublished":"2018-05-25T10:54:46+00:00","dateModified":"2018-06-03T15:35:34+00:00","description":"Descansa rodejat de muntanyes a Els Ca\u00e7adors, un hotel als Pirineus de Girona i perfecte per descobrir la m\u00e0gia de l\u2019Empord\u00e0. Des del nostre hotel podr\u00e0s fer excursions per la natura, escapades a la platja i descobrir l\u2019obra de Dal\u00ed.","breadcrumb":{"@id":"https:\/\/hotelelscassadors.com\/fr\/hotel-dans-les-pyrenees\/#breadcrumb"},"inLanguage":"fr-FR","potentialAction":[{"@type":"ReadAction","target":["https:\/\/hotelelscassadors.com\/fr\/hotel-dans-les-pyrenees\/"]}]},{"@type":"BreadcrumbList","@id":"https:\/\/hotelelscassadors.com\/fr\/hotel-dans-les-pyrenees\/#breadcrumb","itemListElement":[{"@type":"ListItem","position":1,"name":"Portada","item":"https:\/\/hotelelscassadors.com\/fr\/"},{"@type":"ListItem","position":2,"name":"H\u00f4tel dans les Pyr\u00e9n\u00e9es"}]},{"@type":"WebSite","@id":"https:\/\/hotelelscassadors.com\/fr\/#website","url":"https:\/\/hotelelscassadors.com\/fr\/","name":"Hotel Els Ca\u00e7adors de Ma\u00e7anet","description":"Hotel \u00b7 Restaurant","publisher":{"@id":"https:\/\/hotelelscassadors.com\/fr\/#organization"},"potentialAction":[{"@type":"SearchAction","target":{"@type":"EntryPoint","urlTemplate":"https:\/\/hotelelscassadors.com\/fr\/?s={search_term_string}"},"query-input":"required name=search_term_string"}],"inLanguage":"fr-FR"},{"@type":"Organization","@id":"https:\/\/hotelelscassadors.com\/fr\/#organization","name":"Els Ca\u00e7adors de Ma\u00e7anet Hotel Restaurant","url":"https:\/\/hotelelscassadors.com\/fr\/","sameAs":["https:\/\/www.facebook.com\/Restaurant-Hotel-Els-Ca\u00e7adors-de-Ma\u00e7anet-901920089887268\/"],"logo":{"@type":"ImageObject","inLanguage":"fr-FR","@id":"https:\/\/hotelelscassadors.com\/fr\/#\/schema\/logo\/image\/","url":"https:\/\/hotelelscassadors.com\/wp-content\/uploads\/2018\/05\/logoweb.png","contentUrl":"https:\/\/hotelelscassadors.com\/wp-content\/uploads\/2018\/05\/logoweb.png","width":386,"height":160,"caption":"Els Ca\u00e7adors de Ma\u00e7anet Hotel Restaurant"},"image":{"@id":"https:\/\/hotelelscassadors.com\/fr\/#\/schema\/logo\/image\/"}}]}},"_links":{"self":[{"href":"https:\/\/hotelelscassadors.com\/fr\/wp-json\/wp\/v2\/pages\/664"}],"collection":[{"href":"https:\/\/hotelelscassadors.com\/fr\/wp-json\/wp\/v2\/pages"}],"about":[{"href":"https:\/\/hotelelscassadors.com\/fr\/wp-json\/wp\/v2\/types\/page"}],"author":[{"embeddable":true,"href":"https:\/\/hotelelscassadors.com\/fr\/wp-json\/wp\/v2\/users\/3"}],"replies":[{"embeddable":true,"href":"https:\/\/hotelelscassadors.com\/fr\/wp-json\/wp\/v2\/comments?post=664"}],"version-history":[{"count":3,"href":"https:\/\/hotelelscassadors.com\/fr\/wp-json\/wp\/v2\/pages\/664\/revisions"}],"predecessor-version":[{"id":956,"href":"https:\/\/hotelelscassadors.com\/fr\/wp-json\/wp\/v2\/pages\/664\/revisions\/956"}],"wp:attachment":[{"href":"https:\/\/hotelelscassadors.com\/fr\/wp-json\/wp\/v2\/media?parent=664"}],"curies":[{"name":"wp","href":"https:\/\/api.w.org\/{rel}","templated":true}]}}