{"id":663,"date":"2018-05-25T12:57:52","date_gmt":"2018-05-25T10:57:52","guid":{"rendered":"https:\/\/hotelelscassadors.com\/hotel-a-lalt-emporda-natura-familiar\/"},"modified":"2018-06-03T17:35:09","modified_gmt":"2018-06-03T15:35:09","slug":"hotel-dans-lalt-emporda","status":"publish","type":"page","link":"https:\/\/hotelelscassadors.com\/fr\/hotel-dans-lalt-emporda\/","title":{"rendered":"H\u00f4tel dans l&rsquo;Alt Empord\u00e0"},"content":{"rendered":"<p>L&rsquo;<strong>H\u00f4tel Els Ca\u00e7adors de Ma\u00e7anet<\/strong> est l&rsquo;endroit id\u00e9al pour passer quelques jours de d\u00e9tente avec votre famille ou vos amis en visitant les <strong>magnifiques zones naturelles de la r\u00e9gion<\/strong>. Capbusse vous dans notre piscine et en apprendre davantage sur la lenteur des villages de montagne.<\/p>\n","protected":false},"excerpt":{"rendered":"<p>L&rsquo;H\u00f4tel Els Ca\u00e7adors de Ma\u00e7anet est l&rsquo;endroit id\u00e9al pour passer quelques jours de d\u00e9tente avec votre famille ou vos amis en visitant les magnifiques zones naturelles de la r\u00e9gion. Capbusse vous dans notre piscine et en apprendre davantage sur la lenteur des villages de montagne.<\/p>\n","protected":false},"author":3,"featured_media":0,"parent":0,"menu_order":0,"comment_status":"closed","ping_status":"closed","template":"","meta":[],"yoast_head":"<!-- This site is optimized with the Yoast SEO plugin v19.6 - https:\/\/yoast.com\/wordpress\/plugins\/seo\/ -->\n<title>Hotel a l&#039;Alt Empord\u00e0 - Hotel Els Ca\u00e7adors de Ma\u00e7anet de Cabrenys<\/title>\n<meta name=\"description\" content=\"Els Ca\u00e7adors de Ma\u00e7anet \u00e9s un hotel a l&#039;Alt Empord\u00e0 i\u00a0\u00e9s el lloc ideal per passar uns dies de relax. L&#039;hotel compta amb\u00a0preciosos paratges naturals que podeu recorrer amb la fam\u00edlia o amics.\u00a0Capbusseu-vos a la nostra piscina i contagieu-vos de la vida pausada dels pobles de muntanya.\" \/>\n<meta name=\"robots\" content=\"index, follow, max-snippet:-1, max-image-preview:large, max-video-preview:-1\" \/>\n<link rel=\"canonical\" href=\"https:\/\/hotelelscassadors.com\/fr\/hotel-dans-lalt-emporda\/\" \/>\n<meta property=\"og:locale\" content=\"fr_FR\" \/>\n<meta property=\"og:type\" content=\"article\" \/>\n<meta property=\"og:title\" content=\"Hotel a l&#039;Alt Empord\u00e0 - Hotel Els Ca\u00e7adors de Ma\u00e7anet de Cabrenys\" \/>\n<meta property=\"og:description\" content=\"Els Ca\u00e7adors de Ma\u00e7anet \u00e9s un hotel a l&#039;Alt Empord\u00e0 i\u00a0\u00e9s el lloc ideal per passar uns dies de relax. L&#039;hotel compta amb\u00a0preciosos paratges naturals que podeu recorrer amb la fam\u00edlia o amics.\u00a0Capbusseu-vos a la nostra piscina i contagieu-vos de la vida pausada dels pobles de muntanya.\" \/>\n<meta property=\"og:url\" content=\"https:\/\/hotelelscassadors.com\/fr\/hotel-dans-lalt-emporda\/\" \/>\n<meta property=\"og:site_name\" content=\"Els Ca\u00e7adors de Ma\u00e7anet\" \/>\n<meta property=\"article:publisher\" content=\"https:\/\/www.facebook.com\/Restaurant-Hotel-Els-Ca%c3%a7adors-de-Ma%c3%a7anet-901920089887268\/\" \/>\n<meta property=\"article:modified_time\" content=\"2018-06-03T15:35:09+00:00\" \/>\n<meta name=\"twitter:card\" content=\"summary_large_image\" \/>\n<script type=\"application\/ld+json\" class=\"yoast-schema-graph\">{\"@context\":\"https:\/\/schema.org\",\"@graph\":[{\"@type\":\"WebPage\",\"@id\":\"https:\/\/hotelelscassadors.com\/fr\/hotel-dans-lalt-emporda\/\",\"url\":\"https:\/\/hotelelscassadors.com\/fr\/hotel-dans-lalt-emporda\/\",\"name\":\"Hotel a l'Alt Empord\u00e0 - Hotel Els Ca\u00e7adors de Ma\u00e7anet de Cabrenys\",\"isPartOf\":{\"@id\":\"https:\/\/hotelelscassadors.com\/fr\/#website\"},\"datePublished\":\"2018-05-25T10:57:52+00:00\",\"dateModified\":\"2018-06-03T15:35:09+00:00\",\"description\":\"Els Ca\u00e7adors de Ma\u00e7anet \u00e9s un hotel a l'Alt Empord\u00e0 i\u00a0\u00e9s el lloc ideal per passar uns dies de relax. L'hotel compta amb\u00a0preciosos paratges naturals que podeu recorrer amb la fam\u00edlia o amics.\u00a0Capbusseu-vos a la nostra piscina i contagieu-vos de la vida pausada dels pobles de muntanya.\",\"breadcrumb\":{\"@id\":\"https:\/\/hotelelscassadors.com\/fr\/hotel-dans-lalt-emporda\/#breadcrumb\"},\"inLanguage\":\"fr-FR\",\"potentialAction\":[{\"@type\":\"ReadAction\",\"target\":[\"https:\/\/hotelelscassadors.com\/fr\/hotel-dans-lalt-emporda\/\"]}]},{\"@type\":\"BreadcrumbList\",\"@id\":\"https:\/\/hotelelscassadors.com\/fr\/hotel-dans-lalt-emporda\/#breadcrumb\",\"itemListElement\":[{\"@type\":\"ListItem\",\"position\":1,\"name\":\"Portada\",\"item\":\"https:\/\/hotelelscassadors.com\/fr\/\"},{\"@type\":\"ListItem\",\"position\":2,\"name\":\"H\u00f4tel dans l&#8217;Alt Empord\u00e0\"}]},{\"@type\":\"WebSite\",\"@id\":\"https:\/\/hotelelscassadors.com\/fr\/#website\",\"url\":\"https:\/\/hotelelscassadors.com\/fr\/\",\"name\":\"Hotel Els Ca\u00e7adors de Ma\u00e7anet\",\"description\":\"Hotel \u00b7 Restaurant\",\"publisher\":{\"@id\":\"https:\/\/hotelelscassadors.com\/fr\/#organization\"},\"potentialAction\":[{\"@type\":\"SearchAction\",\"target\":{\"@type\":\"EntryPoint\",\"urlTemplate\":\"https:\/\/hotelelscassadors.com\/fr\/?s={search_term_string}\"},\"query-input\":\"required name=search_term_string\"}],\"inLanguage\":\"fr-FR\"},{\"@type\":\"Organization\",\"@id\":\"https:\/\/hotelelscassadors.com\/fr\/#organization\",\"name\":\"Els Ca\u00e7adors de Ma\u00e7anet Hotel Restaurant\",\"url\":\"https:\/\/hotelelscassadors.com\/fr\/\",\"sameAs\":[\"https:\/\/www.facebook.com\/Restaurant-Hotel-Els-Ca\u00e7adors-de-Ma\u00e7anet-901920089887268\/\"],\"logo\":{\"@type\":\"ImageObject\",\"inLanguage\":\"fr-FR\",\"@id\":\"https:\/\/hotelelscassadors.com\/fr\/#\/schema\/logo\/image\/\",\"url\":\"https:\/\/hotelelscassadors.com\/wp-content\/uploads\/2018\/05\/logoweb.png\",\"contentUrl\":\"https:\/\/hotelelscassadors.com\/wp-content\/uploads\/2018\/05\/logoweb.png\",\"width\":386,\"height\":160,\"caption\":\"Els Ca\u00e7adors de Ma\u00e7anet Hotel Restaurant\"},\"image\":{\"@id\":\"https:\/\/hotelelscassadors.com\/fr\/#\/schema\/logo\/image\/\"}}]}<\/script>\n<!-- \/ Yoast SEO plugin. -->","yoast_head_json":{"title":"Hotel a l'Alt Empord\u00e0 - Hotel Els Ca\u00e7adors de Ma\u00e7anet de Cabrenys","description":"Els Ca\u00e7adors de Ma\u00e7anet \u00e9s un hotel a l'Alt Empord\u00e0 i\u00a0\u00e9s el lloc ideal per passar uns dies de relax. L'hotel compta amb\u00a0preciosos paratges naturals que podeu recorrer amb la fam\u00edlia o amics.\u00a0Capbusseu-vos a la nostra piscina i contagieu-vos de la vida pausada dels pobles de muntanya.","robots":{"index":"index","follow":"follow","max-snippet":"max-snippet:-1","max-image-preview":"max-image-preview:large","max-video-preview":"max-video-preview:-1"},"canonical":"https:\/\/hotelelscassadors.com\/fr\/hotel-dans-lalt-emporda\/","og_locale":"fr_FR","og_type":"article","og_title":"Hotel a l'Alt Empord\u00e0 - Hotel Els Ca\u00e7adors de Ma\u00e7anet de Cabrenys","og_description":"Els Ca\u00e7adors de Ma\u00e7anet \u00e9s un hotel a l'Alt Empord\u00e0 i\u00a0\u00e9s el lloc ideal per passar uns dies de relax. L'hotel compta amb\u00a0preciosos paratges naturals que podeu recorrer amb la fam\u00edlia o amics.\u00a0Capbusseu-vos a la nostra piscina i contagieu-vos de la vida pausada dels pobles de muntanya.","og_url":"https:\/\/hotelelscassadors.com\/fr\/hotel-dans-lalt-emporda\/","og_site_name":"Els Ca\u00e7adors de Ma\u00e7anet","article_publisher":"https:\/\/www.facebook.com\/Restaurant-Hotel-Els-Ca%c3%a7adors-de-Ma%c3%a7anet-901920089887268\/","article_modified_time":"2018-06-03T15:35:09+00:00","twitter_card":"summary_large_image","schema":{"@context":"https:\/\/schema.org","@graph":[{"@type":"WebPage","@id":"https:\/\/hotelelscassadors.com\/fr\/hotel-dans-lalt-emporda\/","url":"https:\/\/hotelelscassadors.com\/fr\/hotel-dans-lalt-emporda\/","name":"Hotel a l'Alt Empord\u00e0 - Hotel Els Ca\u00e7adors de Ma\u00e7anet de Cabrenys","isPartOf":{"@id":"https:\/\/hotelelscassadors.com\/fr\/#website"},"datePublished":"2018-05-25T10:57:52+00:00","dateModified":"2018-06-03T15:35:09+00:00","description":"Els Ca\u00e7adors de Ma\u00e7anet \u00e9s un hotel a l'Alt Empord\u00e0 i\u00a0\u00e9s el lloc ideal per passar uns dies de relax. L'hotel compta amb\u00a0preciosos paratges naturals que podeu recorrer amb la fam\u00edlia o amics.\u00a0Capbusseu-vos a la nostra piscina i contagieu-vos de la vida pausada dels pobles de muntanya.","breadcrumb":{"@id":"https:\/\/hotelelscassadors.com\/fr\/hotel-dans-lalt-emporda\/#breadcrumb"},"inLanguage":"fr-FR","potentialAction":[{"@type":"ReadAction","target":["https:\/\/hotelelscassadors.com\/fr\/hotel-dans-lalt-emporda\/"]}]},{"@type":"BreadcrumbList","@id":"https:\/\/hotelelscassadors.com\/fr\/hotel-dans-lalt-emporda\/#breadcrumb","itemListElement":[{"@type":"ListItem","position":1,"name":"Portada","item":"https:\/\/hotelelscassadors.com\/fr\/"},{"@type":"ListItem","position":2,"name":"H\u00f4tel dans l&#8217;Alt Empord\u00e0"}]},{"@type":"WebSite","@id":"https:\/\/hotelelscassadors.com\/fr\/#website","url":"https:\/\/hotelelscassadors.com\/fr\/","name":"Hotel Els Ca\u00e7adors de Ma\u00e7anet","description":"Hotel \u00b7 Restaurant","publisher":{"@id":"https:\/\/hotelelscassadors.com\/fr\/#organization"},"potentialAction":[{"@type":"SearchAction","target":{"@type":"EntryPoint","urlTemplate":"https:\/\/hotelelscassadors.com\/fr\/?s={search_term_string}"},"query-input":"required name=search_term_string"}],"inLanguage":"fr-FR"},{"@type":"Organization","@id":"https:\/\/hotelelscassadors.com\/fr\/#organization","name":"Els Ca\u00e7adors de Ma\u00e7anet Hotel Restaurant","url":"https:\/\/hotelelscassadors.com\/fr\/","sameAs":["https:\/\/www.facebook.com\/Restaurant-Hotel-Els-Ca\u00e7adors-de-Ma\u00e7anet-901920089887268\/"],"logo":{"@type":"ImageObject","inLanguage":"fr-FR","@id":"https:\/\/hotelelscassadors.com\/fr\/#\/schema\/logo\/image\/","url":"https:\/\/hotelelscassadors.com\/wp-content\/uploads\/2018\/05\/logoweb.png","contentUrl":"https:\/\/hotelelscassadors.com\/wp-content\/uploads\/2018\/05\/logoweb.png","width":386,"height":160,"caption":"Els Ca\u00e7adors de Ma\u00e7anet Hotel Restaurant"},"image":{"@id":"https:\/\/hotelelscassadors.com\/fr\/#\/schema\/logo\/image\/"}}]}},"_links":{"self":[{"href":"https:\/\/hotelelscassadors.com\/fr\/wp-json\/wp\/v2\/pages\/663"}],"collection":[{"href":"https:\/\/hotelelscassadors.com\/fr\/wp-json\/wp\/v2\/pages"}],"about":[{"href":"https:\/\/hotelelscassadors.com\/fr\/wp-json\/wp\/v2\/types\/page"}],"author":[{"embeddable":true,"href":"https:\/\/hotelelscassadors.com\/fr\/wp-json\/wp\/v2\/users\/3"}],"replies":[{"embeddable":true,"href":"https:\/\/hotelelscassadors.com\/fr\/wp-json\/wp\/v2\/comments?post=663"}],"version-history":[{"count":3,"href":"https:\/\/hotelelscassadors.com\/fr\/wp-json\/wp\/v2\/pages\/663\/revisions"}],"predecessor-version":[{"id":955,"href":"https:\/\/hotelelscassadors.com\/fr\/wp-json\/wp\/v2\/pages\/663\/revisions\/955"}],"wp:attachment":[{"href":"https:\/\/hotelelscassadors.com\/fr\/wp-json\/wp\/v2\/media?parent=663"}],"curies":[{"name":"wp","href":"https:\/\/api.w.org\/{rel}","templated":true}]}}