{"id":655,"date":"2018-05-17T14:04:05","date_gmt":"2018-05-17T12:04:05","guid":{"rendered":"https:\/\/hotelelscassadors.com\/hotel\/habitacions\/"},"modified":"2020-02-26T09:43:00","modified_gmt":"2020-02-26T08:43:00","slug":"chambres","status":"publish","type":"page","link":"https:\/\/hotelelscassadors.com\/fr\/hotel\/chambres\/","title":{"rendered":"Chambres"},"content":{"rendered":"\n\t<p>Tout le confort dans un cadre idyllique. Voil\u00e0 la parfaite description de nos <strong>17 chambres<\/strong> toutes ouvertes sur l\u2019ext\u00e9rieur, confortables et avec terrasse.<\/p>\n","protected":false},"excerpt":{"rendered":"<p>Tout le confort dans un cadre idyllique. Voil\u00e0 la parfaite description de nos 17 chambres toutes ouvertes sur l\u2019ext\u00e9rieur, confortables et avec terrasse.<\/p>\n","protected":false},"author":3,"featured_media":0,"parent":653,"menu_order":0,"comment_status":"closed","ping_status":"closed","template":"","meta":[],"yoast_head":"<!-- This site is optimized with the Yoast SEO plugin v19.6 - https:\/\/yoast.com\/wordpress\/plugins\/seo\/ -->\n<title>Chambres &#8902; Els Ca\u00e7adors de Ma\u00e7anet<\/title>\n<meta name=\"description\" content=\"L&#039;hotel Ca\u00e7adors de Maca\u00e7anet, e l&#039;Empord\u00e0, gaudir\u00e0s de tota la comoditat en un entorn id\u00edl\u00b7lic. Aix\u00ed s\u00f3n les nostres 17 confortables habitacions totes exteriors i amb terrassa.\" \/>\n<meta name=\"robots\" content=\"index, follow, max-snippet:-1, max-image-preview:large, max-video-preview:-1\" \/>\n<link rel=\"canonical\" href=\"https:\/\/hotelelscassadors.com\/fr\/hotel\/chambres\/\" \/>\n<meta property=\"og:locale\" content=\"fr_FR\" \/>\n<meta property=\"og:type\" content=\"article\" \/>\n<meta property=\"og:title\" content=\"Chambres &#8902; Els Ca\u00e7adors de Ma\u00e7anet\" \/>\n<meta property=\"og:description\" content=\"L&#039;hotel Ca\u00e7adors de Maca\u00e7anet, e l&#039;Empord\u00e0, gaudir\u00e0s de tota la comoditat en un entorn id\u00edl\u00b7lic. Aix\u00ed s\u00f3n les nostres 17 confortables habitacions totes exteriors i amb terrassa.\" \/>\n<meta property=\"og:url\" content=\"https:\/\/hotelelscassadors.com\/fr\/hotel\/chambres\/\" \/>\n<meta property=\"og:site_name\" content=\"Els Ca\u00e7adors de Ma\u00e7anet\" \/>\n<meta property=\"article:publisher\" content=\"https:\/\/www.facebook.com\/Restaurant-Hotel-Els-Ca%c3%a7adors-de-Ma%c3%a7anet-901920089887268\/\" \/>\n<meta property=\"article:modified_time\" content=\"2020-02-26T08:43:00+00:00\" \/>\n<meta name=\"twitter:card\" content=\"summary_large_image\" \/>\n<script type=\"application\/ld+json\" class=\"yoast-schema-graph\">{\"@context\":\"https:\/\/schema.org\",\"@graph\":[{\"@type\":\"WebPage\",\"@id\":\"https:\/\/hotelelscassadors.com\/fr\/hotel\/chambres\/\",\"url\":\"https:\/\/hotelelscassadors.com\/fr\/hotel\/chambres\/\",\"name\":\"Chambres &#8902; Els Ca\u00e7adors de Ma\u00e7anet\",\"isPartOf\":{\"@id\":\"https:\/\/hotelelscassadors.com\/fr\/#website\"},\"datePublished\":\"2018-05-17T12:04:05+00:00\",\"dateModified\":\"2020-02-26T08:43:00+00:00\",\"description\":\"L'hotel Ca\u00e7adors de Maca\u00e7anet, e l'Empord\u00e0, gaudir\u00e0s de tota la comoditat en un entorn id\u00edl\u00b7lic. Aix\u00ed s\u00f3n les nostres 17 confortables habitacions totes exteriors i amb terrassa.\",\"breadcrumb\":{\"@id\":\"https:\/\/hotelelscassadors.com\/fr\/hotel\/chambres\/#breadcrumb\"},\"inLanguage\":\"fr-FR\",\"potentialAction\":[{\"@type\":\"ReadAction\",\"target\":[\"https:\/\/hotelelscassadors.com\/fr\/hotel\/chambres\/\"]}]},{\"@type\":\"BreadcrumbList\",\"@id\":\"https:\/\/hotelelscassadors.com\/fr\/hotel\/chambres\/#breadcrumb\",\"itemListElement\":[{\"@type\":\"ListItem\",\"position\":1,\"name\":\"Portada\",\"item\":\"https:\/\/hotelelscassadors.com\/fr\/\"},{\"@type\":\"ListItem\",\"position\":2,\"name\":\"Hotel\",\"item\":\"https:\/\/hotelelscassadors.com\/fr\/hotel\/\"},{\"@type\":\"ListItem\",\"position\":3,\"name\":\"Chambres\"}]},{\"@type\":\"WebSite\",\"@id\":\"https:\/\/hotelelscassadors.com\/fr\/#website\",\"url\":\"https:\/\/hotelelscassadors.com\/fr\/\",\"name\":\"Hotel Els Ca\u00e7adors de Ma\u00e7anet\",\"description\":\"Hotel \u00b7 Restaurant\",\"publisher\":{\"@id\":\"https:\/\/hotelelscassadors.com\/fr\/#organization\"},\"potentialAction\":[{\"@type\":\"SearchAction\",\"target\":{\"@type\":\"EntryPoint\",\"urlTemplate\":\"https:\/\/hotelelscassadors.com\/fr\/?s={search_term_string}\"},\"query-input\":\"required name=search_term_string\"}],\"inLanguage\":\"fr-FR\"},{\"@type\":\"Organization\",\"@id\":\"https:\/\/hotelelscassadors.com\/fr\/#organization\",\"name\":\"Els Ca\u00e7adors de Ma\u00e7anet Hotel Restaurant\",\"url\":\"https:\/\/hotelelscassadors.com\/fr\/\",\"sameAs\":[\"https:\/\/www.facebook.com\/Restaurant-Hotel-Els-Ca\u00e7adors-de-Ma\u00e7anet-901920089887268\/\"],\"logo\":{\"@type\":\"ImageObject\",\"inLanguage\":\"fr-FR\",\"@id\":\"https:\/\/hotelelscassadors.com\/fr\/#\/schema\/logo\/image\/\",\"url\":\"https:\/\/hotelelscassadors.com\/wp-content\/uploads\/2018\/05\/logoweb.png\",\"contentUrl\":\"https:\/\/hotelelscassadors.com\/wp-content\/uploads\/2018\/05\/logoweb.png\",\"width\":386,\"height\":160,\"caption\":\"Els Ca\u00e7adors de Ma\u00e7anet Hotel Restaurant\"},\"image\":{\"@id\":\"https:\/\/hotelelscassadors.com\/fr\/#\/schema\/logo\/image\/\"}}]}<\/script>\n<!-- \/ Yoast SEO plugin. -->","yoast_head_json":{"title":"Chambres &#8902; Els Ca\u00e7adors de Ma\u00e7anet","description":"L'hotel Ca\u00e7adors de Maca\u00e7anet, e l'Empord\u00e0, gaudir\u00e0s de tota la comoditat en un entorn id\u00edl\u00b7lic. Aix\u00ed s\u00f3n les nostres 17 confortables habitacions totes exteriors i amb terrassa.","robots":{"index":"index","follow":"follow","max-snippet":"max-snippet:-1","max-image-preview":"max-image-preview:large","max-video-preview":"max-video-preview:-1"},"canonical":"https:\/\/hotelelscassadors.com\/fr\/hotel\/chambres\/","og_locale":"fr_FR","og_type":"article","og_title":"Chambres &#8902; Els Ca\u00e7adors de Ma\u00e7anet","og_description":"L'hotel Ca\u00e7adors de Maca\u00e7anet, e l'Empord\u00e0, gaudir\u00e0s de tota la comoditat en un entorn id\u00edl\u00b7lic. Aix\u00ed s\u00f3n les nostres 17 confortables habitacions totes exteriors i amb terrassa.","og_url":"https:\/\/hotelelscassadors.com\/fr\/hotel\/chambres\/","og_site_name":"Els Ca\u00e7adors de Ma\u00e7anet","article_publisher":"https:\/\/www.facebook.com\/Restaurant-Hotel-Els-Ca%c3%a7adors-de-Ma%c3%a7anet-901920089887268\/","article_modified_time":"2020-02-26T08:43:00+00:00","twitter_card":"summary_large_image","schema":{"@context":"https:\/\/schema.org","@graph":[{"@type":"WebPage","@id":"https:\/\/hotelelscassadors.com\/fr\/hotel\/chambres\/","url":"https:\/\/hotelelscassadors.com\/fr\/hotel\/chambres\/","name":"Chambres &#8902; Els Ca\u00e7adors de Ma\u00e7anet","isPartOf":{"@id":"https:\/\/hotelelscassadors.com\/fr\/#website"},"datePublished":"2018-05-17T12:04:05+00:00","dateModified":"2020-02-26T08:43:00+00:00","description":"L'hotel Ca\u00e7adors de Maca\u00e7anet, e l'Empord\u00e0, gaudir\u00e0s de tota la comoditat en un entorn id\u00edl\u00b7lic. Aix\u00ed s\u00f3n les nostres 17 confortables habitacions totes exteriors i amb terrassa.","breadcrumb":{"@id":"https:\/\/hotelelscassadors.com\/fr\/hotel\/chambres\/#breadcrumb"},"inLanguage":"fr-FR","potentialAction":[{"@type":"ReadAction","target":["https:\/\/hotelelscassadors.com\/fr\/hotel\/chambres\/"]}]},{"@type":"BreadcrumbList","@id":"https:\/\/hotelelscassadors.com\/fr\/hotel\/chambres\/#breadcrumb","itemListElement":[{"@type":"ListItem","position":1,"name":"Portada","item":"https:\/\/hotelelscassadors.com\/fr\/"},{"@type":"ListItem","position":2,"name":"Hotel","item":"https:\/\/hotelelscassadors.com\/fr\/hotel\/"},{"@type":"ListItem","position":3,"name":"Chambres"}]},{"@type":"WebSite","@id":"https:\/\/hotelelscassadors.com\/fr\/#website","url":"https:\/\/hotelelscassadors.com\/fr\/","name":"Hotel Els Ca\u00e7adors de Ma\u00e7anet","description":"Hotel \u00b7 Restaurant","publisher":{"@id":"https:\/\/hotelelscassadors.com\/fr\/#organization"},"potentialAction":[{"@type":"SearchAction","target":{"@type":"EntryPoint","urlTemplate":"https:\/\/hotelelscassadors.com\/fr\/?s={search_term_string}"},"query-input":"required name=search_term_string"}],"inLanguage":"fr-FR"},{"@type":"Organization","@id":"https:\/\/hotelelscassadors.com\/fr\/#organization","name":"Els Ca\u00e7adors de Ma\u00e7anet Hotel Restaurant","url":"https:\/\/hotelelscassadors.com\/fr\/","sameAs":["https:\/\/www.facebook.com\/Restaurant-Hotel-Els-Ca\u00e7adors-de-Ma\u00e7anet-901920089887268\/"],"logo":{"@type":"ImageObject","inLanguage":"fr-FR","@id":"https:\/\/hotelelscassadors.com\/fr\/#\/schema\/logo\/image\/","url":"https:\/\/hotelelscassadors.com\/wp-content\/uploads\/2018\/05\/logoweb.png","contentUrl":"https:\/\/hotelelscassadors.com\/wp-content\/uploads\/2018\/05\/logoweb.png","width":386,"height":160,"caption":"Els Ca\u00e7adors de Ma\u00e7anet Hotel Restaurant"},"image":{"@id":"https:\/\/hotelelscassadors.com\/fr\/#\/schema\/logo\/image\/"}}]}},"_links":{"self":[{"href":"https:\/\/hotelelscassadors.com\/fr\/wp-json\/wp\/v2\/pages\/655"}],"collection":[{"href":"https:\/\/hotelelscassadors.com\/fr\/wp-json\/wp\/v2\/pages"}],"about":[{"href":"https:\/\/hotelelscassadors.com\/fr\/wp-json\/wp\/v2\/types\/page"}],"author":[{"embeddable":true,"href":"https:\/\/hotelelscassadors.com\/fr\/wp-json\/wp\/v2\/users\/3"}],"replies":[{"embeddable":true,"href":"https:\/\/hotelelscassadors.com\/fr\/wp-json\/wp\/v2\/comments?post=655"}],"version-history":[{"count":6,"href":"https:\/\/hotelelscassadors.com\/fr\/wp-json\/wp\/v2\/pages\/655\/revisions"}],"predecessor-version":[{"id":1750,"href":"https:\/\/hotelelscassadors.com\/fr\/wp-json\/wp\/v2\/pages\/655\/revisions\/1750"}],"up":[{"embeddable":true,"href":"https:\/\/hotelelscassadors.com\/fr\/wp-json\/wp\/v2\/pages\/653"}],"wp:attachment":[{"href":"https:\/\/hotelelscassadors.com\/fr\/wp-json\/wp\/v2\/media?parent=655"}],"curies":[{"name":"wp","href":"https:\/\/api.w.org\/{rel}","templated":true}]}}