{"id":654,"date":"2018-05-17T14:04:24","date_gmt":"2018-05-17T12:04:24","guid":{"rendered":"https:\/\/hotelelscassadors.com\/hotel\/espais-comuns\/"},"modified":"2019-10-09T11:57:24","modified_gmt":"2019-10-09T09:57:24","slug":"parties-communes","status":"publish","type":"page","link":"https:\/\/hotelelscassadors.com\/fr\/hotel\/parties-communes\/","title":{"rendered":"Parties communes"},"content":{"rendered":"<p>Notre h\u00f4tel a \u00e9t\u00e9 con\u00e7u pour passer du bon temps. C\u2019est pourquoi nous proposons un vaste salon avec chemin\u00e9e compos\u00e9 de diff\u00e9rents espaces\u00a0: des fauteuils confortables pour lire ou se d\u00e9tendre, un espace t\u00e9l\u00e9vision et des tables pour discuter ou jouer aux cartes ou \u00e0 un jeu de soci\u00e9t\u00e9.<\/p>\n<p>&nbsp;<\/p>\n<p>Le grand jardin surprend par sa v\u00e9g\u00e9tation et propose de nombreux recoins pour se reposer. Vous pouvez aussi profiter de l\u2019\u00e9t\u00e9 dans l\u2019espace restaurant ext\u00e9rieur. L\u2019h\u00f4tel dispose d\u2019une piscine et du Wi-Fi dans l\u2019ensemble de ses locaux, ainsi que d\u2019une salle de r\u00e9union pouvant accueillir 40 personnes pour toute sorte d\u2019\u00e9v\u00e9nements.<\/p>\n","protected":false},"excerpt":{"rendered":"<p>Notre h\u00f4tel a \u00e9t\u00e9 con\u00e7u pour passer du bon temps. C\u2019est pourquoi nous proposons un vaste salon avec chemin\u00e9e compos\u00e9 de diff\u00e9rents espaces\u00a0: des fauteuils confortables pour lire ou se d\u00e9tendre, un espace t\u00e9l\u00e9vision et des tables pour discuter ou jouer aux cartes ou \u00e0 un jeu de soci\u00e9t\u00e9. &nbsp; Le grand jardin surprend par&hellip;<\/p>\n","protected":false},"author":3,"featured_media":0,"parent":653,"menu_order":0,"comment_status":"closed","ping_status":"closed","template":"","meta":[],"yoast_head":"<!-- This site is optimized with the Yoast SEO plugin v19.6 - https:\/\/yoast.com\/wordpress\/plugins\/seo\/ -->\n<title>Parties communes &#8902; Els Ca\u00e7adors de Ma\u00e7anet<\/title>\n<meta name=\"description\" content=\"A l&#039;Hotel comptem amb una \u00e0mplia sala amb llar de foc, distribu\u00efda en diferents ambients. El gran jard\u00ed destaca per la seva vegetaci\u00f3 i est\u00e0 ple de racons on relaxar-se. L\u2019hotel disposa de piscina i wifi a totes les instal\u00b7lacions, aix\u00ed com d&#039;un restaurant i una sala de reunions amb capacitat per a 40 persones.\" \/>\n<meta name=\"robots\" content=\"index, follow, max-snippet:-1, max-image-preview:large, max-video-preview:-1\" \/>\n<link rel=\"canonical\" href=\"https:\/\/hotelelscassadors.com\/fr\/hotel\/parties-communes\/\" \/>\n<meta property=\"og:locale\" content=\"fr_FR\" \/>\n<meta property=\"og:type\" content=\"article\" \/>\n<meta property=\"og:title\" content=\"Parties communes &#8902; Els Ca\u00e7adors de Ma\u00e7anet\" \/>\n<meta property=\"og:description\" content=\"A l&#039;Hotel comptem amb una \u00e0mplia sala amb llar de foc, distribu\u00efda en diferents ambients. El gran jard\u00ed destaca per la seva vegetaci\u00f3 i est\u00e0 ple de racons on relaxar-se. L\u2019hotel disposa de piscina i wifi a totes les instal\u00b7lacions, aix\u00ed com d&#039;un restaurant i una sala de reunions amb capacitat per a 40 persones.\" \/>\n<meta property=\"og:url\" content=\"https:\/\/hotelelscassadors.com\/fr\/hotel\/parties-communes\/\" \/>\n<meta property=\"og:site_name\" content=\"Els Ca\u00e7adors de Ma\u00e7anet\" \/>\n<meta property=\"article:publisher\" content=\"https:\/\/www.facebook.com\/Restaurant-Hotel-Els-Ca%c3%a7adors-de-Ma%c3%a7anet-901920089887268\/\" \/>\n<meta property=\"article:modified_time\" content=\"2019-10-09T09:57:24+00:00\" \/>\n<meta name=\"twitter:card\" content=\"summary_large_image\" \/>\n<meta name=\"twitter:label1\" content=\"Dur\u00e9e de lecture estim\u00e9e\" \/>\n\t<meta name=\"twitter:data1\" content=\"1 minute\" \/>\n<script type=\"application\/ld+json\" class=\"yoast-schema-graph\">{\"@context\":\"https:\/\/schema.org\",\"@graph\":[{\"@type\":\"WebPage\",\"@id\":\"https:\/\/hotelelscassadors.com\/fr\/hotel\/parties-communes\/\",\"url\":\"https:\/\/hotelelscassadors.com\/fr\/hotel\/parties-communes\/\",\"name\":\"Parties communes &#8902; Els Ca\u00e7adors de Ma\u00e7anet\",\"isPartOf\":{\"@id\":\"https:\/\/hotelelscassadors.com\/fr\/#website\"},\"datePublished\":\"2018-05-17T12:04:24+00:00\",\"dateModified\":\"2019-10-09T09:57:24+00:00\",\"description\":\"A l'Hotel comptem amb una \u00e0mplia sala amb llar de foc, distribu\u00efda en diferents ambients. El gran jard\u00ed destaca per la seva vegetaci\u00f3 i est\u00e0 ple de racons on relaxar-se. L\u2019hotel disposa de piscina i wifi a totes les instal\u00b7lacions, aix\u00ed com d'un restaurant i una sala de reunions amb capacitat per a 40 persones.\",\"breadcrumb\":{\"@id\":\"https:\/\/hotelelscassadors.com\/fr\/hotel\/parties-communes\/#breadcrumb\"},\"inLanguage\":\"fr-FR\",\"potentialAction\":[{\"@type\":\"ReadAction\",\"target\":[\"https:\/\/hotelelscassadors.com\/fr\/hotel\/parties-communes\/\"]}]},{\"@type\":\"BreadcrumbList\",\"@id\":\"https:\/\/hotelelscassadors.com\/fr\/hotel\/parties-communes\/#breadcrumb\",\"itemListElement\":[{\"@type\":\"ListItem\",\"position\":1,\"name\":\"Portada\",\"item\":\"https:\/\/hotelelscassadors.com\/fr\/\"},{\"@type\":\"ListItem\",\"position\":2,\"name\":\"Hotel\",\"item\":\"https:\/\/hotelelscassadors.com\/fr\/hotel\/\"},{\"@type\":\"ListItem\",\"position\":3,\"name\":\"Parties communes\"}]},{\"@type\":\"WebSite\",\"@id\":\"https:\/\/hotelelscassadors.com\/fr\/#website\",\"url\":\"https:\/\/hotelelscassadors.com\/fr\/\",\"name\":\"Hotel Els Ca\u00e7adors de Ma\u00e7anet\",\"description\":\"Hotel \u00b7 Restaurant\",\"publisher\":{\"@id\":\"https:\/\/hotelelscassadors.com\/fr\/#organization\"},\"potentialAction\":[{\"@type\":\"SearchAction\",\"target\":{\"@type\":\"EntryPoint\",\"urlTemplate\":\"https:\/\/hotelelscassadors.com\/fr\/?s={search_term_string}\"},\"query-input\":\"required name=search_term_string\"}],\"inLanguage\":\"fr-FR\"},{\"@type\":\"Organization\",\"@id\":\"https:\/\/hotelelscassadors.com\/fr\/#organization\",\"name\":\"Els Ca\u00e7adors de Ma\u00e7anet Hotel Restaurant\",\"url\":\"https:\/\/hotelelscassadors.com\/fr\/\",\"sameAs\":[\"https:\/\/www.facebook.com\/Restaurant-Hotel-Els-Ca\u00e7adors-de-Ma\u00e7anet-901920089887268\/\"],\"logo\":{\"@type\":\"ImageObject\",\"inLanguage\":\"fr-FR\",\"@id\":\"https:\/\/hotelelscassadors.com\/fr\/#\/schema\/logo\/image\/\",\"url\":\"https:\/\/hotelelscassadors.com\/wp-content\/uploads\/2018\/05\/logoweb.png\",\"contentUrl\":\"https:\/\/hotelelscassadors.com\/wp-content\/uploads\/2018\/05\/logoweb.png\",\"width\":386,\"height\":160,\"caption\":\"Els Ca\u00e7adors de Ma\u00e7anet Hotel Restaurant\"},\"image\":{\"@id\":\"https:\/\/hotelelscassadors.com\/fr\/#\/schema\/logo\/image\/\"}}]}<\/script>\n<!-- \/ Yoast SEO plugin. -->","yoast_head_json":{"title":"Parties communes &#8902; Els Ca\u00e7adors de Ma\u00e7anet","description":"A l'Hotel comptem amb una \u00e0mplia sala amb llar de foc, distribu\u00efda en diferents ambients. El gran jard\u00ed destaca per la seva vegetaci\u00f3 i est\u00e0 ple de racons on relaxar-se. L\u2019hotel disposa de piscina i wifi a totes les instal\u00b7lacions, aix\u00ed com d'un restaurant i una sala de reunions amb capacitat per a 40 persones.","robots":{"index":"index","follow":"follow","max-snippet":"max-snippet:-1","max-image-preview":"max-image-preview:large","max-video-preview":"max-video-preview:-1"},"canonical":"https:\/\/hotelelscassadors.com\/fr\/hotel\/parties-communes\/","og_locale":"fr_FR","og_type":"article","og_title":"Parties communes &#8902; Els Ca\u00e7adors de Ma\u00e7anet","og_description":"A l'Hotel comptem amb una \u00e0mplia sala amb llar de foc, distribu\u00efda en diferents ambients. El gran jard\u00ed destaca per la seva vegetaci\u00f3 i est\u00e0 ple de racons on relaxar-se. L\u2019hotel disposa de piscina i wifi a totes les instal\u00b7lacions, aix\u00ed com d'un restaurant i una sala de reunions amb capacitat per a 40 persones.","og_url":"https:\/\/hotelelscassadors.com\/fr\/hotel\/parties-communes\/","og_site_name":"Els Ca\u00e7adors de Ma\u00e7anet","article_publisher":"https:\/\/www.facebook.com\/Restaurant-Hotel-Els-Ca%c3%a7adors-de-Ma%c3%a7anet-901920089887268\/","article_modified_time":"2019-10-09T09:57:24+00:00","twitter_card":"summary_large_image","twitter_misc":{"Dur\u00e9e de lecture estim\u00e9e":"1 minute"},"schema":{"@context":"https:\/\/schema.org","@graph":[{"@type":"WebPage","@id":"https:\/\/hotelelscassadors.com\/fr\/hotel\/parties-communes\/","url":"https:\/\/hotelelscassadors.com\/fr\/hotel\/parties-communes\/","name":"Parties communes &#8902; Els Ca\u00e7adors de Ma\u00e7anet","isPartOf":{"@id":"https:\/\/hotelelscassadors.com\/fr\/#website"},"datePublished":"2018-05-17T12:04:24+00:00","dateModified":"2019-10-09T09:57:24+00:00","description":"A l'Hotel comptem amb una \u00e0mplia sala amb llar de foc, distribu\u00efda en diferents ambients. El gran jard\u00ed destaca per la seva vegetaci\u00f3 i est\u00e0 ple de racons on relaxar-se. L\u2019hotel disposa de piscina i wifi a totes les instal\u00b7lacions, aix\u00ed com d'un restaurant i una sala de reunions amb capacitat per a 40 persones.","breadcrumb":{"@id":"https:\/\/hotelelscassadors.com\/fr\/hotel\/parties-communes\/#breadcrumb"},"inLanguage":"fr-FR","potentialAction":[{"@type":"ReadAction","target":["https:\/\/hotelelscassadors.com\/fr\/hotel\/parties-communes\/"]}]},{"@type":"BreadcrumbList","@id":"https:\/\/hotelelscassadors.com\/fr\/hotel\/parties-communes\/#breadcrumb","itemListElement":[{"@type":"ListItem","position":1,"name":"Portada","item":"https:\/\/hotelelscassadors.com\/fr\/"},{"@type":"ListItem","position":2,"name":"Hotel","item":"https:\/\/hotelelscassadors.com\/fr\/hotel\/"},{"@type":"ListItem","position":3,"name":"Parties communes"}]},{"@type":"WebSite","@id":"https:\/\/hotelelscassadors.com\/fr\/#website","url":"https:\/\/hotelelscassadors.com\/fr\/","name":"Hotel Els Ca\u00e7adors de Ma\u00e7anet","description":"Hotel \u00b7 Restaurant","publisher":{"@id":"https:\/\/hotelelscassadors.com\/fr\/#organization"},"potentialAction":[{"@type":"SearchAction","target":{"@type":"EntryPoint","urlTemplate":"https:\/\/hotelelscassadors.com\/fr\/?s={search_term_string}"},"query-input":"required name=search_term_string"}],"inLanguage":"fr-FR"},{"@type":"Organization","@id":"https:\/\/hotelelscassadors.com\/fr\/#organization","name":"Els Ca\u00e7adors de Ma\u00e7anet Hotel Restaurant","url":"https:\/\/hotelelscassadors.com\/fr\/","sameAs":["https:\/\/www.facebook.com\/Restaurant-Hotel-Els-Ca\u00e7adors-de-Ma\u00e7anet-901920089887268\/"],"logo":{"@type":"ImageObject","inLanguage":"fr-FR","@id":"https:\/\/hotelelscassadors.com\/fr\/#\/schema\/logo\/image\/","url":"https:\/\/hotelelscassadors.com\/wp-content\/uploads\/2018\/05\/logoweb.png","contentUrl":"https:\/\/hotelelscassadors.com\/wp-content\/uploads\/2018\/05\/logoweb.png","width":386,"height":160,"caption":"Els Ca\u00e7adors de Ma\u00e7anet Hotel Restaurant"},"image":{"@id":"https:\/\/hotelelscassadors.com\/fr\/#\/schema\/logo\/image\/"}}]}},"_links":{"self":[{"href":"https:\/\/hotelelscassadors.com\/fr\/wp-json\/wp\/v2\/pages\/654"}],"collection":[{"href":"https:\/\/hotelelscassadors.com\/fr\/wp-json\/wp\/v2\/pages"}],"about":[{"href":"https:\/\/hotelelscassadors.com\/fr\/wp-json\/wp\/v2\/types\/page"}],"author":[{"embeddable":true,"href":"https:\/\/hotelelscassadors.com\/fr\/wp-json\/wp\/v2\/users\/3"}],"replies":[{"embeddable":true,"href":"https:\/\/hotelelscassadors.com\/fr\/wp-json\/wp\/v2\/comments?post=654"}],"version-history":[{"count":4,"href":"https:\/\/hotelelscassadors.com\/fr\/wp-json\/wp\/v2\/pages\/654\/revisions"}],"predecessor-version":[{"id":1389,"href":"https:\/\/hotelelscassadors.com\/fr\/wp-json\/wp\/v2\/pages\/654\/revisions\/1389"}],"up":[{"embeddable":true,"href":"https:\/\/hotelelscassadors.com\/fr\/wp-json\/wp\/v2\/pages\/653"}],"wp:attachment":[{"href":"https:\/\/hotelelscassadors.com\/fr\/wp-json\/wp\/v2\/media?parent=654"}],"curies":[{"name":"wp","href":"https:\/\/api.w.org\/{rel}","templated":true}]}}