{"id":653,"date":"2018-05-09T07:57:49","date_gmt":"2018-05-09T07:57:49","guid":{"rendered":"https:\/\/hotelelscassadors.com\/hotel\/"},"modified":"2020-03-06T11:03:24","modified_gmt":"2020-03-06T10:03:24","slug":"hotel","status":"publish","type":"page","link":"https:\/\/hotelelscassadors.com\/fr\/hotel\/","title":{"rendered":"Hotel"},"content":{"rendered":"\n\t<p><strong>Els Ca\u00e7adors de Ma\u00e7anet<\/strong> est un petit h\u00f4tel familial o\u00f9 vous vous sentirez comme chez vous.<\/p>\n\t\t\t\t<a href=\"https:\/\/hotelelscassadors.com\/fr\/hotel\/chambres\/\" target=\"_self\" itemprop=\"url\" rel=\"noopener noreferrer\">\n\t\t\t\t<img src=\"https:\/\/hotelelscassadors.com\/wp-content\/uploads\/2018\/05\/DSC_8210-1024x671.jpg\" alt=\"R\u00fastica\" itemprop=\"image\" title=\"DSC_8210\" onerror=\"this.style.display='none'\"  \/>\n\t\t\t\t<\/a>\n\t\t\t\t<a href=\"https:\/\/hotelelscassadors.com\/fr\/hotel\/chambres\/\" target=\"_self\" itemprop=\"url\" rel=\"noopener noreferrer\">\n\t\t\t\t<img src=\"https:\/\/hotelelscassadors.com\/wp-content\/uploads\/2018\/06\/DSC_8099-3.jpg\" alt=\"DSC_8099\" itemprop=\"image\" title=\"DSC_8099\" onerror=\"this.style.display='none'\"  \/>\n\t\t\t\t<\/a>\n\t<h3><a href=\"https:\/\/hotelelscassadors.com\/fr\/hotel\/chambres\/\">Chambres<\/a><\/h3>\n<hr \/>\n<p>Tout le confort dans un cadre idyllique. Voil\u00e0 la parfaite description de nos <strong>17 chambres<\/strong> toutes ouvertes sur l\u2019ext\u00e9rieur, confortables et avec terrasse.<\/p>\n\t<h3><a href=\"https:\/\/hotelelscassadors.com\/fr\/hotel\/chambres\/\">Parties communes<\/a><\/h3>\n<hr \/>\n<p>Notre h\u00f4tel a \u00e9t\u00e9 con\u00e7u pour passer du bon temps. C\u2019est pourquoi nous proposons un vaste salon avec chemin\u00e9e compos\u00e9 de diff\u00e9rents espaces\u00a0: des fauteuils confortables pour lire ou se d\u00e9tendre, un espace t\u00e9l\u00e9vision et des tables pour discuter ou jouer aux cartes ou \u00e0 un jeu de soci\u00e9t\u00e9.<\/p>\n\t<p>Le grand jardin surprend par sa v\u00e9g\u00e9tation et propose de nombreux recoins pour se reposer. Vous pouvez aussi profiter de l\u2019\u00e9t\u00e9 dans l\u2019espace restaurant ext\u00e9rieur. L\u2019h\u00f4tel dispose d\u2019une piscine et du Wi-Fi dans l\u2019ensemble de ses locaux, ainsi que d\u2019une salle de r\u00e9union pouvant accueillir 40 personnes pour toute sorte d\u2019\u00e9v\u00e9nements.<\/p>\n","protected":false},"excerpt":{"rendered":"<p>Els Ca\u00e7adors de Ma\u00e7anet est un petit h\u00f4tel familial o\u00f9 vous vous sentirez comme chez vous. Chambres Tout le confort dans un cadre idyllique. Voil\u00e0 la parfaite description de nos 17 chambres toutes ouvertes sur l\u2019ext\u00e9rieur, confortables et avec terrasse. Parties communes Notre h\u00f4tel a \u00e9t\u00e9 con\u00e7u pour passer du bon temps. C\u2019est pourquoi nous&hellip;<\/p>\n","protected":false},"author":3,"featured_media":0,"parent":0,"menu_order":0,"comment_status":"closed","ping_status":"closed","template":"","meta":[],"yoast_head":"<!-- This site is optimized with the Yoast SEO plugin v19.6 - https:\/\/yoast.com\/wordpress\/plugins\/seo\/ -->\n<title>Hotel &#8902; Els Ca\u00e7adors de Ma\u00e7anet<\/title>\n<meta name=\"description\" content=\"Els Ca\u00e7adors de Ma\u00e7anet \u00e9s un petit hotel al Pirineu on podreu gaudir de la vostra estada com si f\u00f3ssiu a casa. Tota la comoditat en un entorn id\u00edl\u00b7lic. Descansi en una de les nostres 17 confortables habitacions totes exteriors i amb terrassa. L&#039;hotel tamb\u00e9 disposa d&#039;una \u00e0mplia sala amb llar de foc.\" \/>\n<meta name=\"robots\" content=\"index, follow, max-snippet:-1, max-image-preview:large, max-video-preview:-1\" \/>\n<link rel=\"canonical\" href=\"https:\/\/hotelelscassadors.com\/fr\/hotel\/\" \/>\n<meta property=\"og:locale\" content=\"fr_FR\" \/>\n<meta property=\"og:type\" content=\"article\" \/>\n<meta property=\"og:title\" content=\"Hotel &#8902; Els Ca\u00e7adors de Ma\u00e7anet\" \/>\n<meta property=\"og:description\" content=\"Els Ca\u00e7adors de Ma\u00e7anet \u00e9s un petit hotel al Pirineu on podreu gaudir de la vostra estada com si f\u00f3ssiu a casa. Tota la comoditat en un entorn id\u00edl\u00b7lic. Descansi en una de les nostres 17 confortables habitacions totes exteriors i amb terrassa. L&#039;hotel tamb\u00e9 disposa d&#039;una \u00e0mplia sala amb llar de foc.\" \/>\n<meta property=\"og:url\" content=\"https:\/\/hotelelscassadors.com\/fr\/hotel\/\" \/>\n<meta property=\"og:site_name\" content=\"Els Ca\u00e7adors de Ma\u00e7anet\" \/>\n<meta property=\"article:publisher\" content=\"https:\/\/www.facebook.com\/Restaurant-Hotel-Els-Ca%c3%a7adors-de-Ma%c3%a7anet-901920089887268\/\" \/>\n<meta property=\"article:modified_time\" content=\"2020-03-06T10:03:24+00:00\" \/>\n<meta property=\"og:image\" content=\"https:\/\/hotelelscassadors.com\/wp-content\/uploads\/2018\/05\/DSC_8210-1024x671.jpg\" \/>\n<meta name=\"twitter:card\" content=\"summary_large_image\" \/>\n<meta name=\"twitter:label1\" content=\"Dur\u00e9e de lecture estim\u00e9e\" \/>\n\t<meta name=\"twitter:data1\" content=\"1 minute\" \/>\n<script type=\"application\/ld+json\" class=\"yoast-schema-graph\">{\"@context\":\"https:\/\/schema.org\",\"@graph\":[{\"@type\":\"WebPage\",\"@id\":\"https:\/\/hotelelscassadors.com\/fr\/hotel\/\",\"url\":\"https:\/\/hotelelscassadors.com\/fr\/hotel\/\",\"name\":\"Hotel &#8902; Els Ca\u00e7adors de Ma\u00e7anet\",\"isPartOf\":{\"@id\":\"https:\/\/hotelelscassadors.com\/fr\/#website\"},\"datePublished\":\"2018-05-09T07:57:49+00:00\",\"dateModified\":\"2020-03-06T10:03:24+00:00\",\"description\":\"Els Ca\u00e7adors de Ma\u00e7anet \u00e9s un petit hotel al Pirineu on podreu gaudir de la vostra estada com si f\u00f3ssiu a casa. Tota la comoditat en un entorn id\u00edl\u00b7lic. Descansi en una de les nostres 17 confortables habitacions totes exteriors i amb terrassa. L'hotel tamb\u00e9 disposa d'una \u00e0mplia sala amb llar de foc.\",\"breadcrumb\":{\"@id\":\"https:\/\/hotelelscassadors.com\/fr\/hotel\/#breadcrumb\"},\"inLanguage\":\"fr-FR\",\"potentialAction\":[{\"@type\":\"ReadAction\",\"target\":[\"https:\/\/hotelelscassadors.com\/fr\/hotel\/\"]}]},{\"@type\":\"BreadcrumbList\",\"@id\":\"https:\/\/hotelelscassadors.com\/fr\/hotel\/#breadcrumb\",\"itemListElement\":[{\"@type\":\"ListItem\",\"position\":1,\"name\":\"Portada\",\"item\":\"https:\/\/hotelelscassadors.com\/fr\/\"},{\"@type\":\"ListItem\",\"position\":2,\"name\":\"Hotel\"}]},{\"@type\":\"WebSite\",\"@id\":\"https:\/\/hotelelscassadors.com\/fr\/#website\",\"url\":\"https:\/\/hotelelscassadors.com\/fr\/\",\"name\":\"Hotel Els Ca\u00e7adors de Ma\u00e7anet\",\"description\":\"Hotel \u00b7 Restaurant\",\"publisher\":{\"@id\":\"https:\/\/hotelelscassadors.com\/fr\/#organization\"},\"potentialAction\":[{\"@type\":\"SearchAction\",\"target\":{\"@type\":\"EntryPoint\",\"urlTemplate\":\"https:\/\/hotelelscassadors.com\/fr\/?s={search_term_string}\"},\"query-input\":\"required name=search_term_string\"}],\"inLanguage\":\"fr-FR\"},{\"@type\":\"Organization\",\"@id\":\"https:\/\/hotelelscassadors.com\/fr\/#organization\",\"name\":\"Els Ca\u00e7adors de Ma\u00e7anet Hotel Restaurant\",\"url\":\"https:\/\/hotelelscassadors.com\/fr\/\",\"sameAs\":[\"https:\/\/www.facebook.com\/Restaurant-Hotel-Els-Ca\u00e7adors-de-Ma\u00e7anet-901920089887268\/\"],\"logo\":{\"@type\":\"ImageObject\",\"inLanguage\":\"fr-FR\",\"@id\":\"https:\/\/hotelelscassadors.com\/fr\/#\/schema\/logo\/image\/\",\"url\":\"https:\/\/hotelelscassadors.com\/wp-content\/uploads\/2018\/05\/logoweb.png\",\"contentUrl\":\"https:\/\/hotelelscassadors.com\/wp-content\/uploads\/2018\/05\/logoweb.png\",\"width\":386,\"height\":160,\"caption\":\"Els Ca\u00e7adors de Ma\u00e7anet Hotel Restaurant\"},\"image\":{\"@id\":\"https:\/\/hotelelscassadors.com\/fr\/#\/schema\/logo\/image\/\"}}]}<\/script>\n<!-- \/ Yoast SEO plugin. -->","yoast_head_json":{"title":"Hotel &#8902; Els Ca\u00e7adors de Ma\u00e7anet","description":"Els Ca\u00e7adors de Ma\u00e7anet \u00e9s un petit hotel al Pirineu on podreu gaudir de la vostra estada com si f\u00f3ssiu a casa. Tota la comoditat en un entorn id\u00edl\u00b7lic. Descansi en una de les nostres 17 confortables habitacions totes exteriors i amb terrassa. L'hotel tamb\u00e9 disposa d'una \u00e0mplia sala amb llar de foc.","robots":{"index":"index","follow":"follow","max-snippet":"max-snippet:-1","max-image-preview":"max-image-preview:large","max-video-preview":"max-video-preview:-1"},"canonical":"https:\/\/hotelelscassadors.com\/fr\/hotel\/","og_locale":"fr_FR","og_type":"article","og_title":"Hotel &#8902; Els Ca\u00e7adors de Ma\u00e7anet","og_description":"Els Ca\u00e7adors de Ma\u00e7anet \u00e9s un petit hotel al Pirineu on podreu gaudir de la vostra estada com si f\u00f3ssiu a casa. Tota la comoditat en un entorn id\u00edl\u00b7lic. Descansi en una de les nostres 17 confortables habitacions totes exteriors i amb terrassa. L'hotel tamb\u00e9 disposa d'una \u00e0mplia sala amb llar de foc.","og_url":"https:\/\/hotelelscassadors.com\/fr\/hotel\/","og_site_name":"Els Ca\u00e7adors de Ma\u00e7anet","article_publisher":"https:\/\/www.facebook.com\/Restaurant-Hotel-Els-Ca%c3%a7adors-de-Ma%c3%a7anet-901920089887268\/","article_modified_time":"2020-03-06T10:03:24+00:00","og_image":[{"url":"https:\/\/hotelelscassadors.com\/wp-content\/uploads\/2018\/05\/DSC_8210-1024x671.jpg"}],"twitter_card":"summary_large_image","twitter_misc":{"Dur\u00e9e de lecture estim\u00e9e":"1 minute"},"schema":{"@context":"https:\/\/schema.org","@graph":[{"@type":"WebPage","@id":"https:\/\/hotelelscassadors.com\/fr\/hotel\/","url":"https:\/\/hotelelscassadors.com\/fr\/hotel\/","name":"Hotel &#8902; Els Ca\u00e7adors de Ma\u00e7anet","isPartOf":{"@id":"https:\/\/hotelelscassadors.com\/fr\/#website"},"datePublished":"2018-05-09T07:57:49+00:00","dateModified":"2020-03-06T10:03:24+00:00","description":"Els Ca\u00e7adors de Ma\u00e7anet \u00e9s un petit hotel al Pirineu on podreu gaudir de la vostra estada com si f\u00f3ssiu a casa. Tota la comoditat en un entorn id\u00edl\u00b7lic. Descansi en una de les nostres 17 confortables habitacions totes exteriors i amb terrassa. L'hotel tamb\u00e9 disposa d'una \u00e0mplia sala amb llar de foc.","breadcrumb":{"@id":"https:\/\/hotelelscassadors.com\/fr\/hotel\/#breadcrumb"},"inLanguage":"fr-FR","potentialAction":[{"@type":"ReadAction","target":["https:\/\/hotelelscassadors.com\/fr\/hotel\/"]}]},{"@type":"BreadcrumbList","@id":"https:\/\/hotelelscassadors.com\/fr\/hotel\/#breadcrumb","itemListElement":[{"@type":"ListItem","position":1,"name":"Portada","item":"https:\/\/hotelelscassadors.com\/fr\/"},{"@type":"ListItem","position":2,"name":"Hotel"}]},{"@type":"WebSite","@id":"https:\/\/hotelelscassadors.com\/fr\/#website","url":"https:\/\/hotelelscassadors.com\/fr\/","name":"Hotel Els Ca\u00e7adors de Ma\u00e7anet","description":"Hotel \u00b7 Restaurant","publisher":{"@id":"https:\/\/hotelelscassadors.com\/fr\/#organization"},"potentialAction":[{"@type":"SearchAction","target":{"@type":"EntryPoint","urlTemplate":"https:\/\/hotelelscassadors.com\/fr\/?s={search_term_string}"},"query-input":"required name=search_term_string"}],"inLanguage":"fr-FR"},{"@type":"Organization","@id":"https:\/\/hotelelscassadors.com\/fr\/#organization","name":"Els Ca\u00e7adors de Ma\u00e7anet Hotel Restaurant","url":"https:\/\/hotelelscassadors.com\/fr\/","sameAs":["https:\/\/www.facebook.com\/Restaurant-Hotel-Els-Ca\u00e7adors-de-Ma\u00e7anet-901920089887268\/"],"logo":{"@type":"ImageObject","inLanguage":"fr-FR","@id":"https:\/\/hotelelscassadors.com\/fr\/#\/schema\/logo\/image\/","url":"https:\/\/hotelelscassadors.com\/wp-content\/uploads\/2018\/05\/logoweb.png","contentUrl":"https:\/\/hotelelscassadors.com\/wp-content\/uploads\/2018\/05\/logoweb.png","width":386,"height":160,"caption":"Els Ca\u00e7adors de Ma\u00e7anet Hotel Restaurant"},"image":{"@id":"https:\/\/hotelelscassadors.com\/fr\/#\/schema\/logo\/image\/"}}]}},"_links":{"self":[{"href":"https:\/\/hotelelscassadors.com\/fr\/wp-json\/wp\/v2\/pages\/653"}],"collection":[{"href":"https:\/\/hotelelscassadors.com\/fr\/wp-json\/wp\/v2\/pages"}],"about":[{"href":"https:\/\/hotelelscassadors.com\/fr\/wp-json\/wp\/v2\/types\/page"}],"author":[{"embeddable":true,"href":"https:\/\/hotelelscassadors.com\/fr\/wp-json\/wp\/v2\/users\/3"}],"replies":[{"embeddable":true,"href":"https:\/\/hotelelscassadors.com\/fr\/wp-json\/wp\/v2\/comments?post=653"}],"version-history":[{"count":6,"href":"https:\/\/hotelelscassadors.com\/fr\/wp-json\/wp\/v2\/pages\/653\/revisions"}],"predecessor-version":[{"id":1837,"href":"https:\/\/hotelelscassadors.com\/fr\/wp-json\/wp\/v2\/pages\/653\/revisions\/1837"}],"wp:attachment":[{"href":"https:\/\/hotelelscassadors.com\/fr\/wp-json\/wp\/v2\/media?parent=653"}],"curies":[{"name":"wp","href":"https:\/\/api.w.org\/{rel}","templated":true}]}}