{"id":649,"date":"2018-05-09T12:27:14","date_gmt":"2018-05-09T12:27:14","guid":{"rendered":"https:\/\/hotelelscassadors.com\/entorno-y-actividades\/"},"modified":"2019-11-27T08:14:25","modified_gmt":"2019-11-27T07:14:25","slug":"environnement-et-activites","status":"publish","type":"page","link":"https:\/\/hotelelscassadors.com\/fr\/environnement-et-activites\/","title":{"rendered":"Environnement et activit\u00e9s"},"content":{"rendered":"L\u2019<strong>h\u00f4tel Els Ca\u00e7adors <\/strong>est situ\u00e9 dans les environs de <strong>Ma\u00e7anet de Cabrenys<\/strong>, au c\u0153ur d\u2019une v\u00e9g\u00e9tation dense travers\u00e9e par un ruisseau.\r\n\r\nSi vous cherchez la tranquillit\u00e9, le repos et la fra\u00eecheur, c\u2019est le lieu id\u00e9al pour passer quelques jours de vacances en pleine nature tout en ayant \u00e0 port\u00e9e de main, si vous le souhaitez, l\u2019offre culturelle et le patrimoine de l\u2019Empord\u00e0.\r\n\r\n<img loading=\"lazy\" title=\"BTT\" src=\"https:\/\/hotelelscassadors.com\/wp-content\/uploads\/2018\/05\/btt.jpg\" alt=\"BTT\" width=\"1024\" height=\"768\" \/>\r\n<h3>Randonn\u00e9e et VTT<\/h3>\r\n<strong>Ma\u00e7anet de Cabrenys<\/strong> est situ\u00e9 dans le pays de Salines-Bassegoda, \u00e0 cheval entre l\u2019Alt Empord\u00e0 et l\u2019Alta Garrotxa. Cette r\u00e9gion \u00e0 la v\u00e9g\u00e9tation dense est le point de rencontre entre les Pyr\u00e9n\u00e9es int\u00e9rieures et la M\u00e9diterran\u00e9e. Son offre de sentiers balis\u00e9s est la plus importante de Catalogne aussi bien pour les randonneurs que pour les VTTistes. Ma\u00e7anet dispose d\u2019ailleurs d\u2019un centre VTT avec un point d\u2019accueil.\u00a0Le GR11 est un incontournable. Ce sentier de grande randonn\u00e9e traverse les Pyr\u00e9n\u00e9es de la M\u00e9diterran\u00e9e \u00e0 l\u2019Atlantique et passe par Ma\u00e7anet pour sa 42<sup>e<\/sup> \u00e9tape. Cet itin\u00e9raire est parfait pour tous les randonneurs, qu\u2019ils fassent une seule \u00e9tape ou qu\u2019ils partent pour plusieurs jours.\r\n<h3>\u00c0 proximit\u00e9 de l\u2019h\u00f4tel<\/h3>\r\n<strong>Ma\u00e7anet de Cabrenys<\/strong> vous invite \u00e0 d\u00e9couvrir son patrimoine naturel et ses paysages de grande valeur, parfaits pour toute la famille.\r\n\r\n\u00c0 la crois\u00e9e de circuits balis\u00e9s, nous pouvons organiser des excursions pour tous les niveaux, \u00e0 pied ou \u00e0 v\u00e9lo, dont l\u2019h\u00f4tel est le point de d\u00e9part et d\u2019arriv\u00e9e.\r\n\r\nNe manquez pas les nombreuses sources, les fosses des rivi\u00e8res et les arbres monumentaux.\r\n\r\n<img loading=\"lazy\" title=\"Ma\u00e7anet de Cabrenys\" src=\"https:\/\/hotelelscassadors.com\/wp-content\/uploads\/2018\/05\/Ma\u00e7anet_de_Cabrenys_2011_43.jpg\" alt=\"Ma\u00e7anet de Cabrenys\" width=\"700\" height=\"526\" \/>\r\n<img loading=\"lazy\" title=\"Museu Dal\u00ed\" src=\"https:\/\/hotelelscassadors.com\/wp-content\/uploads\/2018\/05\/dali-museum-898317_640.jpg\" alt=\"Museu Dal\u00ed\" width=\"640\" height=\"438\" \/>\r\n<h3>Figueres, le Th\u00e9\u00e2tre-Mus\u00e9e Dal\u00ed<\/h3>\r\nLa visite du <strong>Th\u00e9\u00e2tre-mus\u00e9e Dal\u00ed<\/strong> de Figueres, \u00e0 un peu plus de 20\u00a0km de l\u2019h\u00f4tel, est incontournable. Ce mus\u00e9e accueille l\u2019\u0153\u0153uvre du c\u00e9l\u00e8bre peintre surr\u00e9aliste de l\u2019Empord\u00e0, Salvador Dal\u00ed.\r\n\r\nMais Figueres, c\u2019est aussi une ville avec un centre dynamique et anim\u00e9 et une vie culturelle intense. Des salons et des \u00e9v\u00e9nements sont organis\u00e9s tout au long de l\u2019ann\u00e9e. D\u2019autres mus\u00e9es, tels que le Mus\u00e9e du Jouet, vous permettront d\u2019y passer la journ\u00e9e enti\u00e8re.\r\n<h3>Le mus\u00e9e et la Route de l\u2019exil<\/h3>\r\nLa r\u00e9gion o\u00f9 vous vous trouvez, \u00e0 c\u00f4t\u00e9 de la fronti\u00e8re fran\u00e7aise, fut l\u2019un des th\u00e9\u00e2tres de l\u2019exil r\u00e9publicain, dont on trouve de nombreux t\u00e9moignages\u00a0: routes, mus\u00e9es et monuments.\r\n\r\n<img loading=\"lazy\" title=\"Museu de l'exili\" src=\"https:\/\/hotelelscassadors.com\/wp-content\/uploads\/2018\/05\/mume-museu-exili-1024x682.jpg\" alt=\"Museu de l'exili\" width=\"1024\" height=\"682\" \/>\r\n<img loading=\"lazy\" title=\"Enoturisme\" src=\"https:\/\/hotelelscassadors.com\/wp-content\/uploads\/2018\/05\/enoturisme-emporda.jpg\" alt=\"Enoturisme\" width=\"848\" height=\"565\" \/>\r\n<h3>Enoturisme<\/h3>\r\nL\u2019appellation Empord\u00e0 regroupe une grande partie de ses chais et de ses vignes dans la r\u00e9gion des Alb\u00e8res, \u00e0 proximit\u00e9 de l\u2019h\u00f4tel.\r\n\r\nVous pouvez visiter les chais les plus embl\u00e9matiques, vous promener dans les vignes, voir les caves et d\u00e9guster les vins qui, ces derni\u00e8res ann\u00e9es, se sont situ\u00e9s parmi les plus appr\u00e9ci\u00e9s du march\u00e9.","protected":false},"excerpt":{"rendered":"<p>L\u2019h\u00f4tel Els Ca\u00e7adors est situ\u00e9 dans les environs de Ma\u00e7anet de Cabrenys, au c\u0153ur d\u2019une v\u00e9g\u00e9tation dense travers\u00e9e par un ruisseau. Si vous cherchez la tranquillit\u00e9, le repos et la fra\u00eecheur, c\u2019est le lieu id\u00e9al pour passer quelques jours de vacances en pleine nature tout en ayant \u00e0 port\u00e9e de main, si vous le souhaitez,&hellip;<\/p>\n","protected":false},"author":3,"featured_media":0,"parent":0,"menu_order":0,"comment_status":"closed","ping_status":"closed","template":"","meta":[],"yoast_head":"<!-- This site is optimized with the Yoast SEO plugin v19.6 - https:\/\/yoast.com\/wordpress\/plugins\/seo\/ -->\n<title>Environnement et activit\u00e9s &#8902; Els Ca\u00e7adors de Ma\u00e7anet<\/title>\n<meta name=\"robots\" content=\"index, follow, max-snippet:-1, max-image-preview:large, max-video-preview:-1\" \/>\n<link rel=\"canonical\" href=\"https:\/\/hotelelscassadors.com\/fr\/environnement-et-activites\/\" \/>\n<meta property=\"og:locale\" content=\"fr_FR\" \/>\n<meta property=\"og:type\" content=\"article\" \/>\n<meta property=\"og:title\" content=\"Environnement et activit\u00e9s &#8902; Els Ca\u00e7adors de Ma\u00e7anet\" \/>\n<meta property=\"og:description\" content=\"L\u2019h\u00f4tel Els Ca\u00e7adors est situ\u00e9 dans les environs de Ma\u00e7anet de Cabrenys, au c\u0153ur d\u2019une v\u00e9g\u00e9tation dense travers\u00e9e par un ruisseau. Si vous cherchez la tranquillit\u00e9, le repos et la fra\u00eecheur, c\u2019est le lieu id\u00e9al pour passer quelques jours de vacances en pleine nature tout en ayant \u00e0 port\u00e9e de main, si vous le souhaitez,&hellip;\" \/>\n<meta property=\"og:url\" content=\"https:\/\/hotelelscassadors.com\/fr\/environnement-et-activites\/\" \/>\n<meta property=\"og:site_name\" content=\"Els Ca\u00e7adors de Ma\u00e7anet\" \/>\n<meta property=\"article:publisher\" content=\"https:\/\/www.facebook.com\/Restaurant-Hotel-Els-Ca%c3%a7adors-de-Ma%c3%a7anet-901920089887268\/\" \/>\n<meta property=\"article:modified_time\" content=\"2019-11-27T07:14:25+00:00\" \/>\n<meta property=\"og:image\" content=\"https:\/\/hotelelscassadors.com\/wp-content\/uploads\/2018\/05\/btt.jpg\" \/>\n<meta name=\"twitter:card\" content=\"summary_large_image\" \/>\n<meta name=\"twitter:label1\" content=\"Dur\u00e9e de lecture estim\u00e9e\" \/>\n\t<meta name=\"twitter:data1\" content=\"3 minutes\" \/>\n<script type=\"application\/ld+json\" class=\"yoast-schema-graph\">{\"@context\":\"https:\/\/schema.org\",\"@graph\":[{\"@type\":\"WebPage\",\"@id\":\"https:\/\/hotelelscassadors.com\/fr\/environnement-et-activites\/\",\"url\":\"https:\/\/hotelelscassadors.com\/fr\/environnement-et-activites\/\",\"name\":\"Environnement et activit\u00e9s &#8902; Els Ca\u00e7adors de Ma\u00e7anet\",\"isPartOf\":{\"@id\":\"https:\/\/hotelelscassadors.com\/fr\/#website\"},\"datePublished\":\"2018-05-09T12:27:14+00:00\",\"dateModified\":\"2019-11-27T07:14:25+00:00\",\"breadcrumb\":{\"@id\":\"https:\/\/hotelelscassadors.com\/fr\/environnement-et-activites\/#breadcrumb\"},\"inLanguage\":\"fr-FR\",\"potentialAction\":[{\"@type\":\"ReadAction\",\"target\":[\"https:\/\/hotelelscassadors.com\/fr\/environnement-et-activites\/\"]}]},{\"@type\":\"BreadcrumbList\",\"@id\":\"https:\/\/hotelelscassadors.com\/fr\/environnement-et-activites\/#breadcrumb\",\"itemListElement\":[{\"@type\":\"ListItem\",\"position\":1,\"name\":\"Portada\",\"item\":\"https:\/\/hotelelscassadors.com\/fr\/\"},{\"@type\":\"ListItem\",\"position\":2,\"name\":\"Environnement et activit\u00e9s\"}]},{\"@type\":\"WebSite\",\"@id\":\"https:\/\/hotelelscassadors.com\/fr\/#website\",\"url\":\"https:\/\/hotelelscassadors.com\/fr\/\",\"name\":\"Hotel Els Ca\u00e7adors de Ma\u00e7anet\",\"description\":\"Hotel \u00b7 Restaurant\",\"publisher\":{\"@id\":\"https:\/\/hotelelscassadors.com\/fr\/#organization\"},\"potentialAction\":[{\"@type\":\"SearchAction\",\"target\":{\"@type\":\"EntryPoint\",\"urlTemplate\":\"https:\/\/hotelelscassadors.com\/fr\/?s={search_term_string}\"},\"query-input\":\"required name=search_term_string\"}],\"inLanguage\":\"fr-FR\"},{\"@type\":\"Organization\",\"@id\":\"https:\/\/hotelelscassadors.com\/fr\/#organization\",\"name\":\"Els Ca\u00e7adors de Ma\u00e7anet Hotel Restaurant\",\"url\":\"https:\/\/hotelelscassadors.com\/fr\/\",\"sameAs\":[\"https:\/\/www.facebook.com\/Restaurant-Hotel-Els-Ca\u00e7adors-de-Ma\u00e7anet-901920089887268\/\"],\"logo\":{\"@type\":\"ImageObject\",\"inLanguage\":\"fr-FR\",\"@id\":\"https:\/\/hotelelscassadors.com\/fr\/#\/schema\/logo\/image\/\",\"url\":\"https:\/\/hotelelscassadors.com\/wp-content\/uploads\/2018\/05\/logoweb.png\",\"contentUrl\":\"https:\/\/hotelelscassadors.com\/wp-content\/uploads\/2018\/05\/logoweb.png\",\"width\":386,\"height\":160,\"caption\":\"Els Ca\u00e7adors de Ma\u00e7anet Hotel Restaurant\"},\"image\":{\"@id\":\"https:\/\/hotelelscassadors.com\/fr\/#\/schema\/logo\/image\/\"}}]}<\/script>\n<!-- \/ Yoast SEO plugin. -->","yoast_head_json":{"title":"Environnement et activit\u00e9s &#8902; Els Ca\u00e7adors de Ma\u00e7anet","robots":{"index":"index","follow":"follow","max-snippet":"max-snippet:-1","max-image-preview":"max-image-preview:large","max-video-preview":"max-video-preview:-1"},"canonical":"https:\/\/hotelelscassadors.com\/fr\/environnement-et-activites\/","og_locale":"fr_FR","og_type":"article","og_title":"Environnement et activit\u00e9s &#8902; Els Ca\u00e7adors de Ma\u00e7anet","og_description":"L\u2019h\u00f4tel Els Ca\u00e7adors est situ\u00e9 dans les environs de Ma\u00e7anet de Cabrenys, au c\u0153ur d\u2019une v\u00e9g\u00e9tation dense travers\u00e9e par un ruisseau. Si vous cherchez la tranquillit\u00e9, le repos et la fra\u00eecheur, c\u2019est le lieu id\u00e9al pour passer quelques jours de vacances en pleine nature tout en ayant \u00e0 port\u00e9e de main, si vous le souhaitez,&hellip;","og_url":"https:\/\/hotelelscassadors.com\/fr\/environnement-et-activites\/","og_site_name":"Els Ca\u00e7adors de Ma\u00e7anet","article_publisher":"https:\/\/www.facebook.com\/Restaurant-Hotel-Els-Ca%c3%a7adors-de-Ma%c3%a7anet-901920089887268\/","article_modified_time":"2019-11-27T07:14:25+00:00","og_image":[{"url":"https:\/\/hotelelscassadors.com\/wp-content\/uploads\/2018\/05\/btt.jpg"}],"twitter_card":"summary_large_image","twitter_misc":{"Dur\u00e9e de lecture estim\u00e9e":"3 minutes"},"schema":{"@context":"https:\/\/schema.org","@graph":[{"@type":"WebPage","@id":"https:\/\/hotelelscassadors.com\/fr\/environnement-et-activites\/","url":"https:\/\/hotelelscassadors.com\/fr\/environnement-et-activites\/","name":"Environnement et activit\u00e9s &#8902; Els Ca\u00e7adors de Ma\u00e7anet","isPartOf":{"@id":"https:\/\/hotelelscassadors.com\/fr\/#website"},"datePublished":"2018-05-09T12:27:14+00:00","dateModified":"2019-11-27T07:14:25+00:00","breadcrumb":{"@id":"https:\/\/hotelelscassadors.com\/fr\/environnement-et-activites\/#breadcrumb"},"inLanguage":"fr-FR","potentialAction":[{"@type":"ReadAction","target":["https:\/\/hotelelscassadors.com\/fr\/environnement-et-activites\/"]}]},{"@type":"BreadcrumbList","@id":"https:\/\/hotelelscassadors.com\/fr\/environnement-et-activites\/#breadcrumb","itemListElement":[{"@type":"ListItem","position":1,"name":"Portada","item":"https:\/\/hotelelscassadors.com\/fr\/"},{"@type":"ListItem","position":2,"name":"Environnement et activit\u00e9s"}]},{"@type":"WebSite","@id":"https:\/\/hotelelscassadors.com\/fr\/#website","url":"https:\/\/hotelelscassadors.com\/fr\/","name":"Hotel Els Ca\u00e7adors de Ma\u00e7anet","description":"Hotel \u00b7 Restaurant","publisher":{"@id":"https:\/\/hotelelscassadors.com\/fr\/#organization"},"potentialAction":[{"@type":"SearchAction","target":{"@type":"EntryPoint","urlTemplate":"https:\/\/hotelelscassadors.com\/fr\/?s={search_term_string}"},"query-input":"required name=search_term_string"}],"inLanguage":"fr-FR"},{"@type":"Organization","@id":"https:\/\/hotelelscassadors.com\/fr\/#organization","name":"Els Ca\u00e7adors de Ma\u00e7anet Hotel Restaurant","url":"https:\/\/hotelelscassadors.com\/fr\/","sameAs":["https:\/\/www.facebook.com\/Restaurant-Hotel-Els-Ca\u00e7adors-de-Ma\u00e7anet-901920089887268\/"],"logo":{"@type":"ImageObject","inLanguage":"fr-FR","@id":"https:\/\/hotelelscassadors.com\/fr\/#\/schema\/logo\/image\/","url":"https:\/\/hotelelscassadors.com\/wp-content\/uploads\/2018\/05\/logoweb.png","contentUrl":"https:\/\/hotelelscassadors.com\/wp-content\/uploads\/2018\/05\/logoweb.png","width":386,"height":160,"caption":"Els Ca\u00e7adors de Ma\u00e7anet Hotel Restaurant"},"image":{"@id":"https:\/\/hotelelscassadors.com\/fr\/#\/schema\/logo\/image\/"}}]}},"_links":{"self":[{"href":"https:\/\/hotelelscassadors.com\/fr\/wp-json\/wp\/v2\/pages\/649"}],"collection":[{"href":"https:\/\/hotelelscassadors.com\/fr\/wp-json\/wp\/v2\/pages"}],"about":[{"href":"https:\/\/hotelelscassadors.com\/fr\/wp-json\/wp\/v2\/types\/page"}],"author":[{"embeddable":true,"href":"https:\/\/hotelelscassadors.com\/fr\/wp-json\/wp\/v2\/users\/3"}],"replies":[{"embeddable":true,"href":"https:\/\/hotelelscassadors.com\/fr\/wp-json\/wp\/v2\/comments?post=649"}],"version-history":[{"count":4,"href":"https:\/\/hotelelscassadors.com\/fr\/wp-json\/wp\/v2\/pages\/649\/revisions"}],"predecessor-version":[{"id":1550,"href":"https:\/\/hotelelscassadors.com\/fr\/wp-json\/wp\/v2\/pages\/649\/revisions\/1550"}],"wp:attachment":[{"href":"https:\/\/hotelelscassadors.com\/fr\/wp-json\/wp\/v2\/media?parent=649"}],"curies":[{"name":"wp","href":"https:\/\/api.w.org\/{rel}","templated":true}]}}