{"id":625,"date":"2018-04-27T09:46:04","date_gmt":"2018-04-27T09:46:04","guid":{"rendered":"https:\/\/hotelelscassadors.com\/home\/"},"modified":"2026-04-07T16:22:17","modified_gmt":"2026-04-07T14:22:17","slug":"home","status":"publish","type":"page","link":"https:\/\/hotelelscassadors.com\/fr\/","title":{"rendered":"Accueil"},"content":{"rendered":"\n\t<p>(+34) 972 544 136<\/p>\n\t<p>(+34) 972 544 136<\/p>\n\t\t\t\t<a href=\".\/\" target=\"_self\" itemprop=\"url\" rel=\"noopener\">\n\t\t\t\t<img loading=\"lazy\" src=\"https:\/\/hotelelscassadors.com\/wp-content\/uploads\/2018\/05\/logowebpetit.png\" alt=\"Els Ca\u00e7adors de Ma\u00e7anet\" itemprop=\"image\" height=\"120\" width=\"290\" title=\"Els Ca\u00e7adors de Ma\u00e7anet\" onerror=\"this.style.display='none'\"  \/>\n\t\t\t\t<\/a>\n\t\t   \t        <ul id=\"menu-barra-superior-fr\"><li id=\"menu-item-wpml-ls-20-ca\"><a title=\"Passer \u00e0 CA\" href=\"https:\/\/hotelelscassadors.com\/\"><img\n            src=\"https:\/\/hotelelscassadors.com\/wp-content\/plugins\/sitepress-multilingual-cms\/res\/flags\/ca.png\"\n            alt=\"\"\n    \/>CA<\/a><\/li>\n<li id=\"menu-item-wpml-ls-20-es\"><a title=\"Passer \u00e0 ES\" href=\"https:\/\/hotelelscassadors.com\/es\/\"><img\n            src=\"https:\/\/hotelelscassadors.com\/wp-content\/plugins\/sitepress-multilingual-cms\/res\/flags\/es.png\"\n            alt=\"\"\n    \/>ES<\/a><\/li>\n<li id=\"menu-item-wpml-ls-20-fr\"><a href=\"https:\/\/hotelelscassadors.com\/fr\/\"><img\n            src=\"https:\/\/hotelelscassadors.com\/wp-content\/plugins\/sitepress-multilingual-cms\/res\/flags\/fr.png\"\n            alt=\"\"\n    \/>FR<\/a><\/li>\n<li id=\"menu-item-wpml-ls-20-en\"><a title=\"Passer \u00e0 EN\" href=\"https:\/\/hotelelscassadors.com\/en\/\"><img\n            src=\"https:\/\/hotelelscassadors.com\/wp-content\/plugins\/sitepress-multilingual-cms\/res\/flags\/en.png\"\n            alt=\"\"\n    \/>EN<\/a><\/li>\n<\/ul>\t\n\t\t   \t        <ul id=\"menu-barra-superior-fr-1\"><li id=\"menu-item-wpml-ls-20-ca\"><a title=\"Passer \u00e0 CA\" href=\"https:\/\/hotelelscassadors.com\/\"><img\n            src=\"https:\/\/hotelelscassadors.com\/wp-content\/plugins\/sitepress-multilingual-cms\/res\/flags\/ca.png\"\n            alt=\"\"\n    \/>CA<\/a><\/li>\n<li id=\"menu-item-wpml-ls-20-es\"><a title=\"Passer \u00e0 ES\" href=\"https:\/\/hotelelscassadors.com\/es\/\"><img\n            src=\"https:\/\/hotelelscassadors.com\/wp-content\/plugins\/sitepress-multilingual-cms\/res\/flags\/es.png\"\n            alt=\"\"\n    \/>ES<\/a><\/li>\n<li id=\"menu-item-wpml-ls-20-fr\"><a href=\"https:\/\/hotelelscassadors.com\/fr\/\"><img\n            src=\"https:\/\/hotelelscassadors.com\/wp-content\/plugins\/sitepress-multilingual-cms\/res\/flags\/fr.png\"\n            alt=\"\"\n    \/>FR<\/a><\/li>\n<li id=\"menu-item-wpml-ls-20-en\"><a title=\"Passer \u00e0 EN\" href=\"https:\/\/hotelelscassadors.com\/en\/\"><img\n            src=\"https:\/\/hotelelscassadors.com\/wp-content\/plugins\/sitepress-multilingual-cms\/res\/flags\/en.png\"\n            alt=\"\"\n    \/>EN<\/a><\/li>\n<\/ul>\t\n<h3>\n\t\tQuand le calme des Pyr\u00e9n\u00e9es se m\u00eale au charme de l\u2019Empord\u00e0\n\t<\/h3>\n\t<p>L\u2019h\u00f4tel <strong>Els Ca\u00e7adors de Ma\u00e7anet <\/strong>est l\u2019endroit r\u00eav\u00e9 pour quelques jours de repos en famille ou entre amis, \u00e0 la d\u00e9couverte des <strong>magnifiques paysages de la r\u00e9gion<\/strong>. Plongez dans notre piscine et laissez-vous s\u00e9duire par la vie tranquille des villages de montagne.<\/p>\n\t\t\t\t<img loading=\"lazy\" src=\"https:\/\/hotelelscassadors.com\/wp-content\/uploads\/2018\/05\/separador.gif\" alt=\"separador\" itemprop=\"image\" height=\"47\" width=\"1\" title=\"separador\" onerror=\"this.style.display='none'\"  \/>\n\t\t\t\t<img loading=\"lazy\" src=\"https:\/\/hotelelscassadors.com\/wp-content\/uploads\/2018\/05\/restaurant1.jpg\" alt=\"restaurant1\" itemprop=\"image\" height=\"670\" width=\"450\" title=\"restaurant1\" onerror=\"this.style.display='none'\"  \/>\n\t<h3>LE RESTAURANT<\/h3>\n<p>Le restaurant de l&rsquo;Hotel Els Ca\u00e7adors propose une offre gastronomique proposant des plats traditionnels de la cuisine de l&rsquo;Empord\u00e0 avec des touches de cuisine d&rsquo;auteur<\/p>\n\t\t\t\t<img loading=\"lazy\" src=\"https:\/\/hotelelscassadors.com\/wp-content\/uploads\/2018\/05\/restaurant2.jpg\" alt=\"restaurant2\" itemprop=\"image\" height=\"221\" width=\"328\" title=\"restaurant2\" onerror=\"this.style.display='none'\"  \/>\n\t\t\t\t<img loading=\"lazy\" src=\"https:\/\/hotelelscassadors.com\/wp-content\/uploads\/2018\/05\/restaurant3.jpg\" alt=\"restaurant3\" itemprop=\"image\" height=\"214\" width=\"328\" title=\"restaurant3\" onerror=\"this.style.display='none'\"  \/>\n\t\t\t\t<img loading=\"lazy\" src=\"https:\/\/hotelelscassadors.com\/wp-content\/uploads\/2018\/05\/restaurant4.jpg\" alt=\"restaurant4\" itemprop=\"image\" height=\"670\" width=\"450\" title=\"restaurant4\" onerror=\"this.style.display='none'\"  \/>\n\t\t\t\t<img loading=\"lazy\" src=\"https:\/\/hotelelscassadors.com\/wp-content\/uploads\/2018\/05\/logos-footer.png\" alt=\"logos-footer\" itemprop=\"image\" height=\"55\" width=\"285\" title=\"logos-footer\" onerror=\"this.style.display='none'\"  \/>\n\t\t\t\t<img loading=\"lazy\" src=\"https:\/\/hotelelscassadors.com\/wp-content\/uploads\/2018\/05\/separador.gif\" alt=\"separador\" itemprop=\"image\" height=\"47\" width=\"1\" title=\"separador\" onerror=\"this.style.display='none'\"  \/>\n\t<h3>LES CHAMBRES<\/h3>\n\t<p>Tout le confort dans un cadre idyllique. Voil\u00e0 la parfaite description de nos <strong>17 chambres<\/strong> toutes ouvertes sur l\u2019ext\u00e9rieur, confortables et avec terrasse.<\/p>\n\t\t\t<a href=\"https:\/\/hotelelscassadors.com\/fr\/hotel\/chambres\/\" target=\"_self\" role=\"button\" rel=\"noopener\">\n\t\t\t\t\t\t\tVOIR PLUS\n\t\t\t\t\t<\/a>\n\t\t\t\t<img loading=\"lazy\" src=\"https:\/\/hotelelscassadors.com\/wp-content\/uploads\/2018\/05\/separador.gif\" alt=\"separador\" itemprop=\"image\" height=\"47\" width=\"1\" title=\"separador\" onerror=\"this.style.display='none'\"  \/>\n\t<h3>OFFRES<\/h3>\n<p>Profitez de nos meilleures offres<\/p>\n\t\t<a href=\"https:\/\/hotelelscassadors.com\/fr\/oferta\/gastronomique-get\/\" target=\"_self\" rel=\"noopener\">\n\t\t\t\t\t\t\t\t\t<img src=\"https:\/\/hotelelscassadors.com\/wp-content\/uploads\/2018\/05\/DSC_8122-1.jpg\" alt=\"DSC_8122\">\n\t\t\t\t\t<p>Profitez d&rsquo;une escapade d&rsquo;une nuit dans une chambre double avec petit-d\u00e9jeuner buffet et un menu de d\u00e9gustation compos\u00e9 de produits locaux.<\/p>\t\t\t\t\t\n\t\t\t\t<h3>\n\t\t\tGASTRONOMIQUE GET\t\t<\/h3>\n\t\t<\/a>\n\t\t\t<a href=\"https:\/\/hotelelscassadors.com\/fr\/ofertes\/\" target=\"_self\" role=\"button\" rel=\"noopener\">\n\t\t\t\t\t\t\tTOUTES LES OFFRES\n\t\t\t\t\t<\/a>\n\t\t\t\t<img loading=\"lazy\" src=\"https:\/\/hotelelscassadors.com\/wp-content\/uploads\/2018\/05\/separador.gif\" alt=\"separador\" itemprop=\"image\" height=\"47\" width=\"1\" title=\"separador\" onerror=\"this.style.display='none'\"  \/>\n\t<h3>ENVIRONNEMENT ET ACTIVIT\u00c9S<\/h3>\n<p>L\u2019<strong>h\u00f4tel Els Ca\u00e7adors <\/strong>est situ\u00e9 dans les environs de <strong>Ma\u00e7anet de Cabrenys<\/strong>, au c\u0153ur d\u2019une v\u00e9g\u00e9tation dense travers\u00e9e par un ruisseau.<\/p>\n<p>Si vous cherchez la tranquillit\u00e9, le repos et la fra\u00eecheur, c\u2019est le lieu id\u00e9al pour passer quelques jours de vacances en pleine nature tout en ayant \u00e0 port\u00e9e de main, si vous le souhaitez, l\u2019offre culturelle et le patrimoine de l\u2019Empord\u00e0.<\/p>\n\t\t\t<img src=\"https:\/\/hotelelscassadors.com\/wp-content\/uploads\/2018\/05\/btt.jpg\" alt=\"\" \/>\t\t\t\n\t\t\t\t<h2>Randonn\u00e9e et VTT<\/h2><p><strong>Ma\u00e7anet de Cabrenys<\/strong> est situ\u00e9 dans le pays de Salines-Bassegoda, \u00e0 cheval entre l\u2019Alt Empord\u00e0 et l\u2019Alta Garrotxa. Cette r\u00e9gion \u00e0 la v\u00e9g\u00e9tation dense est le point de rencontre entre les Pyr\u00e9n\u00e9es int\u00e9rieures et la M\u00e9diterran\u00e9e. Son offre de sentiers balis\u00e9s est la plus importante de Catalogne aussi bien pour les randonneurs que pour les VTTistes. Ma\u00e7anet dispose d\u2019ailleurs d\u2019un centre VTT avec un point d\u2019accueil.<\/p>\n\t\t\t<a href=\"https:\/\/hotelelscassadors.com\/fr\/environnement-et-activites\/\" target=\"_self\" role=\"button\" rel=\"noopener\">\n\t\t\t\t\t\t\tVOIR TOUT\n\t\t\t\t\t<\/a>\n<a href=\"https:\/\/hotelelscassadors.com\/fr\/environnement-et-activites\/\" target=\"_self\" rel=\"noopener\"><img src=\"https:\/\/hotelelscassadors.com\/wp-content\/uploads\/2018\/05\/btt.jpg\" alt=\"BTT\" \/><\/a>\t\t\t\n\t\t\t<img src=\"https:\/\/hotelelscassadors.com\/wp-content\/uploads\/2018\/05\/Ma\u00e7anet_de_Cabrenys_2011_43.jpg\" alt=\"\" \/>\t\t\t\n\t\t\t\t<h2>\u00c0 proximit\u00e9 de l\u2019h\u00f4tel<\/h2><p><strong>Ma\u00e7anet de Cabrenys<\/strong> vous invite \u00e0 d\u00e9couvrir son patrimoine naturel et ses paysages de grande valeur, parfaits pour toute la famille.<\/p>\n<p>\u00c0 la crois\u00e9e de circuits balis\u00e9s, nous pouvons organiser des excursions pour tous les niveaux, \u00e0 pied ou \u00e0 v\u00e9lo, dont l\u2019h\u00f4tel est le point de d\u00e9part et d\u2019arriv\u00e9e.<\/p>\n<p>Ne manquez pas les nombreuses sources, les fosses des rivi\u00e8res et les arbres monumentaux.<\/p>\n\t\t\t<a href=\"https:\/\/hotelelscassadors.com\/fr\/environnement-et-activites\/\" target=\"_self\" role=\"button\" rel=\"noopener\">\n\t\t\t\t\t\t\tVOIR TOUT\n\t\t\t\t\t<\/a>\n<a href=\"https:\/\/hotelelscassadors.com\/fr\/environnement-et-activites\/\" target=\"_self\" rel=\"noopener\"><img src=\"https:\/\/hotelelscassadors.com\/wp-content\/uploads\/2018\/05\/Ma\u00e7anet_de_Cabrenys_2011_43.jpg\" alt=\"Ma\u00e7anet de Cabrenys\" \/><\/a>\t\t\t\n\t\t\t<img src=\"https:\/\/hotelelscassadors.com\/wp-content\/uploads\/2018\/05\/dali-museum-898317_640.jpg\" alt=\"\" \/>\t\t\t\n\t\t\t\t<h2>Figueres, le Th\u00e9\u00e2tre-Mus\u00e9e Dal\u00ed<\/h2><p>La visite du <strong>Th\u00e9\u00e2tre-mus\u00e9e Dal\u00ed<\/strong> de Figueres, \u00e0 un peu plus de 20\u00a0km de l\u2019h\u00f4tel, est incontournable. Ce mus\u00e9e accueille l\u2019\u0153\u0153uvre du c\u00e9l\u00e8bre peintre surr\u00e9aliste de l\u2019Empord\u00e0, Salvador Dal\u00ed.<\/p>\n\t\t\t<a href=\"https:\/\/hotelelscassadors.com\/fr\/environnement-et-activites\/\" target=\"_self\" role=\"button\" rel=\"noopener\">\n\t\t\t\t\t\t\tVOIR TOUT\n\t\t\t\t\t<\/a>\n<a href=\"https:\/\/hotelelscassadors.com\/fr\/environnement-et-activites\/\" target=\"_self\" rel=\"noopener\"><img src=\"https:\/\/hotelelscassadors.com\/wp-content\/uploads\/2018\/05\/dali-museum-898317_640.jpg\" alt=\"Museu Dal\u00ed\" \/><\/a>\t\t\t\n\t\t\t<img src=\"https:\/\/hotelelscassadors.com\/wp-content\/uploads\/2018\/05\/mume-museu-exili-1024x682.jpg\" alt=\"\" \/>\t\t\t\n\t\t\t\t<h2>Le mus\u00e9e et la Route de l\u2019exil<\/h2><p>La r\u00e9gion o\u00f9 vous vous trouvez, \u00e0 c\u00f4t\u00e9 de la fronti\u00e8re fran\u00e7aise, fut l\u2019un des th\u00e9\u00e2tres de l\u2019exil r\u00e9publicain, dont on trouve de nombreux t\u00e9moignages\u00a0: routes, mus\u00e9es et monuments.<\/p>\n\t\t\t<a href=\"https:\/\/hotelelscassadors.com\/fr\/environnement-et-activites\/\" target=\"_self\" role=\"button\" rel=\"noopener\">\n\t\t\t\t\t\t\tVOIR TOUT\n\t\t\t\t\t<\/a>\n<a href=\"https:\/\/hotelelscassadors.com\/fr\/environnement-et-activites\/\" target=\"_self\" rel=\"noopener\"><img src=\"https:\/\/hotelelscassadors.com\/wp-content\/uploads\/2018\/05\/mume-museu-exili-1024x682.jpg\" alt=\"\" \/><\/a>\t\t\t\n\t\t\t<img src=\"https:\/\/hotelelscassadors.com\/wp-content\/uploads\/2018\/05\/enoturisme-emporda.jpg\" alt=\"\" \/>\t\t\t\n\t\t\t\t<h2>Enotourisme<\/h2><p>L\u2019appellation Empord\u00e0 regroupe une grande partie de ses chais et de ses vignes dans la r\u00e9gion des Alb\u00e8res, \u00e0 proximit\u00e9 de l\u2019h\u00f4tel.<\/p>\n<p>Vous pouvez visiter les chais les plus embl\u00e9matiques, vous promener dans les vignes, voir les caves et d\u00e9guster les vins qui, ces derni\u00e8res ann\u00e9es, se sont situ\u00e9s parmi les plus appr\u00e9ci\u00e9s du march\u00e9.<\/p>\n\t\t\t<a href=\"https:\/\/hotelelscassadors.com\/fr\/environnement-et-activites\/\" target=\"_self\" role=\"button\" rel=\"noopener\">\n\t\t\t\t\t\t\tVOIR TOUT\n\t\t\t\t\t<\/a>\n<a href=\"https:\/\/hotelelscassadors.com\/fr\/environnement-et-activites\/\" target=\"_self\" rel=\"noopener\"><img src=\"https:\/\/hotelelscassadors.com\/wp-content\/uploads\/2018\/05\/enoturisme-emporda.jpg\" alt=\"Enoturisme\" \/><\/a>\t\t\t\n\t\t\t\t<a href=\"#\" aria-label=\"previous\" role=\"button\">\n<\/a>\n\t\t\t\t<a href=\"#\" aria-label=\"next\" role=\"button\">\n<\/a>\n","protected":false},"excerpt":{"rendered":"<p>(+34) 972 544 136 (+34) 972 544 136 CA ES FR EN CA ES FR EN Quand le calme des Pyr\u00e9n\u00e9es se m\u00eale au charme de l\u2019Empord\u00e0 L\u2019h\u00f4tel Els Ca\u00e7adors de Ma\u00e7anet est l\u2019endroit r\u00eav\u00e9 pour quelques jours de repos en famille ou entre amis, \u00e0 la d\u00e9couverte des magnifiques paysages de la r\u00e9gion. Plongez&hellip;<\/p>\n","protected":false},"author":3,"featured_media":0,"parent":0,"menu_order":0,"comment_status":"closed","ping_status":"closed","template":"","meta":[],"yoast_head":"<!-- This site is optimized with the Yoast SEO plugin v19.6 - https:\/\/yoast.com\/wordpress\/plugins\/seo\/ -->\n<title>Els Ca\u00e7adors de Ma\u00e7anet &#8902; Hotel Gastron\u00f2mic al Pirineu de Girona<\/title>\n<meta name=\"description\" content=\"Hotel Gastron\u00f2mic Els Ca\u00e7adors del Ma\u00e7anet, situat al Pirineu de Girona, \u00e9s perfecte per descobrir la m\u00e0gia de l\u2019Empord\u00e0. El nostre restaurant de cuina tradicional catalana, liderat pel xef Santi Valls Xicoira, ofereix elaboracions que respecten al m\u00e0xim les caracter\u00edstiques d&#039;una mat\u00e8ria primera d&#039;alta qualitat.\" \/>\n<meta name=\"robots\" content=\"index, follow, max-snippet:-1, max-image-preview:large, max-video-preview:-1\" \/>\n<link rel=\"canonical\" href=\"https:\/\/hotelelscassadors.com\/fr\/\" \/>\n<meta property=\"og:locale\" content=\"fr_FR\" \/>\n<meta property=\"og:type\" content=\"article\" \/>\n<meta property=\"og:title\" content=\"Els Ca\u00e7adors de Ma\u00e7anet &#8902; Hotel Gastron\u00f2mic al Pirineu de Girona\" \/>\n<meta property=\"og:description\" content=\"Hotel Gastron\u00f2mic Els Ca\u00e7adors del Ma\u00e7anet, situat al Pirineu de Girona, \u00e9s perfecte per descobrir la m\u00e0gia de l\u2019Empord\u00e0. El nostre restaurant de cuina tradicional catalana, liderat pel xef Santi Valls Xicoira, ofereix elaboracions que respecten al m\u00e0xim les caracter\u00edstiques d&#039;una mat\u00e8ria primera d&#039;alta qualitat.\" \/>\n<meta property=\"og:url\" content=\"https:\/\/hotelelscassadors.com\/fr\/\" \/>\n<meta property=\"og:site_name\" content=\"Els Ca\u00e7adors de Ma\u00e7anet\" \/>\n<meta property=\"article:publisher\" content=\"https:\/\/www.facebook.com\/Restaurant-Hotel-Els-Ca%c3%a7adors-de-Ma%c3%a7anet-901920089887268\/\" \/>\n<meta property=\"article:modified_time\" content=\"2026-04-07T14:22:17+00:00\" \/>\n<meta property=\"og:image\" content=\"https:\/\/hotelelscassadors.com\/wp-content\/uploads\/2018\/05\/logowebpetit.png\" \/>\n<meta name=\"twitter:card\" content=\"summary_large_image\" \/>\n<meta name=\"twitter:label1\" content=\"Dur\u00e9e de lecture estim\u00e9e\" \/>\n\t<meta name=\"twitter:data1\" content=\"3 minutes\" \/>\n<script type=\"application\/ld+json\" class=\"yoast-schema-graph\">{\"@context\":\"https:\/\/schema.org\",\"@graph\":[{\"@type\":\"WebPage\",\"@id\":\"https:\/\/hotelelscassadors.com\/fr\/\",\"url\":\"https:\/\/hotelelscassadors.com\/fr\/\",\"name\":\"Els Ca\u00e7adors de Ma\u00e7anet &#8902; Hotel Gastron\u00f2mic al Pirineu de Girona\",\"isPartOf\":{\"@id\":\"https:\/\/hotelelscassadors.com\/fr\/#website\"},\"datePublished\":\"2018-04-27T09:46:04+00:00\",\"dateModified\":\"2026-04-07T14:22:17+00:00\",\"description\":\"Hotel Gastron\u00f2mic Els Ca\u00e7adors del Ma\u00e7anet, situat al Pirineu de Girona, \u00e9s perfecte per descobrir la m\u00e0gia de l\u2019Empord\u00e0. El nostre restaurant de cuina tradicional catalana, liderat pel xef Santi Valls Xicoira, ofereix elaboracions que respecten al m\u00e0xim les caracter\u00edstiques d'una mat\u00e8ria primera d'alta qualitat.\",\"breadcrumb\":{\"@id\":\"https:\/\/hotelelscassadors.com\/fr\/#breadcrumb\"},\"inLanguage\":\"fr-FR\",\"potentialAction\":[{\"@type\":\"ReadAction\",\"target\":[\"https:\/\/hotelelscassadors.com\/fr\/\"]}]},{\"@type\":\"BreadcrumbList\",\"@id\":\"https:\/\/hotelelscassadors.com\/fr\/#breadcrumb\",\"itemListElement\":[{\"@type\":\"ListItem\",\"position\":1,\"name\":\"Portada\",\"item\":\"https:\/\/hotelelscassadors.com\/fr\/\"},{\"@type\":\"ListItem\",\"position\":2,\"name\":\"Accueil\"}]},{\"@type\":\"WebSite\",\"@id\":\"https:\/\/hotelelscassadors.com\/fr\/#website\",\"url\":\"https:\/\/hotelelscassadors.com\/fr\/\",\"name\":\"Hotel Els Ca\u00e7adors de Ma\u00e7anet\",\"description\":\"Hotel \u00b7 Restaurant\",\"publisher\":{\"@id\":\"https:\/\/hotelelscassadors.com\/fr\/#organization\"},\"potentialAction\":[{\"@type\":\"SearchAction\",\"target\":{\"@type\":\"EntryPoint\",\"urlTemplate\":\"https:\/\/hotelelscassadors.com\/fr\/?s={search_term_string}\"},\"query-input\":\"required name=search_term_string\"}],\"inLanguage\":\"fr-FR\"},{\"@type\":\"Organization\",\"@id\":\"https:\/\/hotelelscassadors.com\/fr\/#organization\",\"name\":\"Els Ca\u00e7adors de Ma\u00e7anet Hotel Restaurant\",\"url\":\"https:\/\/hotelelscassadors.com\/fr\/\",\"sameAs\":[\"https:\/\/www.facebook.com\/Restaurant-Hotel-Els-Ca\u00e7adors-de-Ma\u00e7anet-901920089887268\/\"],\"logo\":{\"@type\":\"ImageObject\",\"inLanguage\":\"fr-FR\",\"@id\":\"https:\/\/hotelelscassadors.com\/fr\/#\/schema\/logo\/image\/\",\"url\":\"https:\/\/hotelelscassadors.com\/wp-content\/uploads\/2018\/05\/logoweb.png\",\"contentUrl\":\"https:\/\/hotelelscassadors.com\/wp-content\/uploads\/2018\/05\/logoweb.png\",\"width\":386,\"height\":160,\"caption\":\"Els Ca\u00e7adors de Ma\u00e7anet Hotel Restaurant\"},\"image\":{\"@id\":\"https:\/\/hotelelscassadors.com\/fr\/#\/schema\/logo\/image\/\"}}]}<\/script>\n<!-- \/ Yoast SEO plugin. -->","yoast_head_json":{"title":"Els Ca\u00e7adors de Ma\u00e7anet &#8902; Hotel Gastron\u00f2mic al Pirineu de Girona","description":"Hotel Gastron\u00f2mic Els Ca\u00e7adors del Ma\u00e7anet, situat al Pirineu de Girona, \u00e9s perfecte per descobrir la m\u00e0gia de l\u2019Empord\u00e0. El nostre restaurant de cuina tradicional catalana, liderat pel xef Santi Valls Xicoira, ofereix elaboracions que respecten al m\u00e0xim les caracter\u00edstiques d'una mat\u00e8ria primera d'alta qualitat.","robots":{"index":"index","follow":"follow","max-snippet":"max-snippet:-1","max-image-preview":"max-image-preview:large","max-video-preview":"max-video-preview:-1"},"canonical":"https:\/\/hotelelscassadors.com\/fr\/","og_locale":"fr_FR","og_type":"article","og_title":"Els Ca\u00e7adors de Ma\u00e7anet &#8902; Hotel Gastron\u00f2mic al Pirineu de Girona","og_description":"Hotel Gastron\u00f2mic Els Ca\u00e7adors del Ma\u00e7anet, situat al Pirineu de Girona, \u00e9s perfecte per descobrir la m\u00e0gia de l\u2019Empord\u00e0. El nostre restaurant de cuina tradicional catalana, liderat pel xef Santi Valls Xicoira, ofereix elaboracions que respecten al m\u00e0xim les caracter\u00edstiques d'una mat\u00e8ria primera d'alta qualitat.","og_url":"https:\/\/hotelelscassadors.com\/fr\/","og_site_name":"Els Ca\u00e7adors de Ma\u00e7anet","article_publisher":"https:\/\/www.facebook.com\/Restaurant-Hotel-Els-Ca%c3%a7adors-de-Ma%c3%a7anet-901920089887268\/","article_modified_time":"2026-04-07T14:22:17+00:00","og_image":[{"url":"https:\/\/hotelelscassadors.com\/wp-content\/uploads\/2018\/05\/logowebpetit.png"}],"twitter_card":"summary_large_image","twitter_misc":{"Dur\u00e9e de lecture estim\u00e9e":"3 minutes"},"schema":{"@context":"https:\/\/schema.org","@graph":[{"@type":"WebPage","@id":"https:\/\/hotelelscassadors.com\/fr\/","url":"https:\/\/hotelelscassadors.com\/fr\/","name":"Els Ca\u00e7adors de Ma\u00e7anet &#8902; Hotel Gastron\u00f2mic al Pirineu de Girona","isPartOf":{"@id":"https:\/\/hotelelscassadors.com\/fr\/#website"},"datePublished":"2018-04-27T09:46:04+00:00","dateModified":"2026-04-07T14:22:17+00:00","description":"Hotel Gastron\u00f2mic Els Ca\u00e7adors del Ma\u00e7anet, situat al Pirineu de Girona, \u00e9s perfecte per descobrir la m\u00e0gia de l\u2019Empord\u00e0. El nostre restaurant de cuina tradicional catalana, liderat pel xef Santi Valls Xicoira, ofereix elaboracions que respecten al m\u00e0xim les caracter\u00edstiques d'una mat\u00e8ria primera d'alta qualitat.","breadcrumb":{"@id":"https:\/\/hotelelscassadors.com\/fr\/#breadcrumb"},"inLanguage":"fr-FR","potentialAction":[{"@type":"ReadAction","target":["https:\/\/hotelelscassadors.com\/fr\/"]}]},{"@type":"BreadcrumbList","@id":"https:\/\/hotelelscassadors.com\/fr\/#breadcrumb","itemListElement":[{"@type":"ListItem","position":1,"name":"Portada","item":"https:\/\/hotelelscassadors.com\/fr\/"},{"@type":"ListItem","position":2,"name":"Accueil"}]},{"@type":"WebSite","@id":"https:\/\/hotelelscassadors.com\/fr\/#website","url":"https:\/\/hotelelscassadors.com\/fr\/","name":"Hotel Els Ca\u00e7adors de Ma\u00e7anet","description":"Hotel \u00b7 Restaurant","publisher":{"@id":"https:\/\/hotelelscassadors.com\/fr\/#organization"},"potentialAction":[{"@type":"SearchAction","target":{"@type":"EntryPoint","urlTemplate":"https:\/\/hotelelscassadors.com\/fr\/?s={search_term_string}"},"query-input":"required name=search_term_string"}],"inLanguage":"fr-FR"},{"@type":"Organization","@id":"https:\/\/hotelelscassadors.com\/fr\/#organization","name":"Els Ca\u00e7adors de Ma\u00e7anet Hotel Restaurant","url":"https:\/\/hotelelscassadors.com\/fr\/","sameAs":["https:\/\/www.facebook.com\/Restaurant-Hotel-Els-Ca\u00e7adors-de-Ma\u00e7anet-901920089887268\/"],"logo":{"@type":"ImageObject","inLanguage":"fr-FR","@id":"https:\/\/hotelelscassadors.com\/fr\/#\/schema\/logo\/image\/","url":"https:\/\/hotelelscassadors.com\/wp-content\/uploads\/2018\/05\/logoweb.png","contentUrl":"https:\/\/hotelelscassadors.com\/wp-content\/uploads\/2018\/05\/logoweb.png","width":386,"height":160,"caption":"Els Ca\u00e7adors de Ma\u00e7anet Hotel Restaurant"},"image":{"@id":"https:\/\/hotelelscassadors.com\/fr\/#\/schema\/logo\/image\/"}}]}},"_links":{"self":[{"href":"https:\/\/hotelelscassadors.com\/fr\/wp-json\/wp\/v2\/pages\/625"}],"collection":[{"href":"https:\/\/hotelelscassadors.com\/fr\/wp-json\/wp\/v2\/pages"}],"about":[{"href":"https:\/\/hotelelscassadors.com\/fr\/wp-json\/wp\/v2\/types\/page"}],"author":[{"embeddable":true,"href":"https:\/\/hotelelscassadors.com\/fr\/wp-json\/wp\/v2\/users\/3"}],"replies":[{"embeddable":true,"href":"https:\/\/hotelelscassadors.com\/fr\/wp-json\/wp\/v2\/comments?post=625"}],"version-history":[{"count":40,"href":"https:\/\/hotelelscassadors.com\/fr\/wp-json\/wp\/v2\/pages\/625\/revisions"}],"predecessor-version":[{"id":2354,"href":"https:\/\/hotelelscassadors.com\/fr\/wp-json\/wp\/v2\/pages\/625\/revisions\/2354"}],"wp:attachment":[{"href":"https:\/\/hotelelscassadors.com\/fr\/wp-json\/wp\/v2\/media?parent=625"}],"curies":[{"name":"wp","href":"https:\/\/api.w.org\/{rel}","templated":true}]}}