{"id":487,"date":"2018-05-29T17:30:30","date_gmt":"2018-05-29T15:30:30","guid":{"rendered":"https:\/\/hotelelscassadors.com\/?page_id=487"},"modified":"2018-05-31T15:39:04","modified_gmt":"2018-05-31T13:39:04","slug":"aviso-legal-y-politica-de-privacidad","status":"publish","type":"page","link":"https:\/\/hotelelscassadors.com\/es\/aviso-legal-y-politica-de-privacidad\/","title":{"rendered":"Aviso legal y pol\u00edtica de privacidad"},"content":{"rendered":"<h1><strong>AVISO LEGAL Y POL\u00cdTICA DE PRIVACIDAD<\/strong><\/h1>\n<p>&nbsp;<\/p>\n<table style=\"height: 168px;\" border=\"1\">\n<tbody>\n<tr style=\"height: 24px;\">\n<td style=\"height: 24px;\" colspan=\"2\"><strong>INFORMACI\u00d3N B\u00c1SICA SOBRE PROTECCI\u00d3N DE DATOS<\/strong><\/td>\n<\/tr>\n<tr style=\"height: 24px;\">\n<td style=\"height: 24px;\"><strong>Responsable<\/strong><\/td>\n<td style=\"height: 24px;\">SANALDA S.L.<\/td>\n<\/tr>\n<tr style=\"height: 24px;\">\n<td style=\"height: 24px;\"><strong>Finalidad<\/strong><\/td>\n<td style=\"height: 24px;\">Gesti\u00f3n de las peticiones realizadas a trav\u00e9s del Sitio Web y, en su caso, del env\u00edo de las comunicaciones comerciales electr\u00f3nicas<\/td>\n<\/tr>\n<tr style=\"height: 24px;\">\n<td style=\"height: 24px;\"><strong>Legitimaci\u00f3n<\/strong><\/td>\n<td style=\"height: 24px;\">Consentimiento del interesado<\/td>\n<\/tr>\n<tr style=\"height: 24px;\">\n<td style=\"height: 24px;\"><strong>Destinatarios<\/strong><\/td>\n<td style=\"height: 24px;\">Se podran ceder datos a : Zip Zap Social PR SL, Dropbox, Google.<\/td>\n<\/tr>\n<tr style=\"height: 24px;\">\n<td style=\"height: 24px;\"><strong>Derechos<\/strong><\/td>\n<td style=\"height: 24px;\">Acceder, rectificar, suprimir y oponerse, as\u00ed como otros derechos, tal y como se explica en la \u201cInformaci\u00f3n Adicional\u201d<\/td>\n<\/tr>\n<tr style=\"height: 24px;\">\n<td style=\"height: 24px;\"><strong>Informaci\u00f3n Adicional<br \/>\n<\/strong><\/td>\n<td style=\"height: 24px;\">Puede consultar informaci\u00f3n adicional y detallada sobre protecci\u00f3n de datos en la\u00a0Pol\u00edtica de Privacidad<\/td>\n<\/tr>\n<\/tbody>\n<\/table>\n<p>&nbsp;<\/p>\n<p><strong>\u00bfQui\u00e9n es el Responsable del Tratamiento de sus datos personales?<\/strong><\/p>\n<p><strong>Identidad:\u00a0<\/strong>SANALDA S.L.<br \/>\n<strong>Domicilio social:<\/strong>\u00a0Urb. Casa Nova, s\/n 17720 Ma\u00e7anet de Cabrenys \u2013 Girona<br \/>\n<strong>C.I.F. n\u00ba:<\/strong> B17896960<br \/>\n<strong>Email:\u00a0<\/strong><a href=\"mailto:info@hotelelscassadors.com\">info@hotelelscassadors.com<\/a><br \/>\n<strong>Tel\u00e8fon:\u00a0<\/strong>+34 972 544 136<\/p>\n<p>&nbsp;<\/p>\n<p><strong>\u00bfCon qu\u00e9 finalidad tratamos sus datos personales?<\/strong><\/p>\n<p>Tratamos la informaci\u00f3n que nos facilita el usuario con la finalidad\u00a0de gestionar las solicitudes de informaci\u00f3n realizadas a trav\u00e9s del Sitio Web y, en su caso, enviarle comunicaciones comerciales que puedan ser de su inter\u00e9s.<\/p>\n<p>&nbsp;<\/p>\n<p><strong>\u00bfPor cu\u00e1nto tiempo conservaremos sus datos?<\/strong><\/p>\n<p>Los datos personales proporcionados se conservar\u00e1n mientras no se solicite su supresi\u00f3n por el usuario.<\/p>\n<p>&nbsp;<\/p>\n<p><strong>\u00bfCu\u00e1l es la legitimaci\u00f3n para el tratamiento de sus datos?<\/strong><\/p>\n<p>La base legal para el tratamiento de datos es el consentimiento del usuario prestado mediante la aceptaci\u00f3n de la cl\u00e1usula de tratamiento de datos.<\/p>\n<p>En los formularios del Sitio Web, ser\u00e1 necesario que el usuario cumplimente los campos marcados como \u201cobligatorios\u201d. Si no se facilitan todos los datos de car\u00e1cter personal requeridos por\u00a0U.College of New Technologies, SL, podr\u00eda implicar una incompleta atenci\u00f3n de la solicitud requerida.<\/p>\n<p>El usuario deber\u00e1 comunicar a\u00a0U.College of New Technologies, SL.\u00a0\u00a0sus datos personales actuales a fin de que la informaci\u00f3n contenida en sus ficheros est\u00e9 actualizada y sin errores.<\/p>\n<p>&nbsp;<\/p>\n<p><strong>\u00bfA qu\u00e9 destinatarios se comunicar\u00e1n sus datos?<\/strong><\/p>\n<p>Se ceder\u00e1n datos a \u00a0Zip Zap Social PR SL, Dropbox, Google.<\/p>\n<p>&nbsp;<\/p>\n<p><strong>\u00bfCu\u00e1les son sus derechos cuando nos facilita sus datos personales?<\/strong><\/p>\n<p>El usuario puede ejercer su derecho de acceso a los datos personales, as\u00ed como solicitar la rectificaci\u00f3n de los datos inexactos o, en su caso, solicitar su supresi\u00f3n cuando los datos ya no sean necesarios para los fines que fueron recogidos. Tambi\u00e9n podr\u00e1 solicitar la limitaci\u00f3n, portabilidad y oposici\u00f3n del tratamiento de sus datos, en determinadas circunstancias y por motivos relacionados con su situaci\u00f3n particular.<\/p>\n<p>Igualmente, tiene derecho a revocar su consentimiento en cualquier momento sin que ello afecte de forma retroactiva al tratamiento de datos personales realizado hasta ese momento.<\/p>\n<p>El usuario podr\u00e1 ejercitar los derechos referidos anteriormente, en los t\u00e9rminos y condiciones previstos en la legislaci\u00f3n vigente, en el domicilio social de\u00a0U.College of New Technologies, SL.\u00a0o solicitarlo mediante el env\u00edo de correo electr\u00f3nico a <a href=\"mailto:info@hotelelscassadors.com\">info@hotelelscassadors.com<\/a>.<\/p>\n<p>En el supuesto de que no obtenga una respuesta satisfactoria y desee formular una reclamaci\u00f3n u obtener mayor informaci\u00f3n al respecto de cualquiera de estos derechos, puede acudirse a la Agencia Espa\u00f1ola de Protecci\u00f3n de Datos (<a href=\"http:\/\/www.agpd.es\/\">www.agpd.es<\/a>\u00a0\u2013 C\/ Jorge Juan, 6 de Madrid).<\/p>\n","protected":false},"excerpt":{"rendered":"<p>AVISO LEGAL Y POL\u00cdTICA DE PRIVACIDAD &nbsp; INFORMACI\u00d3N B\u00c1SICA SOBRE PROTECCI\u00d3N DE DATOS Responsable SANALDA S.L. Finalidad Gesti\u00f3n de las peticiones realizadas a trav\u00e9s del Sitio Web y, en su caso, del env\u00edo de las comunicaciones comerciales electr\u00f3nicas Legitimaci\u00f3n Consentimiento del interesado Destinatarios Se podran ceder datos a : Zip Zap Social PR SL, Dropbox,&hellip;<\/p>\n","protected":false},"author":3,"featured_media":0,"parent":0,"menu_order":0,"comment_status":"closed","ping_status":"closed","template":"","meta":[],"yoast_head":"<!-- This site is optimized with the Yoast SEO plugin v19.6 - https:\/\/yoast.com\/wordpress\/plugins\/seo\/ -->\n<title>Aviso legal y pol\u00edtica de privacidad &#8902; Els Ca\u00e7adors de Ma\u00e7anet<\/title>\n<meta name=\"robots\" content=\"noindex, follow\" \/>\n<meta property=\"og:locale\" content=\"es_ES\" \/>\n<meta property=\"og:type\" content=\"article\" \/>\n<meta property=\"og:title\" content=\"Aviso legal y pol\u00edtica de privacidad &#8902; Els Ca\u00e7adors de Ma\u00e7anet\" \/>\n<meta property=\"og:description\" content=\"AVISO LEGAL Y POL\u00cdTICA DE PRIVACIDAD &nbsp; INFORMACI\u00d3N B\u00c1SICA SOBRE PROTECCI\u00d3N DE DATOS Responsable SANALDA S.L. Finalidad Gesti\u00f3n de las peticiones realizadas a trav\u00e9s del Sitio Web y, en su caso, del env\u00edo de las comunicaciones comerciales electr\u00f3nicas Legitimaci\u00f3n Consentimiento del interesado Destinatarios Se podran ceder datos a : Zip Zap Social PR SL, Dropbox,&hellip;\" \/>\n<meta property=\"og:url\" content=\"https:\/\/hotelelscassadors.com\/es\/aviso-legal-y-politica-de-privacidad\/\" \/>\n<meta property=\"og:site_name\" content=\"Els Ca\u00e7adors de Ma\u00e7anet\" \/>\n<meta property=\"article:publisher\" content=\"https:\/\/www.facebook.com\/Restaurant-Hotel-Els-Ca%c3%a7adors-de-Ma%c3%a7anet-901920089887268\/\" \/>\n<meta property=\"article:modified_time\" content=\"2018-05-31T13:39:04+00:00\" \/>\n<meta name=\"twitter:card\" content=\"summary_large_image\" \/>\n<meta name=\"twitter:label1\" content=\"Tiempo de lectura\" \/>\n\t<meta name=\"twitter:data1\" content=\"3 minutos\" \/>\n<script type=\"application\/ld+json\" class=\"yoast-schema-graph\">{\"@context\":\"https:\/\/schema.org\",\"@graph\":[{\"@type\":\"WebPage\",\"@id\":\"https:\/\/hotelelscassadors.com\/es\/aviso-legal-y-politica-de-privacidad\/\",\"url\":\"https:\/\/hotelelscassadors.com\/es\/aviso-legal-y-politica-de-privacidad\/\",\"name\":\"Aviso legal y pol\u00edtica de privacidad &#8902; Els Ca\u00e7adors de Ma\u00e7anet\",\"isPartOf\":{\"@id\":\"https:\/\/hotelelscassadors.com\/es\/#website\"},\"datePublished\":\"2018-05-29T15:30:30+00:00\",\"dateModified\":\"2018-05-31T13:39:04+00:00\",\"breadcrumb\":{\"@id\":\"https:\/\/hotelelscassadors.com\/es\/aviso-legal-y-politica-de-privacidad\/#breadcrumb\"},\"inLanguage\":\"es\",\"potentialAction\":[{\"@type\":\"ReadAction\",\"target\":[\"https:\/\/hotelelscassadors.com\/es\/aviso-legal-y-politica-de-privacidad\/\"]}]},{\"@type\":\"BreadcrumbList\",\"@id\":\"https:\/\/hotelelscassadors.com\/es\/aviso-legal-y-politica-de-privacidad\/#breadcrumb\",\"itemListElement\":[{\"@type\":\"ListItem\",\"position\":1,\"name\":\"Portada\",\"item\":\"https:\/\/hotelelscassadors.com\/es\/\"},{\"@type\":\"ListItem\",\"position\":2,\"name\":\"Aviso legal y pol\u00edtica de privacidad\"}]},{\"@type\":\"WebSite\",\"@id\":\"https:\/\/hotelelscassadors.com\/es\/#website\",\"url\":\"https:\/\/hotelelscassadors.com\/es\/\",\"name\":\"Hotel Els Ca\u00e7adors de Ma\u00e7anet\",\"description\":\"Hotel \u00b7 Restaurant\",\"publisher\":{\"@id\":\"https:\/\/hotelelscassadors.com\/es\/#organization\"},\"potentialAction\":[{\"@type\":\"SearchAction\",\"target\":{\"@type\":\"EntryPoint\",\"urlTemplate\":\"https:\/\/hotelelscassadors.com\/es\/?s={search_term_string}\"},\"query-input\":\"required name=search_term_string\"}],\"inLanguage\":\"es\"},{\"@type\":\"Organization\",\"@id\":\"https:\/\/hotelelscassadors.com\/es\/#organization\",\"name\":\"Els Ca\u00e7adors de Ma\u00e7anet Hotel Restaurant\",\"url\":\"https:\/\/hotelelscassadors.com\/es\/\",\"sameAs\":[\"https:\/\/www.facebook.com\/Restaurant-Hotel-Els-Ca\u00e7adors-de-Ma\u00e7anet-901920089887268\/\"],\"logo\":{\"@type\":\"ImageObject\",\"inLanguage\":\"es\",\"@id\":\"https:\/\/hotelelscassadors.com\/es\/#\/schema\/logo\/image\/\",\"url\":\"https:\/\/hotelelscassadors.com\/wp-content\/uploads\/2018\/05\/logoweb.png\",\"contentUrl\":\"https:\/\/hotelelscassadors.com\/wp-content\/uploads\/2018\/05\/logoweb.png\",\"width\":386,\"height\":160,\"caption\":\"Els Ca\u00e7adors de Ma\u00e7anet Hotel Restaurant\"},\"image\":{\"@id\":\"https:\/\/hotelelscassadors.com\/es\/#\/schema\/logo\/image\/\"}}]}<\/script>\n<!-- \/ Yoast SEO plugin. -->","yoast_head_json":{"title":"Aviso legal y pol\u00edtica de privacidad &#8902; Els Ca\u00e7adors de Ma\u00e7anet","robots":{"index":"noindex","follow":"follow"},"og_locale":"es_ES","og_type":"article","og_title":"Aviso legal y pol\u00edtica de privacidad &#8902; Els Ca\u00e7adors de Ma\u00e7anet","og_description":"AVISO LEGAL Y POL\u00cdTICA DE PRIVACIDAD &nbsp; INFORMACI\u00d3N B\u00c1SICA SOBRE PROTECCI\u00d3N DE DATOS Responsable SANALDA S.L. Finalidad Gesti\u00f3n de las peticiones realizadas a trav\u00e9s del Sitio Web y, en su caso, del env\u00edo de las comunicaciones comerciales electr\u00f3nicas Legitimaci\u00f3n Consentimiento del interesado Destinatarios Se podran ceder datos a : Zip Zap Social PR SL, Dropbox,&hellip;","og_url":"https:\/\/hotelelscassadors.com\/es\/aviso-legal-y-politica-de-privacidad\/","og_site_name":"Els Ca\u00e7adors de Ma\u00e7anet","article_publisher":"https:\/\/www.facebook.com\/Restaurant-Hotel-Els-Ca%c3%a7adors-de-Ma%c3%a7anet-901920089887268\/","article_modified_time":"2018-05-31T13:39:04+00:00","twitter_card":"summary_large_image","twitter_misc":{"Tiempo de lectura":"3 minutos"},"schema":{"@context":"https:\/\/schema.org","@graph":[{"@type":"WebPage","@id":"https:\/\/hotelelscassadors.com\/es\/aviso-legal-y-politica-de-privacidad\/","url":"https:\/\/hotelelscassadors.com\/es\/aviso-legal-y-politica-de-privacidad\/","name":"Aviso legal y pol\u00edtica de privacidad &#8902; Els Ca\u00e7adors de Ma\u00e7anet","isPartOf":{"@id":"https:\/\/hotelelscassadors.com\/es\/#website"},"datePublished":"2018-05-29T15:30:30+00:00","dateModified":"2018-05-31T13:39:04+00:00","breadcrumb":{"@id":"https:\/\/hotelelscassadors.com\/es\/aviso-legal-y-politica-de-privacidad\/#breadcrumb"},"inLanguage":"es","potentialAction":[{"@type":"ReadAction","target":["https:\/\/hotelelscassadors.com\/es\/aviso-legal-y-politica-de-privacidad\/"]}]},{"@type":"BreadcrumbList","@id":"https:\/\/hotelelscassadors.com\/es\/aviso-legal-y-politica-de-privacidad\/#breadcrumb","itemListElement":[{"@type":"ListItem","position":1,"name":"Portada","item":"https:\/\/hotelelscassadors.com\/es\/"},{"@type":"ListItem","position":2,"name":"Aviso legal y pol\u00edtica de privacidad"}]},{"@type":"WebSite","@id":"https:\/\/hotelelscassadors.com\/es\/#website","url":"https:\/\/hotelelscassadors.com\/es\/","name":"Hotel Els Ca\u00e7adors de Ma\u00e7anet","description":"Hotel \u00b7 Restaurant","publisher":{"@id":"https:\/\/hotelelscassadors.com\/es\/#organization"},"potentialAction":[{"@type":"SearchAction","target":{"@type":"EntryPoint","urlTemplate":"https:\/\/hotelelscassadors.com\/es\/?s={search_term_string}"},"query-input":"required name=search_term_string"}],"inLanguage":"es"},{"@type":"Organization","@id":"https:\/\/hotelelscassadors.com\/es\/#organization","name":"Els Ca\u00e7adors de Ma\u00e7anet Hotel Restaurant","url":"https:\/\/hotelelscassadors.com\/es\/","sameAs":["https:\/\/www.facebook.com\/Restaurant-Hotel-Els-Ca\u00e7adors-de-Ma\u00e7anet-901920089887268\/"],"logo":{"@type":"ImageObject","inLanguage":"es","@id":"https:\/\/hotelelscassadors.com\/es\/#\/schema\/logo\/image\/","url":"https:\/\/hotelelscassadors.com\/wp-content\/uploads\/2018\/05\/logoweb.png","contentUrl":"https:\/\/hotelelscassadors.com\/wp-content\/uploads\/2018\/05\/logoweb.png","width":386,"height":160,"caption":"Els Ca\u00e7adors de Ma\u00e7anet Hotel Restaurant"},"image":{"@id":"https:\/\/hotelelscassadors.com\/es\/#\/schema\/logo\/image\/"}}]}},"_links":{"self":[{"href":"https:\/\/hotelelscassadors.com\/es\/wp-json\/wp\/v2\/pages\/487"}],"collection":[{"href":"https:\/\/hotelelscassadors.com\/es\/wp-json\/wp\/v2\/pages"}],"about":[{"href":"https:\/\/hotelelscassadors.com\/es\/wp-json\/wp\/v2\/types\/page"}],"author":[{"embeddable":true,"href":"https:\/\/hotelelscassadors.com\/es\/wp-json\/wp\/v2\/users\/3"}],"replies":[{"embeddable":true,"href":"https:\/\/hotelelscassadors.com\/es\/wp-json\/wp\/v2\/comments?post=487"}],"version-history":[{"count":6,"href":"https:\/\/hotelelscassadors.com\/es\/wp-json\/wp\/v2\/pages\/487\/revisions"}],"predecessor-version":[{"id":735,"href":"https:\/\/hotelelscassadors.com\/es\/wp-json\/wp\/v2\/pages\/487\/revisions\/735"}],"wp:attachment":[{"href":"https:\/\/hotelelscassadors.com\/es\/wp-json\/wp\/v2\/media?parent=487"}],"curies":[{"name":"wp","href":"https:\/\/api.w.org\/{rel}","templated":true}]}}