{"id":349,"date":"2018-04-27T09:46:04","date_gmt":"2018-04-27T09:46:04","guid":{"rendered":"https:\/\/hotelelscassadors.com\/home\/"},"modified":"2026-04-07T16:21:47","modified_gmt":"2026-04-07T14:21:47","slug":"hotel-els-cacadors-del-macanet","status":"publish","type":"page","link":"https:\/\/hotelelscassadors.com\/es\/","title":{"rendered":"Inicio"},"content":{"rendered":"\n\t(+34) 972 544 136\n\t\t\t\t<a href=\".\/\" target=\"_self\" itemprop=\"url\" rel=\"noopener\">\n\t\t\t\t<img loading=\"lazy\" src=\"https:\/\/hotelelscassadors.com\/wp-content\/uploads\/2018\/05\/logowebpetit.png\" alt=\"Els Ca\u00e7adors de Ma\u00e7anet\" itemprop=\"image\" height=\"120\" width=\"290\" title=\"Els Ca\u00e7adors de Ma\u00e7anet\" onerror=\"this.style.display='none'\"  \/>\n\t\t\t\t<\/a>\n<h3>\n\t\tLa combinaci\u00f3n entre la tranquilidad del Pirineo y el encanto del Empord\u00e0\n\t<\/h3>\n\t<p>El Hotel <strong>Els Ca\u00e7adors de Ma\u00e7anet <\/strong>es el lugar ideal para pasar unos d\u00edas de descanso con vuestra familia o con los amigos, recorriendo los <strong>preciosos parajes naturales de la zona<\/strong>. Sumergiros en nuestra piscina y dejaros llevar por la calma que se respira en los pueblos de monta\u00f1a.<\/p>\n\t\t\t\t<img loading=\"lazy\" src=\"https:\/\/hotelelscassadors.com\/wp-content\/uploads\/2018\/05\/separador.gif\" alt=\"separador\" itemprop=\"image\" height=\"47\" width=\"1\" title=\"separador\" onerror=\"this.style.display='none'\"  \/>\n\t\t\t\t<img loading=\"lazy\" src=\"https:\/\/hotelelscassadors.com\/wp-content\/uploads\/2018\/05\/restaurant1.jpg\" alt=\"restaurant1\" itemprop=\"image\" height=\"670\" width=\"450\" title=\"restaurant1\" onerror=\"this.style.display='none'\"  \/>\n\t<h3>EL RESTAURANTE<\/h3>\n<p>El restaurante del Hotel Els Ca\u00e7adors, ofrece una oferta gastron\u00f3mica donde destacan los platos tradicionales de la cocina ampurdanesa con toques de cocina de autor<\/p>\n\t\t\t\t<img loading=\"lazy\" src=\"https:\/\/hotelelscassadors.com\/wp-content\/uploads\/2018\/05\/restaurant2.jpg\" alt=\"restaurant2\" itemprop=\"image\" height=\"221\" width=\"328\" title=\"restaurant2\" onerror=\"this.style.display='none'\"  \/>\n\t\t\t\t<img loading=\"lazy\" src=\"https:\/\/hotelelscassadors.com\/wp-content\/uploads\/2018\/05\/restaurant3.jpg\" alt=\"restaurant3\" itemprop=\"image\" height=\"214\" width=\"328\" title=\"restaurant3\" onerror=\"this.style.display='none'\"  \/>\n\t\t\t\t<img loading=\"lazy\" src=\"https:\/\/hotelelscassadors.com\/wp-content\/uploads\/2018\/05\/restaurant4.jpg\" alt=\"restaurant4\" itemprop=\"image\" height=\"670\" width=\"450\" title=\"restaurant4\" onerror=\"this.style.display='none'\"  \/>\n\t\t\t\t<img loading=\"lazy\" src=\"https:\/\/hotelelscassadors.com\/wp-content\/uploads\/2018\/05\/logos-footer.png\" alt=\"logos-footer\" itemprop=\"image\" height=\"55\" width=\"285\" title=\"logos-footer\" onerror=\"this.style.display='none'\"  \/>\n\t\t\t\t<img loading=\"lazy\" src=\"https:\/\/hotelelscassadors.com\/wp-content\/uploads\/2018\/05\/separador.gif\" alt=\"separador\" itemprop=\"image\" height=\"47\" width=\"1\" title=\"separador\" onerror=\"this.style.display='none'\"  \/>\n\t<h3>LAS HABITACIONES<\/h3>\n\t<p>Toda la comodidad en un entorno id\u00edlico. As\u00ed son nuestras <strong>17 habitaciones,<\/strong> todas exteriores, confortables y con terraza.<\/p>\n\t\t\t<a href=\"https:\/\/hotelelscassadors.com\/es\/hotel\/habitaciones\/\" target=\"_self\" role=\"button\" rel=\"noopener\">\n\t\t\t\t\t\t\tVER M\u00c1S\n\t\t\t\t\t<\/a>\n\t\t\t\t<img loading=\"lazy\" src=\"https:\/\/hotelelscassadors.com\/wp-content\/uploads\/2018\/05\/separador.gif\" alt=\"separador\" itemprop=\"image\" height=\"47\" width=\"1\" title=\"separador\" onerror=\"this.style.display='none'\"  \/>\n\t<h3>OFERTAS<\/h3>\n<p>Disfruta de nuestras mejores ofertas<\/p>\n\t\t<a href=\"https:\/\/hotelelscassadors.com\/es\/oferta\/escapada-gastronomica\/\" target=\"_self\" rel=\"noopener\">\n\t\t\t\t\t\t\t\t\t<img src=\"https:\/\/hotelelscassadors.com\/wp-content\/uploads\/2018\/05\/DSC_8122-1.jpg\" alt=\"DSC_8122\">\n\t\t\t\t\t<p>Disfruta de una escapada gastron\u00f3mica de una noche en habitaci\u00f3n doble con desayuno bufet y un men\u00fa degustaci\u00f3n elaborado con productos de proximidad.<\/p>\t\t\t\t\t\n\t\t\t\t<h3>\n\t\t\tESCAPADA GASTRON\u00d3MICA\t\t<\/h3>\n\t\t<\/a>\n\t\t\t<a href=\"https:\/\/hotelelscassadors.com\/es\/ofertes\/\" target=\"_self\" role=\"button\" rel=\"noopener\">\n\t\t\t\t\t\t\tTODAS LAS OFERTAS\n\t\t\t\t\t<\/a>\n\t\t\t\t<img loading=\"lazy\" src=\"https:\/\/hotelelscassadors.com\/wp-content\/uploads\/2018\/05\/separador.gif\" alt=\"separador\" itemprop=\"image\" height=\"47\" width=\"1\" title=\"separador\" onerror=\"this.style.display='none'\"  \/>\n\t<h3>ENTORNO Y ACTIVIDADES<\/h3>\n<p>El <strong>Hotel Els Ca\u00e7adors<\/strong> est\u00e1 situado en las cercan\u00edas de <strong>Ma\u00e7anet de Cabrenys<\/strong>, en una zona de frondosa vegetaci\u00f3n bordeada por un arroyo.<\/p>\n<p>Es un espacio para los que buscan tranquilidad, descanso y frescura, para pasar unos d\u00edas de vacaciones en la naturaleza y que a la vez permita a aquellos que lo deseen, disfrutar de la oferta cultural y patrimonial del Empord\u00e0.<\/p>\n\t\t\t<img src=\"https:\/\/hotelelscassadors.com\/wp-content\/uploads\/2018\/05\/btt.jpg\" alt=\"\" \/>\t\t\t\n\t\t\t\t<h2>Senderismo y BTT<\/h2><p><strong>Ma\u00e7anet de Cabrenys<\/strong> est\u00e1 situado en la subcomarca de Salines Bassegoda, a caballo del Alt Empord\u00e0 y la Alta Garrotxa. Esta zona es el nexo de uni\u00f3n entre el Pirineo interior y el Mediterr\u00e1neo, y posee una de las ofertas de senderos se\u00f1alizados m\u00e1s importantes de Catalu\u00f1a tanto para senderistas como para BTT, incluyendo un centro BTT con un punto de informaci\u00f3n y acogida en Ma\u00e7anet.<strong><em>\u00a0<\/em><\/strong>Destaca el GR11, un sendero de gran recorrido que cruza los Pirineos del Mediterr\u00e1neo al Atl\u00e1ntico, y que cruza Ma\u00e7anet en la su 42\u00aa etapa. Esta ruta es perfecta para excursionistas, tanto si solo hac\u00e9is una etapa com si hac\u00e9is una ruta de diversos d\u00edas.<\/p>\n\t\t\t<a href=\"https:\/\/hotelelscassadors.com\/es\/entorno-y-actividades\/\" target=\"_self\" role=\"button\" rel=\"noopener\">\n\t\t\t\t\t\t\tVER TODO\n\t\t\t\t\t<\/a>\n<a href=\"https:\/\/hotelelscassadors.com\/es\/entorno-y-actividades\/\" target=\"_self\" rel=\"noopener\"><img src=\"https:\/\/hotelelscassadors.com\/wp-content\/uploads\/2018\/05\/btt.jpg\" alt=\"\" \/><\/a>\t\t\t\n\t\t\t<img src=\"https:\/\/hotelelscassadors.com\/wp-content\/uploads\/2018\/05\/Ma\u00e7anet_de_Cabrenys_2011_43.jpg\" alt=\"\" \/>\t\t\t\n\t\t\t\t<h2>Cerca del hotel<\/h2><strong>Ma\u00e7anet de Cabrenys<\/strong>\u00a0dispone de un patrimonio natural y paisaj\u00edstico de gran valor, ideal para disfrutarlo con toda la familia.<br \/>\nRodeado de itinerarios se\u00f1alizados, podemos planificar salidas de todos los niveles de dificultad, a pie o en bicicleta, con salida y llegada al mismo hotel.<br \/>\nCabe destacar la abundancia de puntos de inter\u00e9s como fuentes, gorgas y \u00e1rboles monumentales.\n\t\t\t<a href=\"https:\/\/hotelelscassadors.com\/es\/entorno-y-actividades\/\" target=\"_self\" role=\"button\" rel=\"noopener\">\n\t\t\t\t\t\t\tVER TODO\n\t\t\t\t\t<\/a>\n<a href=\"https:\/\/hotelelscassadors.com\/es\/entorno-y-actividades\/\" target=\"_self\" rel=\"noopener\"><img src=\"https:\/\/hotelelscassadors.com\/wp-content\/uploads\/2018\/05\/Ma\u00e7anet_de_Cabrenys_2011_43.jpg\" alt=\"\" \/><\/a>\t\t\t\n\t\t\t<img src=\"https:\/\/hotelelscassadors.com\/wp-content\/uploads\/2018\/05\/dali-museum-898317_640.jpg\" alt=\"\" \/>\t\t\t\n\t\t\t\t<h2>Figueres y el Teatro-Museo Dal\u00ed<\/h2><p>En Figueres, a poco m\u00e1s de 20 km. del hotel, es imprescindible visitar el\u00a0<strong>Teatro-Museo Dal\u00ed<\/strong>, donde se expone la obra del reconocido pintor ampurdan\u00e9s Salvador Dal\u00ed.<\/p>\n<p>Pero Figures es tambi\u00e9n una ciudad con un din\u00e1mico y animado centro comercial y una intensa vida cultural, con celebraciones de ferias y eventos durante todo el a\u00f1o y museos de inter\u00e9s como el Museo del Juguete, que nos permite programar una excursi\u00f3n de todo el d\u00eda.<\/p>\n\t\t\t<a href=\"https:\/\/hotelelscassadors.com\/es\/entorno-y-actividades\/\" target=\"_self\" role=\"button\" rel=\"noopener\">\n\t\t\t\t\t\t\tVER TODO\n\t\t\t\t\t<\/a>\n<a href=\"https:\/\/hotelelscassadors.com\/es\/entorno-y-actividades\/\" target=\"_self\" rel=\"noopener\"><img src=\"https:\/\/hotelelscassadors.com\/wp-content\/uploads\/2018\/05\/dali-museum-898317_640.jpg\" alt=\"\" \/><\/a>\t\t\t\n\t\t\t<img src=\"https:\/\/hotelelscassadors.com\/wp-content\/uploads\/2018\/05\/mume-museu-exili-1024x682.jpg\" alt=\"\" \/>\t\t\t\n\t\t\t\t<h2>Museo y Ruta del Exilio<\/h2><p>La zona donde nos encontramos, muy cerca de la frontera francesa, fue uno de los escenarios del exilio republicano, del cual encontramos diversos testimonios, en forma de rutas, museos y monumentos.<\/p>\n\t\t\t<a href=\"https:\/\/hotelelscassadors.com\/es\/entorno-y-actividades\/\" target=\"_self\" role=\"button\" rel=\"noopener\">\n\t\t\t\t\t\t\tVER TODO\n\t\t\t\t\t<\/a>\n<a href=\"https:\/\/hotelelscassadors.com\/es\/entorno-y-actividades\/\" target=\"_self\" rel=\"noopener\"><img src=\"https:\/\/hotelelscassadors.com\/wp-content\/uploads\/2018\/05\/mume-museu-exili-1024x682.jpg\" alt=\"\" \/><\/a>\t\t\t\n\t\t\t<img src=\"https:\/\/hotelelscassadors.com\/wp-content\/uploads\/2018\/05\/enoturisme-emporda.jpg\" alt=\"\" \/>\t\t\t\n\t\t\t\t<h2>Enoturismo<\/h2><p>La\u00a0<strong>DO Empord\u00e0<\/strong>\u00a0concentra gran parte de sus bodegas y vi\u00f1as en la zona de la Albera, cercana al hotel.<\/p>\n<p>Casi todas las bodegas de la DO se pueden visitar y muchas ofrecen rutas por los vi\u00f1edos, recorridos por sus bodegas y catas de vinos, entre otras actividades. Imprescindible una escapada desde el hotel para degustar unos vinos que, en los \u00faltimos a\u00f1os, se han situado entre los m\u00e1s reconocidos del mercado.<em>\u00a0<\/em><\/p>\n\t\t\t<a href=\"https:\/\/hotelelscassadors.com\/es\/entorno-y-actividades\/\" target=\"_self\" role=\"button\" rel=\"noopener\">\n\t\t\t\t\t\t\tVER TODO\n\t\t\t\t\t<\/a>\n<a href=\"https:\/\/hotelelscassadors.com\/es\/entorno-y-actividades\/\" target=\"_self\" rel=\"noopener\"><img src=\"https:\/\/hotelelscassadors.com\/wp-content\/uploads\/2018\/05\/enoturisme-emporda.jpg\" alt=\"\" \/><\/a>\t\t\t\n\t\t\t\t<a href=\"#\" aria-label=\"previous\" role=\"button\">\n<\/a>\n\t\t\t\t<a href=\"#\" aria-label=\"next\" role=\"button\">\n<\/a>\n","protected":false},"excerpt":{"rendered":"<p>(+34) 972 544 136 La combinaci\u00f3n entre la tranquilidad del Pirineo y el encanto del Empord\u00e0 El Hotel Els Ca\u00e7adors de Ma\u00e7anet es el lugar ideal para pasar unos d\u00edas de descanso con vuestra familia o con los amigos, recorriendo los preciosos parajes naturales de la zona. Sumergiros en nuestra piscina y dejaros llevar por&hellip;<\/p>\n","protected":false},"author":3,"featured_media":0,"parent":0,"menu_order":0,"comment_status":"closed","ping_status":"closed","template":"","meta":[],"yoast_head":"<!-- This site is optimized with the Yoast SEO plugin v19.6 - https:\/\/yoast.com\/wordpress\/plugins\/seo\/ -->\n<title>Els Ca\u00e7adors de Ma\u00e7anet &#8902; Hotel Gastron\u00f3mico en el Pirineo de Girona<\/title>\n<meta name=\"description\" content=\"Hotel Gastron\u00f3mico Els Ca\u00e7adors del Ma\u00e7anet, situado en el Pirineo de Girona, es perfecto para descubrir la magia del Empord\u00e0. Nuestro restaurante de cocina tradicional catalana, liderado por el chef Santi Valls Achicoria, ofrece elaboraciones que respetan al m\u00e1ximo una materia prima de alta calidad.\" \/>\n<meta name=\"robots\" content=\"index, follow, max-snippet:-1, max-image-preview:large, max-video-preview:-1\" \/>\n<link rel=\"canonical\" href=\"https:\/\/hotelelscassadors.com\/es\/\" \/>\n<meta property=\"og:locale\" content=\"es_ES\" \/>\n<meta property=\"og:type\" content=\"article\" \/>\n<meta property=\"og:title\" content=\"Els Ca\u00e7adors de Ma\u00e7anet &#8902; Hotel Gastron\u00f3mico en el Pirineo de Girona\" \/>\n<meta property=\"og:description\" content=\"Hotel Gastron\u00f3mico Els Ca\u00e7adors del Ma\u00e7anet, situado en el Pirineo de Girona, es perfecto para descubrir la magia del Empord\u00e0. Nuestro restaurante de cocina tradicional catalana, liderado por el chef Santi Valls Achicoria, ofrece elaboraciones que respetan al m\u00e1ximo una materia prima de alta calidad.\" \/>\n<meta property=\"og:url\" content=\"https:\/\/hotelelscassadors.com\/es\/\" \/>\n<meta property=\"og:site_name\" content=\"Els Ca\u00e7adors de Ma\u00e7anet\" \/>\n<meta property=\"article:publisher\" content=\"https:\/\/www.facebook.com\/Restaurant-Hotel-Els-Ca%c3%a7adors-de-Ma%c3%a7anet-901920089887268\/\" \/>\n<meta property=\"article:modified_time\" content=\"2026-04-07T14:21:47+00:00\" \/>\n<meta property=\"og:image\" content=\"https:\/\/hotelelscassadors.com\/wp-content\/uploads\/2018\/05\/logowebpetit.png\" \/>\n<meta name=\"twitter:card\" content=\"summary_large_image\" \/>\n<meta name=\"twitter:label1\" content=\"Tiempo de lectura\" \/>\n\t<meta name=\"twitter:data1\" content=\"3 minutos\" \/>\n<script type=\"application\/ld+json\" class=\"yoast-schema-graph\">{\"@context\":\"https:\/\/schema.org\",\"@graph\":[{\"@type\":\"WebPage\",\"@id\":\"https:\/\/hotelelscassadors.com\/es\/\",\"url\":\"https:\/\/hotelelscassadors.com\/es\/\",\"name\":\"Els Ca\u00e7adors de Ma\u00e7anet &#8902; Hotel Gastron\u00f3mico en el Pirineo de Girona\",\"isPartOf\":{\"@id\":\"https:\/\/hotelelscassadors.com\/es\/#website\"},\"datePublished\":\"2018-04-27T09:46:04+00:00\",\"dateModified\":\"2026-04-07T14:21:47+00:00\",\"description\":\"Hotel Gastron\u00f3mico Els Ca\u00e7adors del Ma\u00e7anet, situado en el Pirineo de Girona, es perfecto para descubrir la magia del Empord\u00e0. Nuestro restaurante de cocina tradicional catalana, liderado por el chef Santi Valls Achicoria, ofrece elaboraciones que respetan al m\u00e1ximo una materia prima de alta calidad.\",\"breadcrumb\":{\"@id\":\"https:\/\/hotelelscassadors.com\/es\/#breadcrumb\"},\"inLanguage\":\"es\",\"potentialAction\":[{\"@type\":\"ReadAction\",\"target\":[\"https:\/\/hotelelscassadors.com\/es\/\"]}]},{\"@type\":\"BreadcrumbList\",\"@id\":\"https:\/\/hotelelscassadors.com\/es\/#breadcrumb\",\"itemListElement\":[{\"@type\":\"ListItem\",\"position\":1,\"name\":\"Portada\",\"item\":\"https:\/\/hotelelscassadors.com\/es\/\"},{\"@type\":\"ListItem\",\"position\":2,\"name\":\"Inicio\"}]},{\"@type\":\"WebSite\",\"@id\":\"https:\/\/hotelelscassadors.com\/es\/#website\",\"url\":\"https:\/\/hotelelscassadors.com\/es\/\",\"name\":\"Hotel Els Ca\u00e7adors de Ma\u00e7anet\",\"description\":\"Hotel \u00b7 Restaurant\",\"publisher\":{\"@id\":\"https:\/\/hotelelscassadors.com\/es\/#organization\"},\"potentialAction\":[{\"@type\":\"SearchAction\",\"target\":{\"@type\":\"EntryPoint\",\"urlTemplate\":\"https:\/\/hotelelscassadors.com\/es\/?s={search_term_string}\"},\"query-input\":\"required name=search_term_string\"}],\"inLanguage\":\"es\"},{\"@type\":\"Organization\",\"@id\":\"https:\/\/hotelelscassadors.com\/es\/#organization\",\"name\":\"Els Ca\u00e7adors de Ma\u00e7anet Hotel Restaurant\",\"url\":\"https:\/\/hotelelscassadors.com\/es\/\",\"sameAs\":[\"https:\/\/www.facebook.com\/Restaurant-Hotel-Els-Ca\u00e7adors-de-Ma\u00e7anet-901920089887268\/\"],\"logo\":{\"@type\":\"ImageObject\",\"inLanguage\":\"es\",\"@id\":\"https:\/\/hotelelscassadors.com\/es\/#\/schema\/logo\/image\/\",\"url\":\"https:\/\/hotelelscassadors.com\/wp-content\/uploads\/2018\/05\/logoweb.png\",\"contentUrl\":\"https:\/\/hotelelscassadors.com\/wp-content\/uploads\/2018\/05\/logoweb.png\",\"width\":386,\"height\":160,\"caption\":\"Els Ca\u00e7adors de Ma\u00e7anet Hotel Restaurant\"},\"image\":{\"@id\":\"https:\/\/hotelelscassadors.com\/es\/#\/schema\/logo\/image\/\"}}]}<\/script>\n<!-- \/ Yoast SEO plugin. -->","yoast_head_json":{"title":"Els Ca\u00e7adors de Ma\u00e7anet &#8902; Hotel Gastron\u00f3mico en el Pirineo de Girona","description":"Hotel Gastron\u00f3mico Els Ca\u00e7adors del Ma\u00e7anet, situado en el Pirineo de Girona, es perfecto para descubrir la magia del Empord\u00e0. Nuestro restaurante de cocina tradicional catalana, liderado por el chef Santi Valls Achicoria, ofrece elaboraciones que respetan al m\u00e1ximo una materia prima de alta calidad.","robots":{"index":"index","follow":"follow","max-snippet":"max-snippet:-1","max-image-preview":"max-image-preview:large","max-video-preview":"max-video-preview:-1"},"canonical":"https:\/\/hotelelscassadors.com\/es\/","og_locale":"es_ES","og_type":"article","og_title":"Els Ca\u00e7adors de Ma\u00e7anet &#8902; Hotel Gastron\u00f3mico en el Pirineo de Girona","og_description":"Hotel Gastron\u00f3mico Els Ca\u00e7adors del Ma\u00e7anet, situado en el Pirineo de Girona, es perfecto para descubrir la magia del Empord\u00e0. Nuestro restaurante de cocina tradicional catalana, liderado por el chef Santi Valls Achicoria, ofrece elaboraciones que respetan al m\u00e1ximo una materia prima de alta calidad.","og_url":"https:\/\/hotelelscassadors.com\/es\/","og_site_name":"Els Ca\u00e7adors de Ma\u00e7anet","article_publisher":"https:\/\/www.facebook.com\/Restaurant-Hotel-Els-Ca%c3%a7adors-de-Ma%c3%a7anet-901920089887268\/","article_modified_time":"2026-04-07T14:21:47+00:00","og_image":[{"url":"https:\/\/hotelelscassadors.com\/wp-content\/uploads\/2018\/05\/logowebpetit.png"}],"twitter_card":"summary_large_image","twitter_misc":{"Tiempo de lectura":"3 minutos"},"schema":{"@context":"https:\/\/schema.org","@graph":[{"@type":"WebPage","@id":"https:\/\/hotelelscassadors.com\/es\/","url":"https:\/\/hotelelscassadors.com\/es\/","name":"Els Ca\u00e7adors de Ma\u00e7anet &#8902; Hotel Gastron\u00f3mico en el Pirineo de Girona","isPartOf":{"@id":"https:\/\/hotelelscassadors.com\/es\/#website"},"datePublished":"2018-04-27T09:46:04+00:00","dateModified":"2026-04-07T14:21:47+00:00","description":"Hotel Gastron\u00f3mico Els Ca\u00e7adors del Ma\u00e7anet, situado en el Pirineo de Girona, es perfecto para descubrir la magia del Empord\u00e0. Nuestro restaurante de cocina tradicional catalana, liderado por el chef Santi Valls Achicoria, ofrece elaboraciones que respetan al m\u00e1ximo una materia prima de alta calidad.","breadcrumb":{"@id":"https:\/\/hotelelscassadors.com\/es\/#breadcrumb"},"inLanguage":"es","potentialAction":[{"@type":"ReadAction","target":["https:\/\/hotelelscassadors.com\/es\/"]}]},{"@type":"BreadcrumbList","@id":"https:\/\/hotelelscassadors.com\/es\/#breadcrumb","itemListElement":[{"@type":"ListItem","position":1,"name":"Portada","item":"https:\/\/hotelelscassadors.com\/es\/"},{"@type":"ListItem","position":2,"name":"Inicio"}]},{"@type":"WebSite","@id":"https:\/\/hotelelscassadors.com\/es\/#website","url":"https:\/\/hotelelscassadors.com\/es\/","name":"Hotel Els Ca\u00e7adors de Ma\u00e7anet","description":"Hotel \u00b7 Restaurant","publisher":{"@id":"https:\/\/hotelelscassadors.com\/es\/#organization"},"potentialAction":[{"@type":"SearchAction","target":{"@type":"EntryPoint","urlTemplate":"https:\/\/hotelelscassadors.com\/es\/?s={search_term_string}"},"query-input":"required name=search_term_string"}],"inLanguage":"es"},{"@type":"Organization","@id":"https:\/\/hotelelscassadors.com\/es\/#organization","name":"Els Ca\u00e7adors de Ma\u00e7anet Hotel Restaurant","url":"https:\/\/hotelelscassadors.com\/es\/","sameAs":["https:\/\/www.facebook.com\/Restaurant-Hotel-Els-Ca\u00e7adors-de-Ma\u00e7anet-901920089887268\/"],"logo":{"@type":"ImageObject","inLanguage":"es","@id":"https:\/\/hotelelscassadors.com\/es\/#\/schema\/logo\/image\/","url":"https:\/\/hotelelscassadors.com\/wp-content\/uploads\/2018\/05\/logoweb.png","contentUrl":"https:\/\/hotelelscassadors.com\/wp-content\/uploads\/2018\/05\/logoweb.png","width":386,"height":160,"caption":"Els Ca\u00e7adors de Ma\u00e7anet Hotel Restaurant"},"image":{"@id":"https:\/\/hotelelscassadors.com\/es\/#\/schema\/logo\/image\/"}}]}},"_links":{"self":[{"href":"https:\/\/hotelelscassadors.com\/es\/wp-json\/wp\/v2\/pages\/349"}],"collection":[{"href":"https:\/\/hotelelscassadors.com\/es\/wp-json\/wp\/v2\/pages"}],"about":[{"href":"https:\/\/hotelelscassadors.com\/es\/wp-json\/wp\/v2\/types\/page"}],"author":[{"embeddable":true,"href":"https:\/\/hotelelscassadors.com\/es\/wp-json\/wp\/v2\/users\/3"}],"replies":[{"embeddable":true,"href":"https:\/\/hotelelscassadors.com\/es\/wp-json\/wp\/v2\/comments?post=349"}],"version-history":[{"count":59,"href":"https:\/\/hotelelscassadors.com\/es\/wp-json\/wp\/v2\/pages\/349\/revisions"}],"predecessor-version":[{"id":2353,"href":"https:\/\/hotelelscassadors.com\/es\/wp-json\/wp\/v2\/pages\/349\/revisions\/2353"}],"wp:attachment":[{"href":"https:\/\/hotelelscassadors.com\/es\/wp-json\/wp\/v2\/media?parent=349"}],"curies":[{"name":"wp","href":"https:\/\/api.w.org\/{rel}","templated":true}]}}