{"id":346,"date":"2018-05-25T12:58:13","date_gmt":"2018-05-25T10:58:13","guid":{"rendered":"https:\/\/hotelelscassadors.com\/hotel-restaurant-bib-gourmand-guia-michelin-2018\/"},"modified":"2019-02-11T10:02:15","modified_gmt":"2019-02-11T09:02:15","slug":"hotel-restaurante-bib-gourmand-guia-michelin-2019","status":"publish","type":"page","link":"https:\/\/hotelelscassadors.com\/es\/hotel-restaurante-bib-gourmand-guia-michelin-2019\/","title":{"rendered":"Hotel Restaurante Bib Gourmand Gu\u00eda Michelin 2019"},"content":{"rendered":"<p>Disfruta de la cocina tradicional catalana en el Hotel Els Ca\u00e7adors, que es un Hotel Restaurante Bib Gourmand Gu\u00eda Michelin 2019. Utilizamos materia prima de proximidad y calidad con una <a href=\"https:\/\/hotelelscassadors.com\/proposta-i-carta\/\">propuesta de carta<\/a> que respeta los ingredientes.<\/p>\n<p>&nbsp;<\/p>\n<p><strong>\u00bfQu\u00e9 significa el distintivo Bib Gourmand?<\/strong><\/p>\n<p>Para conseguir esta distinci\u00f3n debes ser un restaurante de alta cocina, de gran calidad y a buen precio. Los inspectores de la Guia Michelin otorgan estos distintivos a aquellos restaurantes d\u00f3nde la cocina destaca por su gran calidad y por su moderado precio.<\/p>\n<p>El distintivo se reconoce como un pictograma de la cabeza de Bibendum, la mascota de Michelin, mientras se relame. La se\u00f1al que reconoce las buenas mesas asequibles.<\/p>\n<p>En la actualidad, son m\u00e1s los restaurantes con la distinci\u00f3n Bib Gourmand que los restaurantes con una o varias estrellas. Un hecho que revela la preocupaci\u00f3n de la gu\u00eda francesa por\u00a0ser \u00fatil para toda clase de presupuestos u ocasiones\u00a0y el inter\u00e9s de muchos restauradores y cocineros por llegar a todos los bolsillos. Un reconocimiento que, en algunos casos, puede presagiar una futura primera estrella Michelin.<\/p>\n<p>&nbsp;<\/p>\n","protected":false},"excerpt":{"rendered":"<p>Disfruta de la cocina tradicional catalana en el Hotel Els Ca\u00e7adors, que es un Hotel Restaurante Bib Gourmand Gu\u00eda Michelin 2019. Utilizamos materia prima de proximidad y calidad con una propuesta de carta que respeta los ingredientes. &nbsp; \u00bfQu\u00e9 significa el distintivo Bib Gourmand? Para conseguir esta distinci\u00f3n debes ser un restaurante de alta cocina,&hellip;<\/p>\n","protected":false},"author":3,"featured_media":0,"parent":0,"menu_order":0,"comment_status":"closed","ping_status":"closed","template":"","meta":[],"yoast_head":"<!-- This site is optimized with the Yoast SEO plugin v19.6 - https:\/\/yoast.com\/wordpress\/plugins\/seo\/ -->\n<title>Hotel Restaurante Bib Gourmand Guia Michelin 2018 - Els Ca\u00e7adors<\/title>\n<meta name=\"description\" content=\"Disfruta de la cocina tradicional catalana en Els Ca\u00e7adors, es un Hotel Restaurante Bib Gourmand Gu\u00eda Michelin 2018. Materia prima de proximidad y calidad con platos elaborados por el chef Santi Valls.\" \/>\n<meta name=\"robots\" content=\"index, follow, max-snippet:-1, max-image-preview:large, max-video-preview:-1\" \/>\n<link rel=\"canonical\" href=\"https:\/\/hotelelscassadors.com\/es\/hotel-restaurante-bib-gourmand-guia-michelin-2019\/\" \/>\n<meta property=\"og:locale\" content=\"es_ES\" \/>\n<meta property=\"og:type\" content=\"article\" \/>\n<meta property=\"og:title\" content=\"Hotel Restaurante Bib Gourmand Guia Michelin 2018 - Els Ca\u00e7adors\" \/>\n<meta property=\"og:description\" content=\"Disfruta de la cocina tradicional catalana en Els Ca\u00e7adors, es un Hotel Restaurante Bib Gourmand Gu\u00eda Michelin 2018. Materia prima de proximidad y calidad con platos elaborados por el chef Santi Valls.\" \/>\n<meta property=\"og:url\" content=\"https:\/\/hotelelscassadors.com\/es\/hotel-restaurante-bib-gourmand-guia-michelin-2019\/\" \/>\n<meta property=\"og:site_name\" content=\"Els Ca\u00e7adors de Ma\u00e7anet\" \/>\n<meta property=\"article:publisher\" content=\"https:\/\/www.facebook.com\/Restaurant-Hotel-Els-Ca%c3%a7adors-de-Ma%c3%a7anet-901920089887268\/\" \/>\n<meta property=\"article:modified_time\" content=\"2019-02-11T09:02:15+00:00\" \/>\n<meta name=\"twitter:card\" content=\"summary_large_image\" \/>\n<meta name=\"twitter:label1\" content=\"Tiempo de lectura\" \/>\n\t<meta name=\"twitter:data1\" content=\"1 minuto\" \/>\n<script type=\"application\/ld+json\" class=\"yoast-schema-graph\">{\"@context\":\"https:\/\/schema.org\",\"@graph\":[{\"@type\":\"WebPage\",\"@id\":\"https:\/\/hotelelscassadors.com\/es\/hotel-restaurante-bib-gourmand-guia-michelin-2019\/\",\"url\":\"https:\/\/hotelelscassadors.com\/es\/hotel-restaurante-bib-gourmand-guia-michelin-2019\/\",\"name\":\"Hotel Restaurante Bib Gourmand Guia Michelin 2018 - Els Ca\u00e7adors\",\"isPartOf\":{\"@id\":\"https:\/\/hotelelscassadors.com\/es\/#website\"},\"datePublished\":\"2018-05-25T10:58:13+00:00\",\"dateModified\":\"2019-02-11T09:02:15+00:00\",\"description\":\"Disfruta de la cocina tradicional catalana en Els Ca\u00e7adors, es un Hotel Restaurante Bib Gourmand Gu\u00eda Michelin 2018. Materia prima de proximidad y calidad con platos elaborados por el chef Santi Valls.\",\"breadcrumb\":{\"@id\":\"https:\/\/hotelelscassadors.com\/es\/hotel-restaurante-bib-gourmand-guia-michelin-2019\/#breadcrumb\"},\"inLanguage\":\"es\",\"potentialAction\":[{\"@type\":\"ReadAction\",\"target\":[\"https:\/\/hotelelscassadors.com\/es\/hotel-restaurante-bib-gourmand-guia-michelin-2019\/\"]}]},{\"@type\":\"BreadcrumbList\",\"@id\":\"https:\/\/hotelelscassadors.com\/es\/hotel-restaurante-bib-gourmand-guia-michelin-2019\/#breadcrumb\",\"itemListElement\":[{\"@type\":\"ListItem\",\"position\":1,\"name\":\"Portada\",\"item\":\"https:\/\/hotelelscassadors.com\/es\/\"},{\"@type\":\"ListItem\",\"position\":2,\"name\":\"Hotel Restaurante Bib Gourmand Gu\u00eda Michelin 2019\"}]},{\"@type\":\"WebSite\",\"@id\":\"https:\/\/hotelelscassadors.com\/es\/#website\",\"url\":\"https:\/\/hotelelscassadors.com\/es\/\",\"name\":\"Hotel Els Ca\u00e7adors de Ma\u00e7anet\",\"description\":\"Hotel \u00b7 Restaurant\",\"publisher\":{\"@id\":\"https:\/\/hotelelscassadors.com\/es\/#organization\"},\"potentialAction\":[{\"@type\":\"SearchAction\",\"target\":{\"@type\":\"EntryPoint\",\"urlTemplate\":\"https:\/\/hotelelscassadors.com\/es\/?s={search_term_string}\"},\"query-input\":\"required name=search_term_string\"}],\"inLanguage\":\"es\"},{\"@type\":\"Organization\",\"@id\":\"https:\/\/hotelelscassadors.com\/es\/#organization\",\"name\":\"Els Ca\u00e7adors de Ma\u00e7anet Hotel Restaurant\",\"url\":\"https:\/\/hotelelscassadors.com\/es\/\",\"sameAs\":[\"https:\/\/www.facebook.com\/Restaurant-Hotel-Els-Ca\u00e7adors-de-Ma\u00e7anet-901920089887268\/\"],\"logo\":{\"@type\":\"ImageObject\",\"inLanguage\":\"es\",\"@id\":\"https:\/\/hotelelscassadors.com\/es\/#\/schema\/logo\/image\/\",\"url\":\"https:\/\/hotelelscassadors.com\/wp-content\/uploads\/2018\/05\/logoweb.png\",\"contentUrl\":\"https:\/\/hotelelscassadors.com\/wp-content\/uploads\/2018\/05\/logoweb.png\",\"width\":386,\"height\":160,\"caption\":\"Els Ca\u00e7adors de Ma\u00e7anet Hotel Restaurant\"},\"image\":{\"@id\":\"https:\/\/hotelelscassadors.com\/es\/#\/schema\/logo\/image\/\"}}]}<\/script>\n<!-- \/ Yoast SEO plugin. -->","yoast_head_json":{"title":"Hotel Restaurante Bib Gourmand Guia Michelin 2018 - Els Ca\u00e7adors","description":"Disfruta de la cocina tradicional catalana en Els Ca\u00e7adors, es un Hotel Restaurante Bib Gourmand Gu\u00eda Michelin 2018. Materia prima de proximidad y calidad con platos elaborados por el chef Santi Valls.","robots":{"index":"index","follow":"follow","max-snippet":"max-snippet:-1","max-image-preview":"max-image-preview:large","max-video-preview":"max-video-preview:-1"},"canonical":"https:\/\/hotelelscassadors.com\/es\/hotel-restaurante-bib-gourmand-guia-michelin-2019\/","og_locale":"es_ES","og_type":"article","og_title":"Hotel Restaurante Bib Gourmand Guia Michelin 2018 - Els Ca\u00e7adors","og_description":"Disfruta de la cocina tradicional catalana en Els Ca\u00e7adors, es un Hotel Restaurante Bib Gourmand Gu\u00eda Michelin 2018. Materia prima de proximidad y calidad con platos elaborados por el chef Santi Valls.","og_url":"https:\/\/hotelelscassadors.com\/es\/hotel-restaurante-bib-gourmand-guia-michelin-2019\/","og_site_name":"Els Ca\u00e7adors de Ma\u00e7anet","article_publisher":"https:\/\/www.facebook.com\/Restaurant-Hotel-Els-Ca%c3%a7adors-de-Ma%c3%a7anet-901920089887268\/","article_modified_time":"2019-02-11T09:02:15+00:00","twitter_card":"summary_large_image","twitter_misc":{"Tiempo de lectura":"1 minuto"},"schema":{"@context":"https:\/\/schema.org","@graph":[{"@type":"WebPage","@id":"https:\/\/hotelelscassadors.com\/es\/hotel-restaurante-bib-gourmand-guia-michelin-2019\/","url":"https:\/\/hotelelscassadors.com\/es\/hotel-restaurante-bib-gourmand-guia-michelin-2019\/","name":"Hotel Restaurante Bib Gourmand Guia Michelin 2018 - Els Ca\u00e7adors","isPartOf":{"@id":"https:\/\/hotelelscassadors.com\/es\/#website"},"datePublished":"2018-05-25T10:58:13+00:00","dateModified":"2019-02-11T09:02:15+00:00","description":"Disfruta de la cocina tradicional catalana en Els Ca\u00e7adors, es un Hotel Restaurante Bib Gourmand Gu\u00eda Michelin 2018. Materia prima de proximidad y calidad con platos elaborados por el chef Santi Valls.","breadcrumb":{"@id":"https:\/\/hotelelscassadors.com\/es\/hotel-restaurante-bib-gourmand-guia-michelin-2019\/#breadcrumb"},"inLanguage":"es","potentialAction":[{"@type":"ReadAction","target":["https:\/\/hotelelscassadors.com\/es\/hotel-restaurante-bib-gourmand-guia-michelin-2019\/"]}]},{"@type":"BreadcrumbList","@id":"https:\/\/hotelelscassadors.com\/es\/hotel-restaurante-bib-gourmand-guia-michelin-2019\/#breadcrumb","itemListElement":[{"@type":"ListItem","position":1,"name":"Portada","item":"https:\/\/hotelelscassadors.com\/es\/"},{"@type":"ListItem","position":2,"name":"Hotel Restaurante Bib Gourmand Gu\u00eda Michelin 2019"}]},{"@type":"WebSite","@id":"https:\/\/hotelelscassadors.com\/es\/#website","url":"https:\/\/hotelelscassadors.com\/es\/","name":"Hotel Els Ca\u00e7adors de Ma\u00e7anet","description":"Hotel \u00b7 Restaurant","publisher":{"@id":"https:\/\/hotelelscassadors.com\/es\/#organization"},"potentialAction":[{"@type":"SearchAction","target":{"@type":"EntryPoint","urlTemplate":"https:\/\/hotelelscassadors.com\/es\/?s={search_term_string}"},"query-input":"required name=search_term_string"}],"inLanguage":"es"},{"@type":"Organization","@id":"https:\/\/hotelelscassadors.com\/es\/#organization","name":"Els Ca\u00e7adors de Ma\u00e7anet Hotel Restaurant","url":"https:\/\/hotelelscassadors.com\/es\/","sameAs":["https:\/\/www.facebook.com\/Restaurant-Hotel-Els-Ca\u00e7adors-de-Ma\u00e7anet-901920089887268\/"],"logo":{"@type":"ImageObject","inLanguage":"es","@id":"https:\/\/hotelelscassadors.com\/es\/#\/schema\/logo\/image\/","url":"https:\/\/hotelelscassadors.com\/wp-content\/uploads\/2018\/05\/logoweb.png","contentUrl":"https:\/\/hotelelscassadors.com\/wp-content\/uploads\/2018\/05\/logoweb.png","width":386,"height":160,"caption":"Els Ca\u00e7adors de Ma\u00e7anet Hotel Restaurant"},"image":{"@id":"https:\/\/hotelelscassadors.com\/es\/#\/schema\/logo\/image\/"}}]}},"_links":{"self":[{"href":"https:\/\/hotelelscassadors.com\/es\/wp-json\/wp\/v2\/pages\/346"}],"collection":[{"href":"https:\/\/hotelelscassadors.com\/es\/wp-json\/wp\/v2\/pages"}],"about":[{"href":"https:\/\/hotelelscassadors.com\/es\/wp-json\/wp\/v2\/types\/page"}],"author":[{"embeddable":true,"href":"https:\/\/hotelelscassadors.com\/es\/wp-json\/wp\/v2\/users\/3"}],"replies":[{"embeddable":true,"href":"https:\/\/hotelelscassadors.com\/es\/wp-json\/wp\/v2\/comments?post=346"}],"version-history":[{"count":18,"href":"https:\/\/hotelelscassadors.com\/es\/wp-json\/wp\/v2\/pages\/346\/revisions"}],"predecessor-version":[{"id":1337,"href":"https:\/\/hotelelscassadors.com\/es\/wp-json\/wp\/v2\/pages\/346\/revisions\/1337"}],"wp:attachment":[{"href":"https:\/\/hotelelscassadors.com\/es\/wp-json\/wp\/v2\/media?parent=346"}],"curies":[{"name":"wp","href":"https:\/\/api.w.org\/{rel}","templated":true}]}}