{"id":334,"date":"2018-05-25T12:59:38","date_gmt":"2018-05-25T10:59:38","guid":{"rendered":"https:\/\/hotelelscassadors.com\/hotel-gastronomic-girona\/"},"modified":"2018-06-04T13:53:44","modified_gmt":"2018-06-04T11:53:44","slug":"hotel-gastronomico-girona","status":"publish","type":"page","link":"https:\/\/hotelelscassadors.com\/es\/hotel-gastronomico-girona\/","title":{"rendered":"Hotel Gastron\u00f3mico Girona"},"content":{"rendered":"<p>Al\u00f3jate en un espacio donde la comodidad y la buena comida van de la mano en el <strong>Hotel Gastron\u00f3mico Girona<\/strong>, Els Ca\u00e7adors.\u00a0 Trabajamos con materia prima de proximidad. Adem\u00e1s, tenemos una <a href=\"\/?page_id=258\">propuesta de men\u00fa<\/a> con lo mejor de la cocina catalana tradicional. Nuestro hotel est\u00e1 reconocido con el <a href=\"https:\/\/guia.michelin.es\/2zt3x79\/els-cacadors-macanet-de-cabrenys\">Bib Gourmand de la Gu\u00eda Michelin 2018<\/a>.<\/p>\n<h4>Hotel Gastron\u00f3mico en Girona<\/h4>\n<p>Para nuestras elaboraciones utilizamos productos locales como la <strong>butifarra negra o de sal y pimienta de Ma\u00e7anet. <\/strong><\/p>\n<p>Y otros de la zona como el <strong>arroz de Pals<\/strong>\u00a0o la ternera de Girona. La carta destaca por propuestas como el <strong>arroz con sepia y butifarra<\/strong>, con car\u00e1cter mar\u00edtimo y de monta\u00f1a<strong>. <\/strong><\/p>\n<p>Tambi\u00e9n contamos con espalda de cabrito al horno, donde disfrutar de la carne gerundense. \u00a0Sin olvidar propuestas con lo mejor de cada temporada, como la <strong>crema de calabaza con butifarra.<\/strong><\/p>\n","protected":false},"excerpt":{"rendered":"<p>Al\u00f3jate en un espacio donde la comodidad y la buena comida van de la mano en el Hotel Gastron\u00f3mico Girona, Els Ca\u00e7adors.\u00a0 Trabajamos con materia prima de proximidad. Adem\u00e1s, tenemos una propuesta de men\u00fa con lo mejor de la cocina catalana tradicional. Nuestro hotel est\u00e1 reconocido con el Bib Gourmand de la Gu\u00eda Michelin 2018.&hellip;<\/p>\n","protected":false},"author":3,"featured_media":0,"parent":0,"menu_order":0,"comment_status":"closed","ping_status":"closed","template":"","meta":[],"yoast_head":"<!-- This site is optimized with the Yoast SEO plugin v19.6 - https:\/\/yoast.com\/wordpress\/plugins\/seo\/ -->\n<title>Hotel Gastron\u00f3mico Girona - Els Ca\u00e7adors de Ma\u00e7anet<\/title>\n<meta name=\"description\" content=\"Al\u00f3jate en un espacio donde la comodidad y la buena comida van de la mano con el Hotel Gastron\u00f3mico Girona Els Ca\u00e7adors. Trabajamos con materia prima de proximidad y calidad y una propuesta de men\u00fa que te trae lo mejor de la cocina catalana tradicional.\" \/>\n<meta name=\"robots\" content=\"index, follow, max-snippet:-1, max-image-preview:large, max-video-preview:-1\" \/>\n<link rel=\"canonical\" href=\"https:\/\/hotelelscassadors.com\/es\/hotel-gastronomico-girona\/\" \/>\n<meta property=\"og:locale\" content=\"es_ES\" \/>\n<meta property=\"og:type\" content=\"article\" \/>\n<meta property=\"og:title\" content=\"Hotel Gastron\u00f3mico Girona - Els Ca\u00e7adors de Ma\u00e7anet\" \/>\n<meta property=\"og:description\" content=\"Al\u00f3jate en un espacio donde la comodidad y la buena comida van de la mano con el Hotel Gastron\u00f3mico Girona Els Ca\u00e7adors. Trabajamos con materia prima de proximidad y calidad y una propuesta de men\u00fa que te trae lo mejor de la cocina catalana tradicional.\" \/>\n<meta property=\"og:url\" content=\"https:\/\/hotelelscassadors.com\/es\/hotel-gastronomico-girona\/\" \/>\n<meta property=\"og:site_name\" content=\"Els Ca\u00e7adors de Ma\u00e7anet\" \/>\n<meta property=\"article:publisher\" content=\"https:\/\/www.facebook.com\/Restaurant-Hotel-Els-Ca%c3%a7adors-de-Ma%c3%a7anet-901920089887268\/\" \/>\n<meta property=\"article:modified_time\" content=\"2018-06-04T11:53:44+00:00\" \/>\n<meta name=\"twitter:card\" content=\"summary_large_image\" \/>\n<meta name=\"twitter:label1\" content=\"Tiempo de lectura\" \/>\n\t<meta name=\"twitter:data1\" content=\"1 minuto\" \/>\n<script type=\"application\/ld+json\" class=\"yoast-schema-graph\">{\"@context\":\"https:\/\/schema.org\",\"@graph\":[{\"@type\":\"WebPage\",\"@id\":\"https:\/\/hotelelscassadors.com\/es\/hotel-gastronomico-girona\/\",\"url\":\"https:\/\/hotelelscassadors.com\/es\/hotel-gastronomico-girona\/\",\"name\":\"Hotel Gastron\u00f3mico Girona - Els Ca\u00e7adors de Ma\u00e7anet\",\"isPartOf\":{\"@id\":\"https:\/\/hotelelscassadors.com\/es\/#website\"},\"datePublished\":\"2018-05-25T10:59:38+00:00\",\"dateModified\":\"2018-06-04T11:53:44+00:00\",\"description\":\"Al\u00f3jate en un espacio donde la comodidad y la buena comida van de la mano con el Hotel Gastron\u00f3mico Girona Els Ca\u00e7adors. Trabajamos con materia prima de proximidad y calidad y una propuesta de men\u00fa que te trae lo mejor de la cocina catalana tradicional.\",\"breadcrumb\":{\"@id\":\"https:\/\/hotelelscassadors.com\/es\/hotel-gastronomico-girona\/#breadcrumb\"},\"inLanguage\":\"es\",\"potentialAction\":[{\"@type\":\"ReadAction\",\"target\":[\"https:\/\/hotelelscassadors.com\/es\/hotel-gastronomico-girona\/\"]}]},{\"@type\":\"BreadcrumbList\",\"@id\":\"https:\/\/hotelelscassadors.com\/es\/hotel-gastronomico-girona\/#breadcrumb\",\"itemListElement\":[{\"@type\":\"ListItem\",\"position\":1,\"name\":\"Portada\",\"item\":\"https:\/\/hotelelscassadors.com\/es\/\"},{\"@type\":\"ListItem\",\"position\":2,\"name\":\"Hotel Gastron\u00f3mico Girona\"}]},{\"@type\":\"WebSite\",\"@id\":\"https:\/\/hotelelscassadors.com\/es\/#website\",\"url\":\"https:\/\/hotelelscassadors.com\/es\/\",\"name\":\"Hotel Els Ca\u00e7adors de Ma\u00e7anet\",\"description\":\"Hotel \u00b7 Restaurant\",\"publisher\":{\"@id\":\"https:\/\/hotelelscassadors.com\/es\/#organization\"},\"potentialAction\":[{\"@type\":\"SearchAction\",\"target\":{\"@type\":\"EntryPoint\",\"urlTemplate\":\"https:\/\/hotelelscassadors.com\/es\/?s={search_term_string}\"},\"query-input\":\"required name=search_term_string\"}],\"inLanguage\":\"es\"},{\"@type\":\"Organization\",\"@id\":\"https:\/\/hotelelscassadors.com\/es\/#organization\",\"name\":\"Els Ca\u00e7adors de Ma\u00e7anet Hotel Restaurant\",\"url\":\"https:\/\/hotelelscassadors.com\/es\/\",\"sameAs\":[\"https:\/\/www.facebook.com\/Restaurant-Hotel-Els-Ca\u00e7adors-de-Ma\u00e7anet-901920089887268\/\"],\"logo\":{\"@type\":\"ImageObject\",\"inLanguage\":\"es\",\"@id\":\"https:\/\/hotelelscassadors.com\/es\/#\/schema\/logo\/image\/\",\"url\":\"https:\/\/hotelelscassadors.com\/wp-content\/uploads\/2018\/05\/logoweb.png\",\"contentUrl\":\"https:\/\/hotelelscassadors.com\/wp-content\/uploads\/2018\/05\/logoweb.png\",\"width\":386,\"height\":160,\"caption\":\"Els Ca\u00e7adors de Ma\u00e7anet Hotel Restaurant\"},\"image\":{\"@id\":\"https:\/\/hotelelscassadors.com\/es\/#\/schema\/logo\/image\/\"}}]}<\/script>\n<!-- \/ Yoast SEO plugin. -->","yoast_head_json":{"title":"Hotel Gastron\u00f3mico Girona - Els Ca\u00e7adors de Ma\u00e7anet","description":"Al\u00f3jate en un espacio donde la comodidad y la buena comida van de la mano con el Hotel Gastron\u00f3mico Girona Els Ca\u00e7adors. Trabajamos con materia prima de proximidad y calidad y una propuesta de men\u00fa que te trae lo mejor de la cocina catalana tradicional.","robots":{"index":"index","follow":"follow","max-snippet":"max-snippet:-1","max-image-preview":"max-image-preview:large","max-video-preview":"max-video-preview:-1"},"canonical":"https:\/\/hotelelscassadors.com\/es\/hotel-gastronomico-girona\/","og_locale":"es_ES","og_type":"article","og_title":"Hotel Gastron\u00f3mico Girona - Els Ca\u00e7adors de Ma\u00e7anet","og_description":"Al\u00f3jate en un espacio donde la comodidad y la buena comida van de la mano con el Hotel Gastron\u00f3mico Girona Els Ca\u00e7adors. Trabajamos con materia prima de proximidad y calidad y una propuesta de men\u00fa que te trae lo mejor de la cocina catalana tradicional.","og_url":"https:\/\/hotelelscassadors.com\/es\/hotel-gastronomico-girona\/","og_site_name":"Els Ca\u00e7adors de Ma\u00e7anet","article_publisher":"https:\/\/www.facebook.com\/Restaurant-Hotel-Els-Ca%c3%a7adors-de-Ma%c3%a7anet-901920089887268\/","article_modified_time":"2018-06-04T11:53:44+00:00","twitter_card":"summary_large_image","twitter_misc":{"Tiempo de lectura":"1 minuto"},"schema":{"@context":"https:\/\/schema.org","@graph":[{"@type":"WebPage","@id":"https:\/\/hotelelscassadors.com\/es\/hotel-gastronomico-girona\/","url":"https:\/\/hotelelscassadors.com\/es\/hotel-gastronomico-girona\/","name":"Hotel Gastron\u00f3mico Girona - Els Ca\u00e7adors de Ma\u00e7anet","isPartOf":{"@id":"https:\/\/hotelelscassadors.com\/es\/#website"},"datePublished":"2018-05-25T10:59:38+00:00","dateModified":"2018-06-04T11:53:44+00:00","description":"Al\u00f3jate en un espacio donde la comodidad y la buena comida van de la mano con el Hotel Gastron\u00f3mico Girona Els Ca\u00e7adors. Trabajamos con materia prima de proximidad y calidad y una propuesta de men\u00fa que te trae lo mejor de la cocina catalana tradicional.","breadcrumb":{"@id":"https:\/\/hotelelscassadors.com\/es\/hotel-gastronomico-girona\/#breadcrumb"},"inLanguage":"es","potentialAction":[{"@type":"ReadAction","target":["https:\/\/hotelelscassadors.com\/es\/hotel-gastronomico-girona\/"]}]},{"@type":"BreadcrumbList","@id":"https:\/\/hotelelscassadors.com\/es\/hotel-gastronomico-girona\/#breadcrumb","itemListElement":[{"@type":"ListItem","position":1,"name":"Portada","item":"https:\/\/hotelelscassadors.com\/es\/"},{"@type":"ListItem","position":2,"name":"Hotel Gastron\u00f3mico Girona"}]},{"@type":"WebSite","@id":"https:\/\/hotelelscassadors.com\/es\/#website","url":"https:\/\/hotelelscassadors.com\/es\/","name":"Hotel Els Ca\u00e7adors de Ma\u00e7anet","description":"Hotel \u00b7 Restaurant","publisher":{"@id":"https:\/\/hotelelscassadors.com\/es\/#organization"},"potentialAction":[{"@type":"SearchAction","target":{"@type":"EntryPoint","urlTemplate":"https:\/\/hotelelscassadors.com\/es\/?s={search_term_string}"},"query-input":"required name=search_term_string"}],"inLanguage":"es"},{"@type":"Organization","@id":"https:\/\/hotelelscassadors.com\/es\/#organization","name":"Els Ca\u00e7adors de Ma\u00e7anet Hotel Restaurant","url":"https:\/\/hotelelscassadors.com\/es\/","sameAs":["https:\/\/www.facebook.com\/Restaurant-Hotel-Els-Ca\u00e7adors-de-Ma\u00e7anet-901920089887268\/"],"logo":{"@type":"ImageObject","inLanguage":"es","@id":"https:\/\/hotelelscassadors.com\/es\/#\/schema\/logo\/image\/","url":"https:\/\/hotelelscassadors.com\/wp-content\/uploads\/2018\/05\/logoweb.png","contentUrl":"https:\/\/hotelelscassadors.com\/wp-content\/uploads\/2018\/05\/logoweb.png","width":386,"height":160,"caption":"Els Ca\u00e7adors de Ma\u00e7anet Hotel Restaurant"},"image":{"@id":"https:\/\/hotelelscassadors.com\/es\/#\/schema\/logo\/image\/"}}]}},"_links":{"self":[{"href":"https:\/\/hotelelscassadors.com\/es\/wp-json\/wp\/v2\/pages\/334"}],"collection":[{"href":"https:\/\/hotelelscassadors.com\/es\/wp-json\/wp\/v2\/pages"}],"about":[{"href":"https:\/\/hotelelscassadors.com\/es\/wp-json\/wp\/v2\/types\/page"}],"author":[{"embeddable":true,"href":"https:\/\/hotelelscassadors.com\/es\/wp-json\/wp\/v2\/users\/3"}],"replies":[{"embeddable":true,"href":"https:\/\/hotelelscassadors.com\/es\/wp-json\/wp\/v2\/comments?post=334"}],"version-history":[{"count":42,"href":"https:\/\/hotelelscassadors.com\/es\/wp-json\/wp\/v2\/pages\/334\/revisions"}],"predecessor-version":[{"id":1048,"href":"https:\/\/hotelelscassadors.com\/es\/wp-json\/wp\/v2\/pages\/334\/revisions\/1048"}],"wp:attachment":[{"href":"https:\/\/hotelelscassadors.com\/es\/wp-json\/wp\/v2\/media?parent=334"}],"curies":[{"name":"wp","href":"https:\/\/api.w.org\/{rel}","templated":true}]}}