{"id":331,"date":"2018-05-25T12:54:46","date_gmt":"2018-05-25T10:54:46","guid":{"rendered":"https:\/\/hotelelscassadors.com\/hotel-als-pirineus\/"},"modified":"2018-06-04T13:17:22","modified_gmt":"2018-06-04T11:17:22","slug":"hotel-en-los-pirineos","status":"publish","type":"page","link":"https:\/\/hotelelscassadors.com\/es\/hotel-en-los-pirineos\/","title":{"rendered":"Hotel en los Pirineos"},"content":{"rendered":"<p>Rod\u00e9ate de monta\u00f1as en Els Ca\u00e7adors, un precioso hotel en los Pirineos de Girona.<\/p>\n<p>Nuestro establecimiento os encantar\u00e1 para enamoraros de la magia del <strong>Empord\u00e0<\/strong>. Desde Els Ca\u00e7adors podr\u00e1s hacer <a href=\"\/?page_id=54\">excursiones por la naturaleza o escapadas a la playa<\/a>. Adem\u00e1s, es el lugar ideal para descubrir la obra de <strong>Dal\u00ed<\/strong>.<\/p>\n<h4>El Hotel en los Pirineos<\/h4>\n<p><strong>Los Pirineos<\/strong> son una cordillera situada en el norte de Espa\u00f1a y que hace de frontera natural con Francia. Su extremo m\u00e1s oriental est\u00e1 situado en la comarca del <a href=\"https:\/\/www.empordaturisme.com\">Alt Empord\u00e0<\/a>, al lado del Hotel Els Ca\u00e7adors. El entorno cuenta con una de las ofertas de senderos se\u00f1alizados m\u00e1s completa de Catalu\u00f1a.<\/p>\n","protected":false},"excerpt":{"rendered":"<p>Rod\u00e9ate de monta\u00f1as en Els Ca\u00e7adors, un precioso hotel en los Pirineos de Girona. Nuestro establecimiento os encantar\u00e1 para enamoraros de la magia del Empord\u00e0. Desde Els Ca\u00e7adors podr\u00e1s hacer excursiones por la naturaleza o escapadas a la playa. Adem\u00e1s, es el lugar ideal para descubrir la obra de Dal\u00ed. El Hotel en los Pirineos&hellip;<\/p>\n","protected":false},"author":3,"featured_media":0,"parent":0,"menu_order":0,"comment_status":"closed","ping_status":"closed","template":"","meta":[],"yoast_head":"<!-- This site is optimized with the Yoast SEO plugin v19.6 - https:\/\/yoast.com\/wordpress\/plugins\/seo\/ -->\n<title>Hotel en los Pirineos - Hotel Els Ca\u00e7adors de Ma\u00e7anet de Cabrenys<\/title>\n<meta name=\"description\" content=\"Descansa rodeado de monta\u00f1as en Els Ca\u00e7adors, un hotel en los Pirineos de Girona perfecto para descubrir la magia del Empord\u00e0. Desde nuestro hotel podr\u00e1s hacer excursiones por la naturaleza, escapadas a la playa y descubrir la obra de Dal\u00ed.\" \/>\n<meta name=\"robots\" content=\"index, follow, max-snippet:-1, max-image-preview:large, max-video-preview:-1\" \/>\n<link rel=\"canonical\" href=\"https:\/\/hotelelscassadors.com\/es\/hotel-en-los-pirineos\/\" \/>\n<meta property=\"og:locale\" content=\"es_ES\" \/>\n<meta property=\"og:type\" content=\"article\" \/>\n<meta property=\"og:title\" content=\"Hotel en los Pirineos - Hotel Els Ca\u00e7adors de Ma\u00e7anet de Cabrenys\" \/>\n<meta property=\"og:description\" content=\"Descansa rodeado de monta\u00f1as en Els Ca\u00e7adors, un hotel en los Pirineos de Girona perfecto para descubrir la magia del Empord\u00e0. Desde nuestro hotel podr\u00e1s hacer excursiones por la naturaleza, escapadas a la playa y descubrir la obra de Dal\u00ed.\" \/>\n<meta property=\"og:url\" content=\"https:\/\/hotelelscassadors.com\/es\/hotel-en-los-pirineos\/\" \/>\n<meta property=\"og:site_name\" content=\"Els Ca\u00e7adors de Ma\u00e7anet\" \/>\n<meta property=\"article:publisher\" content=\"https:\/\/www.facebook.com\/Restaurant-Hotel-Els-Ca%c3%a7adors-de-Ma%c3%a7anet-901920089887268\/\" \/>\n<meta property=\"article:modified_time\" content=\"2018-06-04T11:17:22+00:00\" \/>\n<meta name=\"twitter:card\" content=\"summary_large_image\" \/>\n<meta name=\"twitter:label1\" content=\"Tiempo de lectura\" \/>\n\t<meta name=\"twitter:data1\" content=\"1 minuto\" \/>\n<script type=\"application\/ld+json\" class=\"yoast-schema-graph\">{\"@context\":\"https:\/\/schema.org\",\"@graph\":[{\"@type\":\"WebPage\",\"@id\":\"https:\/\/hotelelscassadors.com\/es\/hotel-en-los-pirineos\/\",\"url\":\"https:\/\/hotelelscassadors.com\/es\/hotel-en-los-pirineos\/\",\"name\":\"Hotel en los Pirineos - Hotel Els Ca\u00e7adors de Ma\u00e7anet de Cabrenys\",\"isPartOf\":{\"@id\":\"https:\/\/hotelelscassadors.com\/es\/#website\"},\"datePublished\":\"2018-05-25T10:54:46+00:00\",\"dateModified\":\"2018-06-04T11:17:22+00:00\",\"description\":\"Descansa rodeado de monta\u00f1as en Els Ca\u00e7adors, un hotel en los Pirineos de Girona perfecto para descubrir la magia del Empord\u00e0. Desde nuestro hotel podr\u00e1s hacer excursiones por la naturaleza, escapadas a la playa y descubrir la obra de Dal\u00ed.\",\"breadcrumb\":{\"@id\":\"https:\/\/hotelelscassadors.com\/es\/hotel-en-los-pirineos\/#breadcrumb\"},\"inLanguage\":\"es\",\"potentialAction\":[{\"@type\":\"ReadAction\",\"target\":[\"https:\/\/hotelelscassadors.com\/es\/hotel-en-los-pirineos\/\"]}]},{\"@type\":\"BreadcrumbList\",\"@id\":\"https:\/\/hotelelscassadors.com\/es\/hotel-en-los-pirineos\/#breadcrumb\",\"itemListElement\":[{\"@type\":\"ListItem\",\"position\":1,\"name\":\"Portada\",\"item\":\"https:\/\/hotelelscassadors.com\/es\/\"},{\"@type\":\"ListItem\",\"position\":2,\"name\":\"Hotel en los Pirineos\"}]},{\"@type\":\"WebSite\",\"@id\":\"https:\/\/hotelelscassadors.com\/es\/#website\",\"url\":\"https:\/\/hotelelscassadors.com\/es\/\",\"name\":\"Hotel Els Ca\u00e7adors de Ma\u00e7anet\",\"description\":\"Hotel \u00b7 Restaurant\",\"publisher\":{\"@id\":\"https:\/\/hotelelscassadors.com\/es\/#organization\"},\"potentialAction\":[{\"@type\":\"SearchAction\",\"target\":{\"@type\":\"EntryPoint\",\"urlTemplate\":\"https:\/\/hotelelscassadors.com\/es\/?s={search_term_string}\"},\"query-input\":\"required name=search_term_string\"}],\"inLanguage\":\"es\"},{\"@type\":\"Organization\",\"@id\":\"https:\/\/hotelelscassadors.com\/es\/#organization\",\"name\":\"Els Ca\u00e7adors de Ma\u00e7anet Hotel Restaurant\",\"url\":\"https:\/\/hotelelscassadors.com\/es\/\",\"sameAs\":[\"https:\/\/www.facebook.com\/Restaurant-Hotel-Els-Ca\u00e7adors-de-Ma\u00e7anet-901920089887268\/\"],\"logo\":{\"@type\":\"ImageObject\",\"inLanguage\":\"es\",\"@id\":\"https:\/\/hotelelscassadors.com\/es\/#\/schema\/logo\/image\/\",\"url\":\"https:\/\/hotelelscassadors.com\/wp-content\/uploads\/2018\/05\/logoweb.png\",\"contentUrl\":\"https:\/\/hotelelscassadors.com\/wp-content\/uploads\/2018\/05\/logoweb.png\",\"width\":386,\"height\":160,\"caption\":\"Els Ca\u00e7adors de Ma\u00e7anet Hotel Restaurant\"},\"image\":{\"@id\":\"https:\/\/hotelelscassadors.com\/es\/#\/schema\/logo\/image\/\"}}]}<\/script>\n<!-- \/ Yoast SEO plugin. -->","yoast_head_json":{"title":"Hotel en los Pirineos - Hotel Els Ca\u00e7adors de Ma\u00e7anet de Cabrenys","description":"Descansa rodeado de monta\u00f1as en Els Ca\u00e7adors, un hotel en los Pirineos de Girona perfecto para descubrir la magia del Empord\u00e0. Desde nuestro hotel podr\u00e1s hacer excursiones por la naturaleza, escapadas a la playa y descubrir la obra de Dal\u00ed.","robots":{"index":"index","follow":"follow","max-snippet":"max-snippet:-1","max-image-preview":"max-image-preview:large","max-video-preview":"max-video-preview:-1"},"canonical":"https:\/\/hotelelscassadors.com\/es\/hotel-en-los-pirineos\/","og_locale":"es_ES","og_type":"article","og_title":"Hotel en los Pirineos - Hotel Els Ca\u00e7adors de Ma\u00e7anet de Cabrenys","og_description":"Descansa rodeado de monta\u00f1as en Els Ca\u00e7adors, un hotel en los Pirineos de Girona perfecto para descubrir la magia del Empord\u00e0. Desde nuestro hotel podr\u00e1s hacer excursiones por la naturaleza, escapadas a la playa y descubrir la obra de Dal\u00ed.","og_url":"https:\/\/hotelelscassadors.com\/es\/hotel-en-los-pirineos\/","og_site_name":"Els Ca\u00e7adors de Ma\u00e7anet","article_publisher":"https:\/\/www.facebook.com\/Restaurant-Hotel-Els-Ca%c3%a7adors-de-Ma%c3%a7anet-901920089887268\/","article_modified_time":"2018-06-04T11:17:22+00:00","twitter_card":"summary_large_image","twitter_misc":{"Tiempo de lectura":"1 minuto"},"schema":{"@context":"https:\/\/schema.org","@graph":[{"@type":"WebPage","@id":"https:\/\/hotelelscassadors.com\/es\/hotel-en-los-pirineos\/","url":"https:\/\/hotelelscassadors.com\/es\/hotel-en-los-pirineos\/","name":"Hotel en los Pirineos - Hotel Els Ca\u00e7adors de Ma\u00e7anet de Cabrenys","isPartOf":{"@id":"https:\/\/hotelelscassadors.com\/es\/#website"},"datePublished":"2018-05-25T10:54:46+00:00","dateModified":"2018-06-04T11:17:22+00:00","description":"Descansa rodeado de monta\u00f1as en Els Ca\u00e7adors, un hotel en los Pirineos de Girona perfecto para descubrir la magia del Empord\u00e0. Desde nuestro hotel podr\u00e1s hacer excursiones por la naturaleza, escapadas a la playa y descubrir la obra de Dal\u00ed.","breadcrumb":{"@id":"https:\/\/hotelelscassadors.com\/es\/hotel-en-los-pirineos\/#breadcrumb"},"inLanguage":"es","potentialAction":[{"@type":"ReadAction","target":["https:\/\/hotelelscassadors.com\/es\/hotel-en-los-pirineos\/"]}]},{"@type":"BreadcrumbList","@id":"https:\/\/hotelelscassadors.com\/es\/hotel-en-los-pirineos\/#breadcrumb","itemListElement":[{"@type":"ListItem","position":1,"name":"Portada","item":"https:\/\/hotelelscassadors.com\/es\/"},{"@type":"ListItem","position":2,"name":"Hotel en los Pirineos"}]},{"@type":"WebSite","@id":"https:\/\/hotelelscassadors.com\/es\/#website","url":"https:\/\/hotelelscassadors.com\/es\/","name":"Hotel Els Ca\u00e7adors de Ma\u00e7anet","description":"Hotel \u00b7 Restaurant","publisher":{"@id":"https:\/\/hotelelscassadors.com\/es\/#organization"},"potentialAction":[{"@type":"SearchAction","target":{"@type":"EntryPoint","urlTemplate":"https:\/\/hotelelscassadors.com\/es\/?s={search_term_string}"},"query-input":"required name=search_term_string"}],"inLanguage":"es"},{"@type":"Organization","@id":"https:\/\/hotelelscassadors.com\/es\/#organization","name":"Els Ca\u00e7adors de Ma\u00e7anet Hotel Restaurant","url":"https:\/\/hotelelscassadors.com\/es\/","sameAs":["https:\/\/www.facebook.com\/Restaurant-Hotel-Els-Ca\u00e7adors-de-Ma\u00e7anet-901920089887268\/"],"logo":{"@type":"ImageObject","inLanguage":"es","@id":"https:\/\/hotelelscassadors.com\/es\/#\/schema\/logo\/image\/","url":"https:\/\/hotelelscassadors.com\/wp-content\/uploads\/2018\/05\/logoweb.png","contentUrl":"https:\/\/hotelelscassadors.com\/wp-content\/uploads\/2018\/05\/logoweb.png","width":386,"height":160,"caption":"Els Ca\u00e7adors de Ma\u00e7anet Hotel Restaurant"},"image":{"@id":"https:\/\/hotelelscassadors.com\/es\/#\/schema\/logo\/image\/"}}]}},"_links":{"self":[{"href":"https:\/\/hotelelscassadors.com\/es\/wp-json\/wp\/v2\/pages\/331"}],"collection":[{"href":"https:\/\/hotelelscassadors.com\/es\/wp-json\/wp\/v2\/pages"}],"about":[{"href":"https:\/\/hotelelscassadors.com\/es\/wp-json\/wp\/v2\/types\/page"}],"author":[{"embeddable":true,"href":"https:\/\/hotelelscassadors.com\/es\/wp-json\/wp\/v2\/users\/3"}],"replies":[{"embeddable":true,"href":"https:\/\/hotelelscassadors.com\/es\/wp-json\/wp\/v2\/comments?post=331"}],"version-history":[{"count":7,"href":"https:\/\/hotelelscassadors.com\/es\/wp-json\/wp\/v2\/pages\/331\/revisions"}],"predecessor-version":[{"id":1006,"href":"https:\/\/hotelelscassadors.com\/es\/wp-json\/wp\/v2\/pages\/331\/revisions\/1006"}],"wp:attachment":[{"href":"https:\/\/hotelelscassadors.com\/es\/wp-json\/wp\/v2\/media?parent=331"}],"curies":[{"name":"wp","href":"https:\/\/api.w.org\/{rel}","templated":true}]}}