{"id":312,"date":"2018-05-09T12:27:14","date_gmt":"2018-05-09T12:27:14","guid":{"rendered":"https:\/\/hotelelscassadors.com\/entorn-i-activitats\/"},"modified":"2019-11-26T16:41:55","modified_gmt":"2019-11-26T15:41:55","slug":"entorno-y-actividades","status":"publish","type":"page","link":"https:\/\/hotelelscassadors.com\/es\/entorno-y-actividades\/","title":{"rendered":"Entorno y actividades"},"content":{"rendered":"\n\t<p>El <strong>Hotel Els Ca\u00e7adors<\/strong> est\u00e1 situado en las cercan\u00edas de <strong>Ma\u00e7anet de Cabrenys<\/strong>, en una zona de frondosa vegetaci\u00f3n bordeada por un arroyo.<\/p>\n<p>Es un espacio para los que buscan tranquilidad, descanso y frescura, para pasar unos d\u00edas de vacaciones en la naturaleza y que a la vez permita a aquellos que lo deseen, disfrutar de la oferta cultural y patrimonial del Empord\u00e0.<\/p>\n\t\t\t\t<img src=\"https:\/\/hotelelscassadors.com\/wp-content\/uploads\/2018\/05\/btt.jpg\" alt=\"BTT\" itemprop=\"image\" title=\"BTT\" onerror=\"this.style.display='none'\"  \/>\n<h3>\n\t\tSenderismo y BTT\n\t<\/h3>\n\t<p>Ma\u00e7anet de Cabrenys est\u00e1 situado en la subcomarca de Salines Bassegoda, a caballo del Alt Empord\u00e0 y la Alta Garrotxa. Esta zona es el nexo de uni\u00f3n entre el Pirineo interior y el Mediterr\u00e1neo, y posee una de las ofertas de senderos se\u00f1alizados m\u00e1s importantes de Catalu\u00f1a tanto para senderistas como para BTT, incluyendo un centro BTT con un punto de informaci\u00f3n y acogida en Ma\u00e7anet.<strong><em>\u00a0<\/em><\/strong>Destaca el GR11, un sendero de gran recorrido que cruza los Pirineos del Mediterr\u00e1neo al Atl\u00e1ntico, y que cruza Ma\u00e7anet en la su 42\u00aa etapa. Esta ruta es perfecta para excursionistas, tanto si solo hac\u00e9is una etapa com si hac\u00e9is una ruta de diversos d\u00edas.<\/p>\n<h3>\n\t\tCerca del hotel\n\t<\/h3>\n\t<strong>Ma\u00e7anet de Cabrenys<\/strong> dispone de un patrimonio natural y paisaj\u00edstico de gran valor, ideal para disfrutarlo con toda la familia.<br \/>\nRodeado de itinerarios se\u00f1alizados, podemos planificar salidas de todos los niveles de dificultad, a pie o en bicicleta, con salida y llegada al mismo hotel.<br \/>\nCabe destacar la abundancia de puntos de inter\u00e9s como fuentes, gorgas y \u00e1rboles monumentales.\n\t\t\t\t<img src=\"https:\/\/hotelelscassadors.com\/wp-content\/uploads\/2018\/05\/Ma\u00e7anet_de_Cabrenys_2011_43.jpg\" alt=\"Ma\u00e7anet de Cabrenys\" itemprop=\"image\" title=\"Ma\u00e7anet de Cabrenys\" onerror=\"this.style.display='none'\"  \/>\n\t\t\t\t<img src=\"https:\/\/hotelelscassadors.com\/wp-content\/uploads\/2018\/05\/dali-museum-898317_640.jpg\" alt=\"Museu Dal\u00ed\" itemprop=\"image\" title=\"Museu Dal\u00ed\" onerror=\"this.style.display='none'\"  \/>\n<h3>\n\t\tFigueres y el Teatro-Museo Dal\u00ed\n\t<\/h3>\n\t<p>En Figueres, a poco m\u00e1s de 20 km. del hotel, es imprescindible visitar el <strong>Teatro-Museo Dal\u00ed<\/strong>, donde se expone la obra del reconocido pintor ampurdan\u00e9s Salvador Dal\u00ed.<\/p>\n<p>Pero Figures es tambi\u00e9n una ciudad con un din\u00e1mico y animado centro comercial y una intensa vida cultural, con celebraciones de ferias y eventos durante todo el a\u00f1o y museos de inter\u00e9s como el Museo del Juguete, que nos permite programar una excursi\u00f3n de todo el d\u00eda.<\/p>\n<h3>\n\t\tMuseo y Ruta del Exilio\n\t<\/h3>\n\t<p>La zona donde nos encontramos, muy cerca de la frontera francesa, fue uno de los escenarios del exilio republicano, del cual encontramos diversos testimonios, en forma de rutas, museos y monumentos.<\/p>\n\t\t\t\t<img src=\"https:\/\/hotelelscassadors.com\/wp-content\/uploads\/2018\/05\/mume-museu-exili-1024x682.jpg\" alt=\"Museu de l'exili\" itemprop=\"image\" title=\"Museu de l'exili\" onerror=\"this.style.display='none'\"  \/>\n\t\t\t\t<img src=\"https:\/\/hotelelscassadors.com\/wp-content\/uploads\/2018\/05\/enoturisme-emporda.jpg\" alt=\"Enoturisme\" itemprop=\"image\" title=\"Enoturisme\" onerror=\"this.style.display='none'\"  \/>\n<h3>\n\t\tEnoturismo\n\t<\/h3>\n\t<p>La <strong>DO Empord\u00e0<\/strong> concentra gran parte de sus bodegas y vi\u00f1as en la zona de la Albera, cercana al hotel.<\/p>\n<p>Casi todas las bodegas de la DO se pueden visitar y muchas ofrecen rutas por los vi\u00f1edos, recorridos por sus bodegas y catas de vinos, entre otras actividades. Imprescindible una escapada desde el hotel para degustar unos vinos que, en los \u00faltimos a\u00f1os, se han situado entre los m\u00e1s reconocidos del mercado.<em>\u00a0<\/em><\/p>\n","protected":false},"excerpt":{"rendered":"<p>El Hotel Els Ca\u00e7adors est\u00e1 situado en las cercan\u00edas de Ma\u00e7anet de Cabrenys, en una zona de frondosa vegetaci\u00f3n bordeada por un arroyo. Es un espacio para los que buscan tranquilidad, descanso y frescura, para pasar unos d\u00edas de vacaciones en la naturaleza y que a la vez permita a aquellos que lo deseen, disfrutar&hellip;<\/p>\n","protected":false},"author":3,"featured_media":0,"parent":0,"menu_order":0,"comment_status":"closed","ping_status":"closed","template":"","meta":[],"yoast_head":"<!-- This site is optimized with the Yoast SEO plugin v19.6 - https:\/\/yoast.com\/wordpress\/plugins\/seo\/ -->\n<title>Entorno y actividades &#8902; Els Ca\u00e7adors de Ma\u00e7anet<\/title>\n<meta name=\"robots\" content=\"index, follow, max-snippet:-1, max-image-preview:large, max-video-preview:-1\" \/>\n<link rel=\"canonical\" href=\"https:\/\/hotelelscassadors.com\/es\/entorno-y-actividades\/\" \/>\n<meta property=\"og:locale\" content=\"es_ES\" \/>\n<meta property=\"og:type\" content=\"article\" \/>\n<meta property=\"og:title\" content=\"Entorno y actividades &#8902; Els Ca\u00e7adors de Ma\u00e7anet\" \/>\n<meta property=\"og:description\" content=\"El Hotel Els Ca\u00e7adors est\u00e1 situado en las cercan\u00edas de Ma\u00e7anet de Cabrenys, en una zona de frondosa vegetaci\u00f3n bordeada por un arroyo. Es un espacio para los que buscan tranquilidad, descanso y frescura, para pasar unos d\u00edas de vacaciones en la naturaleza y que a la vez permita a aquellos que lo deseen, disfrutar&hellip;\" \/>\n<meta property=\"og:url\" content=\"https:\/\/hotelelscassadors.com\/es\/entorno-y-actividades\/\" \/>\n<meta property=\"og:site_name\" content=\"Els Ca\u00e7adors de Ma\u00e7anet\" \/>\n<meta property=\"article:publisher\" content=\"https:\/\/www.facebook.com\/Restaurant-Hotel-Els-Ca%c3%a7adors-de-Ma%c3%a7anet-901920089887268\/\" \/>\n<meta property=\"article:modified_time\" content=\"2019-11-26T15:41:55+00:00\" \/>\n<meta property=\"og:image\" content=\"https:\/\/hotelelscassadors.com\/wp-content\/uploads\/2018\/05\/btt.jpg\" \/>\n<meta name=\"twitter:card\" content=\"summary_large_image\" \/>\n<meta name=\"twitter:label1\" content=\"Tiempo de lectura\" \/>\n\t<meta name=\"twitter:data1\" content=\"2 minutos\" \/>\n<script type=\"application\/ld+json\" class=\"yoast-schema-graph\">{\"@context\":\"https:\/\/schema.org\",\"@graph\":[{\"@type\":\"WebPage\",\"@id\":\"https:\/\/hotelelscassadors.com\/es\/entorno-y-actividades\/\",\"url\":\"https:\/\/hotelelscassadors.com\/es\/entorno-y-actividades\/\",\"name\":\"Entorno y actividades &#8902; Els Ca\u00e7adors de Ma\u00e7anet\",\"isPartOf\":{\"@id\":\"https:\/\/hotelelscassadors.com\/es\/#website\"},\"datePublished\":\"2018-05-09T12:27:14+00:00\",\"dateModified\":\"2019-11-26T15:41:55+00:00\",\"breadcrumb\":{\"@id\":\"https:\/\/hotelelscassadors.com\/es\/entorno-y-actividades\/#breadcrumb\"},\"inLanguage\":\"es\",\"potentialAction\":[{\"@type\":\"ReadAction\",\"target\":[\"https:\/\/hotelelscassadors.com\/es\/entorno-y-actividades\/\"]}]},{\"@type\":\"BreadcrumbList\",\"@id\":\"https:\/\/hotelelscassadors.com\/es\/entorno-y-actividades\/#breadcrumb\",\"itemListElement\":[{\"@type\":\"ListItem\",\"position\":1,\"name\":\"Portada\",\"item\":\"https:\/\/hotelelscassadors.com\/es\/\"},{\"@type\":\"ListItem\",\"position\":2,\"name\":\"Entorno y actividades\"}]},{\"@type\":\"WebSite\",\"@id\":\"https:\/\/hotelelscassadors.com\/es\/#website\",\"url\":\"https:\/\/hotelelscassadors.com\/es\/\",\"name\":\"Hotel Els Ca\u00e7adors de Ma\u00e7anet\",\"description\":\"Hotel \u00b7 Restaurant\",\"publisher\":{\"@id\":\"https:\/\/hotelelscassadors.com\/es\/#organization\"},\"potentialAction\":[{\"@type\":\"SearchAction\",\"target\":{\"@type\":\"EntryPoint\",\"urlTemplate\":\"https:\/\/hotelelscassadors.com\/es\/?s={search_term_string}\"},\"query-input\":\"required name=search_term_string\"}],\"inLanguage\":\"es\"},{\"@type\":\"Organization\",\"@id\":\"https:\/\/hotelelscassadors.com\/es\/#organization\",\"name\":\"Els Ca\u00e7adors de Ma\u00e7anet Hotel Restaurant\",\"url\":\"https:\/\/hotelelscassadors.com\/es\/\",\"sameAs\":[\"https:\/\/www.facebook.com\/Restaurant-Hotel-Els-Ca\u00e7adors-de-Ma\u00e7anet-901920089887268\/\"],\"logo\":{\"@type\":\"ImageObject\",\"inLanguage\":\"es\",\"@id\":\"https:\/\/hotelelscassadors.com\/es\/#\/schema\/logo\/image\/\",\"url\":\"https:\/\/hotelelscassadors.com\/wp-content\/uploads\/2018\/05\/logoweb.png\",\"contentUrl\":\"https:\/\/hotelelscassadors.com\/wp-content\/uploads\/2018\/05\/logoweb.png\",\"width\":386,\"height\":160,\"caption\":\"Els Ca\u00e7adors de Ma\u00e7anet Hotel Restaurant\"},\"image\":{\"@id\":\"https:\/\/hotelelscassadors.com\/es\/#\/schema\/logo\/image\/\"}}]}<\/script>\n<!-- \/ Yoast SEO plugin. -->","yoast_head_json":{"title":"Entorno y actividades &#8902; Els Ca\u00e7adors de Ma\u00e7anet","robots":{"index":"index","follow":"follow","max-snippet":"max-snippet:-1","max-image-preview":"max-image-preview:large","max-video-preview":"max-video-preview:-1"},"canonical":"https:\/\/hotelelscassadors.com\/es\/entorno-y-actividades\/","og_locale":"es_ES","og_type":"article","og_title":"Entorno y actividades &#8902; Els Ca\u00e7adors de Ma\u00e7anet","og_description":"El Hotel Els Ca\u00e7adors est\u00e1 situado en las cercan\u00edas de Ma\u00e7anet de Cabrenys, en una zona de frondosa vegetaci\u00f3n bordeada por un arroyo. Es un espacio para los que buscan tranquilidad, descanso y frescura, para pasar unos d\u00edas de vacaciones en la naturaleza y que a la vez permita a aquellos que lo deseen, disfrutar&hellip;","og_url":"https:\/\/hotelelscassadors.com\/es\/entorno-y-actividades\/","og_site_name":"Els Ca\u00e7adors de Ma\u00e7anet","article_publisher":"https:\/\/www.facebook.com\/Restaurant-Hotel-Els-Ca%c3%a7adors-de-Ma%c3%a7anet-901920089887268\/","article_modified_time":"2019-11-26T15:41:55+00:00","og_image":[{"url":"https:\/\/hotelelscassadors.com\/wp-content\/uploads\/2018\/05\/btt.jpg"}],"twitter_card":"summary_large_image","twitter_misc":{"Tiempo de lectura":"2 minutos"},"schema":{"@context":"https:\/\/schema.org","@graph":[{"@type":"WebPage","@id":"https:\/\/hotelelscassadors.com\/es\/entorno-y-actividades\/","url":"https:\/\/hotelelscassadors.com\/es\/entorno-y-actividades\/","name":"Entorno y actividades &#8902; Els Ca\u00e7adors de Ma\u00e7anet","isPartOf":{"@id":"https:\/\/hotelelscassadors.com\/es\/#website"},"datePublished":"2018-05-09T12:27:14+00:00","dateModified":"2019-11-26T15:41:55+00:00","breadcrumb":{"@id":"https:\/\/hotelelscassadors.com\/es\/entorno-y-actividades\/#breadcrumb"},"inLanguage":"es","potentialAction":[{"@type":"ReadAction","target":["https:\/\/hotelelscassadors.com\/es\/entorno-y-actividades\/"]}]},{"@type":"BreadcrumbList","@id":"https:\/\/hotelelscassadors.com\/es\/entorno-y-actividades\/#breadcrumb","itemListElement":[{"@type":"ListItem","position":1,"name":"Portada","item":"https:\/\/hotelelscassadors.com\/es\/"},{"@type":"ListItem","position":2,"name":"Entorno y actividades"}]},{"@type":"WebSite","@id":"https:\/\/hotelelscassadors.com\/es\/#website","url":"https:\/\/hotelelscassadors.com\/es\/","name":"Hotel Els Ca\u00e7adors de Ma\u00e7anet","description":"Hotel \u00b7 Restaurant","publisher":{"@id":"https:\/\/hotelelscassadors.com\/es\/#organization"},"potentialAction":[{"@type":"SearchAction","target":{"@type":"EntryPoint","urlTemplate":"https:\/\/hotelelscassadors.com\/es\/?s={search_term_string}"},"query-input":"required name=search_term_string"}],"inLanguage":"es"},{"@type":"Organization","@id":"https:\/\/hotelelscassadors.com\/es\/#organization","name":"Els Ca\u00e7adors de Ma\u00e7anet Hotel Restaurant","url":"https:\/\/hotelelscassadors.com\/es\/","sameAs":["https:\/\/www.facebook.com\/Restaurant-Hotel-Els-Ca\u00e7adors-de-Ma\u00e7anet-901920089887268\/"],"logo":{"@type":"ImageObject","inLanguage":"es","@id":"https:\/\/hotelelscassadors.com\/es\/#\/schema\/logo\/image\/","url":"https:\/\/hotelelscassadors.com\/wp-content\/uploads\/2018\/05\/logoweb.png","contentUrl":"https:\/\/hotelelscassadors.com\/wp-content\/uploads\/2018\/05\/logoweb.png","width":386,"height":160,"caption":"Els Ca\u00e7adors de Ma\u00e7anet Hotel Restaurant"},"image":{"@id":"https:\/\/hotelelscassadors.com\/es\/#\/schema\/logo\/image\/"}}]}},"_links":{"self":[{"href":"https:\/\/hotelelscassadors.com\/es\/wp-json\/wp\/v2\/pages\/312"}],"collection":[{"href":"https:\/\/hotelelscassadors.com\/es\/wp-json\/wp\/v2\/pages"}],"about":[{"href":"https:\/\/hotelelscassadors.com\/es\/wp-json\/wp\/v2\/types\/page"}],"author":[{"embeddable":true,"href":"https:\/\/hotelelscassadors.com\/es\/wp-json\/wp\/v2\/users\/3"}],"replies":[{"embeddable":true,"href":"https:\/\/hotelelscassadors.com\/es\/wp-json\/wp\/v2\/comments?post=312"}],"version-history":[{"count":5,"href":"https:\/\/hotelelscassadors.com\/es\/wp-json\/wp\/v2\/pages\/312\/revisions"}],"predecessor-version":[{"id":1508,"href":"https:\/\/hotelelscassadors.com\/es\/wp-json\/wp\/v2\/pages\/312\/revisions\/1508"}],"wp:attachment":[{"href":"https:\/\/hotelelscassadors.com\/es\/wp-json\/wp\/v2\/media?parent=312"}],"curies":[{"name":"wp","href":"https:\/\/api.w.org\/{rel}","templated":true}]}}