{"id":308,"date":"2018-05-25T12:57:52","date_gmt":"2018-05-25T10:57:52","guid":{"rendered":"https:\/\/hotelelscassadors.com\/hotel-a-lalt-emporda\/"},"modified":"2018-06-04T13:00:41","modified_gmt":"2018-06-04T11:00:41","slug":"hotel-en-el-alt-emporda","status":"publish","type":"page","link":"https:\/\/hotelelscassadors.com\/es\/hotel-en-el-alt-emporda\/","title":{"rendered":"Hotel en el Alt Empord\u00e0"},"content":{"rendered":"<p>Els <strong>Ca\u00e7adors de Ma\u00e7anet<\/strong> es un hotel en el <strong>Alt Empord\u00e0<\/strong> y es el lugar ideal para pasar unos d\u00edas de relax. El hotel cuenta con preciosos <a href=\"\/?page_id=312\">parajes naturales<\/a> que puede recorrer con la familia o amigos. Tome un ba\u00f1o en nuestra piscina y disfrute de nuestro jard\u00edn. Seguro que os contagi\u00e1is\u00a0 de la vida pausada de los pueblos de monta\u00f1a.<\/p>\n<h4>La comarca<\/h4>\n<p>El <a href=\"https:\/\/www.empordaturisme.com\/es\/\">Alt Empord\u00e0<\/a> es una comarca situada al norte de Catalu\u00f1a, en la provincia de<strong> Girona<\/strong>. Es famosa por las playas de la Costa Brava y el entorno salvaje del <strong>Cabo de Creus<\/strong>. Pero su cercan\u00eda a los <strong>Pirineos<\/strong> hace que tambi\u00e9n sea un destino ideal para los excursionistas.<\/p>\n<p>Si visita el <strong>Alt Empord\u00e0<\/strong>, se recomienda acercarse a las aguas azul intenso del <strong>Golfo de Roses<\/strong> y sus playas infinitas. Muy cerca encontrar\u00e1 los <strong>Aiguamolls del Empord\u00e0<\/strong>, una reserva natural donde observar una preciosa fauna.<\/p>\n","protected":false},"excerpt":{"rendered":"<p>Els Ca\u00e7adors de Ma\u00e7anet es un hotel en el Alt Empord\u00e0 y es el lugar ideal para pasar unos d\u00edas de relax. El hotel cuenta con preciosos parajes naturales que puede recorrer con la familia o amigos. Tome un ba\u00f1o en nuestra piscina y disfrute de nuestro jard\u00edn. Seguro que os contagi\u00e1is\u00a0 de la vida&hellip;<\/p>\n","protected":false},"author":3,"featured_media":0,"parent":0,"menu_order":0,"comment_status":"closed","ping_status":"closed","template":"","meta":[],"yoast_head":"<!-- This site is optimized with the Yoast SEO plugin v19.6 - https:\/\/yoast.com\/wordpress\/plugins\/seo\/ -->\n<title>Hotel en el Alt Empord\u00e0 - Hotel Els Ca\u00e7adors de Ma\u00e7anet de Cabrenys<\/title>\n<meta name=\"description\" content=\"Els Ca\u00e7adors de Ma\u00e7anet es un hotel en el Alt Empord\u00e0 y es el lugar ideal para pasar unos d\u00edas de relax. El hotel cuenta con preciosos parajes naturales que puede recorrer con la familia o amigos. Tomad un ba\u00f1o en nuestra piscina y contagiaros de la vida pausada de los pueblos de monta\u00f1a.\" \/>\n<meta name=\"robots\" content=\"index, follow, max-snippet:-1, max-image-preview:large, max-video-preview:-1\" \/>\n<link rel=\"canonical\" href=\"https:\/\/hotelelscassadors.com\/es\/hotel-en-el-alt-emporda\/\" \/>\n<meta property=\"og:locale\" content=\"es_ES\" \/>\n<meta property=\"og:type\" content=\"article\" \/>\n<meta property=\"og:title\" content=\"Hotel en el Alt Empord\u00e0 - Hotel Els Ca\u00e7adors de Ma\u00e7anet de Cabrenys\" \/>\n<meta property=\"og:description\" content=\"Els Ca\u00e7adors de Ma\u00e7anet es un hotel en el Alt Empord\u00e0 y es el lugar ideal para pasar unos d\u00edas de relax. El hotel cuenta con preciosos parajes naturales que puede recorrer con la familia o amigos. Tomad un ba\u00f1o en nuestra piscina y contagiaros de la vida pausada de los pueblos de monta\u00f1a.\" \/>\n<meta property=\"og:url\" content=\"https:\/\/hotelelscassadors.com\/es\/hotel-en-el-alt-emporda\/\" \/>\n<meta property=\"og:site_name\" content=\"Els Ca\u00e7adors de Ma\u00e7anet\" \/>\n<meta property=\"article:publisher\" content=\"https:\/\/www.facebook.com\/Restaurant-Hotel-Els-Ca%c3%a7adors-de-Ma%c3%a7anet-901920089887268\/\" \/>\n<meta property=\"article:modified_time\" content=\"2018-06-04T11:00:41+00:00\" \/>\n<meta name=\"twitter:card\" content=\"summary_large_image\" \/>\n<meta name=\"twitter:label1\" content=\"Tiempo de lectura\" \/>\n\t<meta name=\"twitter:data1\" content=\"1 minuto\" \/>\n<script type=\"application\/ld+json\" class=\"yoast-schema-graph\">{\"@context\":\"https:\/\/schema.org\",\"@graph\":[{\"@type\":\"WebPage\",\"@id\":\"https:\/\/hotelelscassadors.com\/es\/hotel-en-el-alt-emporda\/\",\"url\":\"https:\/\/hotelelscassadors.com\/es\/hotel-en-el-alt-emporda\/\",\"name\":\"Hotel en el Alt Empord\u00e0 - Hotel Els Ca\u00e7adors de Ma\u00e7anet de Cabrenys\",\"isPartOf\":{\"@id\":\"https:\/\/hotelelscassadors.com\/es\/#website\"},\"datePublished\":\"2018-05-25T10:57:52+00:00\",\"dateModified\":\"2018-06-04T11:00:41+00:00\",\"description\":\"Els Ca\u00e7adors de Ma\u00e7anet es un hotel en el Alt Empord\u00e0 y es el lugar ideal para pasar unos d\u00edas de relax. El hotel cuenta con preciosos parajes naturales que puede recorrer con la familia o amigos. Tomad un ba\u00f1o en nuestra piscina y contagiaros de la vida pausada de los pueblos de monta\u00f1a.\",\"breadcrumb\":{\"@id\":\"https:\/\/hotelelscassadors.com\/es\/hotel-en-el-alt-emporda\/#breadcrumb\"},\"inLanguage\":\"es\",\"potentialAction\":[{\"@type\":\"ReadAction\",\"target\":[\"https:\/\/hotelelscassadors.com\/es\/hotel-en-el-alt-emporda\/\"]}]},{\"@type\":\"BreadcrumbList\",\"@id\":\"https:\/\/hotelelscassadors.com\/es\/hotel-en-el-alt-emporda\/#breadcrumb\",\"itemListElement\":[{\"@type\":\"ListItem\",\"position\":1,\"name\":\"Portada\",\"item\":\"https:\/\/hotelelscassadors.com\/es\/\"},{\"@type\":\"ListItem\",\"position\":2,\"name\":\"Hotel en el Alt Empord\u00e0\"}]},{\"@type\":\"WebSite\",\"@id\":\"https:\/\/hotelelscassadors.com\/es\/#website\",\"url\":\"https:\/\/hotelelscassadors.com\/es\/\",\"name\":\"Hotel Els Ca\u00e7adors de Ma\u00e7anet\",\"description\":\"Hotel \u00b7 Restaurant\",\"publisher\":{\"@id\":\"https:\/\/hotelelscassadors.com\/es\/#organization\"},\"potentialAction\":[{\"@type\":\"SearchAction\",\"target\":{\"@type\":\"EntryPoint\",\"urlTemplate\":\"https:\/\/hotelelscassadors.com\/es\/?s={search_term_string}\"},\"query-input\":\"required name=search_term_string\"}],\"inLanguage\":\"es\"},{\"@type\":\"Organization\",\"@id\":\"https:\/\/hotelelscassadors.com\/es\/#organization\",\"name\":\"Els Ca\u00e7adors de Ma\u00e7anet Hotel Restaurant\",\"url\":\"https:\/\/hotelelscassadors.com\/es\/\",\"sameAs\":[\"https:\/\/www.facebook.com\/Restaurant-Hotel-Els-Ca\u00e7adors-de-Ma\u00e7anet-901920089887268\/\"],\"logo\":{\"@type\":\"ImageObject\",\"inLanguage\":\"es\",\"@id\":\"https:\/\/hotelelscassadors.com\/es\/#\/schema\/logo\/image\/\",\"url\":\"https:\/\/hotelelscassadors.com\/wp-content\/uploads\/2018\/05\/logoweb.png\",\"contentUrl\":\"https:\/\/hotelelscassadors.com\/wp-content\/uploads\/2018\/05\/logoweb.png\",\"width\":386,\"height\":160,\"caption\":\"Els Ca\u00e7adors de Ma\u00e7anet Hotel Restaurant\"},\"image\":{\"@id\":\"https:\/\/hotelelscassadors.com\/es\/#\/schema\/logo\/image\/\"}}]}<\/script>\n<!-- \/ Yoast SEO plugin. -->","yoast_head_json":{"title":"Hotel en el Alt Empord\u00e0 - Hotel Els Ca\u00e7adors de Ma\u00e7anet de Cabrenys","description":"Els Ca\u00e7adors de Ma\u00e7anet es un hotel en el Alt Empord\u00e0 y es el lugar ideal para pasar unos d\u00edas de relax. El hotel cuenta con preciosos parajes naturales que puede recorrer con la familia o amigos. Tomad un ba\u00f1o en nuestra piscina y contagiaros de la vida pausada de los pueblos de monta\u00f1a.","robots":{"index":"index","follow":"follow","max-snippet":"max-snippet:-1","max-image-preview":"max-image-preview:large","max-video-preview":"max-video-preview:-1"},"canonical":"https:\/\/hotelelscassadors.com\/es\/hotel-en-el-alt-emporda\/","og_locale":"es_ES","og_type":"article","og_title":"Hotel en el Alt Empord\u00e0 - Hotel Els Ca\u00e7adors de Ma\u00e7anet de Cabrenys","og_description":"Els Ca\u00e7adors de Ma\u00e7anet es un hotel en el Alt Empord\u00e0 y es el lugar ideal para pasar unos d\u00edas de relax. El hotel cuenta con preciosos parajes naturales que puede recorrer con la familia o amigos. Tomad un ba\u00f1o en nuestra piscina y contagiaros de la vida pausada de los pueblos de monta\u00f1a.","og_url":"https:\/\/hotelelscassadors.com\/es\/hotel-en-el-alt-emporda\/","og_site_name":"Els Ca\u00e7adors de Ma\u00e7anet","article_publisher":"https:\/\/www.facebook.com\/Restaurant-Hotel-Els-Ca%c3%a7adors-de-Ma%c3%a7anet-901920089887268\/","article_modified_time":"2018-06-04T11:00:41+00:00","twitter_card":"summary_large_image","twitter_misc":{"Tiempo de lectura":"1 minuto"},"schema":{"@context":"https:\/\/schema.org","@graph":[{"@type":"WebPage","@id":"https:\/\/hotelelscassadors.com\/es\/hotel-en-el-alt-emporda\/","url":"https:\/\/hotelelscassadors.com\/es\/hotel-en-el-alt-emporda\/","name":"Hotel en el Alt Empord\u00e0 - Hotel Els Ca\u00e7adors de Ma\u00e7anet de Cabrenys","isPartOf":{"@id":"https:\/\/hotelelscassadors.com\/es\/#website"},"datePublished":"2018-05-25T10:57:52+00:00","dateModified":"2018-06-04T11:00:41+00:00","description":"Els Ca\u00e7adors de Ma\u00e7anet es un hotel en el Alt Empord\u00e0 y es el lugar ideal para pasar unos d\u00edas de relax. El hotel cuenta con preciosos parajes naturales que puede recorrer con la familia o amigos. Tomad un ba\u00f1o en nuestra piscina y contagiaros de la vida pausada de los pueblos de monta\u00f1a.","breadcrumb":{"@id":"https:\/\/hotelelscassadors.com\/es\/hotel-en-el-alt-emporda\/#breadcrumb"},"inLanguage":"es","potentialAction":[{"@type":"ReadAction","target":["https:\/\/hotelelscassadors.com\/es\/hotel-en-el-alt-emporda\/"]}]},{"@type":"BreadcrumbList","@id":"https:\/\/hotelelscassadors.com\/es\/hotel-en-el-alt-emporda\/#breadcrumb","itemListElement":[{"@type":"ListItem","position":1,"name":"Portada","item":"https:\/\/hotelelscassadors.com\/es\/"},{"@type":"ListItem","position":2,"name":"Hotel en el Alt Empord\u00e0"}]},{"@type":"WebSite","@id":"https:\/\/hotelelscassadors.com\/es\/#website","url":"https:\/\/hotelelscassadors.com\/es\/","name":"Hotel Els Ca\u00e7adors de Ma\u00e7anet","description":"Hotel \u00b7 Restaurant","publisher":{"@id":"https:\/\/hotelelscassadors.com\/es\/#organization"},"potentialAction":[{"@type":"SearchAction","target":{"@type":"EntryPoint","urlTemplate":"https:\/\/hotelelscassadors.com\/es\/?s={search_term_string}"},"query-input":"required name=search_term_string"}],"inLanguage":"es"},{"@type":"Organization","@id":"https:\/\/hotelelscassadors.com\/es\/#organization","name":"Els Ca\u00e7adors de Ma\u00e7anet Hotel Restaurant","url":"https:\/\/hotelelscassadors.com\/es\/","sameAs":["https:\/\/www.facebook.com\/Restaurant-Hotel-Els-Ca\u00e7adors-de-Ma\u00e7anet-901920089887268\/"],"logo":{"@type":"ImageObject","inLanguage":"es","@id":"https:\/\/hotelelscassadors.com\/es\/#\/schema\/logo\/image\/","url":"https:\/\/hotelelscassadors.com\/wp-content\/uploads\/2018\/05\/logoweb.png","contentUrl":"https:\/\/hotelelscassadors.com\/wp-content\/uploads\/2018\/05\/logoweb.png","width":386,"height":160,"caption":"Els Ca\u00e7adors de Ma\u00e7anet Hotel Restaurant"},"image":{"@id":"https:\/\/hotelelscassadors.com\/es\/#\/schema\/logo\/image\/"}}]}},"_links":{"self":[{"href":"https:\/\/hotelelscassadors.com\/es\/wp-json\/wp\/v2\/pages\/308"}],"collection":[{"href":"https:\/\/hotelelscassadors.com\/es\/wp-json\/wp\/v2\/pages"}],"about":[{"href":"https:\/\/hotelelscassadors.com\/es\/wp-json\/wp\/v2\/types\/page"}],"author":[{"embeddable":true,"href":"https:\/\/hotelelscassadors.com\/es\/wp-json\/wp\/v2\/users\/3"}],"replies":[{"embeddable":true,"href":"https:\/\/hotelelscassadors.com\/es\/wp-json\/wp\/v2\/comments?post=308"}],"version-history":[{"count":7,"href":"https:\/\/hotelelscassadors.com\/es\/wp-json\/wp\/v2\/pages\/308\/revisions"}],"predecessor-version":[{"id":999,"href":"https:\/\/hotelelscassadors.com\/es\/wp-json\/wp\/v2\/pages\/308\/revisions\/999"}],"wp:attachment":[{"href":"https:\/\/hotelelscassadors.com\/es\/wp-json\/wp\/v2\/media?parent=308"}],"curies":[{"name":"wp","href":"https:\/\/api.w.org\/{rel}","templated":true}]}}