{"id":287,"date":"2018-05-09T07:57:49","date_gmt":"2018-05-09T07:57:49","guid":{"rendered":"https:\/\/hotelelscassadors.com\/hotel\/"},"modified":"2020-03-06T10:54:01","modified_gmt":"2020-03-06T09:54:01","slug":"hotel","status":"publish","type":"page","link":"https:\/\/hotelelscassadors.com\/es\/hotel\/","title":{"rendered":"Hotel"},"content":{"rendered":"\n\t<p><strong>Els Ca\u00e7adors de Ma\u00e7anet<\/strong> es un peque\u00f1o hotel familiar donde podr\u00e9is disfrutar de vuestra estancia como si estuvierais en casa.<\/p>\n\t\t\t\t<a href=\"https:\/\/hotelelscassadors.com\/es\/hotel\/habitaciones\/\" target=\"_self\" itemprop=\"url\" rel=\"noopener noreferrer\">\n\t\t\t\t<img src=\"https:\/\/hotelelscassadors.com\/wp-content\/uploads\/2018\/05\/DSC_8210-1024x671.jpg\" alt=\"R\u00fastica\" itemprop=\"image\" title=\"DSC_8210\" onerror=\"this.style.display='none'\"  \/>\n\t\t\t\t<\/a>\n\t\t\t\t<a href=\"https:\/\/hotelelscassadors.com\/es\/hotel\/espacios-comunes\/\" target=\"_self\" itemprop=\"url\" rel=\"noopener noreferrer\">\n\t\t\t\t<img src=\"https:\/\/hotelelscassadors.com\/wp-content\/uploads\/2018\/06\/DSC_8099-3.jpg\" alt=\"DSC_8099\" itemprop=\"image\" title=\"DSC_8099\" onerror=\"this.style.display='none'\"  \/>\n\t\t\t\t<\/a>\n\t<h3><a href=\"..\/..\/hotel\/habitacions\/\">Habitaciones<\/a><\/h3>\n<hr \/>\n<p>Toda la comodidad en un entorno id\u00edlico. As\u00ed son nuestras <strong>17 habitaciones,<\/strong> todas exteriores, confortables y con terraza.<\/p>\n\t<h3><a href=\"https:\/\/hotelelscassadors.com\/hotel\/espais-comuns\/\">Espacios Comunes<\/a><\/h3>\n<hr \/>\n<p>Nuestro hotel es un lugar para disfrutar, por eso contamos con una amplia sala con chimenea, distribuida en diferentes ambientes: c\u00f3modas butacas donde leer o descansar y un espacio con televisi\u00f3n y mesas donde conversar o jugar una partida de cartas.<\/p>\n\t<p>El gran jard\u00edn destaca per su vegetaci\u00f3n y est\u00e1 lleno de rincones donde relajarse, adem\u00e1s de contar, durante el verano, con un espacio de restaurante exterior.<\/p>\n<p>El hotel dispone de piscina y wifi en todas las instalaciones, as\u00ed como de una sala de reuniones con capacidad para 40 personas, ideal para celebrar diferentes eventos.<\/p>\n","protected":false},"excerpt":{"rendered":"<p>Els Ca\u00e7adors de Ma\u00e7anet es un peque\u00f1o hotel familiar donde podr\u00e9is disfrutar de vuestra estancia como si estuvierais en casa. Habitaciones Toda la comodidad en un entorno id\u00edlico. As\u00ed son nuestras 17 habitaciones, todas exteriores, confortables y con terraza. Espacios Comunes Nuestro hotel es un lugar para disfrutar, por eso contamos con una amplia sala&hellip;<\/p>\n","protected":false},"author":3,"featured_media":0,"parent":0,"menu_order":0,"comment_status":"closed","ping_status":"closed","template":"","meta":[],"yoast_head":"<!-- This site is optimized with the Yoast SEO plugin v19.6 - https:\/\/yoast.com\/wordpress\/plugins\/seo\/ -->\n<title>Hotel &#8902; Els Ca\u00e7adors de Ma\u00e7anet<\/title>\n<meta name=\"description\" content=\"Els Ca\u00e7adors de Ma\u00e7anet es un peque\u00f1o hotel en el Pirineo donde podr\u00e1 disfrutar de su estancia como si estuviese en casa. Toda la comodidad en un entorno id\u00edlico. Descanse en una de nuestras 17 confortables habitaciones todas exteriores y con terraza. El hotel tambi\u00e9n dispone de una amplia sala con chimenea.\" \/>\n<meta name=\"robots\" content=\"index, follow, max-snippet:-1, max-image-preview:large, max-video-preview:-1\" \/>\n<link rel=\"canonical\" href=\"https:\/\/hotelelscassadors.com\/es\/hotel\/\" \/>\n<meta property=\"og:locale\" content=\"es_ES\" \/>\n<meta property=\"og:type\" content=\"article\" \/>\n<meta property=\"og:title\" content=\"Hotel &#8902; Els Ca\u00e7adors de Ma\u00e7anet\" \/>\n<meta property=\"og:description\" content=\"Els Ca\u00e7adors de Ma\u00e7anet es un peque\u00f1o hotel en el Pirineo donde podr\u00e1 disfrutar de su estancia como si estuviese en casa. Toda la comodidad en un entorno id\u00edlico. Descanse en una de nuestras 17 confortables habitaciones todas exteriores y con terraza. El hotel tambi\u00e9n dispone de una amplia sala con chimenea.\" \/>\n<meta property=\"og:url\" content=\"https:\/\/hotelelscassadors.com\/es\/hotel\/\" \/>\n<meta property=\"og:site_name\" content=\"Els Ca\u00e7adors de Ma\u00e7anet\" \/>\n<meta property=\"article:publisher\" content=\"https:\/\/www.facebook.com\/Restaurant-Hotel-Els-Ca%c3%a7adors-de-Ma%c3%a7anet-901920089887268\/\" \/>\n<meta property=\"article:modified_time\" content=\"2020-03-06T09:54:01+00:00\" \/>\n<meta property=\"og:image\" content=\"https:\/\/hotelelscassadors.com\/wp-content\/uploads\/2018\/05\/DSC_8210-1024x671.jpg\" \/>\n<meta name=\"twitter:card\" content=\"summary_large_image\" \/>\n<meta name=\"twitter:label1\" content=\"Tiempo de lectura\" \/>\n\t<meta name=\"twitter:data1\" content=\"1 minuto\" \/>\n<script type=\"application\/ld+json\" class=\"yoast-schema-graph\">{\"@context\":\"https:\/\/schema.org\",\"@graph\":[{\"@type\":\"WebPage\",\"@id\":\"https:\/\/hotelelscassadors.com\/es\/hotel\/\",\"url\":\"https:\/\/hotelelscassadors.com\/es\/hotel\/\",\"name\":\"Hotel &#8902; Els Ca\u00e7adors de Ma\u00e7anet\",\"isPartOf\":{\"@id\":\"https:\/\/hotelelscassadors.com\/es\/#website\"},\"datePublished\":\"2018-05-09T07:57:49+00:00\",\"dateModified\":\"2020-03-06T09:54:01+00:00\",\"description\":\"Els Ca\u00e7adors de Ma\u00e7anet es un peque\u00f1o hotel en el Pirineo donde podr\u00e1 disfrutar de su estancia como si estuviese en casa. Toda la comodidad en un entorno id\u00edlico. Descanse en una de nuestras 17 confortables habitaciones todas exteriores y con terraza. El hotel tambi\u00e9n dispone de una amplia sala con chimenea.\",\"breadcrumb\":{\"@id\":\"https:\/\/hotelelscassadors.com\/es\/hotel\/#breadcrumb\"},\"inLanguage\":\"es\",\"potentialAction\":[{\"@type\":\"ReadAction\",\"target\":[\"https:\/\/hotelelscassadors.com\/es\/hotel\/\"]}]},{\"@type\":\"BreadcrumbList\",\"@id\":\"https:\/\/hotelelscassadors.com\/es\/hotel\/#breadcrumb\",\"itemListElement\":[{\"@type\":\"ListItem\",\"position\":1,\"name\":\"Portada\",\"item\":\"https:\/\/hotelelscassadors.com\/es\/\"},{\"@type\":\"ListItem\",\"position\":2,\"name\":\"Hotel\"}]},{\"@type\":\"WebSite\",\"@id\":\"https:\/\/hotelelscassadors.com\/es\/#website\",\"url\":\"https:\/\/hotelelscassadors.com\/es\/\",\"name\":\"Hotel Els Ca\u00e7adors de Ma\u00e7anet\",\"description\":\"Hotel \u00b7 Restaurant\",\"publisher\":{\"@id\":\"https:\/\/hotelelscassadors.com\/es\/#organization\"},\"potentialAction\":[{\"@type\":\"SearchAction\",\"target\":{\"@type\":\"EntryPoint\",\"urlTemplate\":\"https:\/\/hotelelscassadors.com\/es\/?s={search_term_string}\"},\"query-input\":\"required name=search_term_string\"}],\"inLanguage\":\"es\"},{\"@type\":\"Organization\",\"@id\":\"https:\/\/hotelelscassadors.com\/es\/#organization\",\"name\":\"Els Ca\u00e7adors de Ma\u00e7anet Hotel Restaurant\",\"url\":\"https:\/\/hotelelscassadors.com\/es\/\",\"sameAs\":[\"https:\/\/www.facebook.com\/Restaurant-Hotel-Els-Ca\u00e7adors-de-Ma\u00e7anet-901920089887268\/\"],\"logo\":{\"@type\":\"ImageObject\",\"inLanguage\":\"es\",\"@id\":\"https:\/\/hotelelscassadors.com\/es\/#\/schema\/logo\/image\/\",\"url\":\"https:\/\/hotelelscassadors.com\/wp-content\/uploads\/2018\/05\/logoweb.png\",\"contentUrl\":\"https:\/\/hotelelscassadors.com\/wp-content\/uploads\/2018\/05\/logoweb.png\",\"width\":386,\"height\":160,\"caption\":\"Els Ca\u00e7adors de Ma\u00e7anet Hotel Restaurant\"},\"image\":{\"@id\":\"https:\/\/hotelelscassadors.com\/es\/#\/schema\/logo\/image\/\"}}]}<\/script>\n<!-- \/ Yoast SEO plugin. -->","yoast_head_json":{"title":"Hotel &#8902; Els Ca\u00e7adors de Ma\u00e7anet","description":"Els Ca\u00e7adors de Ma\u00e7anet es un peque\u00f1o hotel en el Pirineo donde podr\u00e1 disfrutar de su estancia como si estuviese en casa. Toda la comodidad en un entorno id\u00edlico. Descanse en una de nuestras 17 confortables habitaciones todas exteriores y con terraza. El hotel tambi\u00e9n dispone de una amplia sala con chimenea.","robots":{"index":"index","follow":"follow","max-snippet":"max-snippet:-1","max-image-preview":"max-image-preview:large","max-video-preview":"max-video-preview:-1"},"canonical":"https:\/\/hotelelscassadors.com\/es\/hotel\/","og_locale":"es_ES","og_type":"article","og_title":"Hotel &#8902; Els Ca\u00e7adors de Ma\u00e7anet","og_description":"Els Ca\u00e7adors de Ma\u00e7anet es un peque\u00f1o hotel en el Pirineo donde podr\u00e1 disfrutar de su estancia como si estuviese en casa. Toda la comodidad en un entorno id\u00edlico. Descanse en una de nuestras 17 confortables habitaciones todas exteriores y con terraza. El hotel tambi\u00e9n dispone de una amplia sala con chimenea.","og_url":"https:\/\/hotelelscassadors.com\/es\/hotel\/","og_site_name":"Els Ca\u00e7adors de Ma\u00e7anet","article_publisher":"https:\/\/www.facebook.com\/Restaurant-Hotel-Els-Ca%c3%a7adors-de-Ma%c3%a7anet-901920089887268\/","article_modified_time":"2020-03-06T09:54:01+00:00","og_image":[{"url":"https:\/\/hotelelscassadors.com\/wp-content\/uploads\/2018\/05\/DSC_8210-1024x671.jpg"}],"twitter_card":"summary_large_image","twitter_misc":{"Tiempo de lectura":"1 minuto"},"schema":{"@context":"https:\/\/schema.org","@graph":[{"@type":"WebPage","@id":"https:\/\/hotelelscassadors.com\/es\/hotel\/","url":"https:\/\/hotelelscassadors.com\/es\/hotel\/","name":"Hotel &#8902; Els Ca\u00e7adors de Ma\u00e7anet","isPartOf":{"@id":"https:\/\/hotelelscassadors.com\/es\/#website"},"datePublished":"2018-05-09T07:57:49+00:00","dateModified":"2020-03-06T09:54:01+00:00","description":"Els Ca\u00e7adors de Ma\u00e7anet es un peque\u00f1o hotel en el Pirineo donde podr\u00e1 disfrutar de su estancia como si estuviese en casa. Toda la comodidad en un entorno id\u00edlico. Descanse en una de nuestras 17 confortables habitaciones todas exteriores y con terraza. El hotel tambi\u00e9n dispone de una amplia sala con chimenea.","breadcrumb":{"@id":"https:\/\/hotelelscassadors.com\/es\/hotel\/#breadcrumb"},"inLanguage":"es","potentialAction":[{"@type":"ReadAction","target":["https:\/\/hotelelscassadors.com\/es\/hotel\/"]}]},{"@type":"BreadcrumbList","@id":"https:\/\/hotelelscassadors.com\/es\/hotel\/#breadcrumb","itemListElement":[{"@type":"ListItem","position":1,"name":"Portada","item":"https:\/\/hotelelscassadors.com\/es\/"},{"@type":"ListItem","position":2,"name":"Hotel"}]},{"@type":"WebSite","@id":"https:\/\/hotelelscassadors.com\/es\/#website","url":"https:\/\/hotelelscassadors.com\/es\/","name":"Hotel Els Ca\u00e7adors de Ma\u00e7anet","description":"Hotel \u00b7 Restaurant","publisher":{"@id":"https:\/\/hotelelscassadors.com\/es\/#organization"},"potentialAction":[{"@type":"SearchAction","target":{"@type":"EntryPoint","urlTemplate":"https:\/\/hotelelscassadors.com\/es\/?s={search_term_string}"},"query-input":"required name=search_term_string"}],"inLanguage":"es"},{"@type":"Organization","@id":"https:\/\/hotelelscassadors.com\/es\/#organization","name":"Els Ca\u00e7adors de Ma\u00e7anet Hotel Restaurant","url":"https:\/\/hotelelscassadors.com\/es\/","sameAs":["https:\/\/www.facebook.com\/Restaurant-Hotel-Els-Ca\u00e7adors-de-Ma\u00e7anet-901920089887268\/"],"logo":{"@type":"ImageObject","inLanguage":"es","@id":"https:\/\/hotelelscassadors.com\/es\/#\/schema\/logo\/image\/","url":"https:\/\/hotelelscassadors.com\/wp-content\/uploads\/2018\/05\/logoweb.png","contentUrl":"https:\/\/hotelelscassadors.com\/wp-content\/uploads\/2018\/05\/logoweb.png","width":386,"height":160,"caption":"Els Ca\u00e7adors de Ma\u00e7anet Hotel Restaurant"},"image":{"@id":"https:\/\/hotelelscassadors.com\/es\/#\/schema\/logo\/image\/"}}]}},"_links":{"self":[{"href":"https:\/\/hotelelscassadors.com\/es\/wp-json\/wp\/v2\/pages\/287"}],"collection":[{"href":"https:\/\/hotelelscassadors.com\/es\/wp-json\/wp\/v2\/pages"}],"about":[{"href":"https:\/\/hotelelscassadors.com\/es\/wp-json\/wp\/v2\/types\/page"}],"author":[{"embeddable":true,"href":"https:\/\/hotelelscassadors.com\/es\/wp-json\/wp\/v2\/users\/3"}],"replies":[{"embeddable":true,"href":"https:\/\/hotelelscassadors.com\/es\/wp-json\/wp\/v2\/comments?post=287"}],"version-history":[{"count":16,"href":"https:\/\/hotelelscassadors.com\/es\/wp-json\/wp\/v2\/pages\/287\/revisions"}],"predecessor-version":[{"id":1836,"href":"https:\/\/hotelelscassadors.com\/es\/wp-json\/wp\/v2\/pages\/287\/revisions\/1836"}],"wp:attachment":[{"href":"https:\/\/hotelelscassadors.com\/es\/wp-json\/wp\/v2\/media?parent=287"}],"curies":[{"name":"wp","href":"https:\/\/api.w.org\/{rel}","templated":true}]}}