{"id":1658,"date":"2019-12-03T13:05:28","date_gmt":"2019-12-03T12:05:28","guid":{"rendered":"https:\/\/hotelelscassadors.com\/?page_id=1658"},"modified":"2020-12-14T13:58:14","modified_gmt":"2020-12-14T12:58:14","slug":"menu-para-grupos","status":"publish","type":"page","link":"https:\/\/hotelelscassadors.com\/es\/menu-para-grupos\/","title":{"rendered":"MEN\u00da PARA GRUPOS"},"content":{"rendered":"<p><strong>Cerrado temporalmente<\/strong><\/p>\r\n","protected":false},"excerpt":{"rendered":"<p>Cerrado temporalmente<\/p>\n","protected":false},"author":3,"featured_media":0,"parent":0,"menu_order":0,"comment_status":"closed","ping_status":"closed","template":"","meta":[],"yoast_head":"<!-- This site is optimized with the Yoast SEO plugin v19.6 - https:\/\/yoast.com\/wordpress\/plugins\/seo\/ -->\n<title>MEN\u00da PARA GRUPOS &#8902; Els Ca\u00e7adors de Ma\u00e7anet<\/title>\n<meta name=\"description\" content=\"Hotel a prop del Museu Dal\u00ed de Figueres, visites d&#039;Enoturisme de la DO Empord\u00e0 i el museu de l&#039;Exili. L\u2019Hotel Els Ca\u00e7adors est\u00e0 situat a les rodalies de Ma\u00e7anet de Cabrenys, en una zona de frondosa vegetaci\u00f3 per on passa un rierol. \u00c9s un espai per als que busquen tranquil\u00b7litat, descans i frescor.\" \/>\n<meta name=\"robots\" content=\"noindex, follow\" \/>\n<meta property=\"og:locale\" content=\"es_ES\" \/>\n<meta property=\"og:type\" content=\"article\" \/>\n<meta property=\"og:title\" content=\"MEN\u00da PARA GRUPOS &#8902; Els Ca\u00e7adors de Ma\u00e7anet\" \/>\n<meta property=\"og:description\" content=\"Hotel a prop del Museu Dal\u00ed de Figueres, visites d&#039;Enoturisme de la DO Empord\u00e0 i el museu de l&#039;Exili. L\u2019Hotel Els Ca\u00e7adors est\u00e0 situat a les rodalies de Ma\u00e7anet de Cabrenys, en una zona de frondosa vegetaci\u00f3 per on passa un rierol. \u00c9s un espai per als que busquen tranquil\u00b7litat, descans i frescor.\" \/>\n<meta property=\"og:url\" content=\"https:\/\/hotelelscassadors.com\/es\/menu-para-grupos\/\" \/>\n<meta property=\"og:site_name\" content=\"Els Ca\u00e7adors de Ma\u00e7anet\" \/>\n<meta property=\"article:publisher\" content=\"https:\/\/www.facebook.com\/Restaurant-Hotel-Els-Ca%c3%a7adors-de-Ma%c3%a7anet-901920089887268\/\" \/>\n<meta property=\"article:modified_time\" content=\"2020-12-14T12:58:14+00:00\" \/>\n<meta name=\"twitter:card\" content=\"summary_large_image\" \/>\n<script type=\"application\/ld+json\" class=\"yoast-schema-graph\">{\"@context\":\"https:\/\/schema.org\",\"@graph\":[{\"@type\":\"WebPage\",\"@id\":\"https:\/\/hotelelscassadors.com\/es\/menu-para-grupos\/\",\"url\":\"https:\/\/hotelelscassadors.com\/es\/menu-para-grupos\/\",\"name\":\"MEN\u00da PARA GRUPOS &#8902; Els Ca\u00e7adors de Ma\u00e7anet\",\"isPartOf\":{\"@id\":\"https:\/\/hotelelscassadors.com\/es\/#website\"},\"datePublished\":\"2019-12-03T12:05:28+00:00\",\"dateModified\":\"2020-12-14T12:58:14+00:00\",\"description\":\"Hotel a prop del Museu Dal\u00ed de Figueres, visites d'Enoturisme de la DO Empord\u00e0 i el museu de l'Exili. L\u2019Hotel Els Ca\u00e7adors est\u00e0 situat a les rodalies de Ma\u00e7anet de Cabrenys, en una zona de frondosa vegetaci\u00f3 per on passa un rierol. \u00c9s un espai per als que busquen tranquil\u00b7litat, descans i frescor.\",\"breadcrumb\":{\"@id\":\"https:\/\/hotelelscassadors.com\/es\/menu-para-grupos\/#breadcrumb\"},\"inLanguage\":\"es\",\"potentialAction\":[{\"@type\":\"ReadAction\",\"target\":[\"https:\/\/hotelelscassadors.com\/es\/menu-para-grupos\/\"]}]},{\"@type\":\"BreadcrumbList\",\"@id\":\"https:\/\/hotelelscassadors.com\/es\/menu-para-grupos\/#breadcrumb\",\"itemListElement\":[{\"@type\":\"ListItem\",\"position\":1,\"name\":\"Portada\",\"item\":\"https:\/\/hotelelscassadors.com\/es\/\"},{\"@type\":\"ListItem\",\"position\":2,\"name\":\"MEN\u00da PARA GRUPOS\"}]},{\"@type\":\"WebSite\",\"@id\":\"https:\/\/hotelelscassadors.com\/es\/#website\",\"url\":\"https:\/\/hotelelscassadors.com\/es\/\",\"name\":\"Hotel Els Ca\u00e7adors de Ma\u00e7anet\",\"description\":\"Hotel \u00b7 Restaurant\",\"publisher\":{\"@id\":\"https:\/\/hotelelscassadors.com\/es\/#organization\"},\"potentialAction\":[{\"@type\":\"SearchAction\",\"target\":{\"@type\":\"EntryPoint\",\"urlTemplate\":\"https:\/\/hotelelscassadors.com\/es\/?s={search_term_string}\"},\"query-input\":\"required name=search_term_string\"}],\"inLanguage\":\"es\"},{\"@type\":\"Organization\",\"@id\":\"https:\/\/hotelelscassadors.com\/es\/#organization\",\"name\":\"Els Ca\u00e7adors de Ma\u00e7anet Hotel Restaurant\",\"url\":\"https:\/\/hotelelscassadors.com\/es\/\",\"sameAs\":[\"https:\/\/www.facebook.com\/Restaurant-Hotel-Els-Ca\u00e7adors-de-Ma\u00e7anet-901920089887268\/\"],\"logo\":{\"@type\":\"ImageObject\",\"inLanguage\":\"es\",\"@id\":\"https:\/\/hotelelscassadors.com\/es\/#\/schema\/logo\/image\/\",\"url\":\"https:\/\/hotelelscassadors.com\/wp-content\/uploads\/2018\/05\/logoweb.png\",\"contentUrl\":\"https:\/\/hotelelscassadors.com\/wp-content\/uploads\/2018\/05\/logoweb.png\",\"width\":386,\"height\":160,\"caption\":\"Els Ca\u00e7adors de Ma\u00e7anet Hotel Restaurant\"},\"image\":{\"@id\":\"https:\/\/hotelelscassadors.com\/es\/#\/schema\/logo\/image\/\"}}]}<\/script>\n<!-- \/ Yoast SEO plugin. -->","yoast_head_json":{"title":"MEN\u00da PARA GRUPOS &#8902; Els Ca\u00e7adors de Ma\u00e7anet","description":"Hotel a prop del Museu Dal\u00ed de Figueres, visites d'Enoturisme de la DO Empord\u00e0 i el museu de l'Exili. L\u2019Hotel Els Ca\u00e7adors est\u00e0 situat a les rodalies de Ma\u00e7anet de Cabrenys, en una zona de frondosa vegetaci\u00f3 per on passa un rierol. \u00c9s un espai per als que busquen tranquil\u00b7litat, descans i frescor.","robots":{"index":"noindex","follow":"follow"},"og_locale":"es_ES","og_type":"article","og_title":"MEN\u00da PARA GRUPOS &#8902; Els Ca\u00e7adors de Ma\u00e7anet","og_description":"Hotel a prop del Museu Dal\u00ed de Figueres, visites d'Enoturisme de la DO Empord\u00e0 i el museu de l'Exili. L\u2019Hotel Els Ca\u00e7adors est\u00e0 situat a les rodalies de Ma\u00e7anet de Cabrenys, en una zona de frondosa vegetaci\u00f3 per on passa un rierol. \u00c9s un espai per als que busquen tranquil\u00b7litat, descans i frescor.","og_url":"https:\/\/hotelelscassadors.com\/es\/menu-para-grupos\/","og_site_name":"Els Ca\u00e7adors de Ma\u00e7anet","article_publisher":"https:\/\/www.facebook.com\/Restaurant-Hotel-Els-Ca%c3%a7adors-de-Ma%c3%a7anet-901920089887268\/","article_modified_time":"2020-12-14T12:58:14+00:00","twitter_card":"summary_large_image","schema":{"@context":"https:\/\/schema.org","@graph":[{"@type":"WebPage","@id":"https:\/\/hotelelscassadors.com\/es\/menu-para-grupos\/","url":"https:\/\/hotelelscassadors.com\/es\/menu-para-grupos\/","name":"MEN\u00da PARA GRUPOS &#8902; Els Ca\u00e7adors de Ma\u00e7anet","isPartOf":{"@id":"https:\/\/hotelelscassadors.com\/es\/#website"},"datePublished":"2019-12-03T12:05:28+00:00","dateModified":"2020-12-14T12:58:14+00:00","description":"Hotel a prop del Museu Dal\u00ed de Figueres, visites d'Enoturisme de la DO Empord\u00e0 i el museu de l'Exili. L\u2019Hotel Els Ca\u00e7adors est\u00e0 situat a les rodalies de Ma\u00e7anet de Cabrenys, en una zona de frondosa vegetaci\u00f3 per on passa un rierol. \u00c9s un espai per als que busquen tranquil\u00b7litat, descans i frescor.","breadcrumb":{"@id":"https:\/\/hotelelscassadors.com\/es\/menu-para-grupos\/#breadcrumb"},"inLanguage":"es","potentialAction":[{"@type":"ReadAction","target":["https:\/\/hotelelscassadors.com\/es\/menu-para-grupos\/"]}]},{"@type":"BreadcrumbList","@id":"https:\/\/hotelelscassadors.com\/es\/menu-para-grupos\/#breadcrumb","itemListElement":[{"@type":"ListItem","position":1,"name":"Portada","item":"https:\/\/hotelelscassadors.com\/es\/"},{"@type":"ListItem","position":2,"name":"MEN\u00da PARA GRUPOS"}]},{"@type":"WebSite","@id":"https:\/\/hotelelscassadors.com\/es\/#website","url":"https:\/\/hotelelscassadors.com\/es\/","name":"Hotel Els Ca\u00e7adors de Ma\u00e7anet","description":"Hotel \u00b7 Restaurant","publisher":{"@id":"https:\/\/hotelelscassadors.com\/es\/#organization"},"potentialAction":[{"@type":"SearchAction","target":{"@type":"EntryPoint","urlTemplate":"https:\/\/hotelelscassadors.com\/es\/?s={search_term_string}"},"query-input":"required name=search_term_string"}],"inLanguage":"es"},{"@type":"Organization","@id":"https:\/\/hotelelscassadors.com\/es\/#organization","name":"Els Ca\u00e7adors de Ma\u00e7anet Hotel Restaurant","url":"https:\/\/hotelelscassadors.com\/es\/","sameAs":["https:\/\/www.facebook.com\/Restaurant-Hotel-Els-Ca\u00e7adors-de-Ma\u00e7anet-901920089887268\/"],"logo":{"@type":"ImageObject","inLanguage":"es","@id":"https:\/\/hotelelscassadors.com\/es\/#\/schema\/logo\/image\/","url":"https:\/\/hotelelscassadors.com\/wp-content\/uploads\/2018\/05\/logoweb.png","contentUrl":"https:\/\/hotelelscassadors.com\/wp-content\/uploads\/2018\/05\/logoweb.png","width":386,"height":160,"caption":"Els Ca\u00e7adors de Ma\u00e7anet Hotel Restaurant"},"image":{"@id":"https:\/\/hotelelscassadors.com\/es\/#\/schema\/logo\/image\/"}}]}},"_links":{"self":[{"href":"https:\/\/hotelelscassadors.com\/es\/wp-json\/wp\/v2\/pages\/1658"}],"collection":[{"href":"https:\/\/hotelelscassadors.com\/es\/wp-json\/wp\/v2\/pages"}],"about":[{"href":"https:\/\/hotelelscassadors.com\/es\/wp-json\/wp\/v2\/types\/page"}],"author":[{"embeddable":true,"href":"https:\/\/hotelelscassadors.com\/es\/wp-json\/wp\/v2\/users\/3"}],"replies":[{"embeddable":true,"href":"https:\/\/hotelelscassadors.com\/es\/wp-json\/wp\/v2\/comments?post=1658"}],"version-history":[{"count":8,"href":"https:\/\/hotelelscassadors.com\/es\/wp-json\/wp\/v2\/pages\/1658\/revisions"}],"predecessor-version":[{"id":1933,"href":"https:\/\/hotelelscassadors.com\/es\/wp-json\/wp\/v2\/pages\/1658\/revisions\/1933"}],"wp:attachment":[{"href":"https:\/\/hotelelscassadors.com\/es\/wp-json\/wp\/v2\/media?parent=1658"}],"curies":[{"name":"wp","href":"https:\/\/api.w.org\/{rel}","templated":true}]}}