{"id":1444,"date":"2019-11-26T16:45:41","date_gmt":"2019-11-26T15:45:41","guid":{"rendered":"https:\/\/hotelelscassadors.com\/?page_id=1444"},"modified":"2019-11-28T20:28:04","modified_gmt":"2019-11-28T19:28:04","slug":"eventos","status":"publish","type":"page","link":"https:\/\/hotelelscassadors.com\/es\/eventos\/","title":{"rendered":"Eventos"},"content":{"rendered":"\n\t\t\t\t<a href=\"\/?page_id=1402\" target=\"_self\" itemprop=\"url\" rel=\"noopener noreferrer\">\n\t\t\t\t<img loading=\"lazy\" src=\"https:\/\/hotelelscassadors.com\/wp-content\/uploads\/2019\/11\/xbodas-04_m-landscape.jpg.pagespeed.ic_.GJ6DO5wEAJ.jpg\" alt=\"boda pirineu bodas empord\u00e0\" itemprop=\"image\" height=\"560\" width=\"800\" title=\"boda pirineu bodas empord\u00e0\" onerror=\"this.style.display='none'\"  \/>\n\t\t\t\t<\/a>\n\t\t\t\t<a href=\"\/?page_id=1412\" target=\"_self\" itemprop=\"url\" rel=\"noopener noreferrer\">\n\t\t\t\t<img loading=\"lazy\" src=\"https:\/\/hotelelscassadors.com\/wp-content\/uploads\/2019\/11\/xgrupos-01_m-landscape.jpg.pagespeed.ic_.TWWspgDZrV.jpg\" alt=\"celebraciones pirineo celebraciones empord\u00e0\" itemprop=\"image\" height=\"560\" width=\"800\" title=\"celebraciones pirineo celebraciones empord\u00e0\" onerror=\"this.style.display='none'\"  \/>\n\t\t\t\t<\/a>\n","protected":false},"excerpt":{"rendered":"","protected":false},"author":3,"featured_media":0,"parent":0,"menu_order":0,"comment_status":"closed","ping_status":"closed","template":"","meta":[],"yoast_head":"<!-- This site is optimized with the Yoast SEO plugin v19.6 - https:\/\/yoast.com\/wordpress\/plugins\/seo\/ -->\n<title>Eventos &#8902; Els Ca\u00e7adors de Ma\u00e7anet<\/title>\n<meta name=\"description\" content=\"Hotel a prop del Museu Dal\u00ed de Figueres, visites d&#039;Enoturisme de la DO Empord\u00e0 i el museu de l&#039;Exili. L\u2019Hotel Els Ca\u00e7adors est\u00e0 situat a les rodalies de Ma\u00e7anet de Cabrenys, en una zona de frondosa vegetaci\u00f3 per on passa un rierol. \u00c9s un espai per als que busquen tranquil\u00b7litat, descans i frescor.\" \/>\n<meta name=\"robots\" content=\"index, follow, max-snippet:-1, max-image-preview:large, max-video-preview:-1\" \/>\n<link rel=\"canonical\" href=\"https:\/\/hotelelscassadors.com\/es\/eventos\/\" \/>\n<meta property=\"og:locale\" content=\"es_ES\" \/>\n<meta property=\"og:type\" content=\"article\" \/>\n<meta property=\"og:title\" content=\"Eventos &#8902; Els Ca\u00e7adors de Ma\u00e7anet\" \/>\n<meta property=\"og:description\" content=\"Hotel a prop del Museu Dal\u00ed de Figueres, visites d&#039;Enoturisme de la DO Empord\u00e0 i el museu de l&#039;Exili. L\u2019Hotel Els Ca\u00e7adors est\u00e0 situat a les rodalies de Ma\u00e7anet de Cabrenys, en una zona de frondosa vegetaci\u00f3 per on passa un rierol. \u00c9s un espai per als que busquen tranquil\u00b7litat, descans i frescor.\" \/>\n<meta property=\"og:url\" content=\"https:\/\/hotelelscassadors.com\/es\/eventos\/\" \/>\n<meta property=\"og:site_name\" content=\"Els Ca\u00e7adors de Ma\u00e7anet\" \/>\n<meta property=\"article:publisher\" content=\"https:\/\/www.facebook.com\/Restaurant-Hotel-Els-Ca%c3%a7adors-de-Ma%c3%a7anet-901920089887268\/\" \/>\n<meta property=\"article:modified_time\" content=\"2019-11-28T19:28:04+00:00\" \/>\n<meta property=\"og:image\" content=\"https:\/\/hotelelscassadors.com\/wp-content\/uploads\/2019\/11\/xbodas-04_m-landscape.jpg.pagespeed.ic_.GJ6DO5wEAJ.jpg\" \/>\n<meta name=\"twitter:card\" content=\"summary_large_image\" \/>\n<script type=\"application\/ld+json\" class=\"yoast-schema-graph\">{\"@context\":\"https:\/\/schema.org\",\"@graph\":[{\"@type\":\"WebPage\",\"@id\":\"https:\/\/hotelelscassadors.com\/es\/eventos\/\",\"url\":\"https:\/\/hotelelscassadors.com\/es\/eventos\/\",\"name\":\"Eventos &#8902; Els Ca\u00e7adors de Ma\u00e7anet\",\"isPartOf\":{\"@id\":\"https:\/\/hotelelscassadors.com\/es\/#website\"},\"datePublished\":\"2019-11-26T15:45:41+00:00\",\"dateModified\":\"2019-11-28T19:28:04+00:00\",\"description\":\"Hotel a prop del Museu Dal\u00ed de Figueres, visites d'Enoturisme de la DO Empord\u00e0 i el museu de l'Exili. L\u2019Hotel Els Ca\u00e7adors est\u00e0 situat a les rodalies de Ma\u00e7anet de Cabrenys, en una zona de frondosa vegetaci\u00f3 per on passa un rierol. \u00c9s un espai per als que busquen tranquil\u00b7litat, descans i frescor.\",\"breadcrumb\":{\"@id\":\"https:\/\/hotelelscassadors.com\/es\/eventos\/#breadcrumb\"},\"inLanguage\":\"es\",\"potentialAction\":[{\"@type\":\"ReadAction\",\"target\":[\"https:\/\/hotelelscassadors.com\/es\/eventos\/\"]}]},{\"@type\":\"BreadcrumbList\",\"@id\":\"https:\/\/hotelelscassadors.com\/es\/eventos\/#breadcrumb\",\"itemListElement\":[{\"@type\":\"ListItem\",\"position\":1,\"name\":\"Portada\",\"item\":\"https:\/\/hotelelscassadors.com\/es\/\"},{\"@type\":\"ListItem\",\"position\":2,\"name\":\"Eventos\"}]},{\"@type\":\"WebSite\",\"@id\":\"https:\/\/hotelelscassadors.com\/es\/#website\",\"url\":\"https:\/\/hotelelscassadors.com\/es\/\",\"name\":\"Hotel Els Ca\u00e7adors de Ma\u00e7anet\",\"description\":\"Hotel \u00b7 Restaurant\",\"publisher\":{\"@id\":\"https:\/\/hotelelscassadors.com\/es\/#organization\"},\"potentialAction\":[{\"@type\":\"SearchAction\",\"target\":{\"@type\":\"EntryPoint\",\"urlTemplate\":\"https:\/\/hotelelscassadors.com\/es\/?s={search_term_string}\"},\"query-input\":\"required name=search_term_string\"}],\"inLanguage\":\"es\"},{\"@type\":\"Organization\",\"@id\":\"https:\/\/hotelelscassadors.com\/es\/#organization\",\"name\":\"Els Ca\u00e7adors de Ma\u00e7anet Hotel Restaurant\",\"url\":\"https:\/\/hotelelscassadors.com\/es\/\",\"sameAs\":[\"https:\/\/www.facebook.com\/Restaurant-Hotel-Els-Ca\u00e7adors-de-Ma\u00e7anet-901920089887268\/\"],\"logo\":{\"@type\":\"ImageObject\",\"inLanguage\":\"es\",\"@id\":\"https:\/\/hotelelscassadors.com\/es\/#\/schema\/logo\/image\/\",\"url\":\"https:\/\/hotelelscassadors.com\/wp-content\/uploads\/2018\/05\/logoweb.png\",\"contentUrl\":\"https:\/\/hotelelscassadors.com\/wp-content\/uploads\/2018\/05\/logoweb.png\",\"width\":386,\"height\":160,\"caption\":\"Els Ca\u00e7adors de Ma\u00e7anet Hotel Restaurant\"},\"image\":{\"@id\":\"https:\/\/hotelelscassadors.com\/es\/#\/schema\/logo\/image\/\"}}]}<\/script>\n<!-- \/ Yoast SEO plugin. -->","yoast_head_json":{"title":"Eventos &#8902; Els Ca\u00e7adors de Ma\u00e7anet","description":"Hotel a prop del Museu Dal\u00ed de Figueres, visites d'Enoturisme de la DO Empord\u00e0 i el museu de l'Exili. L\u2019Hotel Els Ca\u00e7adors est\u00e0 situat a les rodalies de Ma\u00e7anet de Cabrenys, en una zona de frondosa vegetaci\u00f3 per on passa un rierol. \u00c9s un espai per als que busquen tranquil\u00b7litat, descans i frescor.","robots":{"index":"index","follow":"follow","max-snippet":"max-snippet:-1","max-image-preview":"max-image-preview:large","max-video-preview":"max-video-preview:-1"},"canonical":"https:\/\/hotelelscassadors.com\/es\/eventos\/","og_locale":"es_ES","og_type":"article","og_title":"Eventos &#8902; Els Ca\u00e7adors de Ma\u00e7anet","og_description":"Hotel a prop del Museu Dal\u00ed de Figueres, visites d'Enoturisme de la DO Empord\u00e0 i el museu de l'Exili. L\u2019Hotel Els Ca\u00e7adors est\u00e0 situat a les rodalies de Ma\u00e7anet de Cabrenys, en una zona de frondosa vegetaci\u00f3 per on passa un rierol. \u00c9s un espai per als que busquen tranquil\u00b7litat, descans i frescor.","og_url":"https:\/\/hotelelscassadors.com\/es\/eventos\/","og_site_name":"Els Ca\u00e7adors de Ma\u00e7anet","article_publisher":"https:\/\/www.facebook.com\/Restaurant-Hotel-Els-Ca%c3%a7adors-de-Ma%c3%a7anet-901920089887268\/","article_modified_time":"2019-11-28T19:28:04+00:00","og_image":[{"url":"https:\/\/hotelelscassadors.com\/wp-content\/uploads\/2019\/11\/xbodas-04_m-landscape.jpg.pagespeed.ic_.GJ6DO5wEAJ.jpg"}],"twitter_card":"summary_large_image","schema":{"@context":"https:\/\/schema.org","@graph":[{"@type":"WebPage","@id":"https:\/\/hotelelscassadors.com\/es\/eventos\/","url":"https:\/\/hotelelscassadors.com\/es\/eventos\/","name":"Eventos &#8902; Els Ca\u00e7adors de Ma\u00e7anet","isPartOf":{"@id":"https:\/\/hotelelscassadors.com\/es\/#website"},"datePublished":"2019-11-26T15:45:41+00:00","dateModified":"2019-11-28T19:28:04+00:00","description":"Hotel a prop del Museu Dal\u00ed de Figueres, visites d'Enoturisme de la DO Empord\u00e0 i el museu de l'Exili. L\u2019Hotel Els Ca\u00e7adors est\u00e0 situat a les rodalies de Ma\u00e7anet de Cabrenys, en una zona de frondosa vegetaci\u00f3 per on passa un rierol. \u00c9s un espai per als que busquen tranquil\u00b7litat, descans i frescor.","breadcrumb":{"@id":"https:\/\/hotelelscassadors.com\/es\/eventos\/#breadcrumb"},"inLanguage":"es","potentialAction":[{"@type":"ReadAction","target":["https:\/\/hotelelscassadors.com\/es\/eventos\/"]}]},{"@type":"BreadcrumbList","@id":"https:\/\/hotelelscassadors.com\/es\/eventos\/#breadcrumb","itemListElement":[{"@type":"ListItem","position":1,"name":"Portada","item":"https:\/\/hotelelscassadors.com\/es\/"},{"@type":"ListItem","position":2,"name":"Eventos"}]},{"@type":"WebSite","@id":"https:\/\/hotelelscassadors.com\/es\/#website","url":"https:\/\/hotelelscassadors.com\/es\/","name":"Hotel Els Ca\u00e7adors de Ma\u00e7anet","description":"Hotel \u00b7 Restaurant","publisher":{"@id":"https:\/\/hotelelscassadors.com\/es\/#organization"},"potentialAction":[{"@type":"SearchAction","target":{"@type":"EntryPoint","urlTemplate":"https:\/\/hotelelscassadors.com\/es\/?s={search_term_string}"},"query-input":"required name=search_term_string"}],"inLanguage":"es"},{"@type":"Organization","@id":"https:\/\/hotelelscassadors.com\/es\/#organization","name":"Els Ca\u00e7adors de Ma\u00e7anet Hotel Restaurant","url":"https:\/\/hotelelscassadors.com\/es\/","sameAs":["https:\/\/www.facebook.com\/Restaurant-Hotel-Els-Ca\u00e7adors-de-Ma\u00e7anet-901920089887268\/"],"logo":{"@type":"ImageObject","inLanguage":"es","@id":"https:\/\/hotelelscassadors.com\/es\/#\/schema\/logo\/image\/","url":"https:\/\/hotelelscassadors.com\/wp-content\/uploads\/2018\/05\/logoweb.png","contentUrl":"https:\/\/hotelelscassadors.com\/wp-content\/uploads\/2018\/05\/logoweb.png","width":386,"height":160,"caption":"Els Ca\u00e7adors de Ma\u00e7anet Hotel Restaurant"},"image":{"@id":"https:\/\/hotelelscassadors.com\/es\/#\/schema\/logo\/image\/"}}]}},"_links":{"self":[{"href":"https:\/\/hotelelscassadors.com\/es\/wp-json\/wp\/v2\/pages\/1444"}],"collection":[{"href":"https:\/\/hotelelscassadors.com\/es\/wp-json\/wp\/v2\/pages"}],"about":[{"href":"https:\/\/hotelelscassadors.com\/es\/wp-json\/wp\/v2\/types\/page"}],"author":[{"embeddable":true,"href":"https:\/\/hotelelscassadors.com\/es\/wp-json\/wp\/v2\/users\/3"}],"replies":[{"embeddable":true,"href":"https:\/\/hotelelscassadors.com\/es\/wp-json\/wp\/v2\/comments?post=1444"}],"version-history":[{"count":9,"href":"https:\/\/hotelelscassadors.com\/es\/wp-json\/wp\/v2\/pages\/1444\/revisions"}],"predecessor-version":[{"id":1633,"href":"https:\/\/hotelelscassadors.com\/es\/wp-json\/wp\/v2\/pages\/1444\/revisions\/1633"}],"wp:attachment":[{"href":"https:\/\/hotelelscassadors.com\/es\/wp-json\/wp\/v2\/media?parent=1444"}],"curies":[{"name":"wp","href":"https:\/\/api.w.org\/{rel}","templated":true}]}}