{"id":1402,"date":"2019-11-26T16:46:36","date_gmt":"2019-11-26T15:46:36","guid":{"rendered":"https:\/\/hotelelscassadors.com\/?page_id=1402"},"modified":"2019-11-28T20:26:22","modified_gmt":"2019-11-28T19:26:22","slug":"bodas","status":"publish","type":"page","link":"https:\/\/hotelelscassadors.com\/es\/eventos\/bodas\/","title":{"rendered":"Bodas"},"content":{"rendered":"\n\t<p>Celebra tu boda en un lugar id\u00edlico, \u00fanico y m\u00e1gico, con<strong> capacidad de hasta 100 personas<\/strong>, El Hotel Los Cazadores cuenta con todos los detalles porque este d\u00eda tan especial est\u00e9 a la altura de vuestras expectativas. Est\u00e1 perfectamente habilitado para la realizaci\u00f3n de la ceremonia civil. La exclusividad y la intimidad est\u00e1n garantizadas, adem\u00e1s de ofrecer la <strong>posibilidad de alquilar parte o la totalidad<\/strong> de las instalaciones del hotel. Tambi\u00e9n disponemos de men\u00fas personalizados y una suite nupcial exclusiva para los reciente casados.<\/p>\n\t\t\t\t<a\n\t\t\thref=\"https:\/\/hotelelscassadors.com\/wp-content\/uploads\/2019\/11\/bodas-01-1024x683-1.jpg\"\n\t\t\t\t\t\trel=\"nofollow\" data-fancybox=\"images\" \n\t\t\ttitle=\"bodas empord\u00e0\" \n\t\t\tdata-caption=\"\"\n\t\t\tdata-description=\"\" \n\t\t\titemprop=\"contentUrl\"\n\t\t>\n\t\t<img src=\"https:\/\/hotelelscassadors.com\/wp-content\/uploads\/2019\/11\/bodas-01-1024x683-1.jpg\" alt=\"\" data-no-lazy=\"1\" itemprop=\"thumbnail\" \/>\n\t\t\t<!-- Overlay Wrapper -->\n\t\t\t <!-- Overlay Wrapper Closed -->\n\t\t\t\t<\/a>\n\t\t\t\t\t\t\t<meta itemprop=\"width\" content=\"1024\" \/>\n\t\t\t<meta itemprop=\"height\" content=\"683\" \/>\n\t\t\t\t<a\n\t\t\thref=\"https:\/\/hotelelscassadors.com\/wp-content\/uploads\/2019\/11\/bodas-02-1024x684-1.jpg\"\n\t\t\t\t\t\trel=\"nofollow\" data-fancybox=\"images\" \n\t\t\ttitle=\"boda pirineo\" \n\t\t\tdata-caption=\"\"\n\t\t\tdata-description=\"\" \n\t\t\titemprop=\"contentUrl\"\n\t\t>\n\t\t<img src=\"https:\/\/hotelelscassadors.com\/wp-content\/uploads\/2019\/11\/bodas-02-1024x684-1.jpg\" alt=\"\" data-no-lazy=\"1\" itemprop=\"thumbnail\" \/>\n\t\t\t<!-- Overlay Wrapper -->\n\t\t\t <!-- Overlay Wrapper Closed -->\n\t\t\t\t<\/a>\n\t\t\t\t\t\t\t<meta itemprop=\"width\" content=\"1024\" \/>\n\t\t\t<meta itemprop=\"height\" content=\"684\" \/>\n\t\t\t\t<a\n\t\t\thref=\"https:\/\/hotelelscassadors.com\/wp-content\/uploads\/2019\/11\/bodas-03-1024x683-1.jpg\"\n\t\t\t\t\t\trel=\"nofollow\" data-fancybox=\"images\" \n\t\t\ttitle=\"boda a medida\" \n\t\t\tdata-caption=\"\"\n\t\t\tdata-description=\"\" \n\t\t\titemprop=\"contentUrl\"\n\t\t>\n\t\t<img src=\"https:\/\/hotelelscassadors.com\/wp-content\/uploads\/2019\/11\/bodas-03-1024x683-1.jpg\" alt=\"\" data-no-lazy=\"1\" itemprop=\"thumbnail\" \/>\n\t\t\t<!-- Overlay Wrapper -->\n\t\t\t <!-- Overlay Wrapper Closed -->\n\t\t\t\t<\/a>\n\t\t\t\t\t\t\t<meta itemprop=\"width\" content=\"1024\" \/>\n\t\t\t<meta itemprop=\"height\" content=\"683\" \/>\n\t\t\t\t<a\n\t\t\thref=\"https:\/\/hotelelscassadors.com\/wp-content\/uploads\/2019\/11\/bodas-04-1-1024x684-1.jpg\"\n\t\t\t\t\t\trel=\"nofollow\" data-fancybox=\"images\" \n\t\t\ttitle=\"bodas especiales\" \n\t\t\tdata-caption=\"\"\n\t\t\tdata-description=\"\" \n\t\t\titemprop=\"contentUrl\"\n\t\t>\n\t\t<img src=\"https:\/\/hotelelscassadors.com\/wp-content\/uploads\/2019\/11\/bodas-04-1-1024x684-1.jpg\" alt=\"\" data-no-lazy=\"1\" itemprop=\"thumbnail\" \/>\n\t\t\t<!-- Overlay Wrapper -->\n\t\t\t <!-- Overlay Wrapper Closed -->\n\t\t\t\t<\/a>\n\t\t\t\t\t\t\t<meta itemprop=\"width\" content=\"1024\" \/>\n\t\t\t<meta itemprop=\"height\" content=\"684\" \/>\n\t\t\t\t<a\n\t\t\thref=\"https:\/\/hotelelscassadors.com\/wp-content\/uploads\/2019\/11\/bodas-05-1024x684-1.jpg\"\n\t\t\t\t\t\trel=\"nofollow\" data-fancybox=\"images\" \n\t\t\ttitle=\"bodas boutique\" \n\t\t\tdata-caption=\"\"\n\t\t\tdata-description=\"\" \n\t\t\titemprop=\"contentUrl\"\n\t\t>\n\t\t<img src=\"https:\/\/hotelelscassadors.com\/wp-content\/uploads\/2019\/11\/bodas-05-1024x684-1.jpg\" alt=\"\" data-no-lazy=\"1\" itemprop=\"thumbnail\" \/>\n\t\t\t<!-- Overlay Wrapper -->\n\t\t\t <!-- Overlay Wrapper Closed -->\n\t\t\t\t<\/a>\n\t\t\t\t\t\t\t<meta itemprop=\"width\" content=\"1024\" \/>\n\t\t\t<meta itemprop=\"height\" content=\"684\" \/>\n\t\t\t\t<a\n\t\t\thref=\"https:\/\/hotelelscassadors.com\/wp-content\/uploads\/2019\/11\/bodas-06-1024x683-1.jpg\"\n\t\t\t\t\t\trel=\"nofollow\" data-fancybox=\"images\" \n\t\t\ttitle=\"bodas gastron\u00f3micas\" \n\t\t\tdata-caption=\"\"\n\t\t\tdata-description=\"\" \n\t\t\titemprop=\"contentUrl\"\n\t\t>\n\t\t<img src=\"https:\/\/hotelelscassadors.com\/wp-content\/uploads\/2019\/11\/bodas-06-1024x683-1.jpg\" alt=\"\" data-no-lazy=\"1\" itemprop=\"thumbnail\" \/>\n\t\t\t<!-- Overlay Wrapper -->\n\t\t\t <!-- Overlay Wrapper Closed -->\n\t\t\t\t<\/a>\n\t\t\t\t\t\t\t<meta itemprop=\"width\" content=\"1024\" \/>\n\t\t\t<meta itemprop=\"height\" content=\"683\" \/>\n\t","protected":false},"excerpt":{"rendered":"<p>Celebra tu boda en un lugar id\u00edlico, \u00fanico y m\u00e1gico, con capacidad de hasta 100 personas, El Hotel Los Cazadores cuenta con todos los detalles porque este d\u00eda tan especial est\u00e9 a la altura de vuestras expectativas. Est\u00e1 perfectamente habilitado para la realizaci\u00f3n de la ceremonia civil. La exclusividad y la intimidad est\u00e1n garantizadas, adem\u00e1s&hellip;<\/p>\n","protected":false},"author":3,"featured_media":0,"parent":1444,"menu_order":0,"comment_status":"closed","ping_status":"closed","template":"","meta":[],"yoast_head":"<!-- This site is optimized with the Yoast SEO plugin v19.6 - https:\/\/yoast.com\/wordpress\/plugins\/seo\/ -->\n<title>Bodas &#8902; Els Ca\u00e7adors de Ma\u00e7anet<\/title>\n<meta name=\"description\" content=\"Hotel a prop del Museu Dal\u00ed de Figueres, visites d&#039;Enoturisme de la DO Empord\u00e0 i el museu de l&#039;Exili. L\u2019Hotel Els Ca\u00e7adors est\u00e0 situat a les rodalies de Ma\u00e7anet de Cabrenys, en una zona de frondosa vegetaci\u00f3 per on passa un rierol. \u00c9s un espai per als que busquen tranquil\u00b7litat, descans i frescor.\" \/>\n<meta name=\"robots\" content=\"index, follow, max-snippet:-1, max-image-preview:large, max-video-preview:-1\" \/>\n<link rel=\"canonical\" href=\"https:\/\/hotelelscassadors.com\/es\/eventos\/bodas\/\" \/>\n<meta property=\"og:locale\" content=\"es_ES\" \/>\n<meta property=\"og:type\" content=\"article\" \/>\n<meta property=\"og:title\" content=\"Bodas &#8902; Els Ca\u00e7adors de Ma\u00e7anet\" \/>\n<meta property=\"og:description\" content=\"Hotel a prop del Museu Dal\u00ed de Figueres, visites d&#039;Enoturisme de la DO Empord\u00e0 i el museu de l&#039;Exili. L\u2019Hotel Els Ca\u00e7adors est\u00e0 situat a les rodalies de Ma\u00e7anet de Cabrenys, en una zona de frondosa vegetaci\u00f3 per on passa un rierol. \u00c9s un espai per als que busquen tranquil\u00b7litat, descans i frescor.\" \/>\n<meta property=\"og:url\" content=\"https:\/\/hotelelscassadors.com\/es\/eventos\/bodas\/\" \/>\n<meta property=\"og:site_name\" content=\"Els Ca\u00e7adors de Ma\u00e7anet\" \/>\n<meta property=\"article:publisher\" content=\"https:\/\/www.facebook.com\/Restaurant-Hotel-Els-Ca%c3%a7adors-de-Ma%c3%a7anet-901920089887268\/\" \/>\n<meta property=\"article:modified_time\" content=\"2019-11-28T19:26:22+00:00\" \/>\n<meta property=\"og:image\" content=\"https:\/\/hotelelscassadors.com\/wp-content\/uploads\/2019\/11\/bodas-01-1024x683-1.jpg\" \/>\n<meta name=\"twitter:card\" content=\"summary_large_image\" \/>\n<script type=\"application\/ld+json\" class=\"yoast-schema-graph\">{\"@context\":\"https:\/\/schema.org\",\"@graph\":[{\"@type\":\"WebPage\",\"@id\":\"https:\/\/hotelelscassadors.com\/es\/eventos\/bodas\/\",\"url\":\"https:\/\/hotelelscassadors.com\/es\/eventos\/bodas\/\",\"name\":\"Bodas &#8902; Els Ca\u00e7adors de Ma\u00e7anet\",\"isPartOf\":{\"@id\":\"https:\/\/hotelelscassadors.com\/es\/#website\"},\"datePublished\":\"2019-11-26T15:46:36+00:00\",\"dateModified\":\"2019-11-28T19:26:22+00:00\",\"description\":\"Hotel a prop del Museu Dal\u00ed de Figueres, visites d'Enoturisme de la DO Empord\u00e0 i el museu de l'Exili. L\u2019Hotel Els Ca\u00e7adors est\u00e0 situat a les rodalies de Ma\u00e7anet de Cabrenys, en una zona de frondosa vegetaci\u00f3 per on passa un rierol. \u00c9s un espai per als que busquen tranquil\u00b7litat, descans i frescor.\",\"breadcrumb\":{\"@id\":\"https:\/\/hotelelscassadors.com\/es\/eventos\/bodas\/#breadcrumb\"},\"inLanguage\":\"es\",\"potentialAction\":[{\"@type\":\"ReadAction\",\"target\":[\"https:\/\/hotelelscassadors.com\/es\/eventos\/bodas\/\"]}]},{\"@type\":\"BreadcrumbList\",\"@id\":\"https:\/\/hotelelscassadors.com\/es\/eventos\/bodas\/#breadcrumb\",\"itemListElement\":[{\"@type\":\"ListItem\",\"position\":1,\"name\":\"Portada\",\"item\":\"https:\/\/hotelelscassadors.com\/es\/\"},{\"@type\":\"ListItem\",\"position\":2,\"name\":\"Eventos\",\"item\":\"https:\/\/hotelelscassadors.com\/es\/esdeveniments\/\"},{\"@type\":\"ListItem\",\"position\":3,\"name\":\"Bodas\"}]},{\"@type\":\"WebSite\",\"@id\":\"https:\/\/hotelelscassadors.com\/es\/#website\",\"url\":\"https:\/\/hotelelscassadors.com\/es\/\",\"name\":\"Hotel Els Ca\u00e7adors de Ma\u00e7anet\",\"description\":\"Hotel \u00b7 Restaurant\",\"publisher\":{\"@id\":\"https:\/\/hotelelscassadors.com\/es\/#organization\"},\"potentialAction\":[{\"@type\":\"SearchAction\",\"target\":{\"@type\":\"EntryPoint\",\"urlTemplate\":\"https:\/\/hotelelscassadors.com\/es\/?s={search_term_string}\"},\"query-input\":\"required name=search_term_string\"}],\"inLanguage\":\"es\"},{\"@type\":\"Organization\",\"@id\":\"https:\/\/hotelelscassadors.com\/es\/#organization\",\"name\":\"Els Ca\u00e7adors de Ma\u00e7anet Hotel Restaurant\",\"url\":\"https:\/\/hotelelscassadors.com\/es\/\",\"sameAs\":[\"https:\/\/www.facebook.com\/Restaurant-Hotel-Els-Ca\u00e7adors-de-Ma\u00e7anet-901920089887268\/\"],\"logo\":{\"@type\":\"ImageObject\",\"inLanguage\":\"es\",\"@id\":\"https:\/\/hotelelscassadors.com\/es\/#\/schema\/logo\/image\/\",\"url\":\"https:\/\/hotelelscassadors.com\/wp-content\/uploads\/2018\/05\/logoweb.png\",\"contentUrl\":\"https:\/\/hotelelscassadors.com\/wp-content\/uploads\/2018\/05\/logoweb.png\",\"width\":386,\"height\":160,\"caption\":\"Els Ca\u00e7adors de Ma\u00e7anet Hotel Restaurant\"},\"image\":{\"@id\":\"https:\/\/hotelelscassadors.com\/es\/#\/schema\/logo\/image\/\"}}]}<\/script>\n<!-- \/ Yoast SEO plugin. -->","yoast_head_json":{"title":"Bodas &#8902; Els Ca\u00e7adors de Ma\u00e7anet","description":"Hotel a prop del Museu Dal\u00ed de Figueres, visites d'Enoturisme de la DO Empord\u00e0 i el museu de l'Exili. L\u2019Hotel Els Ca\u00e7adors est\u00e0 situat a les rodalies de Ma\u00e7anet de Cabrenys, en una zona de frondosa vegetaci\u00f3 per on passa un rierol. \u00c9s un espai per als que busquen tranquil\u00b7litat, descans i frescor.","robots":{"index":"index","follow":"follow","max-snippet":"max-snippet:-1","max-image-preview":"max-image-preview:large","max-video-preview":"max-video-preview:-1"},"canonical":"https:\/\/hotelelscassadors.com\/es\/eventos\/bodas\/","og_locale":"es_ES","og_type":"article","og_title":"Bodas &#8902; Els Ca\u00e7adors de Ma\u00e7anet","og_description":"Hotel a prop del Museu Dal\u00ed de Figueres, visites d'Enoturisme de la DO Empord\u00e0 i el museu de l'Exili. L\u2019Hotel Els Ca\u00e7adors est\u00e0 situat a les rodalies de Ma\u00e7anet de Cabrenys, en una zona de frondosa vegetaci\u00f3 per on passa un rierol. \u00c9s un espai per als que busquen tranquil\u00b7litat, descans i frescor.","og_url":"https:\/\/hotelelscassadors.com\/es\/eventos\/bodas\/","og_site_name":"Els Ca\u00e7adors de Ma\u00e7anet","article_publisher":"https:\/\/www.facebook.com\/Restaurant-Hotel-Els-Ca%c3%a7adors-de-Ma%c3%a7anet-901920089887268\/","article_modified_time":"2019-11-28T19:26:22+00:00","og_image":[{"url":"https:\/\/hotelelscassadors.com\/wp-content\/uploads\/2019\/11\/bodas-01-1024x683-1.jpg"}],"twitter_card":"summary_large_image","schema":{"@context":"https:\/\/schema.org","@graph":[{"@type":"WebPage","@id":"https:\/\/hotelelscassadors.com\/es\/eventos\/bodas\/","url":"https:\/\/hotelelscassadors.com\/es\/eventos\/bodas\/","name":"Bodas &#8902; Els Ca\u00e7adors de Ma\u00e7anet","isPartOf":{"@id":"https:\/\/hotelelscassadors.com\/es\/#website"},"datePublished":"2019-11-26T15:46:36+00:00","dateModified":"2019-11-28T19:26:22+00:00","description":"Hotel a prop del Museu Dal\u00ed de Figueres, visites d'Enoturisme de la DO Empord\u00e0 i el museu de l'Exili. L\u2019Hotel Els Ca\u00e7adors est\u00e0 situat a les rodalies de Ma\u00e7anet de Cabrenys, en una zona de frondosa vegetaci\u00f3 per on passa un rierol. \u00c9s un espai per als que busquen tranquil\u00b7litat, descans i frescor.","breadcrumb":{"@id":"https:\/\/hotelelscassadors.com\/es\/eventos\/bodas\/#breadcrumb"},"inLanguage":"es","potentialAction":[{"@type":"ReadAction","target":["https:\/\/hotelelscassadors.com\/es\/eventos\/bodas\/"]}]},{"@type":"BreadcrumbList","@id":"https:\/\/hotelelscassadors.com\/es\/eventos\/bodas\/#breadcrumb","itemListElement":[{"@type":"ListItem","position":1,"name":"Portada","item":"https:\/\/hotelelscassadors.com\/es\/"},{"@type":"ListItem","position":2,"name":"Eventos","item":"https:\/\/hotelelscassadors.com\/es\/esdeveniments\/"},{"@type":"ListItem","position":3,"name":"Bodas"}]},{"@type":"WebSite","@id":"https:\/\/hotelelscassadors.com\/es\/#website","url":"https:\/\/hotelelscassadors.com\/es\/","name":"Hotel Els Ca\u00e7adors de Ma\u00e7anet","description":"Hotel \u00b7 Restaurant","publisher":{"@id":"https:\/\/hotelelscassadors.com\/es\/#organization"},"potentialAction":[{"@type":"SearchAction","target":{"@type":"EntryPoint","urlTemplate":"https:\/\/hotelelscassadors.com\/es\/?s={search_term_string}"},"query-input":"required name=search_term_string"}],"inLanguage":"es"},{"@type":"Organization","@id":"https:\/\/hotelelscassadors.com\/es\/#organization","name":"Els Ca\u00e7adors de Ma\u00e7anet Hotel Restaurant","url":"https:\/\/hotelelscassadors.com\/es\/","sameAs":["https:\/\/www.facebook.com\/Restaurant-Hotel-Els-Ca\u00e7adors-de-Ma\u00e7anet-901920089887268\/"],"logo":{"@type":"ImageObject","inLanguage":"es","@id":"https:\/\/hotelelscassadors.com\/es\/#\/schema\/logo\/image\/","url":"https:\/\/hotelelscassadors.com\/wp-content\/uploads\/2018\/05\/logoweb.png","contentUrl":"https:\/\/hotelelscassadors.com\/wp-content\/uploads\/2018\/05\/logoweb.png","width":386,"height":160,"caption":"Els Ca\u00e7adors de Ma\u00e7anet Hotel Restaurant"},"image":{"@id":"https:\/\/hotelelscassadors.com\/es\/#\/schema\/logo\/image\/"}}]}},"_links":{"self":[{"href":"https:\/\/hotelelscassadors.com\/es\/wp-json\/wp\/v2\/pages\/1402"}],"collection":[{"href":"https:\/\/hotelelscassadors.com\/es\/wp-json\/wp\/v2\/pages"}],"about":[{"href":"https:\/\/hotelelscassadors.com\/es\/wp-json\/wp\/v2\/types\/page"}],"author":[{"embeddable":true,"href":"https:\/\/hotelelscassadors.com\/es\/wp-json\/wp\/v2\/users\/3"}],"replies":[{"embeddable":true,"href":"https:\/\/hotelelscassadors.com\/es\/wp-json\/wp\/v2\/comments?post=1402"}],"version-history":[{"count":8,"href":"https:\/\/hotelelscassadors.com\/es\/wp-json\/wp\/v2\/pages\/1402\/revisions"}],"predecessor-version":[{"id":1630,"href":"https:\/\/hotelelscassadors.com\/es\/wp-json\/wp\/v2\/pages\/1402\/revisions\/1630"}],"up":[{"embeddable":true,"href":"https:\/\/hotelelscassadors.com\/es\/wp-json\/wp\/v2\/pages\/1444"}],"wp:attachment":[{"href":"https:\/\/hotelelscassadors.com\/es\/wp-json\/wp\/v2\/media?parent=1402"}],"curies":[{"name":"wp","href":"https:\/\/api.w.org\/{rel}","templated":true}]}}