{"id":750,"date":"2018-05-25T14:07:51","date_gmt":"2018-05-25T12:07:51","guid":{"rendered":"https:\/\/hotelelscassadors.com\/proposta-i-carta\/menu\/"},"modified":"2018-06-03T12:19:30","modified_gmt":"2018-06-03T10:19:30","slug":"menu","status":"publish","type":"page","link":"https:\/\/hotelelscassadors.com\/en\/proposal-and-menu\/menu\/","title":{"rendered":"Menu"},"content":{"rendered":"<h2>Men\u00fa de primavera<\/h2>\n<table border=\"1\">\n<tbody>\n<tr>\n<td><strong>PER PICAR<\/strong><\/td>\n<td><strong>Raci\u00f3<\/strong><\/td>\n<td><strong>1\/2 Raci\u00f3<\/strong><\/td>\n<\/tr>\n<tr>\n<td>*Anxoves de l&#8217;Escala<\/td>\n<td>1u\/1,20\u20ac<\/td>\n<td><\/td>\n<\/tr>\n<tr>\n<td>Pernil ib\u00e8ric de gla amb pa de coca<\/td>\n<td>15,50\u20ac<\/td>\n<td>8,50\u20ac<\/td>\n<\/tr>\n<tr>\n<td>*Seitons amb tempura<\/td>\n<td>8,00\u20ac<\/td>\n<td>4,50\u20ac<\/td>\n<\/tr>\n<tr>\n<td>Dumplings de ceps amb vinagreta de soja<\/td>\n<td>13,00\u20ac<\/td>\n<td>7,00\u20ac<\/td>\n<\/tr>\n<tr>\n<td>*Calamar a la romana amb maionesa de c\u00edtric<\/td>\n<td>10,00\u20ac<\/td>\n<td>5,50\u20ac<\/td>\n<\/tr>\n<tr>\n<td>Daus de salm\u00f3 marinat amb crema de iogurt i menta<\/td>\n<td>11,00\u20ac<\/td>\n<td>6,00\u20ac<\/td>\n<\/tr>\n<tr>\n<td>Llagostins amb tempura, coco, curri i mel<\/td>\n<td>13,00\u20ac<\/td>\n<td>7,50\u20ac<\/td>\n<\/tr>\n<tr>\n<td>Assortiment de formatges amb les seves confitures<\/td>\n<td>15,00\u20ac<\/td>\n<td>8,00\u20ac<\/td>\n<\/tr>\n<tr>\n<td>*Pa de coca amb tomata<\/td>\n<td>1,50\u20ac<\/td>\n<td><\/td>\n<\/tr>\n<\/tbody>\n<\/table>\n<p>&nbsp;<\/p>\n<table border=\"1\">\n<tbody>\n<tr>\n<td><strong>ENTRANTS<\/strong><\/td>\n<td><strong>Raci\u00f3<\/strong><\/td>\n<td><strong>1\/2 Raci\u00f3<\/strong><\/td>\n<\/tr>\n<tr>\n<td>Amanida de r\u00facula amb maduixes, parmes\u00e0 i vinagreta<br \/>\nde mel i pinyons<\/td>\n<td>11,00\u20ac<\/td>\n<td>6,00\u20ac<\/td>\n<\/tr>\n<tr>\n<td>Ous de granja estrellats amb pernil ib\u00e8ric<\/td>\n<td>12,00\u20ac<\/td>\n<td><\/td>\n<\/tr>\n<tr>\n<td>*Carpaccio de peu de porc amb vinagreta de fruits secs i tomata<\/td>\n<td>10,00\u20ac<\/td>\n<td>5,50\u20ac<\/td>\n<\/tr>\n<tr>\n<td>Ravioli de formatge de cabra i tomata confitat amb pesto<\/td>\n<td>13,00\u20ac<\/td>\n<td>7,50\u20ac<\/td>\n<\/tr>\n<\/tbody>\n<\/table>\n<p>&nbsp;<\/p>\n<table border=\"1\">\n<tbody>\n<tr>\n<td><strong>PEIXOS<\/strong><\/td>\n<td><strong>Raci\u00f3<\/strong><\/td>\n<td><strong>1\/2 Raci\u00f3<\/strong><\/td>\n<\/tr>\n<tr>\n<td>Palam\u00f3s a la planxa o a la sal<\/td>\n<td>17,00\u20ac<\/td>\n<td><\/td>\n<\/tr>\n<tr>\n<td>Ous de granja estrellats amb pernil ib\u00e8ric<\/td>\n<td>16,00\u20ac<\/td>\n<td>8,50\u20ac<\/td>\n<\/tr>\n<tr>\n<td>Bacall\u00e0 a la planxa amb crema de patata i piment\u00f3 dol\u00e7<\/td>\n<td>16,00\u20ac<\/td>\n<td>8,50\u20ac<\/td>\n<\/tr>\n<tr>\n<td>Calamar a la planxa amb romesco i ceba caramel\u00b7litzada<br \/>\namb soja i mel<\/td>\n<td>14,00\u20ac<\/td>\n<td><\/td>\n<\/tr>\n<tr>\n<td>*Turbot de mida a la brasa amb la seva guarnici\u00f3<\/td>\n<td>18,50\u20ac<\/td>\n<td><\/td>\n<\/tr>\n<tr>\n<td>*Arr\u00f2s crem\u00f3s de Pals amb s\u00e8pia i gamba de Palam\u00f3s (m\u00edn.2per.)<\/td>\n<td>18\u20ac p\/p<\/td>\n<td><\/td>\n<\/tr>\n<\/tbody>\n<\/table>\n<p>&nbsp;<\/p>\n<table border=\"1\">\n<tbody>\n<tr>\n<td><strong>CARNS<\/strong><\/td>\n<td><strong>Raci\u00f3<\/strong><\/td>\n<td><strong>1\/2 Raci\u00f3<\/strong><\/td>\n<\/tr>\n<tr>\n<td>Carr\u00e9 de xai a les fines herbes amb hummus de cigrons i pisto<\/td>\n<td>19,00\u20ac<\/td>\n<td><\/td>\n<\/tr>\n<tr>\n<td>*Steak tartar de vedella de Girona a les tres mostasses<\/td>\n<td>18,00\u20ac<\/td>\n<td><\/td>\n<\/tr>\n<tr>\n<td>Secret de porc ib\u00e8ric amb salsa teriyaki amb guacamole,<br \/>\nesparrecs verds i patates al forn<\/td>\n<td>16,00\u20ac<\/td>\n<td><\/td>\n<\/tr>\n<tr>\n<td>*Costelles de cabrit a la brasa<\/td>\n<td>15,00\u20ac<\/td>\n<td><\/td>\n<\/tr>\n<tr>\n<td>&#8220;Txulet\u00f3n&#8221; de vaca vella nacional<\/td>\n<td>40\u20ac\/KG<\/td>\n<td><\/td>\n<\/tr>\n<tr>\n<td>*Espatlla de cabrit rostida al forn amb la seva guarnici\u00f3<\/td>\n<td>22,00\u20ac<\/td>\n<td><\/td>\n<\/tr>\n<\/tbody>\n<\/table>\n<p>&nbsp;<\/p>\n<table border=\"1\">\n<tbody>\n<tr>\n<td><strong>CARTA DE POSTRES<\/strong><\/td>\n<td><strong>Raci\u00f3<\/strong><\/td>\n<td><strong>1\/2 Raci\u00f3<\/strong><\/td>\n<\/tr>\n<tr>\n<td>Peres caramelitzades al forn amb gelat de vainilla<\/td>\n<td>5,50\u20ac<\/td>\n<td><\/td>\n<\/tr>\n<tr>\n<td>Bunyols de xocolata amb sorbet de fruits vermells<\/td>\n<td>6,00\u20ac<\/td>\n<td><\/td>\n<\/tr>\n<tr>\n<td>Timbal de pinya marinada amb crema catalana cremada<\/td>\n<td>5,50\u20ac<\/td>\n<td><\/td>\n<\/tr>\n<tr>\n<td>Brownie de xocolata amb crema anglesa de vainilla i gelat de xocolata blanca<\/td>\n<td>6,00\u20ac<\/td>\n<td><\/td>\n<\/tr>\n<tr>\n<td>Assortiment de sorbets i gelats (4uni)<\/td>\n<td>5,50\u20ac<\/td>\n<td><\/td>\n<\/tr>\n<tr>\n<td>\u00a0Canal\u00f3 de codony amb mousse de recuit i gelat de mel<\/td>\n<td>\u00a05,50\u20ac<\/td>\n<td><\/td>\n<\/tr>\n<tr>\n<td>\u00a0Textures de xocolata (bunyol, brownie i gelat de xocolata negre a la taronja)<\/td>\n<td>\u00a06,00\u20ac<\/td>\n<td><\/td>\n<\/tr>\n<tr>\n<td>\u00a0Assortiment de formatges i confitures<\/td>\n<td>\u00a07,50\u20ac<\/td>\n<td><\/td>\n<\/tr>\n<\/tbody>\n<\/table>\n<p>Xef Santi Valls<br \/>\n*Plats tradicionals de la cuina catalana<\/p>\n<p><strong>Tots els preus s\u00f3n amb IVA incl\u00f2s<\/strong><\/p>\n","protected":false},"excerpt":{"rendered":"<p>Men\u00fa de primavera PER PICAR Raci\u00f3 1\/2 Raci\u00f3 *Anxoves de l&#8217;Escala 1u\/1,20\u20ac Pernil ib\u00e8ric de gla amb pa de coca 15,50\u20ac 8,50\u20ac *Seitons amb tempura 8,00\u20ac 4,50\u20ac Dumplings de ceps amb vinagreta de soja 13,00\u20ac 7,00\u20ac *Calamar a la romana amb maionesa de c\u00edtric 10,00\u20ac 5,50\u20ac Daus de salm\u00f3 marinat amb crema de iogurt i&hellip;<\/p>\n","protected":false},"author":3,"featured_media":0,"parent":749,"menu_order":0,"comment_status":"closed","ping_status":"closed","template":"","meta":[],"yoast_head":"<!-- This site is optimized with the Yoast SEO plugin v19.6 - https:\/\/yoast.com\/wordpress\/plugins\/seo\/ -->\n<title>Menu &#8902; Els Ca\u00e7adors de Ma\u00e7anet<\/title>\n<meta name=\"description\" content=\"Carta de primavera del Xef Santi Valls, Cuina tradicional catalana. Men\u00fa Restaurant Els Ca\u00e7adors de Ma\u00e7anet. Preus Restaurant Els Ca\u00e7adors de Ma\u00e7anet. Restaurants a Ma\u00e7anet. Restaurants a l&#039;Empord\u00e0.\" \/>\n<meta name=\"robots\" content=\"index, follow, max-snippet:-1, max-image-preview:large, max-video-preview:-1\" \/>\n<link rel=\"canonical\" href=\"https:\/\/hotelelscassadors.com\/en\/proposal-and-menu\/menu\/\" \/>\n<meta property=\"og:locale\" content=\"en_US\" \/>\n<meta property=\"og:type\" content=\"article\" \/>\n<meta property=\"og:title\" content=\"Menu &#8902; Els Ca\u00e7adors de Ma\u00e7anet\" \/>\n<meta property=\"og:description\" content=\"Carta de primavera del Xef Santi Valls, Cuina tradicional catalana. Men\u00fa Restaurant Els Ca\u00e7adors de Ma\u00e7anet. Preus Restaurant Els Ca\u00e7adors de Ma\u00e7anet. Restaurants a Ma\u00e7anet. Restaurants a l&#039;Empord\u00e0.\" \/>\n<meta property=\"og:url\" content=\"https:\/\/hotelelscassadors.com\/en\/proposal-and-menu\/menu\/\" \/>\n<meta property=\"og:site_name\" content=\"Els Ca\u00e7adors de Ma\u00e7anet\" \/>\n<meta property=\"article:publisher\" content=\"https:\/\/www.facebook.com\/Restaurant-Hotel-Els-Ca%c3%a7adors-de-Ma%c3%a7anet-901920089887268\/\" \/>\n<meta property=\"article:modified_time\" content=\"2018-06-03T10:19:30+00:00\" \/>\n<meta name=\"twitter:card\" content=\"summary_large_image\" \/>\n<meta name=\"twitter:label1\" content=\"Est. reading time\" \/>\n\t<meta name=\"twitter:data1\" content=\"2 minutes\" \/>\n<script type=\"application\/ld+json\" class=\"yoast-schema-graph\">{\"@context\":\"https:\/\/schema.org\",\"@graph\":[{\"@type\":\"WebPage\",\"@id\":\"https:\/\/hotelelscassadors.com\/en\/proposal-and-menu\/menu\/\",\"url\":\"https:\/\/hotelelscassadors.com\/en\/proposal-and-menu\/menu\/\",\"name\":\"Menu &#8902; Els Ca\u00e7adors de Ma\u00e7anet\",\"isPartOf\":{\"@id\":\"https:\/\/hotelelscassadors.com\/en\/#website\"},\"datePublished\":\"2018-05-25T12:07:51+00:00\",\"dateModified\":\"2018-06-03T10:19:30+00:00\",\"description\":\"Carta de primavera del Xef Santi Valls, Cuina tradicional catalana. Men\u00fa Restaurant Els Ca\u00e7adors de Ma\u00e7anet. Preus Restaurant Els Ca\u00e7adors de Ma\u00e7anet. Restaurants a Ma\u00e7anet. Restaurants a l'Empord\u00e0.\",\"breadcrumb\":{\"@id\":\"https:\/\/hotelelscassadors.com\/en\/proposal-and-menu\/menu\/#breadcrumb\"},\"inLanguage\":\"en-US\",\"potentialAction\":[{\"@type\":\"ReadAction\",\"target\":[\"https:\/\/hotelelscassadors.com\/en\/proposal-and-menu\/menu\/\"]}]},{\"@type\":\"BreadcrumbList\",\"@id\":\"https:\/\/hotelelscassadors.com\/en\/proposal-and-menu\/menu\/#breadcrumb\",\"itemListElement\":[{\"@type\":\"ListItem\",\"position\":1,\"name\":\"Portada\",\"item\":\"https:\/\/hotelelscassadors.com\/en\/\"},{\"@type\":\"ListItem\",\"position\":2,\"name\":\"Proposal and menu\",\"item\":\"https:\/\/hotelelscassadors.com\/en\/proposta-i-carta\/\"},{\"@type\":\"ListItem\",\"position\":3,\"name\":\"Menu\"}]},{\"@type\":\"WebSite\",\"@id\":\"https:\/\/hotelelscassadors.com\/en\/#website\",\"url\":\"https:\/\/hotelelscassadors.com\/en\/\",\"name\":\"Hotel Els Ca\u00e7adors de Ma\u00e7anet\",\"description\":\"Hotel \u00b7 Restaurant\",\"publisher\":{\"@id\":\"https:\/\/hotelelscassadors.com\/en\/#organization\"},\"potentialAction\":[{\"@type\":\"SearchAction\",\"target\":{\"@type\":\"EntryPoint\",\"urlTemplate\":\"https:\/\/hotelelscassadors.com\/en\/?s={search_term_string}\"},\"query-input\":\"required name=search_term_string\"}],\"inLanguage\":\"en-US\"},{\"@type\":\"Organization\",\"@id\":\"https:\/\/hotelelscassadors.com\/en\/#organization\",\"name\":\"Els Ca\u00e7adors de Ma\u00e7anet Hotel Restaurant\",\"url\":\"https:\/\/hotelelscassadors.com\/en\/\",\"sameAs\":[\"https:\/\/www.facebook.com\/Restaurant-Hotel-Els-Ca\u00e7adors-de-Ma\u00e7anet-901920089887268\/\"],\"logo\":{\"@type\":\"ImageObject\",\"inLanguage\":\"en-US\",\"@id\":\"https:\/\/hotelelscassadors.com\/en\/#\/schema\/logo\/image\/\",\"url\":\"https:\/\/hotelelscassadors.com\/wp-content\/uploads\/2018\/05\/logoweb.png\",\"contentUrl\":\"https:\/\/hotelelscassadors.com\/wp-content\/uploads\/2018\/05\/logoweb.png\",\"width\":386,\"height\":160,\"caption\":\"Els Ca\u00e7adors de Ma\u00e7anet Hotel Restaurant\"},\"image\":{\"@id\":\"https:\/\/hotelelscassadors.com\/en\/#\/schema\/logo\/image\/\"}}]}<\/script>\n<!-- \/ Yoast SEO plugin. -->","yoast_head_json":{"title":"Menu &#8902; Els Ca\u00e7adors de Ma\u00e7anet","description":"Carta de primavera del Xef Santi Valls, Cuina tradicional catalana. Men\u00fa Restaurant Els Ca\u00e7adors de Ma\u00e7anet. Preus Restaurant Els Ca\u00e7adors de Ma\u00e7anet. Restaurants a Ma\u00e7anet. Restaurants a l'Empord\u00e0.","robots":{"index":"index","follow":"follow","max-snippet":"max-snippet:-1","max-image-preview":"max-image-preview:large","max-video-preview":"max-video-preview:-1"},"canonical":"https:\/\/hotelelscassadors.com\/en\/proposal-and-menu\/menu\/","og_locale":"en_US","og_type":"article","og_title":"Menu &#8902; Els Ca\u00e7adors de Ma\u00e7anet","og_description":"Carta de primavera del Xef Santi Valls, Cuina tradicional catalana. Men\u00fa Restaurant Els Ca\u00e7adors de Ma\u00e7anet. Preus Restaurant Els Ca\u00e7adors de Ma\u00e7anet. Restaurants a Ma\u00e7anet. Restaurants a l'Empord\u00e0.","og_url":"https:\/\/hotelelscassadors.com\/en\/proposal-and-menu\/menu\/","og_site_name":"Els Ca\u00e7adors de Ma\u00e7anet","article_publisher":"https:\/\/www.facebook.com\/Restaurant-Hotel-Els-Ca%c3%a7adors-de-Ma%c3%a7anet-901920089887268\/","article_modified_time":"2018-06-03T10:19:30+00:00","twitter_card":"summary_large_image","twitter_misc":{"Est. reading time":"2 minutes"},"schema":{"@context":"https:\/\/schema.org","@graph":[{"@type":"WebPage","@id":"https:\/\/hotelelscassadors.com\/en\/proposal-and-menu\/menu\/","url":"https:\/\/hotelelscassadors.com\/en\/proposal-and-menu\/menu\/","name":"Menu &#8902; Els Ca\u00e7adors de Ma\u00e7anet","isPartOf":{"@id":"https:\/\/hotelelscassadors.com\/en\/#website"},"datePublished":"2018-05-25T12:07:51+00:00","dateModified":"2018-06-03T10:19:30+00:00","description":"Carta de primavera del Xef Santi Valls, Cuina tradicional catalana. Men\u00fa Restaurant Els Ca\u00e7adors de Ma\u00e7anet. Preus Restaurant Els Ca\u00e7adors de Ma\u00e7anet. Restaurants a Ma\u00e7anet. Restaurants a l'Empord\u00e0.","breadcrumb":{"@id":"https:\/\/hotelelscassadors.com\/en\/proposal-and-menu\/menu\/#breadcrumb"},"inLanguage":"en-US","potentialAction":[{"@type":"ReadAction","target":["https:\/\/hotelelscassadors.com\/en\/proposal-and-menu\/menu\/"]}]},{"@type":"BreadcrumbList","@id":"https:\/\/hotelelscassadors.com\/en\/proposal-and-menu\/menu\/#breadcrumb","itemListElement":[{"@type":"ListItem","position":1,"name":"Portada","item":"https:\/\/hotelelscassadors.com\/en\/"},{"@type":"ListItem","position":2,"name":"Proposal and menu","item":"https:\/\/hotelelscassadors.com\/en\/proposta-i-carta\/"},{"@type":"ListItem","position":3,"name":"Menu"}]},{"@type":"WebSite","@id":"https:\/\/hotelelscassadors.com\/en\/#website","url":"https:\/\/hotelelscassadors.com\/en\/","name":"Hotel Els Ca\u00e7adors de Ma\u00e7anet","description":"Hotel \u00b7 Restaurant","publisher":{"@id":"https:\/\/hotelelscassadors.com\/en\/#organization"},"potentialAction":[{"@type":"SearchAction","target":{"@type":"EntryPoint","urlTemplate":"https:\/\/hotelelscassadors.com\/en\/?s={search_term_string}"},"query-input":"required name=search_term_string"}],"inLanguage":"en-US"},{"@type":"Organization","@id":"https:\/\/hotelelscassadors.com\/en\/#organization","name":"Els Ca\u00e7adors de Ma\u00e7anet Hotel Restaurant","url":"https:\/\/hotelelscassadors.com\/en\/","sameAs":["https:\/\/www.facebook.com\/Restaurant-Hotel-Els-Ca\u00e7adors-de-Ma\u00e7anet-901920089887268\/"],"logo":{"@type":"ImageObject","inLanguage":"en-US","@id":"https:\/\/hotelelscassadors.com\/en\/#\/schema\/logo\/image\/","url":"https:\/\/hotelelscassadors.com\/wp-content\/uploads\/2018\/05\/logoweb.png","contentUrl":"https:\/\/hotelelscassadors.com\/wp-content\/uploads\/2018\/05\/logoweb.png","width":386,"height":160,"caption":"Els Ca\u00e7adors de Ma\u00e7anet Hotel Restaurant"},"image":{"@id":"https:\/\/hotelelscassadors.com\/en\/#\/schema\/logo\/image\/"}}]}},"_links":{"self":[{"href":"https:\/\/hotelelscassadors.com\/en\/wp-json\/wp\/v2\/pages\/750"}],"collection":[{"href":"https:\/\/hotelelscassadors.com\/en\/wp-json\/wp\/v2\/pages"}],"about":[{"href":"https:\/\/hotelelscassadors.com\/en\/wp-json\/wp\/v2\/types\/page"}],"author":[{"embeddable":true,"href":"https:\/\/hotelelscassadors.com\/en\/wp-json\/wp\/v2\/users\/3"}],"replies":[{"embeddable":true,"href":"https:\/\/hotelelscassadors.com\/en\/wp-json\/wp\/v2\/comments?post=750"}],"version-history":[{"count":2,"href":"https:\/\/hotelelscassadors.com\/en\/wp-json\/wp\/v2\/pages\/750\/revisions"}],"predecessor-version":[{"id":943,"href":"https:\/\/hotelelscassadors.com\/en\/wp-json\/wp\/v2\/pages\/750\/revisions\/943"}],"up":[{"embeddable":true,"href":"https:\/\/hotelelscassadors.com\/en\/wp-json\/wp\/v2\/pages\/749"}],"wp:attachment":[{"href":"https:\/\/hotelelscassadors.com\/en\/wp-json\/wp\/v2\/media?parent=750"}],"curies":[{"name":"wp","href":"https:\/\/api.w.org\/{rel}","templated":true}]}}