{"id":749,"date":"2018-05-25T13:46:40","date_gmt":"2018-05-25T11:46:40","guid":{"rendered":"https:\/\/hotelelscassadors.com\/proposta-i-carta\/"},"modified":"2022-03-16T09:14:17","modified_gmt":"2022-03-16T08:14:17","slug":"proposal-and-menu","status":"publish","type":"page","link":"https:\/\/hotelelscassadors.com\/en\/proposal-and-menu\/","title":{"rendered":"Proposal and menu"},"content":{"rendered":"\n\t<p>Quality, local produce prepared by the expert hand of our chef <strong>Santi Valls Xicoira<\/strong> is the identifying feature of the cuisine at <strong>Hotel Gastron\u00f2mic Els Ca\u00e7adors. <\/strong>Our dishes are based on traditional Catalan cuisine, with preparations that pay the utmost respect to the characteristics of ingredients that do not need anything added, and that have been recognised with the <u><a href=\"https:\/\/guia.michelin.es\/2zt3x79\/els-cacadors-macanet-de-cabrenys\" target=\"_blank\" rel=\"noopener\">Bib Gourmand in the 2018 Michelin Guide. <\/a><\/u><\/p>\n\t\t\t\t<img src=\"https:\/\/hotelelscassadors.com\/wp-content\/uploads\/2018\/05\/separador.gif\" alt=\"separador\" itemprop=\"image\" title=\"separador\" onerror=\"this.style.display='none'\"  \/>\n\t\t\t\t<img src=\"https:\/\/hotelelscassadors.com\/wp-content\/uploads\/2018\/05\/restaurant1.jpg\" alt=\"restaurant1\" itemprop=\"image\" title=\"restaurant1\" onerror=\"this.style.display='none'\"  \/>\n\t<table width=\"100%\">\n<tbody>\n<tr>\n<td>\u00a0<img loading=\"lazy\" src=\"https:\/\/hotelelscassadors.com\/wp-content\/uploads\/2018\/05\/restaurant2.jpg\" alt=\"\" width=\"328\" height=\"221\" \/><\/td>\n<td>\u00a0<img loading=\"lazy\" src=\"https:\/\/hotelelscassadors.com\/wp-content\/uploads\/2018\/05\/restaurant3.jpg\" alt=\"\" width=\"328\" height=\"214\" \/><\/td>\n<\/tr>\n<\/tbody>\n<\/table>\n\t<p>It was during this period, when the chef Juan Mari Arzak was also in the kitchen, that he saw the opportunity to discover cuisine from different cultures. Therefore, he started his adventure at the <u><a href=\"https:\/\/www.manoirhovey.com\/es\" target=\"_blank\" rel=\"noopener\">Relais Chateaux Manoir Hovey<\/a> <\/u>in Canada where he learnt in depth about cooking local produce and respecting all its flavours, and moved on to Asia where he experimented with new culinary techniques that he later applied to our menu.<\/p>\n\t\t\t\t<img src=\"https:\/\/hotelelscassadors.com\/wp-content\/uploads\/2018\/05\/restaurant4.jpg\" alt=\"restaurant4\" itemprop=\"image\" title=\"restaurant4\" onerror=\"this.style.display='none'\"  \/>\n\t\t\t\t<img src=\"https:\/\/hotelelscassadors.com\/wp-content\/uploads\/2018\/05\/separador.gif\" alt=\"separador\" itemprop=\"image\" title=\"separador\" onerror=\"this.style.display='none'\"  \/>\n\t<p><strong>\u00a0<\/strong><\/p>\n<p><strong>We are committed to fresh, local, seasonal produce<\/strong><\/p>\n<p>&nbsp;<\/p>\n<p>For our preparations, we use local products <strong>such as fish from the Costa Brava, prawns from Palam\u00f3s, rice from Pals or Girona-reared beef<\/strong>. On our menu, you will find sea and mountain proposals, delicious adaptations of traditional Catalan dishes or those that remind us of the best of each season, prepared using fresh, local, seasonal products.<\/p>\n<p>On our wine list, you will find references from the <strong>Empord\u00e0 Denomination of Origin<\/strong>, although we also include wines from the prestigious <strong>DO Priorat and DO Pened\u00e8s,<\/strong> among others.<\/p>\n","protected":false},"excerpt":{"rendered":"<p>Quality, local produce prepared by the expert hand of our chef Santi Valls Xicoira is the identifying feature of the cuisine at Hotel Gastron\u00f2mic Els Ca\u00e7adors. Our dishes are based on traditional Catalan cuisine, with preparations that pay the utmost respect to the characteristics of ingredients that do not need anything added, and that have&hellip;<\/p>\n","protected":false},"author":3,"featured_media":0,"parent":0,"menu_order":0,"comment_status":"closed","ping_status":"closed","template":"","meta":[],"yoast_head":"<!-- This site is optimized with the Yoast SEO plugin v19.6 - https:\/\/yoast.com\/wordpress\/plugins\/seo\/ -->\n<title>Proposal and menu &#8902; Els Ca\u00e7adors de Ma\u00e7anet<\/title>\n<meta name=\"description\" content=\"El Restaurant de l&#039;Hotel Els Ca\u00e7adors de Ma\u00e7anet, del xef Santi Valls Xicoira serveix unss plats que es fonamenten en la cuina tradicional catalana, amb elaboracions que respecten una mat\u00e8ria primera que no necessita artifici, i que han estat reconeguts amb el Bib Gourmand de la Guia Michelin 2018.\" \/>\n<meta name=\"robots\" content=\"index, follow, max-snippet:-1, max-image-preview:large, max-video-preview:-1\" \/>\n<link rel=\"canonical\" href=\"https:\/\/hotelelscassadors.com\/en\/proposal-and-menu\/\" \/>\n<meta property=\"og:locale\" content=\"en_US\" \/>\n<meta property=\"og:type\" content=\"article\" \/>\n<meta property=\"og:title\" content=\"Proposal and menu &#8902; Els Ca\u00e7adors de Ma\u00e7anet\" \/>\n<meta property=\"og:description\" content=\"El Restaurant de l&#039;Hotel Els Ca\u00e7adors de Ma\u00e7anet, del xef Santi Valls Xicoira serveix unss plats que es fonamenten en la cuina tradicional catalana, amb elaboracions que respecten una mat\u00e8ria primera que no necessita artifici, i que han estat reconeguts amb el Bib Gourmand de la Guia Michelin 2018.\" \/>\n<meta property=\"og:url\" content=\"https:\/\/hotelelscassadors.com\/en\/proposal-and-menu\/\" \/>\n<meta property=\"og:site_name\" content=\"Els Ca\u00e7adors de Ma\u00e7anet\" \/>\n<meta property=\"article:publisher\" content=\"https:\/\/www.facebook.com\/Restaurant-Hotel-Els-Ca%c3%a7adors-de-Ma%c3%a7anet-901920089887268\/\" \/>\n<meta property=\"article:modified_time\" content=\"2022-03-16T08:14:17+00:00\" \/>\n<meta property=\"og:image\" content=\"https:\/\/hotelelscassadors.com\/wp-content\/uploads\/2018\/05\/separador.gif\" \/>\n<meta name=\"twitter:card\" content=\"summary_large_image\" \/>\n<meta name=\"twitter:label1\" content=\"Est. reading time\" \/>\n\t<meta name=\"twitter:data1\" content=\"1 minute\" \/>\n<script type=\"application\/ld+json\" class=\"yoast-schema-graph\">{\"@context\":\"https:\/\/schema.org\",\"@graph\":[{\"@type\":\"WebPage\",\"@id\":\"https:\/\/hotelelscassadors.com\/en\/proposal-and-menu\/\",\"url\":\"https:\/\/hotelelscassadors.com\/en\/proposal-and-menu\/\",\"name\":\"Proposal and menu &#8902; Els Ca\u00e7adors de Ma\u00e7anet\",\"isPartOf\":{\"@id\":\"https:\/\/hotelelscassadors.com\/en\/#website\"},\"datePublished\":\"2018-05-25T11:46:40+00:00\",\"dateModified\":\"2022-03-16T08:14:17+00:00\",\"description\":\"El Restaurant de l'Hotel Els Ca\u00e7adors de Ma\u00e7anet, del xef Santi Valls Xicoira serveix unss plats que es fonamenten en la cuina tradicional catalana, amb elaboracions que respecten una mat\u00e8ria primera que no necessita artifici, i que han estat reconeguts amb el Bib Gourmand de la Guia Michelin 2018.\",\"breadcrumb\":{\"@id\":\"https:\/\/hotelelscassadors.com\/en\/proposal-and-menu\/#breadcrumb\"},\"inLanguage\":\"en-US\",\"potentialAction\":[{\"@type\":\"ReadAction\",\"target\":[\"https:\/\/hotelelscassadors.com\/en\/proposal-and-menu\/\"]}]},{\"@type\":\"BreadcrumbList\",\"@id\":\"https:\/\/hotelelscassadors.com\/en\/proposal-and-menu\/#breadcrumb\",\"itemListElement\":[{\"@type\":\"ListItem\",\"position\":1,\"name\":\"Portada\",\"item\":\"https:\/\/hotelelscassadors.com\/en\/\"},{\"@type\":\"ListItem\",\"position\":2,\"name\":\"Proposal and menu\"}]},{\"@type\":\"WebSite\",\"@id\":\"https:\/\/hotelelscassadors.com\/en\/#website\",\"url\":\"https:\/\/hotelelscassadors.com\/en\/\",\"name\":\"Hotel Els Ca\u00e7adors de Ma\u00e7anet\",\"description\":\"Hotel \u00b7 Restaurant\",\"publisher\":{\"@id\":\"https:\/\/hotelelscassadors.com\/en\/#organization\"},\"potentialAction\":[{\"@type\":\"SearchAction\",\"target\":{\"@type\":\"EntryPoint\",\"urlTemplate\":\"https:\/\/hotelelscassadors.com\/en\/?s={search_term_string}\"},\"query-input\":\"required name=search_term_string\"}],\"inLanguage\":\"en-US\"},{\"@type\":\"Organization\",\"@id\":\"https:\/\/hotelelscassadors.com\/en\/#organization\",\"name\":\"Els Ca\u00e7adors de Ma\u00e7anet Hotel Restaurant\",\"url\":\"https:\/\/hotelelscassadors.com\/en\/\",\"sameAs\":[\"https:\/\/www.facebook.com\/Restaurant-Hotel-Els-Ca\u00e7adors-de-Ma\u00e7anet-901920089887268\/\"],\"logo\":{\"@type\":\"ImageObject\",\"inLanguage\":\"en-US\",\"@id\":\"https:\/\/hotelelscassadors.com\/en\/#\/schema\/logo\/image\/\",\"url\":\"https:\/\/hotelelscassadors.com\/wp-content\/uploads\/2018\/05\/logoweb.png\",\"contentUrl\":\"https:\/\/hotelelscassadors.com\/wp-content\/uploads\/2018\/05\/logoweb.png\",\"width\":386,\"height\":160,\"caption\":\"Els Ca\u00e7adors de Ma\u00e7anet Hotel Restaurant\"},\"image\":{\"@id\":\"https:\/\/hotelelscassadors.com\/en\/#\/schema\/logo\/image\/\"}}]}<\/script>\n<!-- \/ Yoast SEO plugin. -->","yoast_head_json":{"title":"Proposal and menu &#8902; Els Ca\u00e7adors de Ma\u00e7anet","description":"El Restaurant de l'Hotel Els Ca\u00e7adors de Ma\u00e7anet, del xef Santi Valls Xicoira serveix unss plats que es fonamenten en la cuina tradicional catalana, amb elaboracions que respecten una mat\u00e8ria primera que no necessita artifici, i que han estat reconeguts amb el Bib Gourmand de la Guia Michelin 2018.","robots":{"index":"index","follow":"follow","max-snippet":"max-snippet:-1","max-image-preview":"max-image-preview:large","max-video-preview":"max-video-preview:-1"},"canonical":"https:\/\/hotelelscassadors.com\/en\/proposal-and-menu\/","og_locale":"en_US","og_type":"article","og_title":"Proposal and menu &#8902; Els Ca\u00e7adors de Ma\u00e7anet","og_description":"El Restaurant de l'Hotel Els Ca\u00e7adors de Ma\u00e7anet, del xef Santi Valls Xicoira serveix unss plats que es fonamenten en la cuina tradicional catalana, amb elaboracions que respecten una mat\u00e8ria primera que no necessita artifici, i que han estat reconeguts amb el Bib Gourmand de la Guia Michelin 2018.","og_url":"https:\/\/hotelelscassadors.com\/en\/proposal-and-menu\/","og_site_name":"Els Ca\u00e7adors de Ma\u00e7anet","article_publisher":"https:\/\/www.facebook.com\/Restaurant-Hotel-Els-Ca%c3%a7adors-de-Ma%c3%a7anet-901920089887268\/","article_modified_time":"2022-03-16T08:14:17+00:00","og_image":[{"url":"https:\/\/hotelelscassadors.com\/wp-content\/uploads\/2018\/05\/separador.gif"}],"twitter_card":"summary_large_image","twitter_misc":{"Est. reading time":"1 minute"},"schema":{"@context":"https:\/\/schema.org","@graph":[{"@type":"WebPage","@id":"https:\/\/hotelelscassadors.com\/en\/proposal-and-menu\/","url":"https:\/\/hotelelscassadors.com\/en\/proposal-and-menu\/","name":"Proposal and menu &#8902; Els Ca\u00e7adors de Ma\u00e7anet","isPartOf":{"@id":"https:\/\/hotelelscassadors.com\/en\/#website"},"datePublished":"2018-05-25T11:46:40+00:00","dateModified":"2022-03-16T08:14:17+00:00","description":"El Restaurant de l'Hotel Els Ca\u00e7adors de Ma\u00e7anet, del xef Santi Valls Xicoira serveix unss plats que es fonamenten en la cuina tradicional catalana, amb elaboracions que respecten una mat\u00e8ria primera que no necessita artifici, i que han estat reconeguts amb el Bib Gourmand de la Guia Michelin 2018.","breadcrumb":{"@id":"https:\/\/hotelelscassadors.com\/en\/proposal-and-menu\/#breadcrumb"},"inLanguage":"en-US","potentialAction":[{"@type":"ReadAction","target":["https:\/\/hotelelscassadors.com\/en\/proposal-and-menu\/"]}]},{"@type":"BreadcrumbList","@id":"https:\/\/hotelelscassadors.com\/en\/proposal-and-menu\/#breadcrumb","itemListElement":[{"@type":"ListItem","position":1,"name":"Portada","item":"https:\/\/hotelelscassadors.com\/en\/"},{"@type":"ListItem","position":2,"name":"Proposal and menu"}]},{"@type":"WebSite","@id":"https:\/\/hotelelscassadors.com\/en\/#website","url":"https:\/\/hotelelscassadors.com\/en\/","name":"Hotel Els Ca\u00e7adors de Ma\u00e7anet","description":"Hotel \u00b7 Restaurant","publisher":{"@id":"https:\/\/hotelelscassadors.com\/en\/#organization"},"potentialAction":[{"@type":"SearchAction","target":{"@type":"EntryPoint","urlTemplate":"https:\/\/hotelelscassadors.com\/en\/?s={search_term_string}"},"query-input":"required name=search_term_string"}],"inLanguage":"en-US"},{"@type":"Organization","@id":"https:\/\/hotelelscassadors.com\/en\/#organization","name":"Els Ca\u00e7adors de Ma\u00e7anet Hotel Restaurant","url":"https:\/\/hotelelscassadors.com\/en\/","sameAs":["https:\/\/www.facebook.com\/Restaurant-Hotel-Els-Ca\u00e7adors-de-Ma\u00e7anet-901920089887268\/"],"logo":{"@type":"ImageObject","inLanguage":"en-US","@id":"https:\/\/hotelelscassadors.com\/en\/#\/schema\/logo\/image\/","url":"https:\/\/hotelelscassadors.com\/wp-content\/uploads\/2018\/05\/logoweb.png","contentUrl":"https:\/\/hotelelscassadors.com\/wp-content\/uploads\/2018\/05\/logoweb.png","width":386,"height":160,"caption":"Els Ca\u00e7adors de Ma\u00e7anet Hotel Restaurant"},"image":{"@id":"https:\/\/hotelelscassadors.com\/en\/#\/schema\/logo\/image\/"}}]}},"_links":{"self":[{"href":"https:\/\/hotelelscassadors.com\/en\/wp-json\/wp\/v2\/pages\/749"}],"collection":[{"href":"https:\/\/hotelelscassadors.com\/en\/wp-json\/wp\/v2\/pages"}],"about":[{"href":"https:\/\/hotelelscassadors.com\/en\/wp-json\/wp\/v2\/types\/page"}],"author":[{"embeddable":true,"href":"https:\/\/hotelelscassadors.com\/en\/wp-json\/wp\/v2\/users\/3"}],"replies":[{"embeddable":true,"href":"https:\/\/hotelelscassadors.com\/en\/wp-json\/wp\/v2\/comments?post=749"}],"version-history":[{"count":9,"href":"https:\/\/hotelelscassadors.com\/en\/wp-json\/wp\/v2\/pages\/749\/revisions"}],"predecessor-version":[{"id":1963,"href":"https:\/\/hotelelscassadors.com\/en\/wp-json\/wp\/v2\/pages\/749\/revisions\/1963"}],"wp:attachment":[{"href":"https:\/\/hotelelscassadors.com\/en\/wp-json\/wp\/v2\/media?parent=749"}],"curies":[{"name":"wp","href":"https:\/\/api.w.org\/{rel}","templated":true}]}}