{"id":748,"date":"2018-04-27T09:46:04","date_gmt":"2018-04-27T09:46:04","guid":{"rendered":"https:\/\/hotelelscassadors.com\/home\/"},"modified":"2026-04-07T16:22:40","modified_gmt":"2026-04-07T14:22:40","slug":"home","status":"publish","type":"page","link":"https:\/\/hotelelscassadors.com\/en\/","title":{"rendered":"Home"},"content":{"rendered":"\n\t<p>(+34) 972 544 136<\/p>\n\t<p>(+34) 972 544 136<\/p>\n\t\t\t\t<a href=\".\/\" target=\"_self\" itemprop=\"url\" rel=\"noopener\">\n\t\t\t\t<img loading=\"lazy\" src=\"https:\/\/hotelelscassadors.com\/wp-content\/uploads\/2018\/05\/logowebpetit.png\" alt=\"Els Ca\u00e7adors de Ma\u00e7anet\" itemprop=\"image\" height=\"120\" width=\"290\" title=\"Els Ca\u00e7adors de Ma\u00e7anet\" onerror=\"this.style.display='none'\"  \/>\n\t\t\t\t<\/a>\n\t\t   \t        <ul id=\"menu-barra-superior-en\"><li id=\"menu-item-wpml-ls-20-ca\"><a title=\"Switch to CA\" href=\"https:\/\/hotelelscassadors.com\/\"><img\n            src=\"https:\/\/hotelelscassadors.com\/wp-content\/plugins\/sitepress-multilingual-cms\/res\/flags\/ca.png\"\n            alt=\"\"\n    \/>CA<\/a><\/li>\n<li id=\"menu-item-wpml-ls-20-es\"><a title=\"Switch to ES\" href=\"https:\/\/hotelelscassadors.com\/es\/\"><img\n            src=\"https:\/\/hotelelscassadors.com\/wp-content\/plugins\/sitepress-multilingual-cms\/res\/flags\/es.png\"\n            alt=\"\"\n    \/>ES<\/a><\/li>\n<li id=\"menu-item-wpml-ls-20-fr\"><a title=\"Switch to FR\" href=\"https:\/\/hotelelscassadors.com\/fr\/\"><img\n            src=\"https:\/\/hotelelscassadors.com\/wp-content\/plugins\/sitepress-multilingual-cms\/res\/flags\/fr.png\"\n            alt=\"\"\n    \/>FR<\/a><\/li>\n<li id=\"menu-item-wpml-ls-20-en\"><a href=\"https:\/\/hotelelscassadors.com\/en\/\"><img\n            src=\"https:\/\/hotelelscassadors.com\/wp-content\/plugins\/sitepress-multilingual-cms\/res\/flags\/en.png\"\n            alt=\"\"\n    \/>EN<\/a><\/li>\n<\/ul>\t\n\t\t   \t        <ul id=\"menu-barra-superior-en-1\"><li id=\"menu-item-wpml-ls-20-ca\"><a title=\"Switch to CA\" href=\"https:\/\/hotelelscassadors.com\/\"><img\n            src=\"https:\/\/hotelelscassadors.com\/wp-content\/plugins\/sitepress-multilingual-cms\/res\/flags\/ca.png\"\n            alt=\"\"\n    \/>CA<\/a><\/li>\n<li id=\"menu-item-wpml-ls-20-es\"><a title=\"Switch to ES\" href=\"https:\/\/hotelelscassadors.com\/es\/\"><img\n            src=\"https:\/\/hotelelscassadors.com\/wp-content\/plugins\/sitepress-multilingual-cms\/res\/flags\/es.png\"\n            alt=\"\"\n    \/>ES<\/a><\/li>\n<li id=\"menu-item-wpml-ls-20-fr\"><a title=\"Switch to FR\" href=\"https:\/\/hotelelscassadors.com\/fr\/\"><img\n            src=\"https:\/\/hotelelscassadors.com\/wp-content\/plugins\/sitepress-multilingual-cms\/res\/flags\/fr.png\"\n            alt=\"\"\n    \/>FR<\/a><\/li>\n<li id=\"menu-item-wpml-ls-20-en\"><a href=\"https:\/\/hotelelscassadors.com\/en\/\"><img\n            src=\"https:\/\/hotelelscassadors.com\/wp-content\/plugins\/sitepress-multilingual-cms\/res\/flags\/en.png\"\n            alt=\"\"\n    \/>EN<\/a><\/li>\n<\/ul>\t\n<h3>\n\t\tThe combination of the peace and quiet of the Pyrenees and the charm of the Empord\u00e0 region.\n\t<\/h3>\n\t<p>Hotel <strong>Els Ca\u00e7adors de Ma\u00e7anet <\/strong>is the ideal place for spending some relaxing days with your family or friends, discovering the <strong>beautiful natural places in the area<\/strong>. Dive into our swimming pool and become submerged in the calm life of the mountain villages.<\/p>\n\t\t\t\t<img loading=\"lazy\" src=\"https:\/\/hotelelscassadors.com\/wp-content\/uploads\/2018\/05\/separador.gif\" alt=\"separador\" itemprop=\"image\" height=\"47\" width=\"1\" title=\"separador\" onerror=\"this.style.display='none'\"  \/>\n\t\t\t\t<img loading=\"lazy\" src=\"https:\/\/hotelelscassadors.com\/wp-content\/uploads\/2018\/05\/restaurant1.jpg\" alt=\"restaurant1\" itemprop=\"image\" height=\"670\" width=\"450\" title=\"restaurant1\" onerror=\"this.style.display='none'\"  \/>\n\t<h3>RESTAURANT<\/h3>\n<p>The restaurant of Hotel Els Ca\u00e7adors offers a gastronomic offer featuring traditional dishes of Empord\u00e0 and catalan cuisine.<\/p>\n\t\t\t\t<img loading=\"lazy\" src=\"https:\/\/hotelelscassadors.com\/wp-content\/uploads\/2018\/05\/restaurant2.jpg\" alt=\"restaurant2\" itemprop=\"image\" height=\"221\" width=\"328\" title=\"restaurant2\" onerror=\"this.style.display='none'\"  \/>\n\t\t\t\t<img loading=\"lazy\" src=\"https:\/\/hotelelscassadors.com\/wp-content\/uploads\/2018\/05\/restaurant3.jpg\" alt=\"restaurant3\" itemprop=\"image\" height=\"214\" width=\"328\" title=\"restaurant3\" onerror=\"this.style.display='none'\"  \/>\n\t\t\t\t<img loading=\"lazy\" src=\"https:\/\/hotelelscassadors.com\/wp-content\/uploads\/2018\/05\/restaurant4.jpg\" alt=\"restaurant4\" itemprop=\"image\" height=\"670\" width=\"450\" title=\"restaurant4\" onerror=\"this.style.display='none'\"  \/>\n\t\t\t\t<img loading=\"lazy\" src=\"https:\/\/hotelelscassadors.com\/wp-content\/uploads\/2018\/05\/logos-footer.png\" alt=\"logos-footer\" itemprop=\"image\" height=\"55\" width=\"285\" title=\"logos-footer\" onerror=\"this.style.display='none'\"  \/>\n\t\t\t\t<img loading=\"lazy\" src=\"https:\/\/hotelelscassadors.com\/wp-content\/uploads\/2018\/05\/separador.gif\" alt=\"separador\" itemprop=\"image\" height=\"47\" width=\"1\" title=\"separador\" onerror=\"this.style.display='none'\"  \/>\n\t<h3>BEDROOMS<\/h3>\n\t<p>Every commodity in an idyllic setting This is the perfect description of our\u00a0<strong>17<\/strong>\u00a0comfortable\u00a0<strong>rooms\u00a0<\/strong>with a terrace, all of which have an outside view.<\/p>\n\t\t\t<a href=\"https:\/\/hotelelscassadors.com\/en\/hotel\/habitacions\/\" target=\"_self\" role=\"button\" rel=\"noopener\">\n\t\t\t\t\t\t\tSEE MORE\n\t\t\t\t\t<\/a>\n\t\t\t\t<img loading=\"lazy\" src=\"https:\/\/hotelelscassadors.com\/wp-content\/uploads\/2018\/05\/separador.gif\" alt=\"separador\" itemprop=\"image\" height=\"47\" width=\"1\" title=\"separador\" onerror=\"this.style.display='none'\"  \/>\n\t<h3>SPECIAL OFFERS<\/h3>\n<p>Enjoy our best offers<\/p>\n\t\t<a href=\"https:\/\/hotelelscassadors.com\/oferta\/escapada-gastronomica\/\" target=\"_self\" rel=\"noopener\">\n\t\t\t\t\t\t\t\t\t<img src=\"https:\/\/hotelelscassadors.com\/wp-content\/uploads\/2018\/05\/DSC_8122-1.jpg\" alt=\"DSC_8122\">\n\t\t\t\t\t<p>Enjoy a gastronomic break of one night in a standard or rustic double room with breakfast included and a tasting menu.<\/p>\t\t\t\t\t\n\t\t\t\t<h3>\n\t\t\tGASTRONOMIC BREAK\t\t<\/h3>\n\t\t<\/a>\n\t\t\t<a href=\"https:\/\/hotelelscassadors.com\/en\/ofertes\/\" target=\"_self\" role=\"button\" rel=\"noopener\">\n\t\t\t\t\t\t\tALL OFFERS\n\t\t\t\t\t<\/a>\n\t\t\t\t<img loading=\"lazy\" src=\"https:\/\/hotelelscassadors.com\/wp-content\/uploads\/2018\/05\/separador.gif\" alt=\"separador\" itemprop=\"image\" height=\"47\" width=\"1\" title=\"separador\" onerror=\"this.style.display='none'\"  \/>\n\t<h3>ENVIRONMENT AND ACTIVITIES<\/h3>\n<p><strong>Hotel Els Ca\u00e7adors<\/strong> is located in the outlying area of <strong>Ma\u00e7anet de Cabrenys<\/strong>, in an area with exuberant plant life through which a stream runs.<\/p>\n<p>It is an ideal place for people seeking peace and quiet, relaxation and cooler weather to spend their holiday in nature and, at the same time, allowing those who wish to do so to enjoy the cultural and heritage offer found in the Empord\u00e0 region.<\/p>\n\t\t\t<img src=\"https:\/\/hotelelscassadors.com\/wp-content\/uploads\/2018\/05\/btt.jpg\" alt=\"\" \/>\t\t\t\n\t\t\t\t<h2>Hiking and Mountain Biking<\/h2><p><strong>Ma\u00e7anet de Cabrenys<\/strong>\u00a0is in the area of Salines-Bassegoda, between the Alt Empord\u00e0 and the Alta Garrotxa regions. This area, with its abundant plant life, is the meeting place between the inland Pyrenees and the Mediterranean and offers some of the most notable signposted paths in Catalonia for hikers as well as for mountain bikers, and includes a BTT centre with a point of welcome in Ma\u00e7anet. The GR11 is worthy of a mention, the long-distance path that crosses the Pyrenees from the Mediterranean to the Atlantic and that goes through Ma\u00e7anet on its 42<sup>nd<\/sup>\u00a0stage. This route is perfect for hikers, whether doing just one stage or a route covering several days.<\/p>\n\t\t\t<a href=\"https:\/\/hotelelscassadors.com\/en\/environment-and-activities\/\" target=\"_self\" role=\"button\" rel=\"noopener\">\n\t\t\t\t\t\t\tSEE ALL\n\t\t\t\t\t<\/a>\n<a href=\"https:\/\/hotelelscassadors.com\/en\/environment-and-activities\/\" target=\"_self\" rel=\"noopener\"><img src=\"https:\/\/hotelelscassadors.com\/wp-content\/uploads\/2018\/05\/btt.jpg\" alt=\"BTT\" \/><\/a>\t\t\t\n\t\t\t<img src=\"https:\/\/hotelelscassadors.com\/wp-content\/uploads\/2018\/05\/Ma\u00e7anet_de_Cabrenys_2011_43.jpg\" alt=\"\" \/>\t\t\t\n\t\t\t\t<h2>Around the hotel<\/h2><p><strong>Ma\u00e7anet de Cabrenys<\/strong>\u00a0has a very valuable natural heritage, ideal to be enjoyed with all the family.<\/p>\n<p>With plenty of signposted routes, you can plan excursions with any level of difficulty, on foot or by bicycle, departing from and arriving at the hotel.<\/p>\n<p>There are plenty of springs, gorges and huge trees.<\/p>\n\t\t\t<a href=\"https:\/\/hotelelscassadors.com\/en\/environment-and-activities\/\" target=\"_self\" role=\"button\" rel=\"noopener\">\n\t\t\t\t\t\t\tSEE ALL\n\t\t\t\t\t<\/a>\n<a href=\"https:\/\/hotelelscassadors.com\/en\/environment-and-activities\/\" target=\"_self\" rel=\"noopener\"><img src=\"https:\/\/hotelelscassadors.com\/wp-content\/uploads\/2018\/05\/Ma\u00e7anet_de_Cabrenys_2011_43.jpg\" alt=\"Ma\u00e7anet de Cabrenys\" \/><\/a>\t\t\t\n\t\t\t<img src=\"https:\/\/hotelelscassadors.com\/wp-content\/uploads\/2018\/05\/dali-museum-898317_640.jpg\" alt=\"\" \/>\t\t\t\n\t\t\t\t<h2>Figueres, the Dal\u00ed Theatre-Museum<\/h2><p>A visit to the\u00a0<strong>Dal\u00ed Theatre-Museum<\/strong>\u00a0in Figueres, just over 20 km from the hotel, where you will find the work of the recognised Empord\u00e0 surrealist painter,\u00a0<strong>Salvador Dal\u00ed<\/strong>, is essential.<\/p>\n<p>However, Figueres is also a town with a dynamic, lively shopping centre and an intense cultural life, which holds trade fairs and events throughout the year and contains other interesting museums such as the Toy Museum, making it worthwhile programming a full day&#39;s excursion.<\/p>\n\t\t\t<a href=\"https:\/\/hotelelscassadors.com\/en\/environment-and-activities\/\" target=\"_self\" role=\"button\" rel=\"noopener\">\n\t\t\t\t\t\t\tSEE ALL\n\t\t\t\t\t<\/a>\n<a href=\"https:\/\/hotelelscassadors.com\/en\/environment-and-activities\/\" target=\"_self\" rel=\"noopener\"><img src=\"https:\/\/hotelelscassadors.com\/wp-content\/uploads\/2018\/05\/dali-museum-898317_640.jpg\" alt=\"Museu Dal\u00ed\" \/><\/a>\t\t\t\n\t\t\t<img src=\"https:\/\/hotelelscassadors.com\/wp-content\/uploads\/2018\/05\/mume-museu-exili-1024x682.jpg\" alt=\"\" \/>\t\t\t\n\t\t\t\t<h2>The Exile Museum and Route<\/h2><p>The area in which the hotel is located, very close to the French border, was one of the scenes for the exile of the Republicans, of which you will find diverse testimonies, in the form of routes, museums and monuments.<\/p>\n\t\t\t<a href=\"https:\/\/hotelelscassadors.com\/en\/environment-and-activities\/\" target=\"_self\" role=\"button\" rel=\"noopener\">\n\t\t\t\t\t\t\tSEE ALL\n\t\t\t\t\t<\/a>\n<a href=\"https:\/\/hotelelscassadors.com\/en\/environment-and-activities\/\" target=\"_self\" rel=\"noopener\"><img src=\"https:\/\/hotelelscassadors.com\/wp-content\/uploads\/2018\/05\/mume-museu-exili-1024x682.jpg\" alt=\"\" \/><\/a>\t\t\t\n\t\t\t<img src=\"https:\/\/hotelelscassadors.com\/wp-content\/uploads\/2018\/05\/enoturisme-emporda.jpg\" alt=\"\" \/>\t\t\t\n\t\t\t\t<h2>Enoturisme<\/h2><p>The\u00a0<strong>Empord\u00e0 DO<\/strong>\u00a0concentrates a large number of its wine cellars and vines in the Albera region, near the hotel.<\/p>\n<p>You can visit the most emblematic wine cellars, stroll through the vineyards, see the bodegas and taste wines which, in recent years, have become recognised on the market.<\/p>\n\t\t\t<a href=\"https:\/\/hotelelscassadors.com\/en\/environment-and-activities\/\" target=\"_self\" role=\"button\" rel=\"noopener\">\n\t\t\t\t\t\t\tVEURE-HO TOT\n\t\t\t\t\t<\/a>\n<a href=\"https:\/\/hotelelscassadors.com\/en\/environment-and-activities\/\" target=\"_self\" rel=\"noopener\"><img src=\"https:\/\/hotelelscassadors.com\/wp-content\/uploads\/2018\/05\/enoturisme-emporda.jpg\" alt=\"Enoturisme\" \/><\/a>\t\t\t\n\t\t\t\t<a href=\"#\" aria-label=\"previous\" role=\"button\">\n<\/a>\n\t\t\t\t<a href=\"#\" aria-label=\"next\" role=\"button\">\n<\/a>\n","protected":false},"excerpt":{"rendered":"<p>(+34) 972 544 136 (+34) 972 544 136 CA ES FR EN CA ES FR EN The combination of the peace and quiet of the Pyrenees and the charm of the Empord\u00e0 region. Hotel Els Ca\u00e7adors de Ma\u00e7anet is the ideal place for spending some relaxing days with your family or friends, discovering the beautiful&hellip;<\/p>\n","protected":false},"author":3,"featured_media":0,"parent":0,"menu_order":0,"comment_status":"closed","ping_status":"closed","template":"","meta":[],"yoast_head":"<!-- This site is optimized with the Yoast SEO plugin v19.6 - https:\/\/yoast.com\/wordpress\/plugins\/seo\/ -->\n<title>Els Ca\u00e7adors de Ma\u00e7anet &#8902; Hotel Gastron\u00f2mic al Pirineu de Girona<\/title>\n<meta name=\"description\" content=\"Hotel Gastron\u00f2mic Els Ca\u00e7adors del Ma\u00e7anet, situat al Pirineu de Girona, \u00e9s perfecte per descobrir la m\u00e0gia de l\u2019Empord\u00e0. El nostre restaurant de cuina tradicional catalana, liderat pel xef Santi Valls Xicoira, ofereix elaboracions que respecten al m\u00e0xim les caracter\u00edstiques d&#039;una mat\u00e8ria primera d&#039;alta qualitat.\" \/>\n<meta name=\"robots\" content=\"index, follow, max-snippet:-1, max-image-preview:large, max-video-preview:-1\" \/>\n<link rel=\"canonical\" href=\"https:\/\/hotelelscassadors.com\/en\/\" \/>\n<meta property=\"og:locale\" content=\"en_US\" \/>\n<meta property=\"og:type\" content=\"article\" \/>\n<meta property=\"og:title\" content=\"Els Ca\u00e7adors de Ma\u00e7anet &#8902; Hotel Gastron\u00f2mic al Pirineu de Girona\" \/>\n<meta property=\"og:description\" content=\"Hotel Gastron\u00f2mic Els Ca\u00e7adors del Ma\u00e7anet, situat al Pirineu de Girona, \u00e9s perfecte per descobrir la m\u00e0gia de l\u2019Empord\u00e0. El nostre restaurant de cuina tradicional catalana, liderat pel xef Santi Valls Xicoira, ofereix elaboracions que respecten al m\u00e0xim les caracter\u00edstiques d&#039;una mat\u00e8ria primera d&#039;alta qualitat.\" \/>\n<meta property=\"og:url\" content=\"https:\/\/hotelelscassadors.com\/en\/\" \/>\n<meta property=\"og:site_name\" content=\"Els Ca\u00e7adors de Ma\u00e7anet\" \/>\n<meta property=\"article:publisher\" content=\"https:\/\/www.facebook.com\/Restaurant-Hotel-Els-Ca%c3%a7adors-de-Ma%c3%a7anet-901920089887268\/\" \/>\n<meta property=\"article:modified_time\" content=\"2026-04-07T14:22:40+00:00\" \/>\n<meta property=\"og:image\" content=\"https:\/\/hotelelscassadors.com\/wp-content\/uploads\/2018\/05\/logowebpetit.png\" \/>\n<meta name=\"twitter:card\" content=\"summary_large_image\" \/>\n<meta name=\"twitter:label1\" content=\"Est. reading time\" \/>\n\t<meta name=\"twitter:data1\" content=\"3 minutes\" \/>\n<script type=\"application\/ld+json\" class=\"yoast-schema-graph\">{\"@context\":\"https:\/\/schema.org\",\"@graph\":[{\"@type\":\"WebPage\",\"@id\":\"https:\/\/hotelelscassadors.com\/en\/\",\"url\":\"https:\/\/hotelelscassadors.com\/en\/\",\"name\":\"Els Ca\u00e7adors de Ma\u00e7anet &#8902; Hotel Gastron\u00f2mic al Pirineu de Girona\",\"isPartOf\":{\"@id\":\"https:\/\/hotelelscassadors.com\/en\/#website\"},\"datePublished\":\"2018-04-27T09:46:04+00:00\",\"dateModified\":\"2026-04-07T14:22:40+00:00\",\"description\":\"Hotel Gastron\u00f2mic Els Ca\u00e7adors del Ma\u00e7anet, situat al Pirineu de Girona, \u00e9s perfecte per descobrir la m\u00e0gia de l\u2019Empord\u00e0. El nostre restaurant de cuina tradicional catalana, liderat pel xef Santi Valls Xicoira, ofereix elaboracions que respecten al m\u00e0xim les caracter\u00edstiques d'una mat\u00e8ria primera d'alta qualitat.\",\"breadcrumb\":{\"@id\":\"https:\/\/hotelelscassadors.com\/en\/#breadcrumb\"},\"inLanguage\":\"en-US\",\"potentialAction\":[{\"@type\":\"ReadAction\",\"target\":[\"https:\/\/hotelelscassadors.com\/en\/\"]}]},{\"@type\":\"BreadcrumbList\",\"@id\":\"https:\/\/hotelelscassadors.com\/en\/#breadcrumb\",\"itemListElement\":[{\"@type\":\"ListItem\",\"position\":1,\"name\":\"Portada\",\"item\":\"https:\/\/hotelelscassadors.com\/en\/\"},{\"@type\":\"ListItem\",\"position\":2,\"name\":\"Home\"}]},{\"@type\":\"WebSite\",\"@id\":\"https:\/\/hotelelscassadors.com\/en\/#website\",\"url\":\"https:\/\/hotelelscassadors.com\/en\/\",\"name\":\"Hotel Els Ca\u00e7adors de Ma\u00e7anet\",\"description\":\"Hotel \u00b7 Restaurant\",\"publisher\":{\"@id\":\"https:\/\/hotelelscassadors.com\/en\/#organization\"},\"potentialAction\":[{\"@type\":\"SearchAction\",\"target\":{\"@type\":\"EntryPoint\",\"urlTemplate\":\"https:\/\/hotelelscassadors.com\/en\/?s={search_term_string}\"},\"query-input\":\"required name=search_term_string\"}],\"inLanguage\":\"en-US\"},{\"@type\":\"Organization\",\"@id\":\"https:\/\/hotelelscassadors.com\/en\/#organization\",\"name\":\"Els Ca\u00e7adors de Ma\u00e7anet Hotel Restaurant\",\"url\":\"https:\/\/hotelelscassadors.com\/en\/\",\"sameAs\":[\"https:\/\/www.facebook.com\/Restaurant-Hotel-Els-Ca\u00e7adors-de-Ma\u00e7anet-901920089887268\/\"],\"logo\":{\"@type\":\"ImageObject\",\"inLanguage\":\"en-US\",\"@id\":\"https:\/\/hotelelscassadors.com\/en\/#\/schema\/logo\/image\/\",\"url\":\"https:\/\/hotelelscassadors.com\/wp-content\/uploads\/2018\/05\/logoweb.png\",\"contentUrl\":\"https:\/\/hotelelscassadors.com\/wp-content\/uploads\/2018\/05\/logoweb.png\",\"width\":386,\"height\":160,\"caption\":\"Els Ca\u00e7adors de Ma\u00e7anet Hotel Restaurant\"},\"image\":{\"@id\":\"https:\/\/hotelelscassadors.com\/en\/#\/schema\/logo\/image\/\"}}]}<\/script>\n<!-- \/ Yoast SEO plugin. -->","yoast_head_json":{"title":"Els Ca\u00e7adors de Ma\u00e7anet &#8902; Hotel Gastron\u00f2mic al Pirineu de Girona","description":"Hotel Gastron\u00f2mic Els Ca\u00e7adors del Ma\u00e7anet, situat al Pirineu de Girona, \u00e9s perfecte per descobrir la m\u00e0gia de l\u2019Empord\u00e0. El nostre restaurant de cuina tradicional catalana, liderat pel xef Santi Valls Xicoira, ofereix elaboracions que respecten al m\u00e0xim les caracter\u00edstiques d'una mat\u00e8ria primera d'alta qualitat.","robots":{"index":"index","follow":"follow","max-snippet":"max-snippet:-1","max-image-preview":"max-image-preview:large","max-video-preview":"max-video-preview:-1"},"canonical":"https:\/\/hotelelscassadors.com\/en\/","og_locale":"en_US","og_type":"article","og_title":"Els Ca\u00e7adors de Ma\u00e7anet &#8902; Hotel Gastron\u00f2mic al Pirineu de Girona","og_description":"Hotel Gastron\u00f2mic Els Ca\u00e7adors del Ma\u00e7anet, situat al Pirineu de Girona, \u00e9s perfecte per descobrir la m\u00e0gia de l\u2019Empord\u00e0. El nostre restaurant de cuina tradicional catalana, liderat pel xef Santi Valls Xicoira, ofereix elaboracions que respecten al m\u00e0xim les caracter\u00edstiques d'una mat\u00e8ria primera d'alta qualitat.","og_url":"https:\/\/hotelelscassadors.com\/en\/","og_site_name":"Els Ca\u00e7adors de Ma\u00e7anet","article_publisher":"https:\/\/www.facebook.com\/Restaurant-Hotel-Els-Ca%c3%a7adors-de-Ma%c3%a7anet-901920089887268\/","article_modified_time":"2026-04-07T14:22:40+00:00","og_image":[{"url":"https:\/\/hotelelscassadors.com\/wp-content\/uploads\/2018\/05\/logowebpetit.png"}],"twitter_card":"summary_large_image","twitter_misc":{"Est. reading time":"3 minutes"},"schema":{"@context":"https:\/\/schema.org","@graph":[{"@type":"WebPage","@id":"https:\/\/hotelelscassadors.com\/en\/","url":"https:\/\/hotelelscassadors.com\/en\/","name":"Els Ca\u00e7adors de Ma\u00e7anet &#8902; Hotel Gastron\u00f2mic al Pirineu de Girona","isPartOf":{"@id":"https:\/\/hotelelscassadors.com\/en\/#website"},"datePublished":"2018-04-27T09:46:04+00:00","dateModified":"2026-04-07T14:22:40+00:00","description":"Hotel Gastron\u00f2mic Els Ca\u00e7adors del Ma\u00e7anet, situat al Pirineu de Girona, \u00e9s perfecte per descobrir la m\u00e0gia de l\u2019Empord\u00e0. El nostre restaurant de cuina tradicional catalana, liderat pel xef Santi Valls Xicoira, ofereix elaboracions que respecten al m\u00e0xim les caracter\u00edstiques d'una mat\u00e8ria primera d'alta qualitat.","breadcrumb":{"@id":"https:\/\/hotelelscassadors.com\/en\/#breadcrumb"},"inLanguage":"en-US","potentialAction":[{"@type":"ReadAction","target":["https:\/\/hotelelscassadors.com\/en\/"]}]},{"@type":"BreadcrumbList","@id":"https:\/\/hotelelscassadors.com\/en\/#breadcrumb","itemListElement":[{"@type":"ListItem","position":1,"name":"Portada","item":"https:\/\/hotelelscassadors.com\/en\/"},{"@type":"ListItem","position":2,"name":"Home"}]},{"@type":"WebSite","@id":"https:\/\/hotelelscassadors.com\/en\/#website","url":"https:\/\/hotelelscassadors.com\/en\/","name":"Hotel Els Ca\u00e7adors de Ma\u00e7anet","description":"Hotel \u00b7 Restaurant","publisher":{"@id":"https:\/\/hotelelscassadors.com\/en\/#organization"},"potentialAction":[{"@type":"SearchAction","target":{"@type":"EntryPoint","urlTemplate":"https:\/\/hotelelscassadors.com\/en\/?s={search_term_string}"},"query-input":"required name=search_term_string"}],"inLanguage":"en-US"},{"@type":"Organization","@id":"https:\/\/hotelelscassadors.com\/en\/#organization","name":"Els Ca\u00e7adors de Ma\u00e7anet Hotel Restaurant","url":"https:\/\/hotelelscassadors.com\/en\/","sameAs":["https:\/\/www.facebook.com\/Restaurant-Hotel-Els-Ca\u00e7adors-de-Ma\u00e7anet-901920089887268\/"],"logo":{"@type":"ImageObject","inLanguage":"en-US","@id":"https:\/\/hotelelscassadors.com\/en\/#\/schema\/logo\/image\/","url":"https:\/\/hotelelscassadors.com\/wp-content\/uploads\/2018\/05\/logoweb.png","contentUrl":"https:\/\/hotelelscassadors.com\/wp-content\/uploads\/2018\/05\/logoweb.png","width":386,"height":160,"caption":"Els Ca\u00e7adors de Ma\u00e7anet Hotel Restaurant"},"image":{"@id":"https:\/\/hotelelscassadors.com\/en\/#\/schema\/logo\/image\/"}}]}},"_links":{"self":[{"href":"https:\/\/hotelelscassadors.com\/en\/wp-json\/wp\/v2\/pages\/748"}],"collection":[{"href":"https:\/\/hotelelscassadors.com\/en\/wp-json\/wp\/v2\/pages"}],"about":[{"href":"https:\/\/hotelelscassadors.com\/en\/wp-json\/wp\/v2\/types\/page"}],"author":[{"embeddable":true,"href":"https:\/\/hotelelscassadors.com\/en\/wp-json\/wp\/v2\/users\/3"}],"replies":[{"embeddable":true,"href":"https:\/\/hotelelscassadors.com\/en\/wp-json\/wp\/v2\/comments?post=748"}],"version-history":[{"count":58,"href":"https:\/\/hotelelscassadors.com\/en\/wp-json\/wp\/v2\/pages\/748\/revisions"}],"predecessor-version":[{"id":2355,"href":"https:\/\/hotelelscassadors.com\/en\/wp-json\/wp\/v2\/pages\/748\/revisions\/2355"}],"wp:attachment":[{"href":"https:\/\/hotelelscassadors.com\/en\/wp-json\/wp\/v2\/media?parent=748"}],"curies":[{"name":"wp","href":"https:\/\/api.w.org\/{rel}","templated":true}]}}