{"id":747,"date":"2018-05-25T12:58:13","date_gmt":"2018-05-25T10:58:13","guid":{"rendered":"https:\/\/hotelelscassadors.com\/hotel-restaurant-bib-gourmand-guia-michelin-2018\/"},"modified":"2019-02-11T10:03:38","modified_gmt":"2019-02-11T09:03:38","slug":"hotel-restaurant-bib-gourmand-guia-michelin-2019","status":"publish","type":"page","link":"https:\/\/hotelelscassadors.com\/en\/hotel-restaurant-bib-gourmand-guia-michelin-2019\/","title":{"rendered":"Hotel Restaurant Bib Gourmand Guia Michelin 2019"},"content":{"rendered":"<p>Enjoy the traditional Catalan cuisine at Hotel Els Ca\u00e7adors, which is one Hotel Restaurant\u00a0<a href=\"https:\/\/guia.michelin.es\/2zt3x79\/els-cacadors-macanet-de-cabrenys\">Bib Gourmand Guia Michelin 2019<\/a>. We use raw materials of proximity and quality with a letter proposal that respects the ingredients.<\/p>\n<p>&nbsp;<\/p>\n<p>&nbsp;<\/p>\n<p><strong>What does the Bib Gourmand distinction mean?<\/strong><\/p>\n<p>To achieve this distinction you must be a haute cuisine restaurant, of high quality and at a good price.\u00a0The inspectors of the Michelin Guide give these badges to those restaurants where the kitchen stands out for its high quality and its moderate price.<\/p>\n<p>The badge is recognized as a pictogram of the head of Bibendum, Michelin&#8217;s mascot, while he is relaxing. The signal that recognizes good affordable tables.<\/p>\n<p>Nowadays, there are more restaurants with the Bib Gourmand distinction than restaurants with one or several stars. A fact that reveals the concern of the French guide to be useful for all kinds of budgets or occasions and the interest of many restaurateurs and chefs to reach all pockets. A recognition that, in some cases, can presage a future first Michelin star.<\/p>\n","protected":false},"excerpt":{"rendered":"<p>Enjoy the traditional Catalan cuisine at Hotel Els Ca\u00e7adors, which is one Hotel Restaurant\u00a0Bib Gourmand Guia Michelin 2019. We use raw materials of proximity and quality with a letter proposal that respects the ingredients. &nbsp; &nbsp; What does the Bib Gourmand distinction mean? To achieve this distinction you must be a haute cuisine restaurant, of&hellip;<\/p>\n","protected":false},"author":3,"featured_media":0,"parent":0,"menu_order":0,"comment_status":"closed","ping_status":"closed","template":"","meta":[],"yoast_head":"<!-- This site is optimized with the Yoast SEO plugin v19.6 - https:\/\/yoast.com\/wordpress\/plugins\/seo\/ -->\n<title>Hotel Restaurant Bib Gourmand Guia Michelin 2018 - Els Ca\u00e7adors<\/title>\n<meta name=\"description\" content=\"Gaudeix de la cuina tradicional catalana a Els Ca\u00e7adors, \u00e9s un Hotel Restaurant Bib Gourmand Guia Michelin 2018. Mat\u00e8ria primera de proximitat i qualitat amb plats elaborats pel xef Santi Valls.\" \/>\n<meta name=\"robots\" content=\"index, follow, max-snippet:-1, max-image-preview:large, max-video-preview:-1\" \/>\n<link rel=\"canonical\" href=\"https:\/\/hotelelscassadors.com\/en\/hotel-restaurant-bib-gourmand-guia-michelin-2019\/\" \/>\n<meta property=\"og:locale\" content=\"en_US\" \/>\n<meta property=\"og:type\" content=\"article\" \/>\n<meta property=\"og:title\" content=\"Hotel Restaurant Bib Gourmand Guia Michelin 2018 - Els Ca\u00e7adors\" \/>\n<meta property=\"og:description\" content=\"Gaudeix de la cuina tradicional catalana a Els Ca\u00e7adors, \u00e9s un Hotel Restaurant Bib Gourmand Guia Michelin 2018. Mat\u00e8ria primera de proximitat i qualitat amb plats elaborats pel xef Santi Valls.\" \/>\n<meta property=\"og:url\" content=\"https:\/\/hotelelscassadors.com\/en\/hotel-restaurant-bib-gourmand-guia-michelin-2019\/\" \/>\n<meta property=\"og:site_name\" content=\"Els Ca\u00e7adors de Ma\u00e7anet\" \/>\n<meta property=\"article:publisher\" content=\"https:\/\/www.facebook.com\/Restaurant-Hotel-Els-Ca%c3%a7adors-de-Ma%c3%a7anet-901920089887268\/\" \/>\n<meta property=\"article:modified_time\" content=\"2019-02-11T09:03:38+00:00\" \/>\n<meta name=\"twitter:card\" content=\"summary_large_image\" \/>\n<meta name=\"twitter:label1\" content=\"Est. reading time\" \/>\n\t<meta name=\"twitter:data1\" content=\"1 minute\" \/>\n<script type=\"application\/ld+json\" class=\"yoast-schema-graph\">{\"@context\":\"https:\/\/schema.org\",\"@graph\":[{\"@type\":\"WebPage\",\"@id\":\"https:\/\/hotelelscassadors.com\/en\/hotel-restaurant-bib-gourmand-guia-michelin-2019\/\",\"url\":\"https:\/\/hotelelscassadors.com\/en\/hotel-restaurant-bib-gourmand-guia-michelin-2019\/\",\"name\":\"Hotel Restaurant Bib Gourmand Guia Michelin 2018 - Els Ca\u00e7adors\",\"isPartOf\":{\"@id\":\"https:\/\/hotelelscassadors.com\/en\/#website\"},\"datePublished\":\"2018-05-25T10:58:13+00:00\",\"dateModified\":\"2019-02-11T09:03:38+00:00\",\"description\":\"Gaudeix de la cuina tradicional catalana a Els Ca\u00e7adors, \u00e9s un Hotel Restaurant Bib Gourmand Guia Michelin 2018. Mat\u00e8ria primera de proximitat i qualitat amb plats elaborats pel xef Santi Valls.\",\"breadcrumb\":{\"@id\":\"https:\/\/hotelelscassadors.com\/en\/hotel-restaurant-bib-gourmand-guia-michelin-2019\/#breadcrumb\"},\"inLanguage\":\"en-US\",\"potentialAction\":[{\"@type\":\"ReadAction\",\"target\":[\"https:\/\/hotelelscassadors.com\/en\/hotel-restaurant-bib-gourmand-guia-michelin-2019\/\"]}]},{\"@type\":\"BreadcrumbList\",\"@id\":\"https:\/\/hotelelscassadors.com\/en\/hotel-restaurant-bib-gourmand-guia-michelin-2019\/#breadcrumb\",\"itemListElement\":[{\"@type\":\"ListItem\",\"position\":1,\"name\":\"Portada\",\"item\":\"https:\/\/hotelelscassadors.com\/en\/\"},{\"@type\":\"ListItem\",\"position\":2,\"name\":\"Hotel Restaurant Bib Gourmand Guia Michelin 2019\"}]},{\"@type\":\"WebSite\",\"@id\":\"https:\/\/hotelelscassadors.com\/en\/#website\",\"url\":\"https:\/\/hotelelscassadors.com\/en\/\",\"name\":\"Hotel Els Ca\u00e7adors de Ma\u00e7anet\",\"description\":\"Hotel \u00b7 Restaurant\",\"publisher\":{\"@id\":\"https:\/\/hotelelscassadors.com\/en\/#organization\"},\"potentialAction\":[{\"@type\":\"SearchAction\",\"target\":{\"@type\":\"EntryPoint\",\"urlTemplate\":\"https:\/\/hotelelscassadors.com\/en\/?s={search_term_string}\"},\"query-input\":\"required name=search_term_string\"}],\"inLanguage\":\"en-US\"},{\"@type\":\"Organization\",\"@id\":\"https:\/\/hotelelscassadors.com\/en\/#organization\",\"name\":\"Els Ca\u00e7adors de Ma\u00e7anet Hotel Restaurant\",\"url\":\"https:\/\/hotelelscassadors.com\/en\/\",\"sameAs\":[\"https:\/\/www.facebook.com\/Restaurant-Hotel-Els-Ca\u00e7adors-de-Ma\u00e7anet-901920089887268\/\"],\"logo\":{\"@type\":\"ImageObject\",\"inLanguage\":\"en-US\",\"@id\":\"https:\/\/hotelelscassadors.com\/en\/#\/schema\/logo\/image\/\",\"url\":\"https:\/\/hotelelscassadors.com\/wp-content\/uploads\/2018\/05\/logoweb.png\",\"contentUrl\":\"https:\/\/hotelelscassadors.com\/wp-content\/uploads\/2018\/05\/logoweb.png\",\"width\":386,\"height\":160,\"caption\":\"Els Ca\u00e7adors de Ma\u00e7anet Hotel Restaurant\"},\"image\":{\"@id\":\"https:\/\/hotelelscassadors.com\/en\/#\/schema\/logo\/image\/\"}}]}<\/script>\n<!-- \/ Yoast SEO plugin. -->","yoast_head_json":{"title":"Hotel Restaurant Bib Gourmand Guia Michelin 2018 - Els Ca\u00e7adors","description":"Gaudeix de la cuina tradicional catalana a Els Ca\u00e7adors, \u00e9s un Hotel Restaurant Bib Gourmand Guia Michelin 2018. Mat\u00e8ria primera de proximitat i qualitat amb plats elaborats pel xef Santi Valls.","robots":{"index":"index","follow":"follow","max-snippet":"max-snippet:-1","max-image-preview":"max-image-preview:large","max-video-preview":"max-video-preview:-1"},"canonical":"https:\/\/hotelelscassadors.com\/en\/hotel-restaurant-bib-gourmand-guia-michelin-2019\/","og_locale":"en_US","og_type":"article","og_title":"Hotel Restaurant Bib Gourmand Guia Michelin 2018 - Els Ca\u00e7adors","og_description":"Gaudeix de la cuina tradicional catalana a Els Ca\u00e7adors, \u00e9s un Hotel Restaurant Bib Gourmand Guia Michelin 2018. Mat\u00e8ria primera de proximitat i qualitat amb plats elaborats pel xef Santi Valls.","og_url":"https:\/\/hotelelscassadors.com\/en\/hotel-restaurant-bib-gourmand-guia-michelin-2019\/","og_site_name":"Els Ca\u00e7adors de Ma\u00e7anet","article_publisher":"https:\/\/www.facebook.com\/Restaurant-Hotel-Els-Ca%c3%a7adors-de-Ma%c3%a7anet-901920089887268\/","article_modified_time":"2019-02-11T09:03:38+00:00","twitter_card":"summary_large_image","twitter_misc":{"Est. reading time":"1 minute"},"schema":{"@context":"https:\/\/schema.org","@graph":[{"@type":"WebPage","@id":"https:\/\/hotelelscassadors.com\/en\/hotel-restaurant-bib-gourmand-guia-michelin-2019\/","url":"https:\/\/hotelelscassadors.com\/en\/hotel-restaurant-bib-gourmand-guia-michelin-2019\/","name":"Hotel Restaurant Bib Gourmand Guia Michelin 2018 - Els Ca\u00e7adors","isPartOf":{"@id":"https:\/\/hotelelscassadors.com\/en\/#website"},"datePublished":"2018-05-25T10:58:13+00:00","dateModified":"2019-02-11T09:03:38+00:00","description":"Gaudeix de la cuina tradicional catalana a Els Ca\u00e7adors, \u00e9s un Hotel Restaurant Bib Gourmand Guia Michelin 2018. Mat\u00e8ria primera de proximitat i qualitat amb plats elaborats pel xef Santi Valls.","breadcrumb":{"@id":"https:\/\/hotelelscassadors.com\/en\/hotel-restaurant-bib-gourmand-guia-michelin-2019\/#breadcrumb"},"inLanguage":"en-US","potentialAction":[{"@type":"ReadAction","target":["https:\/\/hotelelscassadors.com\/en\/hotel-restaurant-bib-gourmand-guia-michelin-2019\/"]}]},{"@type":"BreadcrumbList","@id":"https:\/\/hotelelscassadors.com\/en\/hotel-restaurant-bib-gourmand-guia-michelin-2019\/#breadcrumb","itemListElement":[{"@type":"ListItem","position":1,"name":"Portada","item":"https:\/\/hotelelscassadors.com\/en\/"},{"@type":"ListItem","position":2,"name":"Hotel Restaurant Bib Gourmand Guia Michelin 2019"}]},{"@type":"WebSite","@id":"https:\/\/hotelelscassadors.com\/en\/#website","url":"https:\/\/hotelelscassadors.com\/en\/","name":"Hotel Els Ca\u00e7adors de Ma\u00e7anet","description":"Hotel \u00b7 Restaurant","publisher":{"@id":"https:\/\/hotelelscassadors.com\/en\/#organization"},"potentialAction":[{"@type":"SearchAction","target":{"@type":"EntryPoint","urlTemplate":"https:\/\/hotelelscassadors.com\/en\/?s={search_term_string}"},"query-input":"required name=search_term_string"}],"inLanguage":"en-US"},{"@type":"Organization","@id":"https:\/\/hotelelscassadors.com\/en\/#organization","name":"Els Ca\u00e7adors de Ma\u00e7anet Hotel Restaurant","url":"https:\/\/hotelelscassadors.com\/en\/","sameAs":["https:\/\/www.facebook.com\/Restaurant-Hotel-Els-Ca\u00e7adors-de-Ma\u00e7anet-901920089887268\/"],"logo":{"@type":"ImageObject","inLanguage":"en-US","@id":"https:\/\/hotelelscassadors.com\/en\/#\/schema\/logo\/image\/","url":"https:\/\/hotelelscassadors.com\/wp-content\/uploads\/2018\/05\/logoweb.png","contentUrl":"https:\/\/hotelelscassadors.com\/wp-content\/uploads\/2018\/05\/logoweb.png","width":386,"height":160,"caption":"Els Ca\u00e7adors de Ma\u00e7anet Hotel Restaurant"},"image":{"@id":"https:\/\/hotelelscassadors.com\/en\/#\/schema\/logo\/image\/"}}]}},"_links":{"self":[{"href":"https:\/\/hotelelscassadors.com\/en\/wp-json\/wp\/v2\/pages\/747"}],"collection":[{"href":"https:\/\/hotelelscassadors.com\/en\/wp-json\/wp\/v2\/pages"}],"about":[{"href":"https:\/\/hotelelscassadors.com\/en\/wp-json\/wp\/v2\/types\/page"}],"author":[{"embeddable":true,"href":"https:\/\/hotelelscassadors.com\/en\/wp-json\/wp\/v2\/users\/3"}],"replies":[{"embeddable":true,"href":"https:\/\/hotelelscassadors.com\/en\/wp-json\/wp\/v2\/comments?post=747"}],"version-history":[{"count":8,"href":"https:\/\/hotelelscassadors.com\/en\/wp-json\/wp\/v2\/pages\/747\/revisions"}],"predecessor-version":[{"id":1339,"href":"https:\/\/hotelelscassadors.com\/en\/wp-json\/wp\/v2\/pages\/747\/revisions\/1339"}],"wp:attachment":[{"href":"https:\/\/hotelelscassadors.com\/en\/wp-json\/wp\/v2\/media?parent=747"}],"curies":[{"name":"wp","href":"https:\/\/api.w.org\/{rel}","templated":true}]}}