{"id":746,"date":"2018-05-25T12:59:38","date_gmt":"2018-05-25T10:59:38","guid":{"rendered":"https:\/\/hotelelscassadors.com\/hotel-gastronomic-girona\/"},"modified":"2018-06-04T10:03:13","modified_gmt":"2018-06-04T08:03:13","slug":"hotel-gastronomic-girona","status":"publish","type":"page","link":"https:\/\/hotelelscassadors.com\/en\/hotel-gastronomic-girona\/","title":{"rendered":"Hotel Gastronomic Girona"},"content":{"rendered":"<p>Stay in a place where comfort and good food go hand in hand. At Hotel Gastron\u00f2mic in Girona Els Ca\u00e7adors we work with raw materials of proximity and quality. In addition, we show you a menu proposal that brings you the best of traditional Catalan cuisine. Our hotel is renowned with\u00a0<a href=\"https:\/\/guia.michelin.es\/2zt3x79\/els-cacadors-macanet-de-cabrenys\">Bib Gourmand de la Guia Michelin 2018<\/a>.<\/p>\n<h5><\/h5>\n<h3>Hotel Gastron\u00f2mic in Girona<\/h3>\n<p>For our elaborations we use local products such as black sausage or salt and pepper from Ma\u00e7anet, Rals de Pals or veal de Girona. In our menu, we can highlight proposals such as rice with cuttlefish and sausage, which unites in a dish the maritime and mountain nature of the Empord\u00e0, the baked kid&#8217;s shoulder, where you can enjoy the exquisiteness of Girona meat, cod confit with cooked vegetables, a delicious adaptation of traditional Catalan cuisine or dishes that remind us of the best of each season, such as pumpkin cream with black sausage.<\/p>\n<p>&nbsp;<\/p>\n","protected":false},"excerpt":{"rendered":"<p>Stay in a place where comfort and good food go hand in hand. At Hotel Gastron\u00f2mic in Girona Els Ca\u00e7adors we work with raw materials of proximity and quality. In addition, we show you a menu proposal that brings you the best of traditional Catalan cuisine. Our hotel is renowned with\u00a0Bib Gourmand de la Guia&hellip;<\/p>\n","protected":false},"author":3,"featured_media":0,"parent":0,"menu_order":0,"comment_status":"closed","ping_status":"closed","template":"","meta":[],"yoast_head":"<!-- This site is optimized with the Yoast SEO plugin v19.6 - https:\/\/yoast.com\/wordpress\/plugins\/seo\/ -->\n<title>Hotel Gastron\u00f2mic a Girona - Hotel Els Ca\u00e7adors de Ma\u00e7anet<\/title>\n<meta name=\"description\" content=\"Allotja\u2019t en un espai on la comoditat i el bon menjar van de la m\u00e0. A Hotel Gastron\u00f2mic a Girona Els Ca\u00e7adors treballem amb mat\u00e8ria primera de proximitat i qualitat i una proposta de men\u00fa que et porta el millor de la cuina catalana tradicional.\" \/>\n<meta name=\"robots\" content=\"index, follow, max-snippet:-1, max-image-preview:large, max-video-preview:-1\" \/>\n<link rel=\"canonical\" href=\"https:\/\/hotelelscassadors.com\/en\/hotel-gastronomic-girona\/\" \/>\n<meta property=\"og:locale\" content=\"en_US\" \/>\n<meta property=\"og:type\" content=\"article\" \/>\n<meta property=\"og:title\" content=\"Hotel Gastron\u00f2mic a Girona - Hotel Els Ca\u00e7adors de Ma\u00e7anet\" \/>\n<meta property=\"og:description\" content=\"Allotja\u2019t en un espai on la comoditat i el bon menjar van de la m\u00e0. A Hotel Gastron\u00f2mic a Girona Els Ca\u00e7adors treballem amb mat\u00e8ria primera de proximitat i qualitat i una proposta de men\u00fa que et porta el millor de la cuina catalana tradicional.\" \/>\n<meta property=\"og:url\" content=\"https:\/\/hotelelscassadors.com\/en\/hotel-gastronomic-girona\/\" \/>\n<meta property=\"og:site_name\" content=\"Els Ca\u00e7adors de Ma\u00e7anet\" \/>\n<meta property=\"article:publisher\" content=\"https:\/\/www.facebook.com\/Restaurant-Hotel-Els-Ca%c3%a7adors-de-Ma%c3%a7anet-901920089887268\/\" \/>\n<meta property=\"article:modified_time\" content=\"2018-06-04T08:03:13+00:00\" \/>\n<meta name=\"twitter:card\" content=\"summary_large_image\" \/>\n<meta name=\"twitter:label1\" content=\"Est. reading time\" \/>\n\t<meta name=\"twitter:data1\" content=\"1 minute\" \/>\n<script type=\"application\/ld+json\" class=\"yoast-schema-graph\">{\"@context\":\"https:\/\/schema.org\",\"@graph\":[{\"@type\":\"WebPage\",\"@id\":\"https:\/\/hotelelscassadors.com\/en\/hotel-gastronomic-girona\/\",\"url\":\"https:\/\/hotelelscassadors.com\/en\/hotel-gastronomic-girona\/\",\"name\":\"Hotel Gastron\u00f2mic a Girona - Hotel Els Ca\u00e7adors de Ma\u00e7anet\",\"isPartOf\":{\"@id\":\"https:\/\/hotelelscassadors.com\/en\/#website\"},\"datePublished\":\"2018-05-25T10:59:38+00:00\",\"dateModified\":\"2018-06-04T08:03:13+00:00\",\"description\":\"Allotja\u2019t en un espai on la comoditat i el bon menjar van de la m\u00e0. A Hotel Gastron\u00f2mic a Girona Els Ca\u00e7adors treballem amb mat\u00e8ria primera de proximitat i qualitat i una proposta de men\u00fa que et porta el millor de la cuina catalana tradicional.\",\"breadcrumb\":{\"@id\":\"https:\/\/hotelelscassadors.com\/en\/hotel-gastronomic-girona\/#breadcrumb\"},\"inLanguage\":\"en-US\",\"potentialAction\":[{\"@type\":\"ReadAction\",\"target\":[\"https:\/\/hotelelscassadors.com\/en\/hotel-gastronomic-girona\/\"]}]},{\"@type\":\"BreadcrumbList\",\"@id\":\"https:\/\/hotelelscassadors.com\/en\/hotel-gastronomic-girona\/#breadcrumb\",\"itemListElement\":[{\"@type\":\"ListItem\",\"position\":1,\"name\":\"Portada\",\"item\":\"https:\/\/hotelelscassadors.com\/en\/\"},{\"@type\":\"ListItem\",\"position\":2,\"name\":\"Hotel Gastronomic Girona\"}]},{\"@type\":\"WebSite\",\"@id\":\"https:\/\/hotelelscassadors.com\/en\/#website\",\"url\":\"https:\/\/hotelelscassadors.com\/en\/\",\"name\":\"Hotel Els Ca\u00e7adors de Ma\u00e7anet\",\"description\":\"Hotel \u00b7 Restaurant\",\"publisher\":{\"@id\":\"https:\/\/hotelelscassadors.com\/en\/#organization\"},\"potentialAction\":[{\"@type\":\"SearchAction\",\"target\":{\"@type\":\"EntryPoint\",\"urlTemplate\":\"https:\/\/hotelelscassadors.com\/en\/?s={search_term_string}\"},\"query-input\":\"required name=search_term_string\"}],\"inLanguage\":\"en-US\"},{\"@type\":\"Organization\",\"@id\":\"https:\/\/hotelelscassadors.com\/en\/#organization\",\"name\":\"Els Ca\u00e7adors de Ma\u00e7anet Hotel Restaurant\",\"url\":\"https:\/\/hotelelscassadors.com\/en\/\",\"sameAs\":[\"https:\/\/www.facebook.com\/Restaurant-Hotel-Els-Ca\u00e7adors-de-Ma\u00e7anet-901920089887268\/\"],\"logo\":{\"@type\":\"ImageObject\",\"inLanguage\":\"en-US\",\"@id\":\"https:\/\/hotelelscassadors.com\/en\/#\/schema\/logo\/image\/\",\"url\":\"https:\/\/hotelelscassadors.com\/wp-content\/uploads\/2018\/05\/logoweb.png\",\"contentUrl\":\"https:\/\/hotelelscassadors.com\/wp-content\/uploads\/2018\/05\/logoweb.png\",\"width\":386,\"height\":160,\"caption\":\"Els Ca\u00e7adors de Ma\u00e7anet Hotel Restaurant\"},\"image\":{\"@id\":\"https:\/\/hotelelscassadors.com\/en\/#\/schema\/logo\/image\/\"}}]}<\/script>\n<!-- \/ Yoast SEO plugin. -->","yoast_head_json":{"title":"Hotel Gastron\u00f2mic a Girona - Hotel Els Ca\u00e7adors de Ma\u00e7anet","description":"Allotja\u2019t en un espai on la comoditat i el bon menjar van de la m\u00e0. A Hotel Gastron\u00f2mic a Girona Els Ca\u00e7adors treballem amb mat\u00e8ria primera de proximitat i qualitat i una proposta de men\u00fa que et porta el millor de la cuina catalana tradicional.","robots":{"index":"index","follow":"follow","max-snippet":"max-snippet:-1","max-image-preview":"max-image-preview:large","max-video-preview":"max-video-preview:-1"},"canonical":"https:\/\/hotelelscassadors.com\/en\/hotel-gastronomic-girona\/","og_locale":"en_US","og_type":"article","og_title":"Hotel Gastron\u00f2mic a Girona - Hotel Els Ca\u00e7adors de Ma\u00e7anet","og_description":"Allotja\u2019t en un espai on la comoditat i el bon menjar van de la m\u00e0. A Hotel Gastron\u00f2mic a Girona Els Ca\u00e7adors treballem amb mat\u00e8ria primera de proximitat i qualitat i una proposta de men\u00fa que et porta el millor de la cuina catalana tradicional.","og_url":"https:\/\/hotelelscassadors.com\/en\/hotel-gastronomic-girona\/","og_site_name":"Els Ca\u00e7adors de Ma\u00e7anet","article_publisher":"https:\/\/www.facebook.com\/Restaurant-Hotel-Els-Ca%c3%a7adors-de-Ma%c3%a7anet-901920089887268\/","article_modified_time":"2018-06-04T08:03:13+00:00","twitter_card":"summary_large_image","twitter_misc":{"Est. reading time":"1 minute"},"schema":{"@context":"https:\/\/schema.org","@graph":[{"@type":"WebPage","@id":"https:\/\/hotelelscassadors.com\/en\/hotel-gastronomic-girona\/","url":"https:\/\/hotelelscassadors.com\/en\/hotel-gastronomic-girona\/","name":"Hotel Gastron\u00f2mic a Girona - Hotel Els Ca\u00e7adors de Ma\u00e7anet","isPartOf":{"@id":"https:\/\/hotelelscassadors.com\/en\/#website"},"datePublished":"2018-05-25T10:59:38+00:00","dateModified":"2018-06-04T08:03:13+00:00","description":"Allotja\u2019t en un espai on la comoditat i el bon menjar van de la m\u00e0. A Hotel Gastron\u00f2mic a Girona Els Ca\u00e7adors treballem amb mat\u00e8ria primera de proximitat i qualitat i una proposta de men\u00fa que et porta el millor de la cuina catalana tradicional.","breadcrumb":{"@id":"https:\/\/hotelelscassadors.com\/en\/hotel-gastronomic-girona\/#breadcrumb"},"inLanguage":"en-US","potentialAction":[{"@type":"ReadAction","target":["https:\/\/hotelelscassadors.com\/en\/hotel-gastronomic-girona\/"]}]},{"@type":"BreadcrumbList","@id":"https:\/\/hotelelscassadors.com\/en\/hotel-gastronomic-girona\/#breadcrumb","itemListElement":[{"@type":"ListItem","position":1,"name":"Portada","item":"https:\/\/hotelelscassadors.com\/en\/"},{"@type":"ListItem","position":2,"name":"Hotel Gastronomic Girona"}]},{"@type":"WebSite","@id":"https:\/\/hotelelscassadors.com\/en\/#website","url":"https:\/\/hotelelscassadors.com\/en\/","name":"Hotel Els Ca\u00e7adors de Ma\u00e7anet","description":"Hotel \u00b7 Restaurant","publisher":{"@id":"https:\/\/hotelelscassadors.com\/en\/#organization"},"potentialAction":[{"@type":"SearchAction","target":{"@type":"EntryPoint","urlTemplate":"https:\/\/hotelelscassadors.com\/en\/?s={search_term_string}"},"query-input":"required name=search_term_string"}],"inLanguage":"en-US"},{"@type":"Organization","@id":"https:\/\/hotelelscassadors.com\/en\/#organization","name":"Els Ca\u00e7adors de Ma\u00e7anet Hotel Restaurant","url":"https:\/\/hotelelscassadors.com\/en\/","sameAs":["https:\/\/www.facebook.com\/Restaurant-Hotel-Els-Ca\u00e7adors-de-Ma\u00e7anet-901920089887268\/"],"logo":{"@type":"ImageObject","inLanguage":"en-US","@id":"https:\/\/hotelelscassadors.com\/en\/#\/schema\/logo\/image\/","url":"https:\/\/hotelelscassadors.com\/wp-content\/uploads\/2018\/05\/logoweb.png","contentUrl":"https:\/\/hotelelscassadors.com\/wp-content\/uploads\/2018\/05\/logoweb.png","width":386,"height":160,"caption":"Els Ca\u00e7adors de Ma\u00e7anet Hotel Restaurant"},"image":{"@id":"https:\/\/hotelelscassadors.com\/en\/#\/schema\/logo\/image\/"}}]}},"_links":{"self":[{"href":"https:\/\/hotelelscassadors.com\/en\/wp-json\/wp\/v2\/pages\/746"}],"collection":[{"href":"https:\/\/hotelelscassadors.com\/en\/wp-json\/wp\/v2\/pages"}],"about":[{"href":"https:\/\/hotelelscassadors.com\/en\/wp-json\/wp\/v2\/types\/page"}],"author":[{"embeddable":true,"href":"https:\/\/hotelelscassadors.com\/en\/wp-json\/wp\/v2\/users\/3"}],"replies":[{"embeddable":true,"href":"https:\/\/hotelelscassadors.com\/en\/wp-json\/wp\/v2\/comments?post=746"}],"version-history":[{"count":6,"href":"https:\/\/hotelelscassadors.com\/en\/wp-json\/wp\/v2\/pages\/746\/revisions"}],"predecessor-version":[{"id":992,"href":"https:\/\/hotelelscassadors.com\/en\/wp-json\/wp\/v2\/pages\/746\/revisions\/992"}],"wp:attachment":[{"href":"https:\/\/hotelelscassadors.com\/en\/wp-json\/wp\/v2\/media?parent=746"}],"curies":[{"name":"wp","href":"https:\/\/api.w.org\/{rel}","templated":true}]}}