{"id":745,"date":"2018-05-25T12:54:46","date_gmt":"2018-05-25T10:54:46","guid":{"rendered":"https:\/\/hotelelscassadors.com\/hotel-als-pirineus\/"},"modified":"2018-06-04T09:57:18","modified_gmt":"2018-06-04T07:57:18","slug":"hotel-in-the-pyrenees","status":"publish","type":"page","link":"https:\/\/hotelelscassadors.com\/en\/hotel-in-the-pyrenees\/","title":{"rendered":"Hotel in the Pyrenees"},"content":{"rendered":"<p>Surround the mountains in Els Ca\u00e7adors, a beautiful hotel in the <strong>Pyrenees of Girona<\/strong>.<\/p>\n<p>Our establishment will love you to fall in love with the magic of the Empord\u00e0. From Els Ca\u00e7adors you can take nature walks or take a break to the beach. In addition, it is the ideal place to <strong>discover Dal\u00ed&#8217;s work.<\/strong><\/p>\n<h3>Hotel in the Pyrenees<\/h3>\n<p>The <strong>Pyrenees<\/strong> are a mountain range located in the north of Spain and which is a natural border with France. Its easternmost point is located in the Alt <strong>Empord\u00e0<\/strong> region, next to the Hotel Els Ca\u00e7adors. The environment has one of the most complete signposted offers of Catalonia.<\/p>\n","protected":false},"excerpt":{"rendered":"<p>Surround the mountains in Els Ca\u00e7adors, a beautiful hotel in the Pyrenees of Girona. Our establishment will love you to fall in love with the magic of the Empord\u00e0. From Els Ca\u00e7adors you can take nature walks or take a break to the beach. In addition, it is the ideal place to discover Dal\u00ed&#8217;s work.&hellip;<\/p>\n","protected":false},"author":3,"featured_media":0,"parent":0,"menu_order":0,"comment_status":"closed","ping_status":"closed","template":"","meta":[],"yoast_head":"<!-- This site is optimized with the Yoast SEO plugin v19.6 - https:\/\/yoast.com\/wordpress\/plugins\/seo\/ -->\n<title>Hotel als Pirineus - Hotel Els Ca\u00e7adors de Ma\u00e7anet de Cabrenys<\/title>\n<meta name=\"description\" content=\"Descansa rodejat de muntanyes a Els Ca\u00e7adors, un hotel als Pirineus de Girona i perfecte per descobrir la m\u00e0gia de l\u2019Empord\u00e0. Des del nostre hotel podr\u00e0s fer excursions per la natura, escapades a la platja i descobrir l\u2019obra de Dal\u00ed.\" \/>\n<meta name=\"robots\" content=\"index, follow, max-snippet:-1, max-image-preview:large, max-video-preview:-1\" \/>\n<link rel=\"canonical\" href=\"https:\/\/hotelelscassadors.com\/en\/hotel-in-the-pyrenees\/\" \/>\n<meta property=\"og:locale\" content=\"en_US\" \/>\n<meta property=\"og:type\" content=\"article\" \/>\n<meta property=\"og:title\" content=\"Hotel als Pirineus - Hotel Els Ca\u00e7adors de Ma\u00e7anet de Cabrenys\" \/>\n<meta property=\"og:description\" content=\"Descansa rodejat de muntanyes a Els Ca\u00e7adors, un hotel als Pirineus de Girona i perfecte per descobrir la m\u00e0gia de l\u2019Empord\u00e0. Des del nostre hotel podr\u00e0s fer excursions per la natura, escapades a la platja i descobrir l\u2019obra de Dal\u00ed.\" \/>\n<meta property=\"og:url\" content=\"https:\/\/hotelelscassadors.com\/en\/hotel-in-the-pyrenees\/\" \/>\n<meta property=\"og:site_name\" content=\"Els Ca\u00e7adors de Ma\u00e7anet\" \/>\n<meta property=\"article:publisher\" content=\"https:\/\/www.facebook.com\/Restaurant-Hotel-Els-Ca%c3%a7adors-de-Ma%c3%a7anet-901920089887268\/\" \/>\n<meta property=\"article:modified_time\" content=\"2018-06-04T07:57:18+00:00\" \/>\n<meta name=\"twitter:card\" content=\"summary_large_image\" \/>\n<meta name=\"twitter:label1\" content=\"Est. reading time\" \/>\n\t<meta name=\"twitter:data1\" content=\"1 minute\" \/>\n<script type=\"application\/ld+json\" class=\"yoast-schema-graph\">{\"@context\":\"https:\/\/schema.org\",\"@graph\":[{\"@type\":\"WebPage\",\"@id\":\"https:\/\/hotelelscassadors.com\/en\/hotel-in-the-pyrenees\/\",\"url\":\"https:\/\/hotelelscassadors.com\/en\/hotel-in-the-pyrenees\/\",\"name\":\"Hotel als Pirineus - Hotel Els Ca\u00e7adors de Ma\u00e7anet de Cabrenys\",\"isPartOf\":{\"@id\":\"https:\/\/hotelelscassadors.com\/en\/#website\"},\"datePublished\":\"2018-05-25T10:54:46+00:00\",\"dateModified\":\"2018-06-04T07:57:18+00:00\",\"description\":\"Descansa rodejat de muntanyes a Els Ca\u00e7adors, un hotel als Pirineus de Girona i perfecte per descobrir la m\u00e0gia de l\u2019Empord\u00e0. Des del nostre hotel podr\u00e0s fer excursions per la natura, escapades a la platja i descobrir l\u2019obra de Dal\u00ed.\",\"breadcrumb\":{\"@id\":\"https:\/\/hotelelscassadors.com\/en\/hotel-in-the-pyrenees\/#breadcrumb\"},\"inLanguage\":\"en-US\",\"potentialAction\":[{\"@type\":\"ReadAction\",\"target\":[\"https:\/\/hotelelscassadors.com\/en\/hotel-in-the-pyrenees\/\"]}]},{\"@type\":\"BreadcrumbList\",\"@id\":\"https:\/\/hotelelscassadors.com\/en\/hotel-in-the-pyrenees\/#breadcrumb\",\"itemListElement\":[{\"@type\":\"ListItem\",\"position\":1,\"name\":\"Portada\",\"item\":\"https:\/\/hotelelscassadors.com\/en\/\"},{\"@type\":\"ListItem\",\"position\":2,\"name\":\"Hotel in the Pyrenees\"}]},{\"@type\":\"WebSite\",\"@id\":\"https:\/\/hotelelscassadors.com\/en\/#website\",\"url\":\"https:\/\/hotelelscassadors.com\/en\/\",\"name\":\"Hotel Els Ca\u00e7adors de Ma\u00e7anet\",\"description\":\"Hotel \u00b7 Restaurant\",\"publisher\":{\"@id\":\"https:\/\/hotelelscassadors.com\/en\/#organization\"},\"potentialAction\":[{\"@type\":\"SearchAction\",\"target\":{\"@type\":\"EntryPoint\",\"urlTemplate\":\"https:\/\/hotelelscassadors.com\/en\/?s={search_term_string}\"},\"query-input\":\"required name=search_term_string\"}],\"inLanguage\":\"en-US\"},{\"@type\":\"Organization\",\"@id\":\"https:\/\/hotelelscassadors.com\/en\/#organization\",\"name\":\"Els Ca\u00e7adors de Ma\u00e7anet Hotel Restaurant\",\"url\":\"https:\/\/hotelelscassadors.com\/en\/\",\"sameAs\":[\"https:\/\/www.facebook.com\/Restaurant-Hotel-Els-Ca\u00e7adors-de-Ma\u00e7anet-901920089887268\/\"],\"logo\":{\"@type\":\"ImageObject\",\"inLanguage\":\"en-US\",\"@id\":\"https:\/\/hotelelscassadors.com\/en\/#\/schema\/logo\/image\/\",\"url\":\"https:\/\/hotelelscassadors.com\/wp-content\/uploads\/2018\/05\/logoweb.png\",\"contentUrl\":\"https:\/\/hotelelscassadors.com\/wp-content\/uploads\/2018\/05\/logoweb.png\",\"width\":386,\"height\":160,\"caption\":\"Els Ca\u00e7adors de Ma\u00e7anet Hotel Restaurant\"},\"image\":{\"@id\":\"https:\/\/hotelelscassadors.com\/en\/#\/schema\/logo\/image\/\"}}]}<\/script>\n<!-- \/ Yoast SEO plugin. -->","yoast_head_json":{"title":"Hotel als Pirineus - Hotel Els Ca\u00e7adors de Ma\u00e7anet de Cabrenys","description":"Descansa rodejat de muntanyes a Els Ca\u00e7adors, un hotel als Pirineus de Girona i perfecte per descobrir la m\u00e0gia de l\u2019Empord\u00e0. Des del nostre hotel podr\u00e0s fer excursions per la natura, escapades a la platja i descobrir l\u2019obra de Dal\u00ed.","robots":{"index":"index","follow":"follow","max-snippet":"max-snippet:-1","max-image-preview":"max-image-preview:large","max-video-preview":"max-video-preview:-1"},"canonical":"https:\/\/hotelelscassadors.com\/en\/hotel-in-the-pyrenees\/","og_locale":"en_US","og_type":"article","og_title":"Hotel als Pirineus - Hotel Els Ca\u00e7adors de Ma\u00e7anet de Cabrenys","og_description":"Descansa rodejat de muntanyes a Els Ca\u00e7adors, un hotel als Pirineus de Girona i perfecte per descobrir la m\u00e0gia de l\u2019Empord\u00e0. Des del nostre hotel podr\u00e0s fer excursions per la natura, escapades a la platja i descobrir l\u2019obra de Dal\u00ed.","og_url":"https:\/\/hotelelscassadors.com\/en\/hotel-in-the-pyrenees\/","og_site_name":"Els Ca\u00e7adors de Ma\u00e7anet","article_publisher":"https:\/\/www.facebook.com\/Restaurant-Hotel-Els-Ca%c3%a7adors-de-Ma%c3%a7anet-901920089887268\/","article_modified_time":"2018-06-04T07:57:18+00:00","twitter_card":"summary_large_image","twitter_misc":{"Est. reading time":"1 minute"},"schema":{"@context":"https:\/\/schema.org","@graph":[{"@type":"WebPage","@id":"https:\/\/hotelelscassadors.com\/en\/hotel-in-the-pyrenees\/","url":"https:\/\/hotelelscassadors.com\/en\/hotel-in-the-pyrenees\/","name":"Hotel als Pirineus - Hotel Els Ca\u00e7adors de Ma\u00e7anet de Cabrenys","isPartOf":{"@id":"https:\/\/hotelelscassadors.com\/en\/#website"},"datePublished":"2018-05-25T10:54:46+00:00","dateModified":"2018-06-04T07:57:18+00:00","description":"Descansa rodejat de muntanyes a Els Ca\u00e7adors, un hotel als Pirineus de Girona i perfecte per descobrir la m\u00e0gia de l\u2019Empord\u00e0. Des del nostre hotel podr\u00e0s fer excursions per la natura, escapades a la platja i descobrir l\u2019obra de Dal\u00ed.","breadcrumb":{"@id":"https:\/\/hotelelscassadors.com\/en\/hotel-in-the-pyrenees\/#breadcrumb"},"inLanguage":"en-US","potentialAction":[{"@type":"ReadAction","target":["https:\/\/hotelelscassadors.com\/en\/hotel-in-the-pyrenees\/"]}]},{"@type":"BreadcrumbList","@id":"https:\/\/hotelelscassadors.com\/en\/hotel-in-the-pyrenees\/#breadcrumb","itemListElement":[{"@type":"ListItem","position":1,"name":"Portada","item":"https:\/\/hotelelscassadors.com\/en\/"},{"@type":"ListItem","position":2,"name":"Hotel in the Pyrenees"}]},{"@type":"WebSite","@id":"https:\/\/hotelelscassadors.com\/en\/#website","url":"https:\/\/hotelelscassadors.com\/en\/","name":"Hotel Els Ca\u00e7adors de Ma\u00e7anet","description":"Hotel \u00b7 Restaurant","publisher":{"@id":"https:\/\/hotelelscassadors.com\/en\/#organization"},"potentialAction":[{"@type":"SearchAction","target":{"@type":"EntryPoint","urlTemplate":"https:\/\/hotelelscassadors.com\/en\/?s={search_term_string}"},"query-input":"required name=search_term_string"}],"inLanguage":"en-US"},{"@type":"Organization","@id":"https:\/\/hotelelscassadors.com\/en\/#organization","name":"Els Ca\u00e7adors de Ma\u00e7anet Hotel Restaurant","url":"https:\/\/hotelelscassadors.com\/en\/","sameAs":["https:\/\/www.facebook.com\/Restaurant-Hotel-Els-Ca\u00e7adors-de-Ma\u00e7anet-901920089887268\/"],"logo":{"@type":"ImageObject","inLanguage":"en-US","@id":"https:\/\/hotelelscassadors.com\/en\/#\/schema\/logo\/image\/","url":"https:\/\/hotelelscassadors.com\/wp-content\/uploads\/2018\/05\/logoweb.png","contentUrl":"https:\/\/hotelelscassadors.com\/wp-content\/uploads\/2018\/05\/logoweb.png","width":386,"height":160,"caption":"Els Ca\u00e7adors de Ma\u00e7anet Hotel Restaurant"},"image":{"@id":"https:\/\/hotelelscassadors.com\/en\/#\/schema\/logo\/image\/"}}]}},"_links":{"self":[{"href":"https:\/\/hotelelscassadors.com\/en\/wp-json\/wp\/v2\/pages\/745"}],"collection":[{"href":"https:\/\/hotelelscassadors.com\/en\/wp-json\/wp\/v2\/pages"}],"about":[{"href":"https:\/\/hotelelscassadors.com\/en\/wp-json\/wp\/v2\/types\/page"}],"author":[{"embeddable":true,"href":"https:\/\/hotelelscassadors.com\/en\/wp-json\/wp\/v2\/users\/3"}],"replies":[{"embeddable":true,"href":"https:\/\/hotelelscassadors.com\/en\/wp-json\/wp\/v2\/comments?post=745"}],"version-history":[{"count":5,"href":"https:\/\/hotelelscassadors.com\/en\/wp-json\/wp\/v2\/pages\/745\/revisions"}],"predecessor-version":[{"id":989,"href":"https:\/\/hotelelscassadors.com\/en\/wp-json\/wp\/v2\/pages\/745\/revisions\/989"}],"wp:attachment":[{"href":"https:\/\/hotelelscassadors.com\/en\/wp-json\/wp\/v2\/media?parent=745"}],"curies":[{"name":"wp","href":"https:\/\/api.w.org\/{rel}","templated":true}]}}