{"id":744,"date":"2018-05-25T12:57:52","date_gmt":"2018-05-25T10:57:52","guid":{"rendered":"https:\/\/hotelelscassadors.com\/hotel-a-lalt-emporda-natura-familiar\/"},"modified":"2018-06-04T09:58:44","modified_gmt":"2018-06-04T07:58:44","slug":"hotel-in-the-alt-emporda","status":"publish","type":"page","link":"https:\/\/hotelelscassadors.com\/en\/hotel-in-the-alt-emporda\/","title":{"rendered":"Hotel in the Alt Empord\u00e0"},"content":{"rendered":"<p>The Ca\u00e7adors de Ma\u00e7anet is a hotel in Alt Empord\u00e0 and is the ideal place to spend a few days relaxing. The hotel has beautiful natural landscapes that you can travel with family or friends. Capbusse yourself in our pool and enjoy our garden. Surely you can count on the peaceful life of the mountain villages.<\/p>\n<p><strong>The region<\/strong><br \/>\nAlt Empord\u00e0 is a region located in the north of Catalonia, in the province of Girona. It is famous for the beaches of the <strong>Costa Brava<\/strong> and the wild environment of Cap de Creus. But its proximity to the <strong>Pyrenees<\/strong> also makes it an ideal destination for hikers.<\/p>\n<p>If you visit <strong>Alt Empord\u00e0<\/strong>, we suggest you approach the blue waters of the Gulf of Roses and its infinite beaches. You will find the Aiguamolls de l&#8217;Empord\u00e0, a natural reserve nearby.<\/p>\n","protected":false},"excerpt":{"rendered":"<p>The Ca\u00e7adors de Ma\u00e7anet is a hotel in Alt Empord\u00e0 and is the ideal place to spend a few days relaxing. The hotel has beautiful natural landscapes that you can travel with family or friends. Capbusse yourself in our pool and enjoy our garden. Surely you can count on the peaceful life of the mountain&hellip;<\/p>\n","protected":false},"author":3,"featured_media":0,"parent":0,"menu_order":0,"comment_status":"closed","ping_status":"closed","template":"","meta":[],"yoast_head":"<!-- This site is optimized with the Yoast SEO plugin v19.6 - https:\/\/yoast.com\/wordpress\/plugins\/seo\/ -->\n<title>Hotel a l&#039;Alt Empord\u00e0 - Hotel Els Ca\u00e7adors de Ma\u00e7anet de Cabrenys<\/title>\n<meta name=\"description\" content=\"Els Ca\u00e7adors de Ma\u00e7anet \u00e9s un hotel a l&#039;Alt Empord\u00e0 i\u00a0\u00e9s el lloc ideal per passar uns dies de relax. L&#039;hotel compta amb\u00a0preciosos paratges naturals que podeu recorrer amb la fam\u00edlia o amics.\u00a0Capbusseu-vos a la nostra piscina i contagieu-vos de la vida pausada dels pobles de muntanya.\" \/>\n<meta name=\"robots\" content=\"index, follow, max-snippet:-1, max-image-preview:large, max-video-preview:-1\" \/>\n<link rel=\"canonical\" href=\"https:\/\/hotelelscassadors.com\/en\/hotel-in-the-alt-emporda\/\" \/>\n<meta property=\"og:locale\" content=\"en_US\" \/>\n<meta property=\"og:type\" content=\"article\" \/>\n<meta property=\"og:title\" content=\"Hotel a l&#039;Alt Empord\u00e0 - Hotel Els Ca\u00e7adors de Ma\u00e7anet de Cabrenys\" \/>\n<meta property=\"og:description\" content=\"Els Ca\u00e7adors de Ma\u00e7anet \u00e9s un hotel a l&#039;Alt Empord\u00e0 i\u00a0\u00e9s el lloc ideal per passar uns dies de relax. L&#039;hotel compta amb\u00a0preciosos paratges naturals que podeu recorrer amb la fam\u00edlia o amics.\u00a0Capbusseu-vos a la nostra piscina i contagieu-vos de la vida pausada dels pobles de muntanya.\" \/>\n<meta property=\"og:url\" content=\"https:\/\/hotelelscassadors.com\/en\/hotel-in-the-alt-emporda\/\" \/>\n<meta property=\"og:site_name\" content=\"Els Ca\u00e7adors de Ma\u00e7anet\" \/>\n<meta property=\"article:publisher\" content=\"https:\/\/www.facebook.com\/Restaurant-Hotel-Els-Ca%c3%a7adors-de-Ma%c3%a7anet-901920089887268\/\" \/>\n<meta property=\"article:modified_time\" content=\"2018-06-04T07:58:44+00:00\" \/>\n<meta name=\"twitter:card\" content=\"summary_large_image\" \/>\n<meta name=\"twitter:label1\" content=\"Est. reading time\" \/>\n\t<meta name=\"twitter:data1\" content=\"1 minute\" \/>\n<script type=\"application\/ld+json\" class=\"yoast-schema-graph\">{\"@context\":\"https:\/\/schema.org\",\"@graph\":[{\"@type\":\"WebPage\",\"@id\":\"https:\/\/hotelelscassadors.com\/en\/hotel-in-the-alt-emporda\/\",\"url\":\"https:\/\/hotelelscassadors.com\/en\/hotel-in-the-alt-emporda\/\",\"name\":\"Hotel a l'Alt Empord\u00e0 - Hotel Els Ca\u00e7adors de Ma\u00e7anet de Cabrenys\",\"isPartOf\":{\"@id\":\"https:\/\/hotelelscassadors.com\/en\/#website\"},\"datePublished\":\"2018-05-25T10:57:52+00:00\",\"dateModified\":\"2018-06-04T07:58:44+00:00\",\"description\":\"Els Ca\u00e7adors de Ma\u00e7anet \u00e9s un hotel a l'Alt Empord\u00e0 i\u00a0\u00e9s el lloc ideal per passar uns dies de relax. L'hotel compta amb\u00a0preciosos paratges naturals que podeu recorrer amb la fam\u00edlia o amics.\u00a0Capbusseu-vos a la nostra piscina i contagieu-vos de la vida pausada dels pobles de muntanya.\",\"breadcrumb\":{\"@id\":\"https:\/\/hotelelscassadors.com\/en\/hotel-in-the-alt-emporda\/#breadcrumb\"},\"inLanguage\":\"en-US\",\"potentialAction\":[{\"@type\":\"ReadAction\",\"target\":[\"https:\/\/hotelelscassadors.com\/en\/hotel-in-the-alt-emporda\/\"]}]},{\"@type\":\"BreadcrumbList\",\"@id\":\"https:\/\/hotelelscassadors.com\/en\/hotel-in-the-alt-emporda\/#breadcrumb\",\"itemListElement\":[{\"@type\":\"ListItem\",\"position\":1,\"name\":\"Portada\",\"item\":\"https:\/\/hotelelscassadors.com\/en\/\"},{\"@type\":\"ListItem\",\"position\":2,\"name\":\"Hotel in the Alt Empord\u00e0\"}]},{\"@type\":\"WebSite\",\"@id\":\"https:\/\/hotelelscassadors.com\/en\/#website\",\"url\":\"https:\/\/hotelelscassadors.com\/en\/\",\"name\":\"Hotel Els Ca\u00e7adors de Ma\u00e7anet\",\"description\":\"Hotel \u00b7 Restaurant\",\"publisher\":{\"@id\":\"https:\/\/hotelelscassadors.com\/en\/#organization\"},\"potentialAction\":[{\"@type\":\"SearchAction\",\"target\":{\"@type\":\"EntryPoint\",\"urlTemplate\":\"https:\/\/hotelelscassadors.com\/en\/?s={search_term_string}\"},\"query-input\":\"required name=search_term_string\"}],\"inLanguage\":\"en-US\"},{\"@type\":\"Organization\",\"@id\":\"https:\/\/hotelelscassadors.com\/en\/#organization\",\"name\":\"Els Ca\u00e7adors de Ma\u00e7anet Hotel Restaurant\",\"url\":\"https:\/\/hotelelscassadors.com\/en\/\",\"sameAs\":[\"https:\/\/www.facebook.com\/Restaurant-Hotel-Els-Ca\u00e7adors-de-Ma\u00e7anet-901920089887268\/\"],\"logo\":{\"@type\":\"ImageObject\",\"inLanguage\":\"en-US\",\"@id\":\"https:\/\/hotelelscassadors.com\/en\/#\/schema\/logo\/image\/\",\"url\":\"https:\/\/hotelelscassadors.com\/wp-content\/uploads\/2018\/05\/logoweb.png\",\"contentUrl\":\"https:\/\/hotelelscassadors.com\/wp-content\/uploads\/2018\/05\/logoweb.png\",\"width\":386,\"height\":160,\"caption\":\"Els Ca\u00e7adors de Ma\u00e7anet Hotel Restaurant\"},\"image\":{\"@id\":\"https:\/\/hotelelscassadors.com\/en\/#\/schema\/logo\/image\/\"}}]}<\/script>\n<!-- \/ Yoast SEO plugin. -->","yoast_head_json":{"title":"Hotel a l'Alt Empord\u00e0 - Hotel Els Ca\u00e7adors de Ma\u00e7anet de Cabrenys","description":"Els Ca\u00e7adors de Ma\u00e7anet \u00e9s un hotel a l'Alt Empord\u00e0 i\u00a0\u00e9s el lloc ideal per passar uns dies de relax. L'hotel compta amb\u00a0preciosos paratges naturals que podeu recorrer amb la fam\u00edlia o amics.\u00a0Capbusseu-vos a la nostra piscina i contagieu-vos de la vida pausada dels pobles de muntanya.","robots":{"index":"index","follow":"follow","max-snippet":"max-snippet:-1","max-image-preview":"max-image-preview:large","max-video-preview":"max-video-preview:-1"},"canonical":"https:\/\/hotelelscassadors.com\/en\/hotel-in-the-alt-emporda\/","og_locale":"en_US","og_type":"article","og_title":"Hotel a l'Alt Empord\u00e0 - Hotel Els Ca\u00e7adors de Ma\u00e7anet de Cabrenys","og_description":"Els Ca\u00e7adors de Ma\u00e7anet \u00e9s un hotel a l'Alt Empord\u00e0 i\u00a0\u00e9s el lloc ideal per passar uns dies de relax. L'hotel compta amb\u00a0preciosos paratges naturals que podeu recorrer amb la fam\u00edlia o amics.\u00a0Capbusseu-vos a la nostra piscina i contagieu-vos de la vida pausada dels pobles de muntanya.","og_url":"https:\/\/hotelelscassadors.com\/en\/hotel-in-the-alt-emporda\/","og_site_name":"Els Ca\u00e7adors de Ma\u00e7anet","article_publisher":"https:\/\/www.facebook.com\/Restaurant-Hotel-Els-Ca%c3%a7adors-de-Ma%c3%a7anet-901920089887268\/","article_modified_time":"2018-06-04T07:58:44+00:00","twitter_card":"summary_large_image","twitter_misc":{"Est. reading time":"1 minute"},"schema":{"@context":"https:\/\/schema.org","@graph":[{"@type":"WebPage","@id":"https:\/\/hotelelscassadors.com\/en\/hotel-in-the-alt-emporda\/","url":"https:\/\/hotelelscassadors.com\/en\/hotel-in-the-alt-emporda\/","name":"Hotel a l'Alt Empord\u00e0 - Hotel Els Ca\u00e7adors de Ma\u00e7anet de Cabrenys","isPartOf":{"@id":"https:\/\/hotelelscassadors.com\/en\/#website"},"datePublished":"2018-05-25T10:57:52+00:00","dateModified":"2018-06-04T07:58:44+00:00","description":"Els Ca\u00e7adors de Ma\u00e7anet \u00e9s un hotel a l'Alt Empord\u00e0 i\u00a0\u00e9s el lloc ideal per passar uns dies de relax. L'hotel compta amb\u00a0preciosos paratges naturals que podeu recorrer amb la fam\u00edlia o amics.\u00a0Capbusseu-vos a la nostra piscina i contagieu-vos de la vida pausada dels pobles de muntanya.","breadcrumb":{"@id":"https:\/\/hotelelscassadors.com\/en\/hotel-in-the-alt-emporda\/#breadcrumb"},"inLanguage":"en-US","potentialAction":[{"@type":"ReadAction","target":["https:\/\/hotelelscassadors.com\/en\/hotel-in-the-alt-emporda\/"]}]},{"@type":"BreadcrumbList","@id":"https:\/\/hotelelscassadors.com\/en\/hotel-in-the-alt-emporda\/#breadcrumb","itemListElement":[{"@type":"ListItem","position":1,"name":"Portada","item":"https:\/\/hotelelscassadors.com\/en\/"},{"@type":"ListItem","position":2,"name":"Hotel in the Alt Empord\u00e0"}]},{"@type":"WebSite","@id":"https:\/\/hotelelscassadors.com\/en\/#website","url":"https:\/\/hotelelscassadors.com\/en\/","name":"Hotel Els Ca\u00e7adors de Ma\u00e7anet","description":"Hotel \u00b7 Restaurant","publisher":{"@id":"https:\/\/hotelelscassadors.com\/en\/#organization"},"potentialAction":[{"@type":"SearchAction","target":{"@type":"EntryPoint","urlTemplate":"https:\/\/hotelelscassadors.com\/en\/?s={search_term_string}"},"query-input":"required name=search_term_string"}],"inLanguage":"en-US"},{"@type":"Organization","@id":"https:\/\/hotelelscassadors.com\/en\/#organization","name":"Els Ca\u00e7adors de Ma\u00e7anet Hotel Restaurant","url":"https:\/\/hotelelscassadors.com\/en\/","sameAs":["https:\/\/www.facebook.com\/Restaurant-Hotel-Els-Ca\u00e7adors-de-Ma\u00e7anet-901920089887268\/"],"logo":{"@type":"ImageObject","inLanguage":"en-US","@id":"https:\/\/hotelelscassadors.com\/en\/#\/schema\/logo\/image\/","url":"https:\/\/hotelelscassadors.com\/wp-content\/uploads\/2018\/05\/logoweb.png","contentUrl":"https:\/\/hotelelscassadors.com\/wp-content\/uploads\/2018\/05\/logoweb.png","width":386,"height":160,"caption":"Els Ca\u00e7adors de Ma\u00e7anet Hotel Restaurant"},"image":{"@id":"https:\/\/hotelelscassadors.com\/en\/#\/schema\/logo\/image\/"}}]}},"_links":{"self":[{"href":"https:\/\/hotelelscassadors.com\/en\/wp-json\/wp\/v2\/pages\/744"}],"collection":[{"href":"https:\/\/hotelelscassadors.com\/en\/wp-json\/wp\/v2\/pages"}],"about":[{"href":"https:\/\/hotelelscassadors.com\/en\/wp-json\/wp\/v2\/types\/page"}],"author":[{"embeddable":true,"href":"https:\/\/hotelelscassadors.com\/en\/wp-json\/wp\/v2\/users\/3"}],"replies":[{"embeddable":true,"href":"https:\/\/hotelelscassadors.com\/en\/wp-json\/wp\/v2\/comments?post=744"}],"version-history":[{"count":9,"href":"https:\/\/hotelelscassadors.com\/en\/wp-json\/wp\/v2\/pages\/744\/revisions"}],"predecessor-version":[{"id":990,"href":"https:\/\/hotelelscassadors.com\/en\/wp-json\/wp\/v2\/pages\/744\/revisions\/990"}],"wp:attachment":[{"href":"https:\/\/hotelelscassadors.com\/en\/wp-json\/wp\/v2\/media?parent=744"}],"curies":[{"name":"wp","href":"https:\/\/api.w.org\/{rel}","templated":true}]}}