{"id":743,"date":"2018-05-17T14:04:05","date_gmt":"2018-05-17T12:04:05","guid":{"rendered":"https:\/\/hotelelscassadors.com\/hotel\/habitacions\/"},"modified":"2020-02-26T13:08:06","modified_gmt":"2020-02-26T12:08:06","slug":"habitacions","status":"publish","type":"page","link":"https:\/\/hotelelscassadors.com\/en\/hotel\/habitacions\/","title":{"rendered":"Bedrooms"},"content":{"rendered":"\n\t<p>Every commodity in an idyllic setting This is the perfect description of our <strong>17<\/strong> comfortable <strong>rooms <\/strong>with a terrace, all of which have an outside view.<\/p>\n","protected":false},"excerpt":{"rendered":"<p>Every commodity in an idyllic setting This is the perfect description of our 17 comfortable rooms with a terrace, all of which have an outside view.<\/p>\n","protected":false},"author":3,"featured_media":0,"parent":741,"menu_order":0,"comment_status":"closed","ping_status":"closed","template":"","meta":[],"yoast_head":"<!-- This site is optimized with the Yoast SEO plugin v19.6 - https:\/\/yoast.com\/wordpress\/plugins\/seo\/ -->\n<title>Bedrooms &#8902; Els Ca\u00e7adors de Ma\u00e7anet<\/title>\n<meta name=\"description\" content=\"L&#039;hotel Ca\u00e7adors de Maca\u00e7anet, e l&#039;Empord\u00e0, gaudir\u00e0s de tota la comoditat en un entorn id\u00edl\u00b7lic. Aix\u00ed s\u00f3n les nostres 17 confortables habitacions totes exteriors i amb terrassa.\" \/>\n<meta name=\"robots\" content=\"index, follow, max-snippet:-1, max-image-preview:large, max-video-preview:-1\" \/>\n<link rel=\"canonical\" href=\"https:\/\/hotelelscassadors.com\/en\/hotel\/habitacions\/\" \/>\n<meta property=\"og:locale\" content=\"en_US\" \/>\n<meta property=\"og:type\" content=\"article\" \/>\n<meta property=\"og:title\" content=\"Bedrooms &#8902; Els Ca\u00e7adors de Ma\u00e7anet\" \/>\n<meta property=\"og:description\" content=\"L&#039;hotel Ca\u00e7adors de Maca\u00e7anet, e l&#039;Empord\u00e0, gaudir\u00e0s de tota la comoditat en un entorn id\u00edl\u00b7lic. Aix\u00ed s\u00f3n les nostres 17 confortables habitacions totes exteriors i amb terrassa.\" \/>\n<meta property=\"og:url\" content=\"https:\/\/hotelelscassadors.com\/en\/hotel\/habitacions\/\" \/>\n<meta property=\"og:site_name\" content=\"Els Ca\u00e7adors de Ma\u00e7anet\" \/>\n<meta property=\"article:publisher\" content=\"https:\/\/www.facebook.com\/Restaurant-Hotel-Els-Ca%c3%a7adors-de-Ma%c3%a7anet-901920089887268\/\" \/>\n<meta property=\"article:modified_time\" content=\"2020-02-26T12:08:06+00:00\" \/>\n<meta name=\"twitter:card\" content=\"summary_large_image\" \/>\n<script type=\"application\/ld+json\" class=\"yoast-schema-graph\">{\"@context\":\"https:\/\/schema.org\",\"@graph\":[{\"@type\":\"WebPage\",\"@id\":\"https:\/\/hotelelscassadors.com\/en\/hotel\/habitacions\/\",\"url\":\"https:\/\/hotelelscassadors.com\/en\/hotel\/habitacions\/\",\"name\":\"Bedrooms &#8902; Els Ca\u00e7adors de Ma\u00e7anet\",\"isPartOf\":{\"@id\":\"https:\/\/hotelelscassadors.com\/en\/#website\"},\"datePublished\":\"2018-05-17T12:04:05+00:00\",\"dateModified\":\"2020-02-26T12:08:06+00:00\",\"description\":\"L'hotel Ca\u00e7adors de Maca\u00e7anet, e l'Empord\u00e0, gaudir\u00e0s de tota la comoditat en un entorn id\u00edl\u00b7lic. Aix\u00ed s\u00f3n les nostres 17 confortables habitacions totes exteriors i amb terrassa.\",\"breadcrumb\":{\"@id\":\"https:\/\/hotelelscassadors.com\/en\/hotel\/habitacions\/#breadcrumb\"},\"inLanguage\":\"en-US\",\"potentialAction\":[{\"@type\":\"ReadAction\",\"target\":[\"https:\/\/hotelelscassadors.com\/en\/hotel\/habitacions\/\"]}]},{\"@type\":\"BreadcrumbList\",\"@id\":\"https:\/\/hotelelscassadors.com\/en\/hotel\/habitacions\/#breadcrumb\",\"itemListElement\":[{\"@type\":\"ListItem\",\"position\":1,\"name\":\"Portada\",\"item\":\"https:\/\/hotelelscassadors.com\/en\/\"},{\"@type\":\"ListItem\",\"position\":2,\"name\":\"Hotel\",\"item\":\"https:\/\/hotelelscassadors.com\/en\/hotel\/\"},{\"@type\":\"ListItem\",\"position\":3,\"name\":\"Bedrooms\"}]},{\"@type\":\"WebSite\",\"@id\":\"https:\/\/hotelelscassadors.com\/en\/#website\",\"url\":\"https:\/\/hotelelscassadors.com\/en\/\",\"name\":\"Hotel Els Ca\u00e7adors de Ma\u00e7anet\",\"description\":\"Hotel \u00b7 Restaurant\",\"publisher\":{\"@id\":\"https:\/\/hotelelscassadors.com\/en\/#organization\"},\"potentialAction\":[{\"@type\":\"SearchAction\",\"target\":{\"@type\":\"EntryPoint\",\"urlTemplate\":\"https:\/\/hotelelscassadors.com\/en\/?s={search_term_string}\"},\"query-input\":\"required name=search_term_string\"}],\"inLanguage\":\"en-US\"},{\"@type\":\"Organization\",\"@id\":\"https:\/\/hotelelscassadors.com\/en\/#organization\",\"name\":\"Els Ca\u00e7adors de Ma\u00e7anet Hotel Restaurant\",\"url\":\"https:\/\/hotelelscassadors.com\/en\/\",\"sameAs\":[\"https:\/\/www.facebook.com\/Restaurant-Hotel-Els-Ca\u00e7adors-de-Ma\u00e7anet-901920089887268\/\"],\"logo\":{\"@type\":\"ImageObject\",\"inLanguage\":\"en-US\",\"@id\":\"https:\/\/hotelelscassadors.com\/en\/#\/schema\/logo\/image\/\",\"url\":\"https:\/\/hotelelscassadors.com\/wp-content\/uploads\/2018\/05\/logoweb.png\",\"contentUrl\":\"https:\/\/hotelelscassadors.com\/wp-content\/uploads\/2018\/05\/logoweb.png\",\"width\":386,\"height\":160,\"caption\":\"Els Ca\u00e7adors de Ma\u00e7anet Hotel Restaurant\"},\"image\":{\"@id\":\"https:\/\/hotelelscassadors.com\/en\/#\/schema\/logo\/image\/\"}}]}<\/script>\n<!-- \/ Yoast SEO plugin. -->","yoast_head_json":{"title":"Bedrooms &#8902; Els Ca\u00e7adors de Ma\u00e7anet","description":"L'hotel Ca\u00e7adors de Maca\u00e7anet, e l'Empord\u00e0, gaudir\u00e0s de tota la comoditat en un entorn id\u00edl\u00b7lic. Aix\u00ed s\u00f3n les nostres 17 confortables habitacions totes exteriors i amb terrassa.","robots":{"index":"index","follow":"follow","max-snippet":"max-snippet:-1","max-image-preview":"max-image-preview:large","max-video-preview":"max-video-preview:-1"},"canonical":"https:\/\/hotelelscassadors.com\/en\/hotel\/habitacions\/","og_locale":"en_US","og_type":"article","og_title":"Bedrooms &#8902; Els Ca\u00e7adors de Ma\u00e7anet","og_description":"L'hotel Ca\u00e7adors de Maca\u00e7anet, e l'Empord\u00e0, gaudir\u00e0s de tota la comoditat en un entorn id\u00edl\u00b7lic. Aix\u00ed s\u00f3n les nostres 17 confortables habitacions totes exteriors i amb terrassa.","og_url":"https:\/\/hotelelscassadors.com\/en\/hotel\/habitacions\/","og_site_name":"Els Ca\u00e7adors de Ma\u00e7anet","article_publisher":"https:\/\/www.facebook.com\/Restaurant-Hotel-Els-Ca%c3%a7adors-de-Ma%c3%a7anet-901920089887268\/","article_modified_time":"2020-02-26T12:08:06+00:00","twitter_card":"summary_large_image","schema":{"@context":"https:\/\/schema.org","@graph":[{"@type":"WebPage","@id":"https:\/\/hotelelscassadors.com\/en\/hotel\/habitacions\/","url":"https:\/\/hotelelscassadors.com\/en\/hotel\/habitacions\/","name":"Bedrooms &#8902; Els Ca\u00e7adors de Ma\u00e7anet","isPartOf":{"@id":"https:\/\/hotelelscassadors.com\/en\/#website"},"datePublished":"2018-05-17T12:04:05+00:00","dateModified":"2020-02-26T12:08:06+00:00","description":"L'hotel Ca\u00e7adors de Maca\u00e7anet, e l'Empord\u00e0, gaudir\u00e0s de tota la comoditat en un entorn id\u00edl\u00b7lic. Aix\u00ed s\u00f3n les nostres 17 confortables habitacions totes exteriors i amb terrassa.","breadcrumb":{"@id":"https:\/\/hotelelscassadors.com\/en\/hotel\/habitacions\/#breadcrumb"},"inLanguage":"en-US","potentialAction":[{"@type":"ReadAction","target":["https:\/\/hotelelscassadors.com\/en\/hotel\/habitacions\/"]}]},{"@type":"BreadcrumbList","@id":"https:\/\/hotelelscassadors.com\/en\/hotel\/habitacions\/#breadcrumb","itemListElement":[{"@type":"ListItem","position":1,"name":"Portada","item":"https:\/\/hotelelscassadors.com\/en\/"},{"@type":"ListItem","position":2,"name":"Hotel","item":"https:\/\/hotelelscassadors.com\/en\/hotel\/"},{"@type":"ListItem","position":3,"name":"Bedrooms"}]},{"@type":"WebSite","@id":"https:\/\/hotelelscassadors.com\/en\/#website","url":"https:\/\/hotelelscassadors.com\/en\/","name":"Hotel Els Ca\u00e7adors de Ma\u00e7anet","description":"Hotel \u00b7 Restaurant","publisher":{"@id":"https:\/\/hotelelscassadors.com\/en\/#organization"},"potentialAction":[{"@type":"SearchAction","target":{"@type":"EntryPoint","urlTemplate":"https:\/\/hotelelscassadors.com\/en\/?s={search_term_string}"},"query-input":"required name=search_term_string"}],"inLanguage":"en-US"},{"@type":"Organization","@id":"https:\/\/hotelelscassadors.com\/en\/#organization","name":"Els Ca\u00e7adors de Ma\u00e7anet Hotel Restaurant","url":"https:\/\/hotelelscassadors.com\/en\/","sameAs":["https:\/\/www.facebook.com\/Restaurant-Hotel-Els-Ca\u00e7adors-de-Ma\u00e7anet-901920089887268\/"],"logo":{"@type":"ImageObject","inLanguage":"en-US","@id":"https:\/\/hotelelscassadors.com\/en\/#\/schema\/logo\/image\/","url":"https:\/\/hotelelscassadors.com\/wp-content\/uploads\/2018\/05\/logoweb.png","contentUrl":"https:\/\/hotelelscassadors.com\/wp-content\/uploads\/2018\/05\/logoweb.png","width":386,"height":160,"caption":"Els Ca\u00e7adors de Ma\u00e7anet Hotel Restaurant"},"image":{"@id":"https:\/\/hotelelscassadors.com\/en\/#\/schema\/logo\/image\/"}}]}},"_links":{"self":[{"href":"https:\/\/hotelelscassadors.com\/en\/wp-json\/wp\/v2\/pages\/743"}],"collection":[{"href":"https:\/\/hotelelscassadors.com\/en\/wp-json\/wp\/v2\/pages"}],"about":[{"href":"https:\/\/hotelelscassadors.com\/en\/wp-json\/wp\/v2\/types\/page"}],"author":[{"embeddable":true,"href":"https:\/\/hotelelscassadors.com\/en\/wp-json\/wp\/v2\/users\/3"}],"replies":[{"embeddable":true,"href":"https:\/\/hotelelscassadors.com\/en\/wp-json\/wp\/v2\/comments?post=743"}],"version-history":[{"count":7,"href":"https:\/\/hotelelscassadors.com\/en\/wp-json\/wp\/v2\/pages\/743\/revisions"}],"predecessor-version":[{"id":1753,"href":"https:\/\/hotelelscassadors.com\/en\/wp-json\/wp\/v2\/pages\/743\/revisions\/1753"}],"up":[{"embeddable":true,"href":"https:\/\/hotelelscassadors.com\/en\/wp-json\/wp\/v2\/pages\/741"}],"wp:attachment":[{"href":"https:\/\/hotelelscassadors.com\/en\/wp-json\/wp\/v2\/media?parent=743"}],"curies":[{"name":"wp","href":"https:\/\/api.w.org\/{rel}","templated":true}]}}