{"id":742,"date":"2018-05-17T14:04:24","date_gmt":"2018-05-17T12:04:24","guid":{"rendered":"https:\/\/hotelelscassadors.com\/hotel\/espais-comuns\/"},"modified":"2019-10-09T11:58:05","modified_gmt":"2019-10-09T09:58:05","slug":"communal-areas","status":"publish","type":"page","link":"https:\/\/hotelelscassadors.com\/en\/hotel\/communal-areas\/","title":{"rendered":"Communal areas"},"content":{"rendered":"<p>Our hotel is a place to be enjoyed, therefore we have a large lounge with an open fireplace, divided into different areas: comfortable armchairs for reading or relaxing and an area with a television and tables at which to have a chat or play a board game or cards.<\/p>\n<p>&nbsp;<\/p>\n<p>The large garden is noteworthy thanks to its plant life and is full of nooks and crannies in which to relax. In the summer, it also has an outdoor restaurant area. The hotel has a swimming pool and Wi-Fi in all the facilities, as well as a meeting room which can hold up to 40 people for different events.<\/p>\n","protected":false},"excerpt":{"rendered":"<p>Our hotel is a place to be enjoyed, therefore we have a large lounge with an open fireplace, divided into different areas: comfortable armchairs for reading or relaxing and an area with a television and tables at which to have a chat or play a board game or cards. &nbsp; The large garden is noteworthy&hellip;<\/p>\n","protected":false},"author":3,"featured_media":0,"parent":741,"menu_order":0,"comment_status":"closed","ping_status":"closed","template":"","meta":[],"yoast_head":"<!-- This site is optimized with the Yoast SEO plugin v19.6 - https:\/\/yoast.com\/wordpress\/plugins\/seo\/ -->\n<title>Communal areas &#8902; Els Ca\u00e7adors de Ma\u00e7anet<\/title>\n<meta name=\"description\" content=\"A l&#039;Hotel comptem amb una \u00e0mplia sala amb llar de foc, distribu\u00efda en diferents ambients. El gran jard\u00ed destaca per la seva vegetaci\u00f3 i est\u00e0 ple de racons on relaxar-se. L\u2019hotel disposa de piscina i wifi a totes les instal\u00b7lacions, aix\u00ed com d&#039;un restaurant i una sala de reunions amb capacitat per a 40 persones.\" \/>\n<meta name=\"robots\" content=\"index, follow, max-snippet:-1, max-image-preview:large, max-video-preview:-1\" \/>\n<link rel=\"canonical\" href=\"https:\/\/hotelelscassadors.com\/en\/hotel\/communal-areas\/\" \/>\n<meta property=\"og:locale\" content=\"en_US\" \/>\n<meta property=\"og:type\" content=\"article\" \/>\n<meta property=\"og:title\" content=\"Communal areas &#8902; Els Ca\u00e7adors de Ma\u00e7anet\" \/>\n<meta property=\"og:description\" content=\"A l&#039;Hotel comptem amb una \u00e0mplia sala amb llar de foc, distribu\u00efda en diferents ambients. El gran jard\u00ed destaca per la seva vegetaci\u00f3 i est\u00e0 ple de racons on relaxar-se. L\u2019hotel disposa de piscina i wifi a totes les instal\u00b7lacions, aix\u00ed com d&#039;un restaurant i una sala de reunions amb capacitat per a 40 persones.\" \/>\n<meta property=\"og:url\" content=\"https:\/\/hotelelscassadors.com\/en\/hotel\/communal-areas\/\" \/>\n<meta property=\"og:site_name\" content=\"Els Ca\u00e7adors de Ma\u00e7anet\" \/>\n<meta property=\"article:publisher\" content=\"https:\/\/www.facebook.com\/Restaurant-Hotel-Els-Ca%c3%a7adors-de-Ma%c3%a7anet-901920089887268\/\" \/>\n<meta property=\"article:modified_time\" content=\"2019-10-09T09:58:05+00:00\" \/>\n<meta name=\"twitter:card\" content=\"summary_large_image\" \/>\n<meta name=\"twitter:label1\" content=\"Est. reading time\" \/>\n\t<meta name=\"twitter:data1\" content=\"1 minute\" \/>\n<script type=\"application\/ld+json\" class=\"yoast-schema-graph\">{\"@context\":\"https:\/\/schema.org\",\"@graph\":[{\"@type\":\"WebPage\",\"@id\":\"https:\/\/hotelelscassadors.com\/en\/hotel\/communal-areas\/\",\"url\":\"https:\/\/hotelelscassadors.com\/en\/hotel\/communal-areas\/\",\"name\":\"Communal areas &#8902; Els Ca\u00e7adors de Ma\u00e7anet\",\"isPartOf\":{\"@id\":\"https:\/\/hotelelscassadors.com\/en\/#website\"},\"datePublished\":\"2018-05-17T12:04:24+00:00\",\"dateModified\":\"2019-10-09T09:58:05+00:00\",\"description\":\"A l'Hotel comptem amb una \u00e0mplia sala amb llar de foc, distribu\u00efda en diferents ambients. El gran jard\u00ed destaca per la seva vegetaci\u00f3 i est\u00e0 ple de racons on relaxar-se. L\u2019hotel disposa de piscina i wifi a totes les instal\u00b7lacions, aix\u00ed com d'un restaurant i una sala de reunions amb capacitat per a 40 persones.\",\"breadcrumb\":{\"@id\":\"https:\/\/hotelelscassadors.com\/en\/hotel\/communal-areas\/#breadcrumb\"},\"inLanguage\":\"en-US\",\"potentialAction\":[{\"@type\":\"ReadAction\",\"target\":[\"https:\/\/hotelelscassadors.com\/en\/hotel\/communal-areas\/\"]}]},{\"@type\":\"BreadcrumbList\",\"@id\":\"https:\/\/hotelelscassadors.com\/en\/hotel\/communal-areas\/#breadcrumb\",\"itemListElement\":[{\"@type\":\"ListItem\",\"position\":1,\"name\":\"Portada\",\"item\":\"https:\/\/hotelelscassadors.com\/en\/\"},{\"@type\":\"ListItem\",\"position\":2,\"name\":\"Hotel\",\"item\":\"https:\/\/hotelelscassadors.com\/en\/hotel\/\"},{\"@type\":\"ListItem\",\"position\":3,\"name\":\"Communal areas\"}]},{\"@type\":\"WebSite\",\"@id\":\"https:\/\/hotelelscassadors.com\/en\/#website\",\"url\":\"https:\/\/hotelelscassadors.com\/en\/\",\"name\":\"Hotel Els Ca\u00e7adors de Ma\u00e7anet\",\"description\":\"Hotel \u00b7 Restaurant\",\"publisher\":{\"@id\":\"https:\/\/hotelelscassadors.com\/en\/#organization\"},\"potentialAction\":[{\"@type\":\"SearchAction\",\"target\":{\"@type\":\"EntryPoint\",\"urlTemplate\":\"https:\/\/hotelelscassadors.com\/en\/?s={search_term_string}\"},\"query-input\":\"required name=search_term_string\"}],\"inLanguage\":\"en-US\"},{\"@type\":\"Organization\",\"@id\":\"https:\/\/hotelelscassadors.com\/en\/#organization\",\"name\":\"Els Ca\u00e7adors de Ma\u00e7anet Hotel Restaurant\",\"url\":\"https:\/\/hotelelscassadors.com\/en\/\",\"sameAs\":[\"https:\/\/www.facebook.com\/Restaurant-Hotel-Els-Ca\u00e7adors-de-Ma\u00e7anet-901920089887268\/\"],\"logo\":{\"@type\":\"ImageObject\",\"inLanguage\":\"en-US\",\"@id\":\"https:\/\/hotelelscassadors.com\/en\/#\/schema\/logo\/image\/\",\"url\":\"https:\/\/hotelelscassadors.com\/wp-content\/uploads\/2018\/05\/logoweb.png\",\"contentUrl\":\"https:\/\/hotelelscassadors.com\/wp-content\/uploads\/2018\/05\/logoweb.png\",\"width\":386,\"height\":160,\"caption\":\"Els Ca\u00e7adors de Ma\u00e7anet Hotel Restaurant\"},\"image\":{\"@id\":\"https:\/\/hotelelscassadors.com\/en\/#\/schema\/logo\/image\/\"}}]}<\/script>\n<!-- \/ Yoast SEO plugin. -->","yoast_head_json":{"title":"Communal areas &#8902; Els Ca\u00e7adors de Ma\u00e7anet","description":"A l'Hotel comptem amb una \u00e0mplia sala amb llar de foc, distribu\u00efda en diferents ambients. El gran jard\u00ed destaca per la seva vegetaci\u00f3 i est\u00e0 ple de racons on relaxar-se. L\u2019hotel disposa de piscina i wifi a totes les instal\u00b7lacions, aix\u00ed com d'un restaurant i una sala de reunions amb capacitat per a 40 persones.","robots":{"index":"index","follow":"follow","max-snippet":"max-snippet:-1","max-image-preview":"max-image-preview:large","max-video-preview":"max-video-preview:-1"},"canonical":"https:\/\/hotelelscassadors.com\/en\/hotel\/communal-areas\/","og_locale":"en_US","og_type":"article","og_title":"Communal areas &#8902; Els Ca\u00e7adors de Ma\u00e7anet","og_description":"A l'Hotel comptem amb una \u00e0mplia sala amb llar de foc, distribu\u00efda en diferents ambients. El gran jard\u00ed destaca per la seva vegetaci\u00f3 i est\u00e0 ple de racons on relaxar-se. L\u2019hotel disposa de piscina i wifi a totes les instal\u00b7lacions, aix\u00ed com d'un restaurant i una sala de reunions amb capacitat per a 40 persones.","og_url":"https:\/\/hotelelscassadors.com\/en\/hotel\/communal-areas\/","og_site_name":"Els Ca\u00e7adors de Ma\u00e7anet","article_publisher":"https:\/\/www.facebook.com\/Restaurant-Hotel-Els-Ca%c3%a7adors-de-Ma%c3%a7anet-901920089887268\/","article_modified_time":"2019-10-09T09:58:05+00:00","twitter_card":"summary_large_image","twitter_misc":{"Est. reading time":"1 minute"},"schema":{"@context":"https:\/\/schema.org","@graph":[{"@type":"WebPage","@id":"https:\/\/hotelelscassadors.com\/en\/hotel\/communal-areas\/","url":"https:\/\/hotelelscassadors.com\/en\/hotel\/communal-areas\/","name":"Communal areas &#8902; Els Ca\u00e7adors de Ma\u00e7anet","isPartOf":{"@id":"https:\/\/hotelelscassadors.com\/en\/#website"},"datePublished":"2018-05-17T12:04:24+00:00","dateModified":"2019-10-09T09:58:05+00:00","description":"A l'Hotel comptem amb una \u00e0mplia sala amb llar de foc, distribu\u00efda en diferents ambients. El gran jard\u00ed destaca per la seva vegetaci\u00f3 i est\u00e0 ple de racons on relaxar-se. L\u2019hotel disposa de piscina i wifi a totes les instal\u00b7lacions, aix\u00ed com d'un restaurant i una sala de reunions amb capacitat per a 40 persones.","breadcrumb":{"@id":"https:\/\/hotelelscassadors.com\/en\/hotel\/communal-areas\/#breadcrumb"},"inLanguage":"en-US","potentialAction":[{"@type":"ReadAction","target":["https:\/\/hotelelscassadors.com\/en\/hotel\/communal-areas\/"]}]},{"@type":"BreadcrumbList","@id":"https:\/\/hotelelscassadors.com\/en\/hotel\/communal-areas\/#breadcrumb","itemListElement":[{"@type":"ListItem","position":1,"name":"Portada","item":"https:\/\/hotelelscassadors.com\/en\/"},{"@type":"ListItem","position":2,"name":"Hotel","item":"https:\/\/hotelelscassadors.com\/en\/hotel\/"},{"@type":"ListItem","position":3,"name":"Communal areas"}]},{"@type":"WebSite","@id":"https:\/\/hotelelscassadors.com\/en\/#website","url":"https:\/\/hotelelscassadors.com\/en\/","name":"Hotel Els Ca\u00e7adors de Ma\u00e7anet","description":"Hotel \u00b7 Restaurant","publisher":{"@id":"https:\/\/hotelelscassadors.com\/en\/#organization"},"potentialAction":[{"@type":"SearchAction","target":{"@type":"EntryPoint","urlTemplate":"https:\/\/hotelelscassadors.com\/en\/?s={search_term_string}"},"query-input":"required name=search_term_string"}],"inLanguage":"en-US"},{"@type":"Organization","@id":"https:\/\/hotelelscassadors.com\/en\/#organization","name":"Els Ca\u00e7adors de Ma\u00e7anet Hotel Restaurant","url":"https:\/\/hotelelscassadors.com\/en\/","sameAs":["https:\/\/www.facebook.com\/Restaurant-Hotel-Els-Ca\u00e7adors-de-Ma\u00e7anet-901920089887268\/"],"logo":{"@type":"ImageObject","inLanguage":"en-US","@id":"https:\/\/hotelelscassadors.com\/en\/#\/schema\/logo\/image\/","url":"https:\/\/hotelelscassadors.com\/wp-content\/uploads\/2018\/05\/logoweb.png","contentUrl":"https:\/\/hotelelscassadors.com\/wp-content\/uploads\/2018\/05\/logoweb.png","width":386,"height":160,"caption":"Els Ca\u00e7adors de Ma\u00e7anet Hotel Restaurant"},"image":{"@id":"https:\/\/hotelelscassadors.com\/en\/#\/schema\/logo\/image\/"}}]}},"_links":{"self":[{"href":"https:\/\/hotelelscassadors.com\/en\/wp-json\/wp\/v2\/pages\/742"}],"collection":[{"href":"https:\/\/hotelelscassadors.com\/en\/wp-json\/wp\/v2\/pages"}],"about":[{"href":"https:\/\/hotelelscassadors.com\/en\/wp-json\/wp\/v2\/types\/page"}],"author":[{"embeddable":true,"href":"https:\/\/hotelelscassadors.com\/en\/wp-json\/wp\/v2\/users\/3"}],"replies":[{"embeddable":true,"href":"https:\/\/hotelelscassadors.com\/en\/wp-json\/wp\/v2\/comments?post=742"}],"version-history":[{"count":4,"href":"https:\/\/hotelelscassadors.com\/en\/wp-json\/wp\/v2\/pages\/742\/revisions"}],"predecessor-version":[{"id":1390,"href":"https:\/\/hotelelscassadors.com\/en\/wp-json\/wp\/v2\/pages\/742\/revisions\/1390"}],"up":[{"embeddable":true,"href":"https:\/\/hotelelscassadors.com\/en\/wp-json\/wp\/v2\/pages\/741"}],"wp:attachment":[{"href":"https:\/\/hotelelscassadors.com\/en\/wp-json\/wp\/v2\/media?parent=742"}],"curies":[{"name":"wp","href":"https:\/\/api.w.org\/{rel}","templated":true}]}}