{"id":741,"date":"2018-05-09T07:57:49","date_gmt":"2018-05-09T07:57:49","guid":{"rendered":"https:\/\/hotelelscassadors.com\/hotel\/"},"modified":"2020-03-06T11:16:28","modified_gmt":"2020-03-06T10:16:28","slug":"hotel","status":"publish","type":"page","link":"https:\/\/hotelelscassadors.com\/en\/hotel\/","title":{"rendered":"Hotel"},"content":{"rendered":"\n\t<p><strong>Els Ca\u00e7adors de Ma\u00e7anet<\/strong> is a small family hotel in which you can enjoy your stay while feeling at home.<\/p>\n\t\t\t\t<a href=\"https:\/\/hotelelscassadors.com\/hotel\/habitacions\/\" target=\"_self\" itemprop=\"url\" rel=\"noopener noreferrer\">\n\t\t\t\t<img src=\"https:\/\/hotelelscassadors.com\/wp-content\/uploads\/2018\/05\/DSC_8210-1024x671.jpg\" alt=\"R\u00fastica\" itemprop=\"image\" title=\"DSC_8210\" onerror=\"this.style.display='none'\"  \/>\n\t\t\t\t<\/a>\n\t\t\t\t<a href=\"https:\/\/hotelelscassadors.com\/hotel\/espais-comuns\/\" target=\"_self\" itemprop=\"url\" rel=\"noopener noreferrer\">\n\t\t\t\t<img src=\"https:\/\/hotelelscassadors.com\/wp-content\/uploads\/2018\/06\/DSC_8099-3.jpg\" alt=\"DSC_8099\" itemprop=\"image\" title=\"DSC_8099\" onerror=\"this.style.display='none'\"  \/>\n\t\t\t\t<\/a>\n\t<h3><a href=\"https:\/\/hotelelscassadors.com\/en\/hotel\/habitacions\/\">Bedrooms<\/a><\/h3>\n<hr \/>\n<p>Every commodity in an idyllic setting This is the perfect description of our <strong>17<\/strong> comfortable <strong>rooms <\/strong>with a terrace, all of which have an outside view.<\/p>\n\t<h3><a href=\"https:\/\/hotelelscassadors.com\/en\/hotel\/communal-areas\/\">Communal areas<\/a><\/h3>\n<hr \/>\n<p>Our hotel is a place to be enjoyed, therefore we have a large lounge with an open fireplace, divided into different areas: comfortable armchairs for reading or relaxing and an area with a television and tables at which to have a chat or play a board game or cards.<\/p>\n<p>&nbsp;<\/p>\n\t<p>The large garden is noteworthy thanks to its plant life and is full of nooks and crannies in which to relax. In the summer, it also has an outdoor restaurant area.<\/p>\n<p>The hotel has a swimming pool and Wi-Fi in all the facilities, as well as a meeting room which can hold up to 40 people for different events.<\/p>\n","protected":false},"excerpt":{"rendered":"<p>Els Ca\u00e7adors de Ma\u00e7anet is a small family hotel in which you can enjoy your stay while feeling at home. Bedrooms Every commodity in an idyllic setting This is the perfect description of our 17 comfortable rooms with a terrace, all of which have an outside view. Communal areas Our hotel is a place to&hellip;<\/p>\n","protected":false},"author":3,"featured_media":0,"parent":0,"menu_order":0,"comment_status":"closed","ping_status":"closed","template":"","meta":[],"yoast_head":"<!-- This site is optimized with the Yoast SEO plugin v19.6 - https:\/\/yoast.com\/wordpress\/plugins\/seo\/ -->\n<title>Hotel &#8902; Els Ca\u00e7adors de Ma\u00e7anet<\/title>\n<meta name=\"description\" content=\"Els Ca\u00e7adors de Ma\u00e7anet \u00e9s un petit hotel al Pirineu on podreu gaudir de la vostra estada com si f\u00f3ssiu a casa. Tota la comoditat en un entorn id\u00edl\u00b7lic. Descansi en una de les nostres 17 confortables habitacions totes exteriors i amb terrassa. L&#039;hotel tamb\u00e9 disposa d&#039;una \u00e0mplia sala amb llar de foc.\" \/>\n<meta name=\"robots\" content=\"index, follow, max-snippet:-1, max-image-preview:large, max-video-preview:-1\" \/>\n<link rel=\"canonical\" href=\"https:\/\/hotelelscassadors.com\/en\/hotel\/\" \/>\n<meta property=\"og:locale\" content=\"en_US\" \/>\n<meta property=\"og:type\" content=\"article\" \/>\n<meta property=\"og:title\" content=\"Hotel &#8902; Els Ca\u00e7adors de Ma\u00e7anet\" \/>\n<meta property=\"og:description\" content=\"Els Ca\u00e7adors de Ma\u00e7anet \u00e9s un petit hotel al Pirineu on podreu gaudir de la vostra estada com si f\u00f3ssiu a casa. Tota la comoditat en un entorn id\u00edl\u00b7lic. Descansi en una de les nostres 17 confortables habitacions totes exteriors i amb terrassa. L&#039;hotel tamb\u00e9 disposa d&#039;una \u00e0mplia sala amb llar de foc.\" \/>\n<meta property=\"og:url\" content=\"https:\/\/hotelelscassadors.com\/en\/hotel\/\" \/>\n<meta property=\"og:site_name\" content=\"Els Ca\u00e7adors de Ma\u00e7anet\" \/>\n<meta property=\"article:publisher\" content=\"https:\/\/www.facebook.com\/Restaurant-Hotel-Els-Ca%c3%a7adors-de-Ma%c3%a7anet-901920089887268\/\" \/>\n<meta property=\"article:modified_time\" content=\"2020-03-06T10:16:28+00:00\" \/>\n<meta property=\"og:image\" content=\"https:\/\/hotelelscassadors.com\/wp-content\/uploads\/2018\/05\/DSC_8210-1024x671.jpg\" \/>\n<meta name=\"twitter:card\" content=\"summary_large_image\" \/>\n<meta name=\"twitter:label1\" content=\"Est. reading time\" \/>\n\t<meta name=\"twitter:data1\" content=\"1 minute\" \/>\n<script type=\"application\/ld+json\" class=\"yoast-schema-graph\">{\"@context\":\"https:\/\/schema.org\",\"@graph\":[{\"@type\":\"WebPage\",\"@id\":\"https:\/\/hotelelscassadors.com\/en\/hotel\/\",\"url\":\"https:\/\/hotelelscassadors.com\/en\/hotel\/\",\"name\":\"Hotel &#8902; Els Ca\u00e7adors de Ma\u00e7anet\",\"isPartOf\":{\"@id\":\"https:\/\/hotelelscassadors.com\/en\/#website\"},\"datePublished\":\"2018-05-09T07:57:49+00:00\",\"dateModified\":\"2020-03-06T10:16:28+00:00\",\"description\":\"Els Ca\u00e7adors de Ma\u00e7anet \u00e9s un petit hotel al Pirineu on podreu gaudir de la vostra estada com si f\u00f3ssiu a casa. Tota la comoditat en un entorn id\u00edl\u00b7lic. Descansi en una de les nostres 17 confortables habitacions totes exteriors i amb terrassa. L'hotel tamb\u00e9 disposa d'una \u00e0mplia sala amb llar de foc.\",\"breadcrumb\":{\"@id\":\"https:\/\/hotelelscassadors.com\/en\/hotel\/#breadcrumb\"},\"inLanguage\":\"en-US\",\"potentialAction\":[{\"@type\":\"ReadAction\",\"target\":[\"https:\/\/hotelelscassadors.com\/en\/hotel\/\"]}]},{\"@type\":\"BreadcrumbList\",\"@id\":\"https:\/\/hotelelscassadors.com\/en\/hotel\/#breadcrumb\",\"itemListElement\":[{\"@type\":\"ListItem\",\"position\":1,\"name\":\"Portada\",\"item\":\"https:\/\/hotelelscassadors.com\/en\/\"},{\"@type\":\"ListItem\",\"position\":2,\"name\":\"Hotel\"}]},{\"@type\":\"WebSite\",\"@id\":\"https:\/\/hotelelscassadors.com\/en\/#website\",\"url\":\"https:\/\/hotelelscassadors.com\/en\/\",\"name\":\"Hotel Els Ca\u00e7adors de Ma\u00e7anet\",\"description\":\"Hotel \u00b7 Restaurant\",\"publisher\":{\"@id\":\"https:\/\/hotelelscassadors.com\/en\/#organization\"},\"potentialAction\":[{\"@type\":\"SearchAction\",\"target\":{\"@type\":\"EntryPoint\",\"urlTemplate\":\"https:\/\/hotelelscassadors.com\/en\/?s={search_term_string}\"},\"query-input\":\"required name=search_term_string\"}],\"inLanguage\":\"en-US\"},{\"@type\":\"Organization\",\"@id\":\"https:\/\/hotelelscassadors.com\/en\/#organization\",\"name\":\"Els Ca\u00e7adors de Ma\u00e7anet Hotel Restaurant\",\"url\":\"https:\/\/hotelelscassadors.com\/en\/\",\"sameAs\":[\"https:\/\/www.facebook.com\/Restaurant-Hotel-Els-Ca\u00e7adors-de-Ma\u00e7anet-901920089887268\/\"],\"logo\":{\"@type\":\"ImageObject\",\"inLanguage\":\"en-US\",\"@id\":\"https:\/\/hotelelscassadors.com\/en\/#\/schema\/logo\/image\/\",\"url\":\"https:\/\/hotelelscassadors.com\/wp-content\/uploads\/2018\/05\/logoweb.png\",\"contentUrl\":\"https:\/\/hotelelscassadors.com\/wp-content\/uploads\/2018\/05\/logoweb.png\",\"width\":386,\"height\":160,\"caption\":\"Els Ca\u00e7adors de Ma\u00e7anet Hotel Restaurant\"},\"image\":{\"@id\":\"https:\/\/hotelelscassadors.com\/en\/#\/schema\/logo\/image\/\"}}]}<\/script>\n<!-- \/ Yoast SEO plugin. -->","yoast_head_json":{"title":"Hotel &#8902; Els Ca\u00e7adors de Ma\u00e7anet","description":"Els Ca\u00e7adors de Ma\u00e7anet \u00e9s un petit hotel al Pirineu on podreu gaudir de la vostra estada com si f\u00f3ssiu a casa. Tota la comoditat en un entorn id\u00edl\u00b7lic. Descansi en una de les nostres 17 confortables habitacions totes exteriors i amb terrassa. L'hotel tamb\u00e9 disposa d'una \u00e0mplia sala amb llar de foc.","robots":{"index":"index","follow":"follow","max-snippet":"max-snippet:-1","max-image-preview":"max-image-preview:large","max-video-preview":"max-video-preview:-1"},"canonical":"https:\/\/hotelelscassadors.com\/en\/hotel\/","og_locale":"en_US","og_type":"article","og_title":"Hotel &#8902; Els Ca\u00e7adors de Ma\u00e7anet","og_description":"Els Ca\u00e7adors de Ma\u00e7anet \u00e9s un petit hotel al Pirineu on podreu gaudir de la vostra estada com si f\u00f3ssiu a casa. Tota la comoditat en un entorn id\u00edl\u00b7lic. Descansi en una de les nostres 17 confortables habitacions totes exteriors i amb terrassa. L'hotel tamb\u00e9 disposa d'una \u00e0mplia sala amb llar de foc.","og_url":"https:\/\/hotelelscassadors.com\/en\/hotel\/","og_site_name":"Els Ca\u00e7adors de Ma\u00e7anet","article_publisher":"https:\/\/www.facebook.com\/Restaurant-Hotel-Els-Ca%c3%a7adors-de-Ma%c3%a7anet-901920089887268\/","article_modified_time":"2020-03-06T10:16:28+00:00","og_image":[{"url":"https:\/\/hotelelscassadors.com\/wp-content\/uploads\/2018\/05\/DSC_8210-1024x671.jpg"}],"twitter_card":"summary_large_image","twitter_misc":{"Est. reading time":"1 minute"},"schema":{"@context":"https:\/\/schema.org","@graph":[{"@type":"WebPage","@id":"https:\/\/hotelelscassadors.com\/en\/hotel\/","url":"https:\/\/hotelelscassadors.com\/en\/hotel\/","name":"Hotel &#8902; Els Ca\u00e7adors de Ma\u00e7anet","isPartOf":{"@id":"https:\/\/hotelelscassadors.com\/en\/#website"},"datePublished":"2018-05-09T07:57:49+00:00","dateModified":"2020-03-06T10:16:28+00:00","description":"Els Ca\u00e7adors de Ma\u00e7anet \u00e9s un petit hotel al Pirineu on podreu gaudir de la vostra estada com si f\u00f3ssiu a casa. Tota la comoditat en un entorn id\u00edl\u00b7lic. Descansi en una de les nostres 17 confortables habitacions totes exteriors i amb terrassa. L'hotel tamb\u00e9 disposa d'una \u00e0mplia sala amb llar de foc.","breadcrumb":{"@id":"https:\/\/hotelelscassadors.com\/en\/hotel\/#breadcrumb"},"inLanguage":"en-US","potentialAction":[{"@type":"ReadAction","target":["https:\/\/hotelelscassadors.com\/en\/hotel\/"]}]},{"@type":"BreadcrumbList","@id":"https:\/\/hotelelscassadors.com\/en\/hotel\/#breadcrumb","itemListElement":[{"@type":"ListItem","position":1,"name":"Portada","item":"https:\/\/hotelelscassadors.com\/en\/"},{"@type":"ListItem","position":2,"name":"Hotel"}]},{"@type":"WebSite","@id":"https:\/\/hotelelscassadors.com\/en\/#website","url":"https:\/\/hotelelscassadors.com\/en\/","name":"Hotel Els Ca\u00e7adors de Ma\u00e7anet","description":"Hotel \u00b7 Restaurant","publisher":{"@id":"https:\/\/hotelelscassadors.com\/en\/#organization"},"potentialAction":[{"@type":"SearchAction","target":{"@type":"EntryPoint","urlTemplate":"https:\/\/hotelelscassadors.com\/en\/?s={search_term_string}"},"query-input":"required name=search_term_string"}],"inLanguage":"en-US"},{"@type":"Organization","@id":"https:\/\/hotelelscassadors.com\/en\/#organization","name":"Els Ca\u00e7adors de Ma\u00e7anet Hotel Restaurant","url":"https:\/\/hotelelscassadors.com\/en\/","sameAs":["https:\/\/www.facebook.com\/Restaurant-Hotel-Els-Ca\u00e7adors-de-Ma\u00e7anet-901920089887268\/"],"logo":{"@type":"ImageObject","inLanguage":"en-US","@id":"https:\/\/hotelelscassadors.com\/en\/#\/schema\/logo\/image\/","url":"https:\/\/hotelelscassadors.com\/wp-content\/uploads\/2018\/05\/logoweb.png","contentUrl":"https:\/\/hotelelscassadors.com\/wp-content\/uploads\/2018\/05\/logoweb.png","width":386,"height":160,"caption":"Els Ca\u00e7adors de Ma\u00e7anet Hotel Restaurant"},"image":{"@id":"https:\/\/hotelelscassadors.com\/en\/#\/schema\/logo\/image\/"}}]}},"_links":{"self":[{"href":"https:\/\/hotelelscassadors.com\/en\/wp-json\/wp\/v2\/pages\/741"}],"collection":[{"href":"https:\/\/hotelelscassadors.com\/en\/wp-json\/wp\/v2\/pages"}],"about":[{"href":"https:\/\/hotelelscassadors.com\/en\/wp-json\/wp\/v2\/types\/page"}],"author":[{"embeddable":true,"href":"https:\/\/hotelelscassadors.com\/en\/wp-json\/wp\/v2\/users\/3"}],"replies":[{"embeddable":true,"href":"https:\/\/hotelelscassadors.com\/en\/wp-json\/wp\/v2\/comments?post=741"}],"version-history":[{"count":7,"href":"https:\/\/hotelelscassadors.com\/en\/wp-json\/wp\/v2\/pages\/741\/revisions"}],"predecessor-version":[{"id":1838,"href":"https:\/\/hotelelscassadors.com\/en\/wp-json\/wp\/v2\/pages\/741\/revisions\/1838"}],"wp:attachment":[{"href":"https:\/\/hotelelscassadors.com\/en\/wp-json\/wp\/v2\/media?parent=741"}],"curies":[{"name":"wp","href":"https:\/\/api.w.org\/{rel}","templated":true}]}}