{"id":740,"date":"2018-05-09T12:27:14","date_gmt":"2018-05-09T12:27:14","guid":{"rendered":"https:\/\/hotelelscassadors.com\/entorn-i-activitats\/"},"modified":"2019-11-26T16:35:54","modified_gmt":"2019-11-26T15:35:54","slug":"environment-and-activities","status":"publish","type":"page","link":"https:\/\/hotelelscassadors.com\/en\/environment-and-activities\/","title":{"rendered":"Environment and activities"},"content":{"rendered":"\n\t<p><strong>Hotel Els Ca\u00e7adors<\/strong> is located in the outlying area of <strong>Ma\u00e7anet de Cabrenys<\/strong>, in an area with exuberant plant life through which a stream runs.<\/p>\n<p>It is an ideal place for people seeking peace and quiet, relaxation and cooler weather to spend their holiday in nature and, at the same time, allowing those who wish to do so to enjoy the cultural and heritage offer found in the Empord\u00e0 region.<\/p>\n\t\t\t\t<img loading=\"lazy\" src=\"https:\/\/hotelelscassadors.com\/wp-content\/uploads\/2018\/05\/btt.jpg\" alt=\"BTT\" itemprop=\"image\" height=\"768\" width=\"1024\" title=\"BTT\"  \/>\n<h3>\n\t\tHiking and Mountain Biking\n\t<\/h3>\n\t<p><strong>Ma\u00e7anet de Cabrenys<\/strong> is in the area of Salines-Bassegoda, between the Alt Empord\u00e0 and the Alta Garrotxa regions. This area, with its abundant plant life, is the meeting place between the inland Pyrenees and the Mediterranean and offers some of the most notable signposted paths in Catalonia for hikers as well as for mountain bikers, and includes a BTT centre with a point of welcome in Ma\u00e7anet. The GR11 is worthy of a mention, the long-distance path that crosses the Pyrenees from the Mediterranean to the Atlantic and that goes through Ma\u00e7anet on its 42<sup>nd<\/sup> stage. This route is perfect for hikers, whether doing just one stage or a route covering several days.<\/p>\n<h3>\n\t\tAround the hotel\n\t<\/h3>\n\t<p><strong>Ma\u00e7anet de Cabrenys<\/strong> has a very valuable natural heritage, ideal to be enjoyed with all the family.<\/p>\n<p>With plenty of signposted routes, you can plan excursions with any level of difficulty, on foot or by bicycle, departing from and arriving at the hotel.<\/p>\n<p>There are plenty of springs, gorges and huge trees.<\/p>\n\t\t\t\t<img loading=\"lazy\" src=\"https:\/\/hotelelscassadors.com\/wp-content\/uploads\/2018\/05\/Ma\u00e7anet_de_Cabrenys_2011_43.jpg\" alt=\"Ma\u00e7anet de Cabrenys\" itemprop=\"image\" height=\"526\" width=\"700\" title=\"Ma\u00e7anet de Cabrenys\"  \/>\n\t\t\t\t<img loading=\"lazy\" src=\"https:\/\/hotelelscassadors.com\/wp-content\/uploads\/2018\/05\/dali-museum-898317_640.jpg\" alt=\"Museu Dal\u00ed\" itemprop=\"image\" height=\"438\" width=\"640\" title=\"Museu Dal\u00ed\"  \/>\n<h3>\n\t\tFigueres, the Dal\u00ed Theatre-Museum\n\t<\/h3>\n\t<p>A visit to the <strong>Dal\u00ed Theatre-Museum<\/strong> in Figueres, just over 20 km from the hotel, where you will find the work of the recognised Empord\u00e0 surrealist painter, <strong>Salvador Dal\u00ed<\/strong>, is essential.<\/p>\n<p>However, Figueres is also a town with a dynamic, lively shopping centre and an intense cultural life, which holds trade fairs and events throughout the year and contains other interesting museums such as the Toy Museum, making it worthwhile programming a full day&#8217;s excursion.<\/p>\n<h3>\n\t\tThe Exile Museum and Route\n\t<\/h3>\n\t<p>The area in which the hotel is located, very close to the French border, was one of the scenes for the exile of the Republicans, of which you will find diverse testimonies, in the form of routes, museums and monuments.<\/p>\n\t\t\t\t<img loading=\"lazy\" src=\"https:\/\/hotelelscassadors.com\/wp-content\/uploads\/2018\/05\/mume-museu-exili-1024x682.jpg\" alt=\"Museu de l'exili\" itemprop=\"image\" height=\"682\" width=\"1024\" title=\"Museu de l'exili\"  \/>\n\t\t\t\t<img loading=\"lazy\" src=\"https:\/\/hotelelscassadors.com\/wp-content\/uploads\/2018\/05\/enoturisme-emporda.jpg\" alt=\"Enoturisme\" itemprop=\"image\" height=\"565\" width=\"848\" title=\"Enoturisme\"  \/>\n<h3>\n\t\tEnotourism\n\t<\/h3>\n\t<p>The <strong>Empord\u00e0 DO<\/strong> concentrates a large number of its wine cellars and vines in the Albera region, near the hotel.<\/p>\n<p>You can visit the most emblematic wine cellars, stroll through the vineyards, see the bodegas and taste wines which, in recent years, have become recognised on the market.<\/p>\n","protected":false},"excerpt":{"rendered":"<p>Hotel Els Ca\u00e7adors is located in the outlying area of Ma\u00e7anet de Cabrenys, in an area with exuberant plant life through which a stream runs. It is an ideal place for people seeking peace and quiet, relaxation and cooler weather to spend their holiday in nature and, at the same time, allowing those who wish&hellip;<\/p>\n","protected":false},"author":3,"featured_media":0,"parent":0,"menu_order":0,"comment_status":"closed","ping_status":"closed","template":"","meta":[],"yoast_head":"<!-- This site is optimized with the Yoast SEO plugin v19.6 - https:\/\/yoast.com\/wordpress\/plugins\/seo\/ -->\n<title>Environment and activities &#8902; Els Ca\u00e7adors de Ma\u00e7anet<\/title>\n<meta name=\"description\" content=\"Hotel a prop del Museu Dal\u00ed de Figueres, visites d&#039;Enoturisme de la DO Empord\u00e0 i el museu de l&#039;Exili. L\u2019Hotel Els Ca\u00e7adors est\u00e0 situat a les rodalies de Ma\u00e7anet de Cabrenys, en una zona de frondosa vegetaci\u00f3 per on passa un rierol. \u00c9s un espai per als que busquen tranquil\u00b7litat, descans i frescor.\" \/>\n<meta name=\"robots\" content=\"index, follow, max-snippet:-1, max-image-preview:large, max-video-preview:-1\" \/>\n<link rel=\"canonical\" href=\"https:\/\/hotelelscassadors.com\/en\/environment-and-activities\/\" \/>\n<meta property=\"og:locale\" content=\"en_US\" \/>\n<meta property=\"og:type\" content=\"article\" \/>\n<meta property=\"og:title\" content=\"Environment and activities &#8902; Els Ca\u00e7adors de Ma\u00e7anet\" \/>\n<meta property=\"og:description\" content=\"Hotel a prop del Museu Dal\u00ed de Figueres, visites d&#039;Enoturisme de la DO Empord\u00e0 i el museu de l&#039;Exili. L\u2019Hotel Els Ca\u00e7adors est\u00e0 situat a les rodalies de Ma\u00e7anet de Cabrenys, en una zona de frondosa vegetaci\u00f3 per on passa un rierol. \u00c9s un espai per als que busquen tranquil\u00b7litat, descans i frescor.\" \/>\n<meta property=\"og:url\" content=\"https:\/\/hotelelscassadors.com\/en\/environment-and-activities\/\" \/>\n<meta property=\"og:site_name\" content=\"Els Ca\u00e7adors de Ma\u00e7anet\" \/>\n<meta property=\"article:publisher\" content=\"https:\/\/www.facebook.com\/Restaurant-Hotel-Els-Ca%c3%a7adors-de-Ma%c3%a7anet-901920089887268\/\" \/>\n<meta property=\"article:modified_time\" content=\"2019-11-26T15:35:54+00:00\" \/>\n<meta property=\"og:image\" content=\"https:\/\/hotelelscassadors.com\/wp-content\/uploads\/2018\/05\/btt.jpg\" \/>\n<meta name=\"twitter:card\" content=\"summary_large_image\" \/>\n<meta name=\"twitter:label1\" content=\"Est. reading time\" \/>\n\t<meta name=\"twitter:data1\" content=\"2 minutes\" \/>\n<script type=\"application\/ld+json\" class=\"yoast-schema-graph\">{\"@context\":\"https:\/\/schema.org\",\"@graph\":[{\"@type\":\"WebPage\",\"@id\":\"https:\/\/hotelelscassadors.com\/en\/environment-and-activities\/\",\"url\":\"https:\/\/hotelelscassadors.com\/en\/environment-and-activities\/\",\"name\":\"Environment and activities &#8902; Els Ca\u00e7adors de Ma\u00e7anet\",\"isPartOf\":{\"@id\":\"https:\/\/hotelelscassadors.com\/en\/#website\"},\"datePublished\":\"2018-05-09T12:27:14+00:00\",\"dateModified\":\"2019-11-26T15:35:54+00:00\",\"description\":\"Hotel a prop del Museu Dal\u00ed de Figueres, visites d'Enoturisme de la DO Empord\u00e0 i el museu de l'Exili. L\u2019Hotel Els Ca\u00e7adors est\u00e0 situat a les rodalies de Ma\u00e7anet de Cabrenys, en una zona de frondosa vegetaci\u00f3 per on passa un rierol. \u00c9s un espai per als que busquen tranquil\u00b7litat, descans i frescor.\",\"breadcrumb\":{\"@id\":\"https:\/\/hotelelscassadors.com\/en\/environment-and-activities\/#breadcrumb\"},\"inLanguage\":\"en-US\",\"potentialAction\":[{\"@type\":\"ReadAction\",\"target\":[\"https:\/\/hotelelscassadors.com\/en\/environment-and-activities\/\"]}]},{\"@type\":\"BreadcrumbList\",\"@id\":\"https:\/\/hotelelscassadors.com\/en\/environment-and-activities\/#breadcrumb\",\"itemListElement\":[{\"@type\":\"ListItem\",\"position\":1,\"name\":\"Portada\",\"item\":\"https:\/\/hotelelscassadors.com\/en\/\"},{\"@type\":\"ListItem\",\"position\":2,\"name\":\"Environment and activities\"}]},{\"@type\":\"WebSite\",\"@id\":\"https:\/\/hotelelscassadors.com\/en\/#website\",\"url\":\"https:\/\/hotelelscassadors.com\/en\/\",\"name\":\"Hotel Els Ca\u00e7adors de Ma\u00e7anet\",\"description\":\"Hotel \u00b7 Restaurant\",\"publisher\":{\"@id\":\"https:\/\/hotelelscassadors.com\/en\/#organization\"},\"potentialAction\":[{\"@type\":\"SearchAction\",\"target\":{\"@type\":\"EntryPoint\",\"urlTemplate\":\"https:\/\/hotelelscassadors.com\/en\/?s={search_term_string}\"},\"query-input\":\"required name=search_term_string\"}],\"inLanguage\":\"en-US\"},{\"@type\":\"Organization\",\"@id\":\"https:\/\/hotelelscassadors.com\/en\/#organization\",\"name\":\"Els Ca\u00e7adors de Ma\u00e7anet Hotel Restaurant\",\"url\":\"https:\/\/hotelelscassadors.com\/en\/\",\"sameAs\":[\"https:\/\/www.facebook.com\/Restaurant-Hotel-Els-Ca\u00e7adors-de-Ma\u00e7anet-901920089887268\/\"],\"logo\":{\"@type\":\"ImageObject\",\"inLanguage\":\"en-US\",\"@id\":\"https:\/\/hotelelscassadors.com\/en\/#\/schema\/logo\/image\/\",\"url\":\"https:\/\/hotelelscassadors.com\/wp-content\/uploads\/2018\/05\/logoweb.png\",\"contentUrl\":\"https:\/\/hotelelscassadors.com\/wp-content\/uploads\/2018\/05\/logoweb.png\",\"width\":386,\"height\":160,\"caption\":\"Els Ca\u00e7adors de Ma\u00e7anet Hotel Restaurant\"},\"image\":{\"@id\":\"https:\/\/hotelelscassadors.com\/en\/#\/schema\/logo\/image\/\"}}]}<\/script>\n<!-- \/ Yoast SEO plugin. -->","yoast_head_json":{"title":"Environment and activities &#8902; Els Ca\u00e7adors de Ma\u00e7anet","description":"Hotel a prop del Museu Dal\u00ed de Figueres, visites d'Enoturisme de la DO Empord\u00e0 i el museu de l'Exili. L\u2019Hotel Els Ca\u00e7adors est\u00e0 situat a les rodalies de Ma\u00e7anet de Cabrenys, en una zona de frondosa vegetaci\u00f3 per on passa un rierol. \u00c9s un espai per als que busquen tranquil\u00b7litat, descans i frescor.","robots":{"index":"index","follow":"follow","max-snippet":"max-snippet:-1","max-image-preview":"max-image-preview:large","max-video-preview":"max-video-preview:-1"},"canonical":"https:\/\/hotelelscassadors.com\/en\/environment-and-activities\/","og_locale":"en_US","og_type":"article","og_title":"Environment and activities &#8902; Els Ca\u00e7adors de Ma\u00e7anet","og_description":"Hotel a prop del Museu Dal\u00ed de Figueres, visites d'Enoturisme de la DO Empord\u00e0 i el museu de l'Exili. L\u2019Hotel Els Ca\u00e7adors est\u00e0 situat a les rodalies de Ma\u00e7anet de Cabrenys, en una zona de frondosa vegetaci\u00f3 per on passa un rierol. \u00c9s un espai per als que busquen tranquil\u00b7litat, descans i frescor.","og_url":"https:\/\/hotelelscassadors.com\/en\/environment-and-activities\/","og_site_name":"Els Ca\u00e7adors de Ma\u00e7anet","article_publisher":"https:\/\/www.facebook.com\/Restaurant-Hotel-Els-Ca%c3%a7adors-de-Ma%c3%a7anet-901920089887268\/","article_modified_time":"2019-11-26T15:35:54+00:00","og_image":[{"url":"https:\/\/hotelelscassadors.com\/wp-content\/uploads\/2018\/05\/btt.jpg"}],"twitter_card":"summary_large_image","twitter_misc":{"Est. reading time":"2 minutes"},"schema":{"@context":"https:\/\/schema.org","@graph":[{"@type":"WebPage","@id":"https:\/\/hotelelscassadors.com\/en\/environment-and-activities\/","url":"https:\/\/hotelelscassadors.com\/en\/environment-and-activities\/","name":"Environment and activities &#8902; Els Ca\u00e7adors de Ma\u00e7anet","isPartOf":{"@id":"https:\/\/hotelelscassadors.com\/en\/#website"},"datePublished":"2018-05-09T12:27:14+00:00","dateModified":"2019-11-26T15:35:54+00:00","description":"Hotel a prop del Museu Dal\u00ed de Figueres, visites d'Enoturisme de la DO Empord\u00e0 i el museu de l'Exili. L\u2019Hotel Els Ca\u00e7adors est\u00e0 situat a les rodalies de Ma\u00e7anet de Cabrenys, en una zona de frondosa vegetaci\u00f3 per on passa un rierol. \u00c9s un espai per als que busquen tranquil\u00b7litat, descans i frescor.","breadcrumb":{"@id":"https:\/\/hotelelscassadors.com\/en\/environment-and-activities\/#breadcrumb"},"inLanguage":"en-US","potentialAction":[{"@type":"ReadAction","target":["https:\/\/hotelelscassadors.com\/en\/environment-and-activities\/"]}]},{"@type":"BreadcrumbList","@id":"https:\/\/hotelelscassadors.com\/en\/environment-and-activities\/#breadcrumb","itemListElement":[{"@type":"ListItem","position":1,"name":"Portada","item":"https:\/\/hotelelscassadors.com\/en\/"},{"@type":"ListItem","position":2,"name":"Environment and activities"}]},{"@type":"WebSite","@id":"https:\/\/hotelelscassadors.com\/en\/#website","url":"https:\/\/hotelelscassadors.com\/en\/","name":"Hotel Els Ca\u00e7adors de Ma\u00e7anet","description":"Hotel \u00b7 Restaurant","publisher":{"@id":"https:\/\/hotelelscassadors.com\/en\/#organization"},"potentialAction":[{"@type":"SearchAction","target":{"@type":"EntryPoint","urlTemplate":"https:\/\/hotelelscassadors.com\/en\/?s={search_term_string}"},"query-input":"required name=search_term_string"}],"inLanguage":"en-US"},{"@type":"Organization","@id":"https:\/\/hotelelscassadors.com\/en\/#organization","name":"Els Ca\u00e7adors de Ma\u00e7anet Hotel Restaurant","url":"https:\/\/hotelelscassadors.com\/en\/","sameAs":["https:\/\/www.facebook.com\/Restaurant-Hotel-Els-Ca\u00e7adors-de-Ma\u00e7anet-901920089887268\/"],"logo":{"@type":"ImageObject","inLanguage":"en-US","@id":"https:\/\/hotelelscassadors.com\/en\/#\/schema\/logo\/image\/","url":"https:\/\/hotelelscassadors.com\/wp-content\/uploads\/2018\/05\/logoweb.png","contentUrl":"https:\/\/hotelelscassadors.com\/wp-content\/uploads\/2018\/05\/logoweb.png","width":386,"height":160,"caption":"Els Ca\u00e7adors de Ma\u00e7anet Hotel Restaurant"},"image":{"@id":"https:\/\/hotelelscassadors.com\/en\/#\/schema\/logo\/image\/"}}]}},"_links":{"self":[{"href":"https:\/\/hotelelscassadors.com\/en\/wp-json\/wp\/v2\/pages\/740"}],"collection":[{"href":"https:\/\/hotelelscassadors.com\/en\/wp-json\/wp\/v2\/pages"}],"about":[{"href":"https:\/\/hotelelscassadors.com\/en\/wp-json\/wp\/v2\/types\/page"}],"author":[{"embeddable":true,"href":"https:\/\/hotelelscassadors.com\/en\/wp-json\/wp\/v2\/users\/3"}],"replies":[{"embeddable":true,"href":"https:\/\/hotelelscassadors.com\/en\/wp-json\/wp\/v2\/comments?post=740"}],"version-history":[{"count":3,"href":"https:\/\/hotelelscassadors.com\/en\/wp-json\/wp\/v2\/pages\/740\/revisions"}],"predecessor-version":[{"id":1503,"href":"https:\/\/hotelelscassadors.com\/en\/wp-json\/wp\/v2\/pages\/740\/revisions\/1503"}],"wp:attachment":[{"href":"https:\/\/hotelelscassadors.com\/en\/wp-json\/wp\/v2\/media?parent=740"}],"curies":[{"name":"wp","href":"https:\/\/api.w.org\/{rel}","templated":true}]}}