{"id":1443,"date":"2019-11-27T08:49:03","date_gmt":"2019-11-27T07:49:03","guid":{"rendered":"https:\/\/hotelelscassadors.com\/?page_id=1443"},"modified":"2019-11-27T12:25:06","modified_gmt":"2019-11-27T11:25:06","slug":"events","status":"publish","type":"page","link":"https:\/\/hotelelscassadors.com\/en\/events\/","title":{"rendered":"Events"},"content":{"rendered":"\n\t\t\t\t<a href=\"https:\/\/hotelelscassadors.com\/casaments\/\" target=\"_self\" itemprop=\"url\" rel=\"noopener noreferrer\">\n\t\t\t\t<img loading=\"lazy\" src=\"https:\/\/hotelelscassadors.com\/wp-content\/uploads\/2019\/11\/bodas-04_m.jpg\" alt=\"bodas-04_m\" itemprop=\"image\" height=\"600\" width=\"800\" title=\"bodas-04_m\" onerror=\"this.style.display='none'\"  \/>\n\t\t\t\t<\/a>\n\t\t\t\t<a href=\"https:\/\/hotelelscassadors.com\/grups-i-empreses\/\" target=\"_self\" itemprop=\"url\" rel=\"noopener noreferrer\">\n\t\t\t\t<img loading=\"lazy\" src=\"https:\/\/hotelelscassadors.com\/wp-content\/uploads\/2019\/11\/grupos-01_m.jpg\" alt=\"grupos-01_m\" itemprop=\"image\" height=\"600\" width=\"800\" title=\"grupos-01_m\" onerror=\"this.style.display='none'\"  \/>\n\t\t\t\t<\/a>\n","protected":false},"excerpt":{"rendered":"","protected":false},"author":3,"featured_media":0,"parent":0,"menu_order":0,"comment_status":"closed","ping_status":"closed","template":"","meta":[],"yoast_head":"<!-- This site is optimized with the Yoast SEO plugin v19.6 - https:\/\/yoast.com\/wordpress\/plugins\/seo\/ -->\n<title>Events &#8902; Els Ca\u00e7adors de Ma\u00e7anet<\/title>\n<meta name=\"description\" content=\"Hotel a prop del Museu Dal\u00ed de Figueres, visites d&#039;Enoturisme de la DO Empord\u00e0 i el museu de l&#039;Exili. L\u2019Hotel Els Ca\u00e7adors est\u00e0 situat a les rodalies de Ma\u00e7anet de Cabrenys, en una zona de frondosa vegetaci\u00f3 per on passa un rierol. \u00c9s un espai per als que busquen tranquil\u00b7litat, descans i frescor.\" \/>\n<meta name=\"robots\" content=\"index, follow, max-snippet:-1, max-image-preview:large, max-video-preview:-1\" \/>\n<link rel=\"canonical\" href=\"https:\/\/hotelelscassadors.com\/en\/events\/\" \/>\n<meta property=\"og:locale\" content=\"en_US\" \/>\n<meta property=\"og:type\" content=\"article\" \/>\n<meta property=\"og:title\" content=\"Events &#8902; Els Ca\u00e7adors de Ma\u00e7anet\" \/>\n<meta property=\"og:description\" content=\"Hotel a prop del Museu Dal\u00ed de Figueres, visites d&#039;Enoturisme de la DO Empord\u00e0 i el museu de l&#039;Exili. L\u2019Hotel Els Ca\u00e7adors est\u00e0 situat a les rodalies de Ma\u00e7anet de Cabrenys, en una zona de frondosa vegetaci\u00f3 per on passa un rierol. \u00c9s un espai per als que busquen tranquil\u00b7litat, descans i frescor.\" \/>\n<meta property=\"og:url\" content=\"https:\/\/hotelelscassadors.com\/en\/events\/\" \/>\n<meta property=\"og:site_name\" content=\"Els Ca\u00e7adors de Ma\u00e7anet\" \/>\n<meta property=\"article:publisher\" content=\"https:\/\/www.facebook.com\/Restaurant-Hotel-Els-Ca%c3%a7adors-de-Ma%c3%a7anet-901920089887268\/\" \/>\n<meta property=\"article:modified_time\" content=\"2019-11-27T11:25:06+00:00\" \/>\n<meta property=\"og:image\" content=\"https:\/\/hotelelscassadors.com\/wp-content\/uploads\/2019\/11\/bodas-04_m.jpg\" \/>\n<meta name=\"twitter:card\" content=\"summary_large_image\" \/>\n<script type=\"application\/ld+json\" class=\"yoast-schema-graph\">{\"@context\":\"https:\/\/schema.org\",\"@graph\":[{\"@type\":\"WebPage\",\"@id\":\"https:\/\/hotelelscassadors.com\/en\/events\/\",\"url\":\"https:\/\/hotelelscassadors.com\/en\/events\/\",\"name\":\"Events &#8902; Els Ca\u00e7adors de Ma\u00e7anet\",\"isPartOf\":{\"@id\":\"https:\/\/hotelelscassadors.com\/en\/#website\"},\"datePublished\":\"2019-11-27T07:49:03+00:00\",\"dateModified\":\"2019-11-27T11:25:06+00:00\",\"description\":\"Hotel a prop del Museu Dal\u00ed de Figueres, visites d'Enoturisme de la DO Empord\u00e0 i el museu de l'Exili. L\u2019Hotel Els Ca\u00e7adors est\u00e0 situat a les rodalies de Ma\u00e7anet de Cabrenys, en una zona de frondosa vegetaci\u00f3 per on passa un rierol. \u00c9s un espai per als que busquen tranquil\u00b7litat, descans i frescor.\",\"breadcrumb\":{\"@id\":\"https:\/\/hotelelscassadors.com\/en\/events\/#breadcrumb\"},\"inLanguage\":\"en-US\",\"potentialAction\":[{\"@type\":\"ReadAction\",\"target\":[\"https:\/\/hotelelscassadors.com\/en\/events\/\"]}]},{\"@type\":\"BreadcrumbList\",\"@id\":\"https:\/\/hotelelscassadors.com\/en\/events\/#breadcrumb\",\"itemListElement\":[{\"@type\":\"ListItem\",\"position\":1,\"name\":\"Portada\",\"item\":\"https:\/\/hotelelscassadors.com\/en\/\"},{\"@type\":\"ListItem\",\"position\":2,\"name\":\"Events\"}]},{\"@type\":\"WebSite\",\"@id\":\"https:\/\/hotelelscassadors.com\/en\/#website\",\"url\":\"https:\/\/hotelelscassadors.com\/en\/\",\"name\":\"Hotel Els Ca\u00e7adors de Ma\u00e7anet\",\"description\":\"Hotel \u00b7 Restaurant\",\"publisher\":{\"@id\":\"https:\/\/hotelelscassadors.com\/en\/#organization\"},\"potentialAction\":[{\"@type\":\"SearchAction\",\"target\":{\"@type\":\"EntryPoint\",\"urlTemplate\":\"https:\/\/hotelelscassadors.com\/en\/?s={search_term_string}\"},\"query-input\":\"required name=search_term_string\"}],\"inLanguage\":\"en-US\"},{\"@type\":\"Organization\",\"@id\":\"https:\/\/hotelelscassadors.com\/en\/#organization\",\"name\":\"Els Ca\u00e7adors de Ma\u00e7anet Hotel Restaurant\",\"url\":\"https:\/\/hotelelscassadors.com\/en\/\",\"sameAs\":[\"https:\/\/www.facebook.com\/Restaurant-Hotel-Els-Ca\u00e7adors-de-Ma\u00e7anet-901920089887268\/\"],\"logo\":{\"@type\":\"ImageObject\",\"inLanguage\":\"en-US\",\"@id\":\"https:\/\/hotelelscassadors.com\/en\/#\/schema\/logo\/image\/\",\"url\":\"https:\/\/hotelelscassadors.com\/wp-content\/uploads\/2018\/05\/logoweb.png\",\"contentUrl\":\"https:\/\/hotelelscassadors.com\/wp-content\/uploads\/2018\/05\/logoweb.png\",\"width\":386,\"height\":160,\"caption\":\"Els Ca\u00e7adors de Ma\u00e7anet Hotel Restaurant\"},\"image\":{\"@id\":\"https:\/\/hotelelscassadors.com\/en\/#\/schema\/logo\/image\/\"}}]}<\/script>\n<!-- \/ Yoast SEO plugin. -->","yoast_head_json":{"title":"Events &#8902; Els Ca\u00e7adors de Ma\u00e7anet","description":"Hotel a prop del Museu Dal\u00ed de Figueres, visites d'Enoturisme de la DO Empord\u00e0 i el museu de l'Exili. L\u2019Hotel Els Ca\u00e7adors est\u00e0 situat a les rodalies de Ma\u00e7anet de Cabrenys, en una zona de frondosa vegetaci\u00f3 per on passa un rierol. \u00c9s un espai per als que busquen tranquil\u00b7litat, descans i frescor.","robots":{"index":"index","follow":"follow","max-snippet":"max-snippet:-1","max-image-preview":"max-image-preview:large","max-video-preview":"max-video-preview:-1"},"canonical":"https:\/\/hotelelscassadors.com\/en\/events\/","og_locale":"en_US","og_type":"article","og_title":"Events &#8902; Els Ca\u00e7adors de Ma\u00e7anet","og_description":"Hotel a prop del Museu Dal\u00ed de Figueres, visites d'Enoturisme de la DO Empord\u00e0 i el museu de l'Exili. L\u2019Hotel Els Ca\u00e7adors est\u00e0 situat a les rodalies de Ma\u00e7anet de Cabrenys, en una zona de frondosa vegetaci\u00f3 per on passa un rierol. \u00c9s un espai per als que busquen tranquil\u00b7litat, descans i frescor.","og_url":"https:\/\/hotelelscassadors.com\/en\/events\/","og_site_name":"Els Ca\u00e7adors de Ma\u00e7anet","article_publisher":"https:\/\/www.facebook.com\/Restaurant-Hotel-Els-Ca%c3%a7adors-de-Ma%c3%a7anet-901920089887268\/","article_modified_time":"2019-11-27T11:25:06+00:00","og_image":[{"url":"https:\/\/hotelelscassadors.com\/wp-content\/uploads\/2019\/11\/bodas-04_m.jpg"}],"twitter_card":"summary_large_image","schema":{"@context":"https:\/\/schema.org","@graph":[{"@type":"WebPage","@id":"https:\/\/hotelelscassadors.com\/en\/events\/","url":"https:\/\/hotelelscassadors.com\/en\/events\/","name":"Events &#8902; Els Ca\u00e7adors de Ma\u00e7anet","isPartOf":{"@id":"https:\/\/hotelelscassadors.com\/en\/#website"},"datePublished":"2019-11-27T07:49:03+00:00","dateModified":"2019-11-27T11:25:06+00:00","description":"Hotel a prop del Museu Dal\u00ed de Figueres, visites d'Enoturisme de la DO Empord\u00e0 i el museu de l'Exili. L\u2019Hotel Els Ca\u00e7adors est\u00e0 situat a les rodalies de Ma\u00e7anet de Cabrenys, en una zona de frondosa vegetaci\u00f3 per on passa un rierol. \u00c9s un espai per als que busquen tranquil\u00b7litat, descans i frescor.","breadcrumb":{"@id":"https:\/\/hotelelscassadors.com\/en\/events\/#breadcrumb"},"inLanguage":"en-US","potentialAction":[{"@type":"ReadAction","target":["https:\/\/hotelelscassadors.com\/en\/events\/"]}]},{"@type":"BreadcrumbList","@id":"https:\/\/hotelelscassadors.com\/en\/events\/#breadcrumb","itemListElement":[{"@type":"ListItem","position":1,"name":"Portada","item":"https:\/\/hotelelscassadors.com\/en\/"},{"@type":"ListItem","position":2,"name":"Events"}]},{"@type":"WebSite","@id":"https:\/\/hotelelscassadors.com\/en\/#website","url":"https:\/\/hotelelscassadors.com\/en\/","name":"Hotel Els Ca\u00e7adors de Ma\u00e7anet","description":"Hotel \u00b7 Restaurant","publisher":{"@id":"https:\/\/hotelelscassadors.com\/en\/#organization"},"potentialAction":[{"@type":"SearchAction","target":{"@type":"EntryPoint","urlTemplate":"https:\/\/hotelelscassadors.com\/en\/?s={search_term_string}"},"query-input":"required name=search_term_string"}],"inLanguage":"en-US"},{"@type":"Organization","@id":"https:\/\/hotelelscassadors.com\/en\/#organization","name":"Els Ca\u00e7adors de Ma\u00e7anet Hotel Restaurant","url":"https:\/\/hotelelscassadors.com\/en\/","sameAs":["https:\/\/www.facebook.com\/Restaurant-Hotel-Els-Ca\u00e7adors-de-Ma\u00e7anet-901920089887268\/"],"logo":{"@type":"ImageObject","inLanguage":"en-US","@id":"https:\/\/hotelelscassadors.com\/en\/#\/schema\/logo\/image\/","url":"https:\/\/hotelelscassadors.com\/wp-content\/uploads\/2018\/05\/logoweb.png","contentUrl":"https:\/\/hotelelscassadors.com\/wp-content\/uploads\/2018\/05\/logoweb.png","width":386,"height":160,"caption":"Els Ca\u00e7adors de Ma\u00e7anet Hotel Restaurant"},"image":{"@id":"https:\/\/hotelelscassadors.com\/en\/#\/schema\/logo\/image\/"}}]}},"_links":{"self":[{"href":"https:\/\/hotelelscassadors.com\/en\/wp-json\/wp\/v2\/pages\/1443"}],"collection":[{"href":"https:\/\/hotelelscassadors.com\/en\/wp-json\/wp\/v2\/pages"}],"about":[{"href":"https:\/\/hotelelscassadors.com\/en\/wp-json\/wp\/v2\/types\/page"}],"author":[{"embeddable":true,"href":"https:\/\/hotelelscassadors.com\/en\/wp-json\/wp\/v2\/users\/3"}],"replies":[{"embeddable":true,"href":"https:\/\/hotelelscassadors.com\/en\/wp-json\/wp\/v2\/comments?post=1443"}],"version-history":[{"count":4,"href":"https:\/\/hotelelscassadors.com\/en\/wp-json\/wp\/v2\/pages\/1443\/revisions"}],"predecessor-version":[{"id":1605,"href":"https:\/\/hotelelscassadors.com\/en\/wp-json\/wp\/v2\/pages\/1443\/revisions\/1605"}],"wp:attachment":[{"href":"https:\/\/hotelelscassadors.com\/en\/wp-json\/wp\/v2\/media?parent=1443"}],"curies":[{"name":"wp","href":"https:\/\/api.w.org\/{rel}","templated":true}]}}